{"id":9495,"date":"2026-03-23T11:36:31","date_gmt":"2026-03-23T10:36:31","guid":{"rendered":"https:\/\/www.palsjo.com\/se\/?post_type=product&#038;p=9495"},"modified":"2026-03-23T11:40:30","modified_gmt":"2026-03-23T10:40:30","slug":"klassiskt-brunt-laderbalte-med-rostfritt-stalspanne","status":"publish","type":"product","link":"https:\/\/www.palsjo.com\/se\/produkt\/klassiskt-brunt-laderbalte-med-rostfritt-stalspanne\/","title":{"rendered":"Klassiskt brunt l\u00e4derb\u00e4lte med rostfritt st\u00e5lsp\u00e4nne"},"content":{"rendered":"<p>Klassiskt brunt l\u00e4derb\u00e4lte med rostfritt st\u00e5lsp\u00e4nne framh\u00e4ver en enkel och minimalistisk stil. V\u00e5ra l\u00e4derb\u00e4lten \u00e4r byggda f\u00f6r att h\u00e5lla och f\u00f6r att utveckla en vacker patina som \u00e5terspeglar din livsstil. Varje b\u00e4lte \u00e4r st\u00e4mplat med v\u00e5rt Palsj\u00f6-pr\u00e4gling. Komplettera din outfit med v\u00e5rt l\u00e4derb\u00e4lte av h\u00f6gsta kvalitet. Koordinera din b\u00e4ltesf\u00e4rg med dina skor eller g\u00f6r ett statement med en kontrasterande f\u00e4rg!<\/p>\n<p>Till v\u00e5r klassiskt l\u00e4derb\u00e4lte brun anv\u00e4nder vi 10-12 Oz. exklusivt milj\u00f6v\u00e4nligt fullnarv vegetabiliskt garvat l\u00e4der fr\u00e5n svenska <a href=\"https:\/\/tarnsjogarveri.com\" target=\"_blank\" rel=\"noopener\">T\u00e4rnsj\u00f6 Garveri<\/a>. Med tiden f\u00e5r detta l\u00e4der en unik patina eftersom det tar in naturliga oljor och poleras genom upprepad hantering. F\u00f6r att komplettera b\u00e4ltet valde vi de mest klassiska b\u00e4ltessp\u00e4nnen av m\u00e4ssing vi kunde t\u00e4nka oss. Sp\u00e4nnet h\u00e5lls p\u00e5 plats med solida m\u00e4ssingsskruvar.<\/p>\n<h2>Klassiskt brunt l\u00e4derb\u00e4lte med rostfritt st\u00e5lsp\u00e4nne<\/h2>\n<ul>\n<li>Klassiskt brunt l\u00e4derb\u00e4lte med rostfritt st\u00e5lsp\u00e4nne \u00e4r handgjort i Sverige.<\/li>\n<li>10-12 oz. exklusivt <a href=\"https:\/\/tarnsjogarveri.com\/environment\/\" target=\"_blank\" rel=\"noopener\">milj\u00f6v\u00e4nligt<\/a> fullnarv vegetabiliskt garvat l\u00e4der fr\u00e5n T\u00e4rnsj\u00f6 Garveri i Sverige.<\/li>\n<li>T\u00dcV Rheinland och Organic Control Standard (OCS) certifierat l\u00e4der.<\/li>\n<li>Anilinf\u00e4rgad med l\u00f6sliga f\u00e4rg\u00e4mnen utan att t\u00e4cka ytan med ol\u00f6sligt pigment eller t\u00e4ckf\u00e4rg<\/li>\n<li>Har en matchande l\u00e4derh\u00e5llare<\/li>\n<li>Kraftigt sp\u00e4nne i massiv rostfritt st\u00e5l<\/li>\n<li>Polerade kanter och l\u00e4tt vaxad f\u00f6r hand<\/li>\n<li>Bredd: 1,5 tum \/ 38 mm<\/li>\n<li>Klassiskt l\u00e4derb\u00e4lte brun \u00e4r st\u00e4mplad med v\u00e5r Palsj\u00f6-pr\u00e4gling<\/li>\n<\/ul>\n<h2>Hur du m\u00e4ter din b\u00e4ltesstorlek korrekt<\/h2>\n<div class=\"video-container\"><iframe title=\"How to measure your Palsjo\u0308 Belt\" width=\"1170\" height=\"658\" src=\"https:\/\/www.youtube.com\/embed\/gVP_R-Qk4P0?feature=oembed&#038;enablejsapi=1&#038;origin=https:\/\/www.palsjo.com\" frameborder=\"0\" allow=\"accelerometer; autoplay; clipboard-write; encrypted-media; gyroscope; picture-in-picture; web-share\" referrerpolicy=\"strict-origin-when-cross-origin\" allowfullscreen><\/iframe><\/div>\n<p>Metod 1:<\/p>\n<p>1. B\u00e4r dina favoritjeans<br \/>\n2. M\u00e4t fr\u00e5n den \u00f6versta knappen genom b\u00e4ltes\u00f6glorna till huvudknappen igen<br \/>\n3. Om du \u00e4r mellan storlekar, runda av till n\u00e4sta cm (t.ex. om din storlek \u00e4r 92,4 cm, best\u00e4ll 93 cm)<\/p>\n<p><img decoding=\"async\" class=\"alignnone size-full wp-image-687\" src=\"https:\/\/www.palsjo.com\/se\/wp-content\/uploads\/Belt-Measure-Method1.jpg\" alt=\"\" width=\"458\"><\/p>\n<p>Metod 2:<\/p>\n<p>1. M\u00e4t ditt befintliga b\u00e4lte fr\u00e5n spetsen p\u00e5 sp\u00e4nnet till det mest anv\u00e4nda h\u00e5let. R\u00e4ta ut b\u00e4ltet medan du m\u00e4ter.<br \/>\n2. Om du \u00e4r mellan storlekarna, runda av till n\u00e4sta cm (t.ex. om din storlek \u00e4r 92,4 cm, best\u00e4ll 93 cm)<\/p>\n<p><img decoding=\"async\" class=\"alignnone size-full wp-image-687\" src=\"https:\/\/www.palsjo.com\/se\/wp-content\/uploads\/belt-measure.jpg\" alt=\"\" width=\"458\"><\/p>\n<p>&nbsp;<\/p>\n<p><strong>Obs<\/strong>: Vi vill att v\u00e5ra b\u00e4lten ska passa dig perfekt. D\u00e4rf\u00f6r erbjuder vi v\u00e5ra b\u00e4lten i steg om 1 cm. Varje b\u00e4lte byggs n\u00e4r vi f\u00e5r en best\u00e4llning och \u00e4r dimensionerat efter ditt exakta midjem\u00e5tt. D\u00e4rf\u00f6r kan v\u00e5ra b\u00e4lten inte returneras eller \u00e5terbetalas.<\/p>\n","protected":false},"excerpt":{"rendered":"<p>Klassiskt brunt l\u00e4derb\u00e4lte med rostfritt st\u00e5lsp\u00e4nne \u00e4r handgjort av exklusivt svenskt l\u00e4der fr\u00e5n T\u00e4rnsj\u00f6 Garveri! K\u00f6p ditt l\u00e4derb\u00e4lte hos oss. Fri och snabb frakt inom Sverige.<\/p>\n","protected":false},"featured_media":9497,"comment_status":"open","ping_status":"closed","template":"","meta":[],"product_brand":[],"product_cat":[27,263],"product_tag":[53,45],"class_list":{"0":"post-9495","1":"product","2":"type-product","3":"status-publish","4":"has-post-thumbnail","6":"product_cat-laderbalten","7":"product_cat-balten-for-herr","8":"product_tag-bruna-laderbalten-for-herr","9":"product_tag-bruna-laderprodukter","11":"first","12":"instock","13":"taxable","14":"shipping-taxable","15":"purchasable","16":"product-type-variable"},"_links":{"self":[{"href":"https:\/\/www.palsjo.com\/se\/wp-json\/wp\/v2\/product\/9495","targetHints":{"allow":["GET"]}}],"collection":[{"href":"https:\/\/www.palsjo.com\/se\/wp-json\/wp\/v2\/product"}],"about":[{"href":"https:\/\/www.palsjo.com\/se\/wp-json\/wp\/v2\/types\/product"}],"replies":[{"embeddable":true,"href":"https:\/\/www.palsjo.com\/se\/wp-json\/wp\/v2\/comments?post=9495"}],"wp:featuredmedia":[{"embeddable":true,"href":"https:\/\/www.palsjo.com\/se\/wp-json\/wp\/v2\/media\/9497"}],"wp:attachment":[{"href":"https:\/\/www.palsjo.com\/se\/wp-json\/wp\/v2\/media?parent=9495"}],"wp:term":[{"taxonomy":"product_brand","embeddable":true,"href":"https:\/\/www.palsjo.com\/se\/wp-json\/wp\/v2\/product_brand?post=9495"},{"taxonomy":"product_cat","embeddable":true,"href":"https:\/\/www.palsjo.com\/se\/wp-json\/wp\/v2\/product_cat?post=9495"},{"taxonomy":"product_tag","embeddable":true,"href":"https:\/\/www.palsjo.com\/se\/wp-json\/wp\/v2\/product_tag?post=9495"}],"curies":[{"name":"wp","href":"https:\/\/api.w.org\/{rel}","templated":true}]}}