{"id":8513,"date":"2025-08-07T22:03:44","date_gmt":"2025-08-07T20:03:44","guid":{"rendered":"https:\/\/www.palsjo.com\/se\/?post_type=product&#038;p=8513"},"modified":"2025-11-10T08:52:11","modified_gmt":"2025-11-10T07:52:11","slug":"sam-svart-laderbalte-med-rostfritt-stalspanne","status":"publish","type":"product","link":"https:\/\/www.palsjo.com\/se\/produkt\/sam-svart-laderbalte-med-rostfritt-stalspanne\/","title":{"rendered":"Sam svart l\u00e4derb\u00e4lte med rostfritt st\u00e5lsp\u00e4nne"},"content":{"rendered":"<p data-start=\"0\" data-end=\"551\"><strong data-start=\"0\" data-end=\"49\">Sam svart l\u00e4derb\u00e4lte med rostfritt st\u00e5lsp\u00e4nne<\/strong> erbjuder ett modernt och slitstarkt b\u00e4lte som passar perfekt till b\u00e5de avslappnade och smarta vardagsoutfits. B\u00e4ltet \u00e4r handgjort i Sverige av exklusivt fullnarvigt vegetabilgarvat l\u00e4der fr\u00e5n <a href=\"https:\/\/tarnsjogarveri.com\/sv\/lader\/\" target=\"_blank\" rel=\"noopener\">T\u00e4rnsj\u00f6 Garveri<\/a>. Med sitt 4 mm tjocka l\u00e4der, en bredd p\u00e5 38 mm (1.5\u201d) och ett massivt sp\u00e4nne i rostfritt st\u00e5l \u00e4r detta b\u00e4lte byggt f\u00f6r att h\u00e5lla l\u00e4nge \u2013 i en klassisk stil. Sam svart l\u00e4derb\u00e4lte med rostfritt st\u00e5lsp\u00e4nne \u00e4r dessutom enkelt att matcha med n\u00e4stan vilken smart eller smart casual outfit som helst.<\/p>\n<p data-start=\"553\" data-end=\"658\">Varje Sam-b\u00e4lte m\u00e5ttanpassas f\u00f6r perfekt passform. <a href=\"https:\/\/www.palsjo.com\/se\/livstidsgaranti\/\">Livstidsgaranti<\/a> och fri frakt \u00f6ver hela v\u00e4rlden ing\u00e5r.<\/p>\n<h2 data-start=\"665\" data-end=\"727\"><strong data-start=\"665\" data-end=\"727\">Sam svart l\u00e4derb\u00e4lte med rostfritt st\u00e5lsp\u00e4nne \u2013 Egenskaper<\/strong><\/h2>\n<p data-start=\"729\" data-end=\"847\">Sam svart l\u00e4derb\u00e4lte med rostfritt st\u00e5lsp\u00e4nne \u00e4r ett modernt och slitstarkt vardagsb\u00e4lte som \u00e5ldras vackert med tiden.<\/p>\n<ul data-start=\"849\" data-end=\"1350\" data-is-last-node=\"\" data-is-only-node=\"\">\n<li data-start=\"849\" data-end=\"955\">\n<p data-start=\"851\" data-end=\"955\">Handgjort av exklusivt fullnarvigt vegetabilgarvat l\u00e4der i en tidl\u00f6s svart f\u00e4rg f\u00f6r m\u00e5ngsidig styling.<\/p>\n<\/li>\n<li data-start=\"956\" data-end=\"1058\">\n<p data-start=\"958\" data-end=\"1058\">Utrustat med ett massivt sp\u00e4nne i rostfritt st\u00e5l \u2013 starkt, modernt och motst\u00e5ndskraftigt mot rost.<\/p>\n<\/li>\n<li data-start=\"1059\" data-end=\"1132\">\n<p data-start=\"1061\" data-end=\"1132\">Tillverkat f\u00f6r hand i Sverige enligt traditionella hantverkstekniker.<\/p>\n<\/li>\n<li data-start=\"1133\" data-end=\"1215\">\n<p data-start=\"1135\" data-end=\"1215\">Standardbredden p\u00e5 38 mm (1.5\u201d) g\u00f6r det bekv\u00e4mt och stilrent f\u00f6r dagligt bruk.<\/p>\n<\/li>\n<li data-start=\"1216\" data-end=\"1281\">\n<p data-start=\"1218\" data-end=\"1281\">M\u00e5ttanpassat efter din exakta midjem\u00e5tt f\u00f6r perfekt passform.<\/p>\n<\/li>\n<li data-start=\"1282\" data-end=\"1350\" data-is-last-node=\"\">\n<p data-start=\"1284\" data-end=\"1350\" data-is-last-node=\"\">Byggt f\u00f6r att h\u00e5lla \u2013 med livstidsgaranti som bevis p\u00e5 kvaliteten.<\/p>\n<\/li>\n<\/ul>\n<h2>Hur du m\u00e4ter din b\u00e4ltesstorlek korrekt<\/h2>\n<div class=\"video-container\"><iframe title=\"How to measure your Palsjo\u0308 Belt\" width=\"1170\" height=\"658\" src=\"https:\/\/www.youtube.com\/embed\/gVP_R-Qk4P0?feature=oembed&#038;enablejsapi=1&#038;origin=https:\/\/www.palsjo.com\" frameborder=\"0\" allow=\"accelerometer; autoplay; clipboard-write; encrypted-media; gyroscope; picture-in-picture; web-share\" referrerpolicy=\"strict-origin-when-cross-origin\" allowfullscreen><\/iframe><\/div>\n<p>Metod 1:<\/p>\n<p>1. B\u00e4r dina favoritjeans<br \/>\n2. M\u00e4t fr\u00e5n den \u00f6versta knappen genom b\u00e4ltes\u00f6glorna till huvudknappen igen<br \/>\n3. Om du \u00e4r mellan storlekar, runda av till n\u00e4sta cm (t.ex. om din storlek \u00e4r 92,4 cm, best\u00e4ll 93 cm)<\/p>\n<p><img decoding=\"async\" class=\"alignnone size-full wp-image-687\" src=\"https:\/\/www.palsjo.com\/se\/wp-content\/uploads\/Belt-Measure-Method1.jpg\" alt=\"\" width=\"458\"><\/p>\n<p>Metod 2:<\/p>\n<p>1. M\u00e4t ditt befintliga b\u00e4lte fr\u00e5n spetsen p\u00e5 sp\u00e4nnet till det mest anv\u00e4nda h\u00e5let. R\u00e4ta ut b\u00e4ltet medan du m\u00e4ter.<br \/>\n2. Om du \u00e4r mellan storlekarna, runda av till n\u00e4sta cm (t.ex. om din storlek \u00e4r 92,4 cm, best\u00e4ll 93 cm)<\/p>\n<p><img decoding=\"async\" class=\"alignnone size-full wp-image-687\" src=\"https:\/\/www.palsjo.com\/se\/wp-content\/uploads\/belt-measure.jpg\" alt=\"\" width=\"458\"><\/p>\n<p>&nbsp;<\/p>\n<p><strong>Obs<\/strong>: Vi vill att v\u00e5ra b\u00e4lten ska passa dig perfekt. D\u00e4rf\u00f6r erbjuder vi v\u00e5ra b\u00e4lten i steg om 1 cm. Varje b\u00e4lte byggs n\u00e4r vi f\u00e5r en best\u00e4llning och \u00e4r dimensionerat efter ditt exakta midjem\u00e5tt. D\u00e4rf\u00f6r kan v\u00e5ra b\u00e4lten inte returneras eller \u00e5terbetalas.<\/p>\n","protected":false},"excerpt":{"rendered":"<p><strong data-start=\"0\" data-end=\"49\" data-is-only-node=\"\">Sam svart l\u00e4derb\u00e4lte med rostfritt st\u00e5lsp\u00e4nne<\/strong>: Svart svenskt fullnarvigt l\u00e4der. Modernt sp\u00e4nne i rostfritt st\u00e5l, m\u00e5ttanpassat f\u00f6r perfekt passform, livstidsgaranti och fri frakt.<\/p>\n","protected":false},"featured_media":8210,"comment_status":"open","ping_status":"closed","template":"","meta":[],"product_brand":[],"product_cat":[27,263],"product_tag":[266,85,48,44],"class_list":{"0":"post-8513","1":"product","2":"type-product","3":"status-publish","4":"has-post-thumbnail","6":"product_cat-laderbalten","7":"product_cat-balten-for-herr","8":"product_tag-balten-for-herr-med-spanne-i-rostfritt-stal","9":"product_tag-svart-skarp","10":"product_tag-svarta-laderbalten-for-herr","11":"product_tag-svarta-laderprodukter","13":"first","14":"instock","15":"taxable","16":"shipping-taxable","17":"purchasable","18":"product-type-variable"},"_links":{"self":[{"href":"https:\/\/www.palsjo.com\/se\/wp-json\/wp\/v2\/product\/8513","targetHints":{"allow":["GET"]}}],"collection":[{"href":"https:\/\/www.palsjo.com\/se\/wp-json\/wp\/v2\/product"}],"about":[{"href":"https:\/\/www.palsjo.com\/se\/wp-json\/wp\/v2\/types\/product"}],"replies":[{"embeddable":true,"href":"https:\/\/www.palsjo.com\/se\/wp-json\/wp\/v2\/comments?post=8513"}],"wp:featuredmedia":[{"embeddable":true,"href":"https:\/\/www.palsjo.com\/se\/wp-json\/wp\/v2\/media\/8210"}],"wp:attachment":[{"href":"https:\/\/www.palsjo.com\/se\/wp-json\/wp\/v2\/media?parent=8513"}],"wp:term":[{"taxonomy":"product_brand","embeddable":true,"href":"https:\/\/www.palsjo.com\/se\/wp-json\/wp\/v2\/product_brand?post=8513"},{"taxonomy":"product_cat","embeddable":true,"href":"https:\/\/www.palsjo.com\/se\/wp-json\/wp\/v2\/product_cat?post=8513"},{"taxonomy":"product_tag","embeddable":true,"href":"https:\/\/www.palsjo.com\/se\/wp-json\/wp\/v2\/product_tag?post=8513"}],"curies":[{"name":"wp","href":"https:\/\/api.w.org\/{rel}","templated":true}]}}