{"id":8507,"date":"2025-08-07T22:03:38","date_gmt":"2025-08-07T20:03:38","guid":{"rendered":"https:\/\/www.palsjo.com\/se\/?post_type=product&#038;p=8507"},"modified":"2025-11-10T10:04:33","modified_gmt":"2025-11-10T09:04:33","slug":"sam-natur-laderbalte-med-rostfritt-stalspanne","status":"publish","type":"product","link":"https:\/\/www.palsjo.com\/se\/produkt\/sam-natur-laderbalte-med-rostfritt-stalspanne\/","title":{"rendered":"Sam natur l\u00e4derb\u00e4lte med rostfritt st\u00e5lsp\u00e4nne"},"content":{"rendered":"<p data-start=\"138\" data-end=\"519\">Sam natur l\u00e4derb\u00e4lte med rostfritt st\u00e5lsp\u00e4nne framh\u00e4ver l\u00e4drets naturliga sk\u00f6nhet. B\u00e4ltet \u00e4r handgjort i Sverige av exklusivt fullnarvigt vegetabilgarvat l\u00e4der fr\u00e5n <a href=\"https:\/\/tarnsjogarveri.com\/sv\/lader\/\" target=\"_blank\" rel=\"noopener\">T\u00e4rnsj\u00f6 Garveri<\/a>. Det 38 mm breda b\u00e4ltet \u00e4r utrustat med ett sp\u00e4nne i massivt rostfritt st\u00e5l som ger ett rent och modernt intryck. Det 4 mm tjocka of\u00e4rgade l\u00e4dret \u00e5ldras vackert och utvecklar med tiden en unik patina.<\/p>\n<p data-start=\"521\" data-end=\"689\">Varje Sam natur l\u00e4derb\u00e4lte med rostfritt st\u00e5lsp\u00e4nne m\u00e5ttanpassas efter din midja f\u00f6r perfekt passform. Det t\u00e4cks av v\u00e5r raka <a href=\"https:\/\/www.palsjo.com\/se\/livstidsgaranti\/\">livstidsgaranti<\/a> och fri frakt v\u00e4rlden \u00f6ver.<\/p>\n<h2 data-start=\"691\" data-end=\"753\"><strong data-start=\"691\" data-end=\"753\">Sam natur l\u00e4derb\u00e4lte med rostfritt st\u00e5lsp\u00e4nne \u2013 Funktioner<\/strong><\/h2>\n<p data-start=\"755\" data-end=\"865\">Sam natur l\u00e4derb\u00e4lte med ett modernt sp\u00e4nne i rostfritt st\u00e5l lyfter fram l\u00e4drets \u00e4kta och of\u00f6r\u00e4dlade karakt\u00e4r.<\/p>\n<ul>\n<li data-start=\"869\" data-end=\"1003\">Tillverkat av exklusivt fullnarvigt vegetabilgarvat l\u00e4der som l\u00e4mnas of\u00e4rgat f\u00f6r att utveckla en unik och personlig patina \u00f6ver tid.<\/li>\n<li data-start=\"1006\" data-end=\"1098\">Utrustat med ett sp\u00e4nne i rostfritt st\u00e5l som ger ett stilrent uttryck och l\u00e5ng h\u00e5llbarhet.<\/li>\n<li data-start=\"1101\" data-end=\"1189\">Handgjort i Sverige med fokus p\u00e5 kvalitet, hantverk och en minimalistisk ljus estetik.<\/li>\n<li data-start=\"1192\" data-end=\"1285\">Den klassiska bredden p\u00e5 38 mm g\u00f6r b\u00e4ltet till ett m\u00e5ngsidigt val f\u00f6r olika vardagsoutfits.<\/li>\n<li data-start=\"1288\" data-end=\"1371\">Perfekt passform tack vare v\u00e5r m\u00e5ttanpassade tillverkning efter din exakta midja.<\/li>\n<li data-start=\"1374\" data-end=\"1457\">T\u00e4cks av v\u00e5r livstidsgaranti som vittnar om b\u00e4ltets h\u00f6ga kvalitet och h\u00e5llbarhet.<\/li>\n<\/ul>\n<h2>Hur du m\u00e4ter din b\u00e4ltesstorlek korrekt<\/h2>\n<div class=\"video-container\"><iframe title=\"How to measure your Palsjo\u0308 Belt\" width=\"1170\" height=\"658\" src=\"https:\/\/www.youtube.com\/embed\/gVP_R-Qk4P0?feature=oembed&#038;enablejsapi=1&#038;origin=https:\/\/www.palsjo.com\" frameborder=\"0\" allow=\"accelerometer; autoplay; clipboard-write; encrypted-media; gyroscope; picture-in-picture; web-share\" referrerpolicy=\"strict-origin-when-cross-origin\" allowfullscreen><\/iframe><\/div>\n<p>Metod 1:<\/p>\n<p>1. B\u00e4r dina favoritjeans<br \/>\n2. M\u00e4t fr\u00e5n den \u00f6versta knappen genom b\u00e4ltes\u00f6glorna till huvudknappen igen<br \/>\n3. Om du \u00e4r mellan storlekar, runda av till n\u00e4sta cm (t.ex. om din storlek \u00e4r 92,4 cm, best\u00e4ll 93 cm)<\/p>\n<p><img decoding=\"async\" class=\"alignnone size-full wp-image-687\" src=\"https:\/\/www.palsjo.com\/se\/wp-content\/uploads\/Belt-Measure-Method1.jpg\" alt=\"\" width=\"458\"><\/p>\n<p>Metod 2:<\/p>\n<p>1. M\u00e4t ditt befintliga b\u00e4lte fr\u00e5n spetsen p\u00e5 sp\u00e4nnet till det mest anv\u00e4nda h\u00e5let. R\u00e4ta ut b\u00e4ltet medan du m\u00e4ter.<br \/>\n2. Om du \u00e4r mellan storlekarna, runda av till n\u00e4sta cm (t.ex. om din storlek \u00e4r 92,4 cm, best\u00e4ll 93 cm)<\/p>\n<p><img decoding=\"async\" class=\"alignnone size-full wp-image-687\" src=\"https:\/\/www.palsjo.com\/se\/wp-content\/uploads\/belt-measure.jpg\" alt=\"\" width=\"458\"><\/p>\n<p>&nbsp;<\/p>\n<p><strong>Obs<\/strong>: Vi vill att v\u00e5ra b\u00e4lten ska passa dig perfekt. D\u00e4rf\u00f6r erbjuder vi v\u00e5ra b\u00e4lten i steg om 1 cm. Varje b\u00e4lte byggs n\u00e4r vi f\u00e5r en best\u00e4llning och \u00e4r dimensionerat efter ditt exakta midjem\u00e5tt. D\u00e4rf\u00f6r kan v\u00e5ra b\u00e4lten inte returneras eller \u00e5terbetalas.<\/p>\n","protected":false},"excerpt":{"rendered":"<p><strong data-start=\"159\" data-end=\"209\">Sam natur l\u00e4derb\u00e4lte med rostfritt st\u00e5lsp\u00e4nne:<\/strong> Of\u00e4rgat svenskt fullnarvigt l\u00e4der. Sp\u00e4nne i rostfritt st\u00e5l, m\u00e5ttanpassad passform, livstidsgaranti, fri frakt.<\/p>\n","protected":false},"featured_media":8208,"comment_status":"open","ping_status":"closed","template":"","meta":[],"product_brand":[],"product_cat":[27,263],"product_tag":[266,47,87,55],"class_list":{"0":"post-8507","1":"product","2":"type-product","3":"status-publish","4":"has-post-thumbnail","6":"product_cat-laderbalten","7":"product_cat-balten-for-herr","8":"product_tag-balten-for-herr-med-spanne-i-rostfritt-stal","9":"product_tag-natur-laderprodukter","10":"product_tag-natur-skarp","11":"product_tag-naturfargade-laderbalten-for-herr","13":"first","14":"instock","15":"taxable","16":"shipping-taxable","17":"purchasable","18":"product-type-variable"},"_links":{"self":[{"href":"https:\/\/www.palsjo.com\/se\/wp-json\/wp\/v2\/product\/8507","targetHints":{"allow":["GET"]}}],"collection":[{"href":"https:\/\/www.palsjo.com\/se\/wp-json\/wp\/v2\/product"}],"about":[{"href":"https:\/\/www.palsjo.com\/se\/wp-json\/wp\/v2\/types\/product"}],"replies":[{"embeddable":true,"href":"https:\/\/www.palsjo.com\/se\/wp-json\/wp\/v2\/comments?post=8507"}],"wp:featuredmedia":[{"embeddable":true,"href":"https:\/\/www.palsjo.com\/se\/wp-json\/wp\/v2\/media\/8208"}],"wp:attachment":[{"href":"https:\/\/www.palsjo.com\/se\/wp-json\/wp\/v2\/media?parent=8507"}],"wp:term":[{"taxonomy":"product_brand","embeddable":true,"href":"https:\/\/www.palsjo.com\/se\/wp-json\/wp\/v2\/product_brand?post=8507"},{"taxonomy":"product_cat","embeddable":true,"href":"https:\/\/www.palsjo.com\/se\/wp-json\/wp\/v2\/product_cat?post=8507"},{"taxonomy":"product_tag","embeddable":true,"href":"https:\/\/www.palsjo.com\/se\/wp-json\/wp\/v2\/product_tag?post=8507"}],"curies":[{"name":"wp","href":"https:\/\/api.w.org\/{rel}","templated":true}]}}