{"id":8500,"date":"2025-08-07T21:24:37","date_gmt":"2025-08-07T19:24:37","guid":{"rendered":"https:\/\/www.palsjo.com\/se\/?post_type=product&#038;p=8500"},"modified":"2025-11-10T10:04:55","modified_gmt":"2025-11-10T09:04:55","slug":"ebbe-natur-laderbalte-med-rostfritt-stalspanne","status":"publish","type":"product","link":"https:\/\/www.palsjo.com\/se\/produkt\/ebbe-natur-laderbalte-med-rostfritt-stalspanne\/","title":{"rendered":"Ebbe natur l\u00e4derb\u00e4lte med rostfritt st\u00e5lsp\u00e4nne"},"content":{"rendered":"<p data-start=\"0\" data-end=\"407\">Ebbe natur l\u00e4derb\u00e4lte med rostfritt st\u00e5lsp\u00e4nne \u00e4r ett unikt statement med of\u00e4rgat, robust full grain vegetabiliskt garvat l\u00e4der fr\u00e5n <a href=\"https:\/\/tarnsjogarveri.com\/sv\/lader\/\" target=\"_blank\" rel=\"noopener\">T\u00e4rnsj\u00f6 Garveri<\/a>. Handgjort i Sverige av tjockt 4 mm (10\u201311 oz) l\u00e4der, b\u00e4ltet utvecklar en personlig patina \u00f6ver tid. Det massiva, extra kraftiga sp\u00e4nnet i rostfritt st\u00e5l ger en modern och t\u00e5lig finish. Perfekt f\u00f6r dig som uppskattar \u00e4kta material och en r\u00e5 men stilren stil.<\/p>\n<p data-start=\"409\" data-end=\"562\">Varje Ebbe natur l\u00e4derb\u00e4lte med rostfritt st\u00e5lsp\u00e4nne \u00e4r m\u00e5ttanpassat f\u00f6r en perfekt passform och, som alla v\u00e5ra produkter, backas det av <a href=\"https:\/\/www.palsjo.com\/se\/livstidsgaranti\/\">livstidsgaranti<\/a>.<\/p>\n<h2 data-start=\"564\" data-end=\"575\">Ebbe natur l\u00e4derb\u00e4lte med rostfritt st\u00e5lsp\u00e4nne &#8211; egenskaper<\/h2>\n<ul>\n<li data-start=\"578\" data-end=\"708\">Exklusivt of\u00e4rgat full grain vegetabiliskt garvat l\u00e4der fr\u00e5n T\u00e4rnsj\u00f6 Garveri (10\u201311 oz), utformat f\u00f6r att utveckla en unik patina.<\/li>\n<li data-start=\"711\" data-end=\"806\">Extra kraftigt, massivt sp\u00e4nne i rostfritt st\u00e5l f\u00f6r h\u00e5llbarhet och ett dj\u00e4rvt, modernt uttryck.<\/li>\n<li data-start=\"809\" data-end=\"862\">Handgjort i Sverige med h\u00f6g hantverksm\u00e4ssig kvalitet.<\/li>\n<li data-start=\"865\" data-end=\"930\">Klassisk bredd 38 mm \/ 1,5\u2033, idealisk f\u00f6r en robust, casual look.<\/li>\n<li data-start=\"933\" data-end=\"999\">Fasade och handvaxade kanter f\u00f6r b\u00e5de komfort och naturlig finish.<\/li>\n<li data-start=\"1002\" data-end=\"1063\">M\u00e5ttbest\u00e4llt efter din exakta midjem\u00e5tt f\u00f6r optimal passform.<\/li>\n<\/ul>\n<h2>Hur du m\u00e4ter din b\u00e4ltesstorlek korrekt<\/h2>\n<div class=\"video-container\"><iframe title=\"How to measure your Palsjo\u0308 Belt\" width=\"1170\" height=\"658\" src=\"https:\/\/www.youtube.com\/embed\/gVP_R-Qk4P0?feature=oembed&#038;enablejsapi=1&#038;origin=https:\/\/www.palsjo.com\" frameborder=\"0\" allow=\"accelerometer; autoplay; clipboard-write; encrypted-media; gyroscope; picture-in-picture; web-share\" referrerpolicy=\"strict-origin-when-cross-origin\" allowfullscreen><\/iframe><\/div>\n<h3>Metod 1:<\/h3>\n<p>1. B\u00e4r dina favoritjeans<br \/>\n2. M\u00e4t fr\u00e5n den \u00f6versta knappen genom b\u00e4ltes\u00f6glorna till huvudknappen igen<br \/>\n3. Om du \u00e4r mellan storlekar, runda av till n\u00e4sta cm (t.ex. om din storlek \u00e4r 92,4 cm, best\u00e4ll 93 cm)<\/p>\n<p><img decoding=\"async\" class=\"alignnone size-full wp-image-687\" src=\"https:\/\/www.palsjo.com\/se\/wp-content\/uploads\/Belt-Measure-Method1.jpg\" alt=\"\" width=\"458\"><\/p>\n<h3>Metod 2:<\/h3>\n<p>1. M\u00e4t ditt befintliga b\u00e4lte fr\u00e5n spetsen p\u00e5 sp\u00e4nnet till det mest anv\u00e4nda h\u00e5let. R\u00e4ta ut b\u00e4ltet medan du m\u00e4ter.<br \/>\n2. Om du \u00e4r mellan storlekarna, runda av till n\u00e4sta cm (t.ex. om din storlek \u00e4r 92,4 cm, best\u00e4ll 93 cm)<\/p>\n<p><img decoding=\"async\" class=\"alignnone size-full wp-image-687\" src=\"https:\/\/www.palsjo.com\/se\/wp-content\/uploads\/belt-measure.jpg\" alt=\"\" width=\"458\"><\/p>\n<p>&nbsp;<\/p>\n<p><strong>Obs<\/strong>: Vi vill att v\u00e5ra b\u00e4lten ska passa dig perfekt. D\u00e4rf\u00f6r erbjuder vi v\u00e5ra b\u00e4lten i steg om 1 cm. Varje b\u00e4lte tillverkas n\u00e4r vi f\u00e5r en best\u00e4llning och \u00e4r dimensionerat efter ditt exakta midjem\u00e5tt. D\u00e4rf\u00f6r kan v\u00e5ra b\u00e4lten inte returneras eller \u00e5terbetalas.<\/p>\n","protected":false},"excerpt":{"rendered":"<p><strong>Ebbe natur l\u00e4derb\u00e4lte med rostfritt st\u00e5lsp\u00e4nne<\/strong>, svenskt full grain vegetabiliskt garvat l\u00e4der, handgjort och m\u00e5ttanpassat. Fri frakt.<\/p>\n","protected":false},"featured_media":8164,"comment_status":"open","ping_status":"closed","template":"","meta":[],"product_brand":[],"product_cat":[27,263],"product_tag":[266,47,87,55],"class_list":{"0":"post-8500","1":"product","2":"type-product","3":"status-publish","4":"has-post-thumbnail","6":"product_cat-laderbalten","7":"product_cat-balten-for-herr","8":"product_tag-balten-for-herr-med-spanne-i-rostfritt-stal","9":"product_tag-natur-laderprodukter","10":"product_tag-natur-skarp","11":"product_tag-naturfargade-laderbalten-for-herr","13":"first","14":"instock","15":"taxable","16":"shipping-taxable","17":"purchasable","18":"product-type-variable"},"_links":{"self":[{"href":"https:\/\/www.palsjo.com\/se\/wp-json\/wp\/v2\/product\/8500","targetHints":{"allow":["GET"]}}],"collection":[{"href":"https:\/\/www.palsjo.com\/se\/wp-json\/wp\/v2\/product"}],"about":[{"href":"https:\/\/www.palsjo.com\/se\/wp-json\/wp\/v2\/types\/product"}],"replies":[{"embeddable":true,"href":"https:\/\/www.palsjo.com\/se\/wp-json\/wp\/v2\/comments?post=8500"}],"wp:featuredmedia":[{"embeddable":true,"href":"https:\/\/www.palsjo.com\/se\/wp-json\/wp\/v2\/media\/8164"}],"wp:attachment":[{"href":"https:\/\/www.palsjo.com\/se\/wp-json\/wp\/v2\/media?parent=8500"}],"wp:term":[{"taxonomy":"product_brand","embeddable":true,"href":"https:\/\/www.palsjo.com\/se\/wp-json\/wp\/v2\/product_brand?post=8500"},{"taxonomy":"product_cat","embeddable":true,"href":"https:\/\/www.palsjo.com\/se\/wp-json\/wp\/v2\/product_cat?post=8500"},{"taxonomy":"product_tag","embeddable":true,"href":"https:\/\/www.palsjo.com\/se\/wp-json\/wp\/v2\/product_tag?post=8500"}],"curies":[{"name":"wp","href":"https:\/\/api.w.org\/{rel}","templated":true}]}}