{"id":8498,"date":"2025-08-07T21:24:35","date_gmt":"2025-08-07T19:24:35","guid":{"rendered":"https:\/\/www.palsjo.com\/se\/?post_type=product&#038;p=8498"},"modified":"2025-11-10T10:06:25","modified_gmt":"2025-11-10T09:06:25","slug":"ebbe-brunt-laderbalte-med-rostfritt-stalspanne","status":"publish","type":"product","link":"https:\/\/www.palsjo.com\/se\/produkt\/ebbe-brunt-laderbalte-med-rostfritt-stalspanne\/","title":{"rendered":"Ebbe brunt l\u00e4derb\u00e4lte med rostfritt st\u00e5lsp\u00e4nne"},"content":{"rendered":"<p data-start=\"0\" data-end=\"425\">Ebbe brunt l\u00e4derb\u00e4lte med rostfritt st\u00e5lsp\u00e4nne kombinerar klassiskt brunt l\u00e4der med modern styrka i ett extra tjockt sp\u00e4nne i massivt rostfritt st\u00e5l. B\u00e4ltet \u00e4r noggrant handgjort i Sverige av tjockt 4 mm (10\u201311 oz) exklusivt full grain vegetabiliskt garvat l\u00e4der fr\u00e5n <a href=\"https:\/\/tarnsjogarveri.com\/environment\/\" target=\"_blank\" rel=\"noopener\">T\u00e4rnsj\u00f6 Garveri<\/a>. Den bruna tonen \u00e4r ett m\u00e5ngsidigt val f\u00f6r alla som gillar jeans eller vill ha ett slitstarkt och stilrent tillbeh\u00f6r f\u00f6r en avslappnad kv\u00e4ll.<\/p>\n<p data-start=\"427\" data-end=\"581\">Varje Ebbe brunt l\u00e4derb\u00e4lte med rostfritt st\u00e5lsp\u00e4nne \u00e4r m\u00e5ttanpassat f\u00f6r perfekt passform och, som alla v\u00e5ra produkter, backas det av v\u00e5r <a href=\"https:\/\/www.palsjo.com\/se\/livstidsgaranti\/\">livstidsgaranti<\/a>.<\/p>\n<h2 data-start=\"583\" data-end=\"642\">Ebbe brunt l\u00e4derb\u00e4lte med rostfritt st\u00e5lsp\u00e4nne \u2013 Egenskaper<\/h2>\n<ul>\n<li data-start=\"646\" data-end=\"755\">Exklusivt brunt full grain vegetabiliskt garvat l\u00e4der fr\u00e5n T\u00e4rnsj\u00f6 Garveri (10\u201311 oz), handgjort i Sverige.<\/li>\n<li data-start=\"758\" data-end=\"862\">Utrustat med ett extra kraftigt sp\u00e4nne i massivt rostfritt st\u00e5l f\u00f6r h\u00f6g h\u00e5llbarhet och en modern look.<\/li>\n<li data-start=\"865\" data-end=\"960\">Noggrant fasade och burnishade kanter som handvaxas l\u00e4tt f\u00f6r \u00f6kad komfort och l\u00e5ng livsl\u00e4ngd.<\/li>\n<li data-start=\"963\" data-end=\"1038\">Robust bredd p\u00e5 38 mm \/ 1,5\u2033, perfekt f\u00f6r b\u00e5de vardags- och arbetskl\u00e4der.<\/li>\n<li data-start=\"1041\" data-end=\"1115\">M\u00e5ttanpassat efter din exakta midjem\u00e5tt f\u00f6r en bekv\u00e4m och precis passform.<\/li>\n<\/ul>\n<h2>Hur du m\u00e4ter din b\u00e4ltesstorlek korrekt<\/h2>\n<div class=\"video-container\"><iframe title=\"How to measure your Palsjo\u0308 Belt\" width=\"1170\" height=\"658\" src=\"https:\/\/www.youtube.com\/embed\/gVP_R-Qk4P0?feature=oembed&#038;enablejsapi=1&#038;origin=https:\/\/www.palsjo.com\" frameborder=\"0\" allow=\"accelerometer; autoplay; clipboard-write; encrypted-media; gyroscope; picture-in-picture; web-share\" referrerpolicy=\"strict-origin-when-cross-origin\" allowfullscreen><\/iframe><\/div>\n<h3>Metod 1:<\/h3>\n<p>1. B\u00e4r dina favoritjeans<br \/>\n2. M\u00e4t fr\u00e5n den \u00f6versta knappen genom b\u00e4ltes\u00f6glorna till huvudknappen igen<br \/>\n3. Om du \u00e4r mellan storlekar, runda av till n\u00e4sta cm (t.ex. om din storlek \u00e4r 92,4 cm, best\u00e4ll 93 cm)<\/p>\n<p><img decoding=\"async\" class=\"alignnone size-full wp-image-687\" src=\"https:\/\/www.palsjo.com\/se\/wp-content\/uploads\/Belt-Measure-Method1.jpg\" alt=\"\" width=\"458\"><\/p>\n<h3>Metod 2:<\/h3>\n<p>1. M\u00e4t ditt befintliga b\u00e4lte fr\u00e5n spetsen p\u00e5 sp\u00e4nnet till det mest anv\u00e4nda h\u00e5let. R\u00e4ta ut b\u00e4ltet medan du m\u00e4ter.<br \/>\n2. Om du \u00e4r mellan storlekarna, runda av till n\u00e4sta cm (t.ex. om din storlek \u00e4r 92,4 cm, best\u00e4ll 93 cm)<\/p>\n<p><img decoding=\"async\" class=\"alignnone size-full wp-image-687\" src=\"https:\/\/www.palsjo.com\/se\/wp-content\/uploads\/belt-measure.jpg\" alt=\"\" width=\"458\"><\/p>\n<p>&nbsp;<\/p>\n<p><strong>Obs<\/strong>: Vi vill att v\u00e5ra b\u00e4lten ska passa dig perfekt. D\u00e4rf\u00f6r erbjuder vi v\u00e5ra b\u00e4lten i steg om 1 cm. Varje b\u00e4lte tillverkas n\u00e4r vi f\u00e5r en best\u00e4llning och \u00e4r dimensionerat efter ditt exakta midjem\u00e5tt. D\u00e4rf\u00f6r kan v\u00e5ra b\u00e4lten inte returneras eller \u00e5terbetalas.<\/p>\n","protected":false},"excerpt":{"rendered":"<p>Ebbe brunt l\u00e4derb\u00e4lte med rostfritt st\u00e5lsp\u00e4nne: Svenskt full grain vegetabiliskt garvat l\u00e4der, handgjort och m\u00e5ttanpassat, livstidsgaranti, fri frakt \u00f6ver hela v\u00e4rlden.<\/p>\n","protected":false},"featured_media":8160,"comment_status":"open","ping_status":"closed","template":"","meta":[],"product_brand":[],"product_cat":[27,263],"product_tag":[266,53,45],"class_list":{"0":"post-8498","1":"product","2":"type-product","3":"status-publish","4":"has-post-thumbnail","6":"product_cat-laderbalten","7":"product_cat-balten-for-herr","8":"product_tag-balten-for-herr-med-spanne-i-rostfritt-stal","9":"product_tag-bruna-laderbalten-for-herr","10":"product_tag-bruna-laderprodukter","12":"first","13":"instock","14":"taxable","15":"shipping-taxable","16":"purchasable","17":"product-type-variable"},"_links":{"self":[{"href":"https:\/\/www.palsjo.com\/se\/wp-json\/wp\/v2\/product\/8498","targetHints":{"allow":["GET"]}}],"collection":[{"href":"https:\/\/www.palsjo.com\/se\/wp-json\/wp\/v2\/product"}],"about":[{"href":"https:\/\/www.palsjo.com\/se\/wp-json\/wp\/v2\/types\/product"}],"replies":[{"embeddable":true,"href":"https:\/\/www.palsjo.com\/se\/wp-json\/wp\/v2\/comments?post=8498"}],"wp:featuredmedia":[{"embeddable":true,"href":"https:\/\/www.palsjo.com\/se\/wp-json\/wp\/v2\/media\/8160"}],"wp:attachment":[{"href":"https:\/\/www.palsjo.com\/se\/wp-json\/wp\/v2\/media?parent=8498"}],"wp:term":[{"taxonomy":"product_brand","embeddable":true,"href":"https:\/\/www.palsjo.com\/se\/wp-json\/wp\/v2\/product_brand?post=8498"},{"taxonomy":"product_cat","embeddable":true,"href":"https:\/\/www.palsjo.com\/se\/wp-json\/wp\/v2\/product_cat?post=8498"},{"taxonomy":"product_tag","embeddable":true,"href":"https:\/\/www.palsjo.com\/se\/wp-json\/wp\/v2\/product_tag?post=8498"}],"curies":[{"name":"wp","href":"https:\/\/api.w.org\/{rel}","templated":true}]}}