{"id":8494,"date":"2025-08-07T21:24:31","date_gmt":"2025-08-07T19:24:31","guid":{"rendered":"https:\/\/www.palsjo.com\/se\/?post_type=product&#038;p=8494"},"modified":"2025-11-10T10:09:16","modified_gmt":"2025-11-10T09:09:16","slug":"ebbe-svart-laderbalte-med-rostfritt-stalspanne","status":"publish","type":"product","link":"https:\/\/www.palsjo.com\/se\/produkt\/ebbe-svart-laderbalte-med-rostfritt-stalspanne\/","title":{"rendered":"Ebbe svart l\u00e4derb\u00e4lte med rostfritt st\u00e5lsp\u00e4nne"},"content":{"rendered":"<p data-start=\"0\" data-end=\"455\">Ebbe svart l\u00e4derb\u00e4lte med rostfritt st\u00e5lsp\u00e4nne f\u00f6renar klassiskt svart l\u00e4der med ett kraftfullt, extra tjockt sp\u00e4nne i massivt rostfritt st\u00e5l f\u00f6r en modern och r\u00e5 look. B\u00e4ltet \u00e4r noggrant handgjort i Sverige av robust 4 mm (10\u201311 oz) exklusivt fullnarvigt vegetabiliskt garvat l\u00e4der fr\u00e5n <a href=\"https:\/\/tarnsjogarveri.com\/sv\/lader\/\" target=\"_blank\" rel=\"noopener\">T\u00e4rnsj\u00f6 Garveri<\/a>. Det stilrena sp\u00e4nnet i rostfritt st\u00e5l ger ett samtida men \u00e4nd\u00e5 r\u00e5tt uttryck. Perfekt f\u00f6r en avslappnad kv\u00e4ll ute eller f\u00f6r att lyfta din vardagsdenim.<\/p>\n<p data-start=\"457\" data-end=\"614\">Varje Ebbe svart l\u00e4derb\u00e4lte med rostfritt st\u00e5lsp\u00e4nne \u00e4r m\u00e5ttanpassat f\u00f6r en perfekt passform och, som alla v\u00e5ra produkter, backas det av v\u00e5r <a href=\"https:\/\/www.palsjo.com\/se\/livstidsgaranti\/\">livstidsgaranti<\/a>.<\/p>\n<h2 data-start=\"616\" data-end=\"675\">Egenskaper \u2013 Ebbe svart l\u00e4derb\u00e4lte med rostfritt st\u00e5lsp\u00e4nne<\/h2>\n<ul>\n<li data-start=\"679\" data-end=\"789\">Exklusivt svart fullnarvigt vegetabiliskt garvat l\u00e4der fr\u00e5n T\u00e4rnsj\u00f6 Garveri (10\u201311 oz), handgjort i Sverige.<\/li>\n<li data-start=\"792\" data-end=\"891\">Extra kraftigt massivt sp\u00e4nne i rostfritt st\u00e5l med modern, robust och korrosionsbest\u00e4ndig design.<\/li>\n<li data-start=\"894\" data-end=\"964\">Fasade och burnishade kanter, l\u00e4tt handvaxade f\u00f6r en elegant finish.<\/li>\n<li data-start=\"967\" data-end=\"1038\">Standardbredd p\u00e5 38 mm \/ 1,5\u2033, perfekt f\u00f6r ett dj\u00e4rvt vardagsuttryck.<\/li>\n<li data-start=\"1041\" data-end=\"1119\">M\u00e5ttanpassat efter din exakta midjem\u00e5tt f\u00f6r en personlig och perfekt passform.<\/li>\n<\/ul>\n<h2>Hur du m\u00e4ter din b\u00e4ltesstorlek korrekt<\/h2>\n<div class=\"video-container\"><iframe title=\"How to measure your Palsjo\u0308 Belt\" width=\"1170\" height=\"658\" src=\"https:\/\/www.youtube.com\/embed\/gVP_R-Qk4P0?feature=oembed&#038;enablejsapi=1&#038;origin=https:\/\/www.palsjo.com\" frameborder=\"0\" allow=\"accelerometer; autoplay; clipboard-write; encrypted-media; gyroscope; picture-in-picture; web-share\" referrerpolicy=\"strict-origin-when-cross-origin\" allowfullscreen><\/iframe><\/div>\n<h3>Metod 1:<\/h3>\n<p>1. B\u00e4r dina favoritjeans<br \/>\n2. M\u00e4t fr\u00e5n den \u00f6versta knappen genom b\u00e4ltes\u00f6glorna till huvudknappen igen<br \/>\n3. Om du \u00e4r mellan storlekar, runda av till n\u00e4sta cm (t.ex. om din storlek \u00e4r 92,4 cm, best\u00e4ll 93 cm)<\/p>\n<p><img decoding=\"async\" class=\"alignnone size-full wp-image-687\" src=\"https:\/\/www.palsjo.com\/se\/wp-content\/uploads\/Belt-Measure-Method1.jpg\" alt=\"\" width=\"458\"><\/p>\n<h3>Metod 2:<\/h3>\n<p>1. M\u00e4t ditt befintliga b\u00e4lte fr\u00e5n spetsen p\u00e5 sp\u00e4nnet till det mest anv\u00e4nda h\u00e5let. R\u00e4ta ut b\u00e4ltet medan du m\u00e4ter.<br \/>\n2. Om du \u00e4r mellan storlekarna, runda av till n\u00e4sta cm (t.ex. om din storlek \u00e4r 92,4 cm, best\u00e4ll 93 cm)<\/p>\n<p><img decoding=\"async\" class=\"alignnone size-full wp-image-687\" src=\"https:\/\/www.palsjo.com\/se\/wp-content\/uploads\/belt-measure.jpg\" alt=\"\" width=\"458\"><\/p>\n<p>&nbsp;<\/p>\n<p><strong>Obs<\/strong>: Vi vill att v\u00e5ra b\u00e4lten ska passa dig perfekt. D\u00e4rf\u00f6r erbjuder vi v\u00e5ra b\u00e4lten i steg om 1 cm. Varje b\u00e4lte tillverkas n\u00e4r vi f\u00e5r en best\u00e4llning och \u00e4r dimensionerat efter ditt exakta midjem\u00e5tt. D\u00e4rf\u00f6r kan v\u00e5ra b\u00e4lten inte returneras eller \u00e5terbetalas.<\/p>\n","protected":false},"excerpt":{"rendered":"<p><strong data-start=\"62\" data-end=\"112\">Ebbe svart l\u00e4derb\u00e4lte med rostfritt st\u00e5lsp\u00e4nne<\/strong> \u2013 Svart fullnarvigt vegetabiliskt garvat l\u00e4der fr\u00e5n Sverige, handgjort, m\u00e5ttanpassat f\u00f6r perfekt passform. Livstidsgaranti och fri frakt.<\/p>\n","protected":false},"featured_media":8166,"comment_status":"open","ping_status":"closed","template":"","meta":[],"product_brand":[],"product_cat":[27,263],"product_tag":[266,85,48,44],"class_list":{"0":"post-8494","1":"product","2":"type-product","3":"status-publish","4":"has-post-thumbnail","6":"product_cat-laderbalten","7":"product_cat-balten-for-herr","8":"product_tag-balten-for-herr-med-spanne-i-rostfritt-stal","9":"product_tag-svart-skarp","10":"product_tag-svarta-laderbalten-for-herr","11":"product_tag-svarta-laderprodukter","13":"first","14":"instock","15":"taxable","16":"shipping-taxable","17":"purchasable","18":"product-type-variable"},"_links":{"self":[{"href":"https:\/\/www.palsjo.com\/se\/wp-json\/wp\/v2\/product\/8494","targetHints":{"allow":["GET"]}}],"collection":[{"href":"https:\/\/www.palsjo.com\/se\/wp-json\/wp\/v2\/product"}],"about":[{"href":"https:\/\/www.palsjo.com\/se\/wp-json\/wp\/v2\/types\/product"}],"replies":[{"embeddable":true,"href":"https:\/\/www.palsjo.com\/se\/wp-json\/wp\/v2\/comments?post=8494"}],"wp:featuredmedia":[{"embeddable":true,"href":"https:\/\/www.palsjo.com\/se\/wp-json\/wp\/v2\/media\/8166"}],"wp:attachment":[{"href":"https:\/\/www.palsjo.com\/se\/wp-json\/wp\/v2\/media?parent=8494"}],"wp:term":[{"taxonomy":"product_brand","embeddable":true,"href":"https:\/\/www.palsjo.com\/se\/wp-json\/wp\/v2\/product_brand?post=8494"},{"taxonomy":"product_cat","embeddable":true,"href":"https:\/\/www.palsjo.com\/se\/wp-json\/wp\/v2\/product_cat?post=8494"},{"taxonomy":"product_tag","embeddable":true,"href":"https:\/\/www.palsjo.com\/se\/wp-json\/wp\/v2\/product_tag?post=8494"}],"curies":[{"name":"wp","href":"https:\/\/api.w.org\/{rel}","templated":true}]}}