{"id":8483,"date":"2025-08-07T20:29:27","date_gmt":"2025-08-07T18:29:27","guid":{"rendered":"https:\/\/www.palsjo.com\/se\/?post_type=product&#038;p=8483"},"modified":"2025-11-10T10:10:29","modified_gmt":"2025-11-10T09:10:29","slug":"nils-brunt-laderbalte-med-rostfritt-stalspanne","status":"publish","type":"product","link":"https:\/\/www.palsjo.com\/se\/produkt\/nils-brunt-laderbalte-med-rostfritt-stalspanne\/","title":{"rendered":"Nils brunt l\u00e4derb\u00e4lte med rostfritt st\u00e5lsp\u00e4nne"},"content":{"rendered":"<article class=\"text-token-text-primary w-full focus:outline-none scroll-mt-[calc(var(--header-height)+min(200px,max(70px,20svh)))]\" dir=\"auto\" tabindex=\"-1\" data-turn-id=\"request-6891a7a9-0cd0-8323-bc10-615d45f317fc-83\" data-testid=\"conversation-turn-244\" data-scroll-anchor=\"true\" data-turn=\"assistant\">\n<div class=\"text-base my-auto mx-auto pb-10 [--thread-content-margin:--spacing(4)] @[37rem]:[--thread-content-margin:--spacing(6)] @[72rem]:[--thread-content-margin:--spacing(16)] px-(--thread-content-margin)\">\n<div class=\"[--thread-content-max-width:32rem] @[34rem]:[--thread-content-max-width:40rem] @[64rem]:[--thread-content-max-width:48rem] mx-auto max-w-(--thread-content-max-width) flex-1 group\/turn-messages focus-visible:outline-hidden relative flex w-full min-w-0 flex-col agent-turn\" tabindex=\"-1\">\n<div class=\"flex max-w-full flex-col grow\">\n<div class=\"min-h-8 text-message relative flex w-full flex-col items-end gap-2 text-start break-words whitespace-normal [.text-message+&amp;]:mt-5\" dir=\"auto\" data-message-author-role=\"assistant\" data-message-id=\"cdcfa1d6-a521-47d6-a4da-7ac559f2cfe0\" data-message-model-slug=\"gpt-4-1-mini\">\n<div class=\"flex w-full flex-col gap-1 empty:hidden first:pt-[3px]\">\n<div class=\"markdown prose dark:prose-invert w-full break-words dark markdown-new-styling\">\n<p data-start=\"121\" data-end=\"618\">Nils brunt l\u00e4derb\u00e4lte med rostfritt st\u00e5lsp\u00e4nne erbjuder en robust och stilren look med sitt extra tjocka, massiva sp\u00e4nne i rostfritt st\u00e5l. B\u00e4ltet \u00e4r handgjort i Sverige av tjockt (4 mm, 10-11 oz) exklusivt vegetabiliskt garvat l\u00e4der fr\u00e5n <a href=\"https:\/\/tarnsjogarveri.com\" target=\"_blank\" rel=\"noopener\">T\u00e4rnsj\u00f6 Garveri<\/a>. Med ett s\u00e5 kraftfullt och t\u00e5ligt sp\u00e4nne g\u00f6r Nils brunt l\u00e4derb\u00e4lte med rostfritt st\u00e5lsp\u00e4nne ett dj\u00e4rvt och r\u00e5tt intryck! Detta Nils brunt l\u00e4derb\u00e4lte med rostfritt st\u00e5lsp\u00e4nne \u00e4r perfekt f\u00f6r dig som vill ha b\u00e5de stil och l\u00e5ng h\u00e5llbarhet.<\/p>\n<p data-start=\"620\" data-end=\"787\">Varje Nils brunt l\u00e4derb\u00e4lte med rostfritt st\u00e5lsp\u00e4nne \u00e4r m\u00e5ttanpassat f\u00f6r en perfekt passform och, precis som alla v\u00e5ra produkter, t\u00e4cks det av v\u00e5r <a href=\"https:\/\/www.palsjo.com\/se\/livstidsgaranti\/\">livstidsgaranti<\/a>.<\/p>\n<h2 data-start=\"789\" data-end=\"848\">Nils brunt l\u00e4derb\u00e4lte med rostfritt st\u00e5lsp\u00e4nne \u2013 Egenskaper<\/h2>\n<ul>\n<li data-start=\"852\" data-end=\"940\">Exklusivt brunt full grain vegetabiliskt garvat l\u00e4der fr\u00e5n T\u00e4rnsj\u00f6 Garveri (10-11 oz).<\/li>\n<li data-start=\"943\" data-end=\"1017\">Kraftigt sp\u00e4nne i massivt rostfritt st\u00e5l f\u00f6r en h\u00e5llbar och modern stil.<\/li>\n<li data-start=\"1020\" data-end=\"1073\">Expertm\u00e4ssigt handgjort i Sverige med h\u00f6g kvalitet.<\/li>\n<li data-start=\"1076\" data-end=\"1141\">M\u00e5tt: 38 mm \/ 1,5\u2033 bredd, passar f\u00f6r m\u00e5nga olika casual-stilar.<\/li>\n<li data-start=\"1144\" data-end=\"1210\">Noggrant burnishade kanter och handvaxade f\u00f6r en elegant finish.<\/li>\n<li data-start=\"1213\" data-end=\"1274\">M\u00e5ttanpassat efter din exakta midjem\u00e5tt f\u00f6r perfekt passform.<\/li>\n<\/ul>\n<\/div>\n<\/div>\n<\/div>\n<\/div>\n<\/div>\n<\/div>\n<\/article>\n<h2>Hur du m\u00e4ter din b\u00e4ltesstorlek korrekt<\/h2>\n<div class=\"video-container\"><iframe title=\"How to measure your Palsjo\u0308 Belt\" width=\"1170\" height=\"658\" src=\"https:\/\/www.youtube.com\/embed\/gVP_R-Qk4P0?feature=oembed&#038;enablejsapi=1&#038;origin=https:\/\/www.palsjo.com\" frameborder=\"0\" allow=\"accelerometer; autoplay; clipboard-write; encrypted-media; gyroscope; picture-in-picture; web-share\" referrerpolicy=\"strict-origin-when-cross-origin\" allowfullscreen><\/iframe><\/div>\n<h3>Metod 1:<\/h3>\n<p>1. B\u00e4r dina favoritjeans<br \/>\n2. M\u00e4t fr\u00e5n den \u00f6versta knappen genom b\u00e4ltes\u00f6glorna till huvudknappen igen<br \/>\n3. Om du \u00e4r mellan storlekar, runda av till n\u00e4sta cm (t.ex. om din storlek \u00e4r 92,4 cm, best\u00e4ll 93 cm)<\/p>\n<p><img decoding=\"async\" class=\"alignnone size-full wp-image-687\" src=\"https:\/\/www.palsjo.com\/se\/wp-content\/uploads\/Belt-Measure-Method1.jpg\" alt=\"\" width=\"458\"><\/p>\n<h3>Metod 2:<\/h3>\n<p>1. M\u00e4t ditt befintliga b\u00e4lte fr\u00e5n spetsen p\u00e5 sp\u00e4nnet till det mest anv\u00e4nda h\u00e5let. R\u00e4ta ut b\u00e4ltet medan du m\u00e4ter.<br \/>\n2. Om du \u00e4r mellan storlekarna, runda av till n\u00e4sta cm (t.ex. om din storlek \u00e4r 92,4 cm, best\u00e4ll 93 cm)<\/p>\n<p><img decoding=\"async\" class=\"alignnone size-full wp-image-687\" src=\"https:\/\/www.palsjo.com\/se\/wp-content\/uploads\/belt-measure.jpg\" alt=\"\" width=\"458\"><\/p>\n<p>&nbsp;<\/p>\n<p><strong>Obs<\/strong>: Vi vill att v\u00e5ra b\u00e4lten ska passa dig perfekt. D\u00e4rf\u00f6r erbjuder vi v\u00e5ra b\u00e4lten i steg om 1 cm. Varje b\u00e4lte tillverkas n\u00e4r vi f\u00e5r en best\u00e4llning och \u00e4r dimensionerat efter ditt exakta midjem\u00e5tt. D\u00e4rf\u00f6r kan v\u00e5ra b\u00e4lten inte returneras eller \u00e5terbetalas.<\/p>\n","protected":false},"excerpt":{"rendered":"<p><strong>Nils brunt l\u00e4derb\u00e4lte med rostfritt st\u00e5lsp\u00e4nne<\/strong> \u2013 Ett brunt l\u00e4derb\u00e4lte av premium svenskt l\u00e4der, m\u00e5ttanpassat f\u00f6r perfekt passform och byggt f\u00f6r att h\u00e5lla l\u00e4nge. B\u00e4ltet levereras med livstidsgaranti och fri frakt.<\/p>\n","protected":false},"featured_media":8188,"comment_status":"open","ping_status":"closed","template":"","meta":[],"product_brand":[],"product_cat":[27,263],"product_tag":[266,53,45],"class_list":{"0":"post-8483","1":"product","2":"type-product","3":"status-publish","4":"has-post-thumbnail","6":"product_cat-laderbalten","7":"product_cat-balten-for-herr","8":"product_tag-balten-for-herr-med-spanne-i-rostfritt-stal","9":"product_tag-bruna-laderbalten-for-herr","10":"product_tag-bruna-laderprodukter","12":"first","13":"instock","14":"taxable","15":"shipping-taxable","16":"purchasable","17":"product-type-variable"},"_links":{"self":[{"href":"https:\/\/www.palsjo.com\/se\/wp-json\/wp\/v2\/product\/8483","targetHints":{"allow":["GET"]}}],"collection":[{"href":"https:\/\/www.palsjo.com\/se\/wp-json\/wp\/v2\/product"}],"about":[{"href":"https:\/\/www.palsjo.com\/se\/wp-json\/wp\/v2\/types\/product"}],"replies":[{"embeddable":true,"href":"https:\/\/www.palsjo.com\/se\/wp-json\/wp\/v2\/comments?post=8483"}],"wp:featuredmedia":[{"embeddable":true,"href":"https:\/\/www.palsjo.com\/se\/wp-json\/wp\/v2\/media\/8188"}],"wp:attachment":[{"href":"https:\/\/www.palsjo.com\/se\/wp-json\/wp\/v2\/media?parent=8483"}],"wp:term":[{"taxonomy":"product_brand","embeddable":true,"href":"https:\/\/www.palsjo.com\/se\/wp-json\/wp\/v2\/product_brand?post=8483"},{"taxonomy":"product_cat","embeddable":true,"href":"https:\/\/www.palsjo.com\/se\/wp-json\/wp\/v2\/product_cat?post=8483"},{"taxonomy":"product_tag","embeddable":true,"href":"https:\/\/www.palsjo.com\/se\/wp-json\/wp\/v2\/product_tag?post=8483"}],"curies":[{"name":"wp","href":"https:\/\/api.w.org\/{rel}","templated":true}]}}