{"id":8481,"date":"2025-08-07T20:29:25","date_gmt":"2025-08-07T18:29:25","guid":{"rendered":"https:\/\/www.palsjo.com\/se\/?post_type=product&#038;p=8481"},"modified":"2025-11-10T10:10:48","modified_gmt":"2025-11-10T09:10:48","slug":"nils-natur-laderbalte-med-rostfritt-stalspanne","status":"publish","type":"product","link":"https:\/\/www.palsjo.com\/se\/produkt\/nils-natur-laderbalte-med-rostfritt-stalspanne\/","title":{"rendered":"Nils natur l\u00e4derb\u00e4lte med rostfritt st\u00e5lsp\u00e4nne"},"content":{"rendered":"<p data-start=\"0\" data-end=\"512\">Nils natur l\u00e4derb\u00e4lte med rostfritt st\u00e5lsp\u00e4nne lyfter fram det naturliga l\u00e4drets sk\u00f6nhet tillsammans med ett tjockt, massivt rostfritt st\u00e5lsp\u00e4nne f\u00f6r en robust men samtidigt modern look. Detta Nils natur l\u00e4derb\u00e4lte med rostfritt st\u00e5lsp\u00e4nne \u00e4r handgjort i Sverige av tjockt (4 mm, 10\u201311 oz) exklusivt full grain vegetabiliskt garvat l\u00e4der fr\u00e5n <a href=\"https:\/\/tarnsjogarveri.com\" target=\"_blank\" rel=\"noopener\">T\u00e4rnsj\u00f6 Garveri<\/a> och utvecklar med tiden en unik patina. Om du gillar slitna jeans och robusta k\u00e4ngor kommer du att \u00e4lska detta b\u00e4lte f\u00f6r dess patinans karakt\u00e4r och stil.<\/p>\n<p data-start=\"514\" data-end=\"683\">Varje Nils natur l\u00e4derb\u00e4lte med rostfritt st\u00e5lsp\u00e4nne \u00e4r m\u00e5ttanpassat f\u00f6r en perfekt passform och precis som alla v\u00e5ra produkter har det <a href=\"https:\/\/www.palsjo.com\/se\/livstidsgaranti\/\">livstidsgaranti<\/a> f\u00f6r din trygghet.<\/p>\n<h2 data-start=\"685\" data-end=\"744\">Nils natur l\u00e4derb\u00e4lte med rostfritt st\u00e5lsp\u00e4nne \u2013 Egenskaper<\/h2>\n<ul>\n<li data-start=\"748\" data-end=\"838\">Exklusivt full grain vegetabiliskt garvat of\u00e4rgat l\u00e4der fr\u00e5n T\u00e4rnsj\u00f6 Garveri (10\u201311 oz).<\/li>\n<li data-start=\"841\" data-end=\"914\">Kraftigt massivt rostfritt st\u00e5lsp\u00e4nne f\u00f6r en tidl\u00f6s och h\u00e5llbar design.<\/li>\n<li data-start=\"917\" data-end=\"985\">Handgjort i Sverige med stor noggrannhet och hantverksskicklighet.<\/li>\n<li data-start=\"988\" data-end=\"1053\">Klassisk bredd p\u00e5 38 mm \/ 1,5\u2033 \u2013 perfekt f\u00f6r casual anv\u00e4ndning.<\/li>\n<li data-start=\"1056\" data-end=\"1117\">Fasade och bivaxade kanter f\u00f6r b\u00e5de komfort och h\u00e5llbarhet.<\/li>\n<li data-start=\"1120\" data-end=\"1183\">Tillverkas efter dina exakta m\u00e5tt f\u00f6r en skr\u00e4ddarsydd passform.<\/li>\n<\/ul>\n<h2>Hur du m\u00e4ter din b\u00e4ltesstorlek korrekt<\/h2>\n<div class=\"video-container\"><iframe title=\"How to measure your Palsjo\u0308 Belt\" width=\"1170\" height=\"658\" src=\"https:\/\/www.youtube.com\/embed\/gVP_R-Qk4P0?feature=oembed&#038;enablejsapi=1&#038;origin=https:\/\/www.palsjo.com\" frameborder=\"0\" allow=\"accelerometer; autoplay; clipboard-write; encrypted-media; gyroscope; picture-in-picture; web-share\" referrerpolicy=\"strict-origin-when-cross-origin\" allowfullscreen><\/iframe><\/div>\n<h3>Metod 1:<\/h3>\n<p>1. B\u00e4r dina favoritjeans<br \/>\n2. M\u00e4t fr\u00e5n den \u00f6versta knappen genom b\u00e4ltes\u00f6glorna till huvudknappen igen<br \/>\n3. Om du \u00e4r mellan storlekar, runda av till n\u00e4sta cm (t.ex. om din storlek \u00e4r 92,4 cm, best\u00e4ll 93 cm)<\/p>\n<p><img decoding=\"async\" class=\"alignnone size-full wp-image-687\" src=\"https:\/\/www.palsjo.com\/se\/wp-content\/uploads\/Belt-Measure-Method1.jpg\" alt=\"\" width=\"458\"><\/p>\n<h3>Metod 2:<\/h3>\n<p>1. M\u00e4t ditt befintliga b\u00e4lte fr\u00e5n spetsen p\u00e5 sp\u00e4nnet till det mest anv\u00e4nda h\u00e5let. R\u00e4ta ut b\u00e4ltet medan du m\u00e4ter.<br \/>\n2. Om du \u00e4r mellan storlekarna, runda av till n\u00e4sta cm (t.ex. om din storlek \u00e4r 92,4 cm, best\u00e4ll 93 cm)<\/p>\n<p><img decoding=\"async\" class=\"alignnone size-full wp-image-687\" src=\"https:\/\/www.palsjo.com\/se\/wp-content\/uploads\/belt-measure.jpg\" alt=\"\" width=\"458\"><br \/>\n<strong>Obs<\/strong>: Vi vill att v\u00e5ra b\u00e4lten ska passa dig perfekt. D\u00e4rf\u00f6r erbjuder vi v\u00e5ra b\u00e4lten i steg om 1 cm. Varje b\u00e4lte tillverkas n\u00e4r vi f\u00e5r en best\u00e4llning och \u00e4r dimensionerat efter ditt exakta midjem\u00e5tt. D\u00e4rf\u00f6r kan v\u00e5ra b\u00e4lten inte returneras eller \u00e5terbetalas.<\/p>\n","protected":false},"excerpt":{"rendered":"<p>Nils natur l\u00e4derb\u00e4lte med rostfritt st\u00e5lsp\u00e4nne: M\u00e5ttanpassat med exklusivt svenskt l\u00e4der, utvecklar patina, tjockt st\u00e5lsp\u00e4nne. Livstidsgaranti. Fri frakt.<\/p>\n","protected":false},"featured_media":8192,"comment_status":"open","ping_status":"closed","template":"","meta":[],"product_brand":[],"product_cat":[27,263],"product_tag":[266,47,87,55],"class_list":{"0":"post-8481","1":"product","2":"type-product","3":"status-publish","4":"has-post-thumbnail","6":"product_cat-laderbalten","7":"product_cat-balten-for-herr","8":"product_tag-balten-for-herr-med-spanne-i-rostfritt-stal","9":"product_tag-natur-laderprodukter","10":"product_tag-natur-skarp","11":"product_tag-naturfargade-laderbalten-for-herr","13":"first","14":"instock","15":"taxable","16":"shipping-taxable","17":"purchasable","18":"product-type-variable"},"_links":{"self":[{"href":"https:\/\/www.palsjo.com\/se\/wp-json\/wp\/v2\/product\/8481","targetHints":{"allow":["GET"]}}],"collection":[{"href":"https:\/\/www.palsjo.com\/se\/wp-json\/wp\/v2\/product"}],"about":[{"href":"https:\/\/www.palsjo.com\/se\/wp-json\/wp\/v2\/types\/product"}],"replies":[{"embeddable":true,"href":"https:\/\/www.palsjo.com\/se\/wp-json\/wp\/v2\/comments?post=8481"}],"wp:featuredmedia":[{"embeddable":true,"href":"https:\/\/www.palsjo.com\/se\/wp-json\/wp\/v2\/media\/8192"}],"wp:attachment":[{"href":"https:\/\/www.palsjo.com\/se\/wp-json\/wp\/v2\/media?parent=8481"}],"wp:term":[{"taxonomy":"product_brand","embeddable":true,"href":"https:\/\/www.palsjo.com\/se\/wp-json\/wp\/v2\/product_brand?post=8481"},{"taxonomy":"product_cat","embeddable":true,"href":"https:\/\/www.palsjo.com\/se\/wp-json\/wp\/v2\/product_cat?post=8481"},{"taxonomy":"product_tag","embeddable":true,"href":"https:\/\/www.palsjo.com\/se\/wp-json\/wp\/v2\/product_tag?post=8481"}],"curies":[{"name":"wp","href":"https:\/\/api.w.org\/{rel}","templated":true}]}}