{"id":8429,"date":"2025-08-06T18:17:26","date_gmt":"2025-08-06T16:17:26","guid":{"rendered":"https:\/\/www.palsjo.com\/se\/?post_type=product&#038;p=8429"},"modified":"2025-11-10T10:11:09","modified_gmt":"2025-11-10T09:11:09","slug":"erik-laderbalte-svart","status":"publish","type":"product","link":"https:\/\/www.palsjo.com\/se\/produkt\/erik-laderbalte-svart\/","title":{"rendered":"Erik l\u00e4derb\u00e4lte svart"},"content":{"rendered":"<p data-start=\"117\" data-end=\"728\">G\u00f6r ett starkt intryck i varje formell milj\u00f6 med v\u00e5rt Erik l\u00e4derb\u00e4lte svart. B\u00e4ltet \u00e4r omsorgsfullt handgjort i Sverige av 4 mm (10\u201311 oz) exklusivt full grain vegetabilgarvat l\u00e4der fr\u00e5n det anrika <a href=\"https:\/\/tarnsjogarveri.com\/sv\/lader\/\" target=\"_blank\" rel=\"noopener\">T\u00e4rnsj\u00f6 Garveri<\/a>. L\u00e4dret fr\u00e5n T\u00e4rnsj\u00f6 erbjuder en lyxig k\u00e4nsla och enast\u00e5ende h\u00e5llbarhet. Med en elegant bredd p\u00e5 35 mm, ett stilrent sp\u00e4nne i massivt rostfritt st\u00e5l och en matchande l\u00e4derh\u00e5llare \u00e4r det h\u00e4r kostymb\u00e4ltet perfekt f\u00f6r kostymbyxor eller uppkl\u00e4dda businesslooks. Det h\u00e4r skr\u00e4ddarsydda tillbeh\u00f6ret omdefinierar vad ett kostymb\u00e4lte f\u00f6r herr kan vara \u2013 och ger ett polerat intryck som utstr\u00e5lar kvalitet.<\/p>\n<p data-start=\"730\" data-end=\"850\">Varje Erik l\u00e4derb\u00e4lte svart m\u00e5ttanpassas efter din exakta midja. Dessutom ing\u00e5r v\u00e5r <a href=\"https:\/\/www.palsjo.com\/se\/livstidsgaranti\/\">livstidsgaranti<\/a> \u2013 utan undantag.<\/p>\n<h2 data-start=\"857\" data-end=\"895\"><strong data-start=\"857\" data-end=\"895\">Erik l\u00e4derb\u00e4lte svart \u2013 Egenskaper<\/strong><\/h2>\n<ul data-start=\"897\" data-end=\"1316\" data-is-last-node=\"\" data-is-only-node=\"\">\n<li data-start=\"897\" data-end=\"1010\">\n<p data-start=\"899\" data-end=\"1010\">Exklusivt svart full grain vegetabilgarvat l\u00e4der, etiskt framtaget i Sverige fr\u00e5n T\u00e4rnsj\u00f6 Garveri (10\u201311 oz).<\/p>\n<\/li>\n<li data-start=\"1011\" data-end=\"1083\">\n<p data-start=\"1013\" data-end=\"1083\">Elegant 35 mm b\u00e4ltesbredd, perfekt f\u00f6r dressbyxor och formellt bruk.<\/p>\n<\/li>\n<li data-start=\"1084\" data-end=\"1175\">\n<p data-start=\"1086\" data-end=\"1175\">F\u00f6rsett med ett stilrent sp\u00e4nne i massivt rostfritt st\u00e5l och en matchande l\u00e4derh\u00e5llare.<\/p>\n<\/li>\n<li data-start=\"1176\" data-end=\"1248\">\n<p data-start=\"1178\" data-end=\"1248\">Kanterna \u00e4r polerade och l\u00e4tt vaxade f\u00f6r en raffinerad, mjuk finish.<\/p>\n<\/li>\n<li data-start=\"1249\" data-end=\"1316\" data-is-last-node=\"\">\n<p data-start=\"1251\" data-end=\"1316\" data-is-last-node=\"\">Anpassas f\u00f6r hand till din exakta midjem\u00e5tt f\u00f6r perfekt passform.<\/p>\n<\/li>\n<\/ul>\n<h2>Hur du m\u00e4ter din b\u00e4ltesstorlek korrekt<\/h2>\n<div class=\"video-container\"><iframe title=\"How to measure your Palsjo\u0308 Belt\" width=\"1170\" height=\"658\" src=\"https:\/\/www.youtube.com\/embed\/gVP_R-Qk4P0?feature=oembed&#038;enablejsapi=1&#038;origin=https:\/\/www.palsjo.com\" frameborder=\"0\" allow=\"accelerometer; autoplay; clipboard-write; encrypted-media; gyroscope; picture-in-picture; web-share\" referrerpolicy=\"strict-origin-when-cross-origin\" allowfullscreen><\/iframe><\/div>\n<h3>Metod 1:<\/h3>\n<p>1. B\u00e4r dina favoritjeans<br \/>\n2. M\u00e4t fr\u00e5n den \u00f6versta knappen genom b\u00e4ltes\u00f6glorna till huvudknappen igen<br \/>\n3. Om du \u00e4r mellan storlekar, runda av till n\u00e4sta cm (t.ex. om din storlek \u00e4r 92,4 cm, best\u00e4ll 93 cm)<\/p>\n<p><img decoding=\"async\" class=\"alignnone size-full wp-image-687\" src=\"https:\/\/www.palsjo.com\/se\/wp-content\/uploads\/Belt-Measure-Method1.jpg\" alt=\"Harry brunt l\u00e4derb\u00e4lte med m\u00e4ssingssp\u00e4nne\" width=\"458\" \/><\/p>\n<h3>Metod 2:<\/h3>\n<p>1. M\u00e4t ditt befintliga b\u00e4lte fr\u00e5n spetsen p\u00e5 sp\u00e4nnet till det mest anv\u00e4nda h\u00e5let. R\u00e4ta ut b\u00e4ltet medan du m\u00e4ter.<br \/>\n2. Om du \u00e4r mellan storlekarna, runda av till n\u00e4sta cm (t.ex. om din storlek \u00e4r 92,4 cm, best\u00e4ll 93 cm)<\/p>\n<p><img decoding=\"async\" class=\"alignnone size-full wp-image-687\" src=\"https:\/\/www.palsjo.com\/se\/wp-content\/uploads\/belt-measure.jpg\" alt=\"Harry brunt l\u00e4derb\u00e4lte med m\u00e4ssingssp\u00e4nne\" width=\"458\" \/><\/p>\n<p>&nbsp;<\/p>\n<p><strong>Obs<\/strong>: Vi vill att v\u00e5ra b\u00e4lten ska passa dig perfekt. D\u00e4rf\u00f6r erbjuder vi v\u00e5ra b\u00e4lten i steg om 1 cm. Varje b\u00e4lte byggs n\u00e4r vi f\u00e5r en best\u00e4llning och \u00e4r dimensionerat efter ditt exakta midjem\u00e5tt. D\u00e4rf\u00f6r kan v\u00e5ra b\u00e4lten inte returneras eller \u00e5terbetalas.<\/p>\n","protected":false},"excerpt":{"rendered":"<p><strong data-start=\"102\" data-end=\"127\">Erik l\u00e4derb\u00e4lte svart<\/strong>: Handgjort i Sverige av exklusivt l\u00e4der fr\u00e5n T\u00e4rnsj\u00f6 Garveri. M\u00e5ttanpassat f\u00f6r perfekt passform. Livstidsgaranti. Fri frakt.<\/p>\n","protected":false},"featured_media":8297,"comment_status":"open","ping_status":"closed","template":"","meta":[],"product_brand":[],"product_cat":[250,263],"product_tag":[266,60,48],"class_list":{"0":"post-8429","1":"product","2":"type-product","3":"status-publish","4":"has-post-thumbnail","6":"product_cat-kostymbalten-for-herr","7":"product_cat-balten-for-herr","8":"product_tag-balten-for-herr-med-spanne-i-rostfritt-stal","9":"product_tag-smala-laderbalten-for-herr","10":"product_tag-svarta-laderbalten-for-herr","12":"first","13":"instock","14":"taxable","15":"shipping-taxable","16":"purchasable","17":"product-type-variable"},"_links":{"self":[{"href":"https:\/\/www.palsjo.com\/se\/wp-json\/wp\/v2\/product\/8429","targetHints":{"allow":["GET"]}}],"collection":[{"href":"https:\/\/www.palsjo.com\/se\/wp-json\/wp\/v2\/product"}],"about":[{"href":"https:\/\/www.palsjo.com\/se\/wp-json\/wp\/v2\/types\/product"}],"replies":[{"embeddable":true,"href":"https:\/\/www.palsjo.com\/se\/wp-json\/wp\/v2\/comments?post=8429"}],"wp:featuredmedia":[{"embeddable":true,"href":"https:\/\/www.palsjo.com\/se\/wp-json\/wp\/v2\/media\/8297"}],"wp:attachment":[{"href":"https:\/\/www.palsjo.com\/se\/wp-json\/wp\/v2\/media?parent=8429"}],"wp:term":[{"taxonomy":"product_brand","embeddable":true,"href":"https:\/\/www.palsjo.com\/se\/wp-json\/wp\/v2\/product_brand?post=8429"},{"taxonomy":"product_cat","embeddable":true,"href":"https:\/\/www.palsjo.com\/se\/wp-json\/wp\/v2\/product_cat?post=8429"},{"taxonomy":"product_tag","embeddable":true,"href":"https:\/\/www.palsjo.com\/se\/wp-json\/wp\/v2\/product_tag?post=8429"}],"curies":[{"name":"wp","href":"https:\/\/api.w.org\/{rel}","templated":true}]}}