{"id":8427,"date":"2025-08-06T18:11:21","date_gmt":"2025-08-06T16:11:21","guid":{"rendered":"https:\/\/www.palsjo.com\/se\/?post_type=product&#038;p=8427"},"modified":"2025-11-10T10:11:42","modified_gmt":"2025-11-10T09:11:42","slug":"erik-laderbalte-morkbrun","status":"publish","type":"product","link":"https:\/\/www.palsjo.com\/se\/produkt\/erik-laderbalte-morkbrun\/","title":{"rendered":"Erik l\u00e4derb\u00e4lte m\u00f6rkbrun"},"content":{"rendered":"<h2 data-start=\"106\" data-end=\"716\"><strong data-start=\"106\" data-end=\"190\">Introducera det sofistikerade Erik l\u00e4derb\u00e4lte m\u00f6rkbrun i din v\u00e4lkl\u00e4dda garderob.<\/strong><\/h2>\n<p data-start=\"106\" data-end=\"716\">Detta uts\u00f6kta b\u00e4lte \u00e4r hantverksm\u00e4ssigt tillverkat i Sverige av m\u00f6rkbrunt 4 mm (10\u201311 oz) exklusivt full grain vegetabilgarvat l\u00e4der fr\u00e5n det anrika <a href=\"https:\/\/tarnsjogarveri.com\/sv\/lader\/\" target=\"_blank\" rel=\"noopener\">T\u00e4rnsj\u00f6 Garveri<\/a>. Den djupa nyansen f\u00e5r med tiden en vacker patina och ett unikt uttryck. Det minimalistiska sp\u00e4nnet i massivt rostfritt st\u00e5l tillsammans med den integrerade l\u00e4derh\u00e5llaren ger ett rent och modernt intryck. Med sin eleganta bredd p\u00e5 35 mm glider b\u00e4ltet smidigt genom h\u00e4llorna och fungerar perfekt som ett m\u00e5ngsidigt herrb\u00e4lte f\u00f6r b\u00e5de kostym och business casual.<\/p>\n<p data-start=\"718\" data-end=\"826\">Varje Erik l\u00e4derb\u00e4lte m\u00f6rkbrun m\u00e5ttanpassas efter din exakta midja \u2013 och som alltid med v\u00e5r <a href=\"https:\/\/www.palsjo.com\/se\/livstidsgaranti\/\">livstidsgaranti<\/a>.<\/p>\n<h2 data-start=\"833\" data-end=\"872\"><strong data-start=\"833\" data-end=\"872\">Erik l\u00e4derb\u00e4lte m\u00f6rkbrun \u2013 Detaljer<\/strong><\/h2>\n<ul>\n<li data-start=\"876\" data-end=\"991\">Exklusivt m\u00f6rkbrunt full grain vegetabilgarvat l\u00e4der fr\u00e5n T\u00e4rnsj\u00f6 Garveri (10\u201311 oz), etiskt framtaget i Sverige.<\/li>\n<li data-start=\"994\" data-end=\"1071\">Elegant b\u00e4ltesbredd p\u00e5 35 mm \u2013 perfekt f\u00f6r kostymbyxor och formell kl\u00e4dsel.<\/li>\n<li data-start=\"1074\" data-end=\"1144\">Stilrent sp\u00e4nne i massivt rostfritt st\u00e5l med matchande l\u00e4derh\u00e5llare.<\/li>\n<li data-start=\"1147\" data-end=\"1226\">Kanter som \u00e4r noggrant rundade och handvaxade f\u00f6r en sl\u00e4t och h\u00e5llbar finish.<\/li>\n<li data-start=\"1229\" data-end=\"1288\">M\u00e5ttanpassat efter din exakta midja f\u00f6r optimal passform.<\/li>\n<li data-start=\"1291\" data-end=\"1343\">Handgjort i Sverige med traditionellt l\u00e4derhantverk.<\/li>\n<\/ul>\n<h2>Hur du m\u00e4ter din b\u00e4ltesstorlek korrekt<\/h2>\n<div class=\"video-container\"><iframe title=\"How to measure your Palsjo\u0308 Belt\" width=\"1170\" height=\"658\" src=\"https:\/\/www.youtube.com\/embed\/gVP_R-Qk4P0?feature=oembed&#038;enablejsapi=1&#038;origin=https:\/\/www.palsjo.com\" frameborder=\"0\" allow=\"accelerometer; autoplay; clipboard-write; encrypted-media; gyroscope; picture-in-picture; web-share\" referrerpolicy=\"strict-origin-when-cross-origin\" allowfullscreen><\/iframe><\/div>\n<h3>Metod 1:<\/h3>\n<p>1. B\u00e4r dina favoritjeans<br \/>\n2. M\u00e4t fr\u00e5n den \u00f6versta knappen genom b\u00e4ltes\u00f6glorna till huvudknappen igen<br \/>\n3. Om du \u00e4r mellan storlekar, runda av till n\u00e4sta cm (t.ex. om din storlek \u00e4r 92,4 cm, best\u00e4ll 93 cm)<\/p>\n<p><img decoding=\"async\" class=\"alignnone size-full wp-image-687\" src=\"https:\/\/www.palsjo.com\/se\/wp-content\/uploads\/Belt-Measure-Method1.jpg\" alt=\"Harry brunt l\u00e4derb\u00e4lte med m\u00e4ssingssp\u00e4nne\" width=\"458\" \/><\/p>\n<h3>Metod 2:<\/h3>\n<p>1. M\u00e4t ditt befintliga b\u00e4lte fr\u00e5n spetsen p\u00e5 sp\u00e4nnet till det mest anv\u00e4nda h\u00e5let. R\u00e4ta ut b\u00e4ltet medan du m\u00e4ter.<br \/>\n2. Om du \u00e4r mellan storlekarna, runda av till n\u00e4sta cm (t.ex. om din storlek \u00e4r 92,4 cm, best\u00e4ll 93 cm)<\/p>\n<p><img decoding=\"async\" class=\"alignnone size-full wp-image-687\" src=\"https:\/\/www.palsjo.com\/se\/wp-content\/uploads\/belt-measure.jpg\" alt=\"Harry brunt l\u00e4derb\u00e4lte med m\u00e4ssingssp\u00e4nne\" width=\"458\" \/><\/p>\n<p>&nbsp;<\/p>\n<p><strong>Obs<\/strong>: Vi vill att v\u00e5ra b\u00e4lten ska passa dig perfekt. D\u00e4rf\u00f6r erbjuder vi v\u00e5ra b\u00e4lten i steg om 1 cm. Varje b\u00e4lte byggs n\u00e4r vi f\u00e5r en best\u00e4llning och \u00e4r dimensionerat efter ditt exakta midjem\u00e5tt. D\u00e4rf\u00f6r kan v\u00e5ra b\u00e4lten inte returneras eller \u00e5terbetalas.<\/p>\n","protected":false},"excerpt":{"rendered":"<p><strong data-start=\"0\" data-end=\"28\" data-is-only-node=\"\">Erik l\u00e4derb\u00e4lte m\u00f6rkbrun<\/strong> \u2013 Handgjort i Sverige av svenskt full grain-l\u00e4der fr\u00e5n T\u00e4rnsj\u00f6 Garveri. 35 mm brett. M\u00e5ttanpassat. Livstidsgaranti. Fri frakt.<\/p>\n","protected":false},"featured_media":8299,"comment_status":"open","ping_status":"closed","template":"","meta":[],"product_brand":[],"product_cat":[250,263],"product_tag":[266,54,60],"class_list":{"0":"post-8427","1":"product","2":"type-product","3":"status-publish","4":"has-post-thumbnail","6":"product_cat-kostymbalten-for-herr","7":"product_cat-balten-for-herr","8":"product_tag-balten-for-herr-med-spanne-i-rostfritt-stal","9":"product_tag-morkbruna-laderbalten-for-herr","10":"product_tag-smala-laderbalten-for-herr","12":"first","13":"instock","14":"taxable","15":"shipping-taxable","16":"purchasable","17":"product-type-variable"},"_links":{"self":[{"href":"https:\/\/www.palsjo.com\/se\/wp-json\/wp\/v2\/product\/8427","targetHints":{"allow":["GET"]}}],"collection":[{"href":"https:\/\/www.palsjo.com\/se\/wp-json\/wp\/v2\/product"}],"about":[{"href":"https:\/\/www.palsjo.com\/se\/wp-json\/wp\/v2\/types\/product"}],"replies":[{"embeddable":true,"href":"https:\/\/www.palsjo.com\/se\/wp-json\/wp\/v2\/comments?post=8427"}],"wp:featuredmedia":[{"embeddable":true,"href":"https:\/\/www.palsjo.com\/se\/wp-json\/wp\/v2\/media\/8299"}],"wp:attachment":[{"href":"https:\/\/www.palsjo.com\/se\/wp-json\/wp\/v2\/media?parent=8427"}],"wp:term":[{"taxonomy":"product_brand","embeddable":true,"href":"https:\/\/www.palsjo.com\/se\/wp-json\/wp\/v2\/product_brand?post=8427"},{"taxonomy":"product_cat","embeddable":true,"href":"https:\/\/www.palsjo.com\/se\/wp-json\/wp\/v2\/product_cat?post=8427"},{"taxonomy":"product_tag","embeddable":true,"href":"https:\/\/www.palsjo.com\/se\/wp-json\/wp\/v2\/product_tag?post=8427"}],"curies":[{"name":"wp","href":"https:\/\/api.w.org\/{rel}","templated":true}]}}