{"id":8425,"date":"2025-08-06T18:02:44","date_gmt":"2025-08-06T16:02:44","guid":{"rendered":"https:\/\/www.palsjo.com\/se\/?post_type=product&#038;p=8425"},"modified":"2025-11-16T19:09:57","modified_gmt":"2025-11-16T18:09:57","slug":"erik-laderbalte-brun","status":"publish","type":"product","link":"https:\/\/www.palsjo.com\/se\/produkt\/erik-laderbalte-brun\/","title":{"rendered":"Erik l\u00e4derb\u00e4lte brun"},"content":{"rendered":"<h2 data-start=\"149\" data-end=\"734\">Erik l\u00e4derb\u00e4lte brun \u2013 diskret elegans f\u00f6r formella stilar<\/h2>\n<p data-start=\"149\" data-end=\"734\">B\u00e4ltet \u00e4r hantverksm\u00e4ssigt tillverkat i Sverige av vackert brunt 4 mm (10\u201311 oz) exklusivt full grain vegetabilgarvat l\u00e4der fr\u00e5n anrika <a href=\"https:\/\/tarnsjogarveri.com\" target=\"_blank\" rel=\"noopener\">T\u00e4rnsj\u00f6 Garveri<\/a>. Det m\u00e5ngsidiga bruna l\u00e4dret matchas perfekt med ett samtida sp\u00e4nne i massivt rostfritt st\u00e5l och en tillh\u00f6rande l\u00e4derh\u00e5llare, vilket ger ett elegant och v\u00e4lkl\u00e4tt uttryck. Erik l\u00e4derb\u00e4lte brun har en stilren bredd p\u00e5 35 mm, glider enkelt genom h\u00e4llorna och fungerar utm\u00e4rkt som ett m\u00e5ngsidigt herrb\u00e4lte f\u00f6r b\u00e5de kostym och mer avslappnade looks.<\/p>\n<p data-start=\"736\" data-end=\"835\">Varje Erik l\u00e4derb\u00e4lte brun m\u00e5ttanpassas f\u00f6r din exakta midja och levereras med v\u00e5r <a href=\"https:\/\/www.palsjo.com\/se\/livstidsgaranti\/\">livstidsgarant<\/a>.<\/p>\n<h2 data-start=\"842\" data-end=\"877\"><strong data-start=\"842\" data-end=\"877\">Erik l\u00e4derb\u00e4lte brun \u2013 Detaljer<\/strong><\/h2>\n<ul>\n<li data-start=\"881\" data-end=\"995\">Exklusivt brunt full grain vegetabilgarvat l\u00e4der, handgjort i Sverige med l\u00e4der fr\u00e5n T\u00e4rnsj\u00f6 Garveri (10\u201311 oz).<\/li>\n<li data-start=\"998\" data-end=\"1077\">Elegant b\u00e4ltesbredd p\u00e5 35 mm (1,38\u2033) \u2013 perfekt f\u00f6r en ren, skr\u00e4ddarsydd look.<\/li>\n<li data-start=\"1080\" data-end=\"1141\">Sp\u00e4nne i massivt rostfritt st\u00e5l med matchande l\u00e4derh\u00e5llare.<\/li>\n<li data-start=\"1144\" data-end=\"1220\">Noga polerade kanter, l\u00e4tt vaxade f\u00f6r hand f\u00f6r \u00f6kad h\u00e5llbarhet och k\u00e4nsla.<\/li>\n<li data-start=\"1223\" data-end=\"1282\">M\u00e5ttanpassat efter din exakta midja f\u00f6r perfekt passform.<\/li>\n<li data-start=\"1285\" data-end=\"1346\">Handgjort i Sverige med traditionella l\u00e4derhantverkstekniker.<\/li>\n<\/ul>\n<h2>Hur du m\u00e4ter din b\u00e4ltesstorlek korrekt<\/h2>\n<div class=\"video-container\"><iframe title=\"How to measure your Palsjo\u0308 Belt\" width=\"1170\" height=\"658\" src=\"https:\/\/www.youtube.com\/embed\/gVP_R-Qk4P0?feature=oembed&#038;enablejsapi=1&#038;origin=https:\/\/www.palsjo.com\" frameborder=\"0\" allow=\"accelerometer; autoplay; clipboard-write; encrypted-media; gyroscope; picture-in-picture; web-share\" referrerpolicy=\"strict-origin-when-cross-origin\" allowfullscreen><\/iframe><\/div>\n<h3>Metod 1:<\/h3>\n<p>1. B\u00e4r dina favoritjeans<br \/>\n2. M\u00e4t fr\u00e5n den \u00f6versta knappen genom b\u00e4ltes\u00f6glorna till huvudknappen igen<br \/>\n3. Om du \u00e4r mellan storlekar, runda av till n\u00e4sta cm (t.ex. om din storlek \u00e4r 92,4 cm, best\u00e4ll 93 cm)<\/p>\n<p><img decoding=\"async\" class=\"alignnone size-full wp-image-687\" src=\"https:\/\/www.palsjo.com\/se\/wp-content\/uploads\/Belt-Measure-Method1.jpg\" alt=\"Harry brunt l\u00e4derb\u00e4lte med m\u00e4ssingssp\u00e4nne\" width=\"458\" \/><\/p>\n<h3>Metod 2:<\/h3>\n<p>1. M\u00e4t ditt befintliga b\u00e4lte fr\u00e5n spetsen p\u00e5 sp\u00e4nnet till det mest anv\u00e4nda h\u00e5let. R\u00e4ta ut b\u00e4ltet medan du m\u00e4ter.<br \/>\n2. Om du \u00e4r mellan storlekarna, runda av till n\u00e4sta cm (t.ex. om din storlek \u00e4r 92,4 cm, best\u00e4ll 93 cm)<\/p>\n<p><img decoding=\"async\" class=\"alignnone size-full wp-image-687\" src=\"https:\/\/www.palsjo.com\/se\/wp-content\/uploads\/belt-measure.jpg\" alt=\"Harry brunt l\u00e4derb\u00e4lte med m\u00e4ssingssp\u00e4nne\" width=\"458\" \/><\/p>\n<p>&nbsp;<\/p>\n<p><strong>Obs<\/strong>: Vi vill att v\u00e5ra b\u00e4lten ska passa dig perfekt. D\u00e4rf\u00f6r erbjuder vi v\u00e5ra b\u00e4lten i steg om 1 cm. Varje b\u00e4lte byggs n\u00e4r vi f\u00e5r en best\u00e4llning och \u00e4r dimensionerat efter ditt exakta midjem\u00e5tt. D\u00e4rf\u00f6r kan v\u00e5ra b\u00e4lten inte returneras eller \u00e5terbetalas.<\/p>\n","protected":false},"excerpt":{"rendered":"<p><strong data-start=\"89\" data-end=\"113\">Erik l\u00e4derb\u00e4lte brun<\/strong>: Hantverksm\u00e4ssigt tillverkat i Sverige. Tillverkat av exklusivt l\u00e4der fr\u00e5n T\u00e4rnsj\u00f6 Garveri. M\u00e5ttanpassat. Livstidsgaranti. Fri frakt.<\/p>\n","protected":false},"featured_media":8295,"comment_status":"open","ping_status":"closed","template":"","meta":[],"product_brand":[],"product_cat":[250,263],"product_tag":[266,53,60],"class_list":{"0":"post-8425","1":"product","2":"type-product","3":"status-publish","4":"has-post-thumbnail","6":"product_cat-kostymbalten-for-herr","7":"product_cat-balten-for-herr","8":"product_tag-balten-for-herr-med-spanne-i-rostfritt-stal","9":"product_tag-bruna-laderbalten-for-herr","10":"product_tag-smala-laderbalten-for-herr","12":"first","13":"instock","14":"taxable","15":"shipping-taxable","16":"purchasable","17":"product-type-variable"},"_links":{"self":[{"href":"https:\/\/www.palsjo.com\/se\/wp-json\/wp\/v2\/product\/8425","targetHints":{"allow":["GET"]}}],"collection":[{"href":"https:\/\/www.palsjo.com\/se\/wp-json\/wp\/v2\/product"}],"about":[{"href":"https:\/\/www.palsjo.com\/se\/wp-json\/wp\/v2\/types\/product"}],"replies":[{"embeddable":true,"href":"https:\/\/www.palsjo.com\/se\/wp-json\/wp\/v2\/comments?post=8425"}],"wp:featuredmedia":[{"embeddable":true,"href":"https:\/\/www.palsjo.com\/se\/wp-json\/wp\/v2\/media\/8295"}],"wp:attachment":[{"href":"https:\/\/www.palsjo.com\/se\/wp-json\/wp\/v2\/media?parent=8425"}],"wp:term":[{"taxonomy":"product_brand","embeddable":true,"href":"https:\/\/www.palsjo.com\/se\/wp-json\/wp\/v2\/product_brand?post=8425"},{"taxonomy":"product_cat","embeddable":true,"href":"https:\/\/www.palsjo.com\/se\/wp-json\/wp\/v2\/product_cat?post=8425"},{"taxonomy":"product_tag","embeddable":true,"href":"https:\/\/www.palsjo.com\/se\/wp-json\/wp\/v2\/product_tag?post=8425"}],"curies":[{"name":"wp","href":"https:\/\/api.w.org\/{rel}","templated":true}]}}