{"id":8423,"date":"2025-08-06T17:57:40","date_gmt":"2025-08-06T15:57:40","guid":{"rendered":"https:\/\/www.palsjo.com\/se\/?post_type=product&#038;p=8423"},"modified":"2025-11-10T10:12:39","modified_gmt":"2025-11-10T09:12:39","slug":"erik-laderbalte-natur","status":"publish","type":"product","link":"https:\/\/www.palsjo.com\/se\/produkt\/erik-laderbalte-natur\/","title":{"rendered":"Erik l\u00e4derb\u00e4lte natur"},"content":{"rendered":"<h2 data-start=\"152\" data-end=\"231\"><strong data-start=\"152\" data-end=\"231\">Erik l\u00e4derb\u00e4lte natur \u2013 Ett personligt tillskott till din formella garderob<\/strong><\/h2>\n<p data-start=\"233\" data-end=\"596\">Ge din formella stil en unik och personlig pr\u00e4gel med Erik l\u00e4derb\u00e4lte natur. B\u00e4ltet \u00e4r varsamt handgjort i Sverige av 4 mm (10\u201311 oz) tjockt naturligt full grain vegetabiliskt garvat l\u00e4der fr\u00e5n <a href=\"https:\/\/tarnsjogarveri.com\/sv\/lader\/\" target=\"_blank\" rel=\"noopener\">T\u00e4rnsj\u00f6 Garveri<\/a> \u2013 helt obehandlat och utan f\u00e4rg\u00e4mnen. Detta g\u00f6r att l\u00e4dret med tiden utvecklar en vacker och personlig patina som ber\u00e4ttar din historia p\u00e5 ett \u00e4kta s\u00e4tt.<\/p>\n<p data-start=\"598\" data-end=\"801\">Med ett modernt sp\u00e4nne i massivt rostfritt st\u00e5l och en stilren l\u00e4derh\u00e5llare, \u00e4r detta 35 mm breda b\u00e4lte ett sofistikerat val f\u00f6r dig som s\u00f6ker ett smalare, mer minimalistiskt herrb\u00e4lte i klassisk design.<\/p>\n<p data-start=\"803\" data-end=\"955\">Varje Erik l\u00e4derb\u00e4lte natur m\u00e5ttanpassas exakt efter din midja f\u00f6r perfekt passform \u2013 och precis som alla v\u00e5ra b\u00e4lten levereras det med <a href=\"https:\/\/www.palsjo.com\/se\/livstidsgaranti\/\">livstidsgaranti<\/a>.<\/p>\n<h2 data-start=\"962\" data-end=\"998\"><strong data-start=\"962\" data-end=\"998\">Erik l\u00e4derb\u00e4lte natur \u2013 Detaljer<\/strong><\/h2>\n<ul>\n<li data-start=\"1002\" data-end=\"1095\">Full grain vegetabiliskt garvat l\u00e4der fr\u00e5n T\u00e4rnsj\u00f6 Garveri (10\u201311 oz), handgjort i Sverige.<\/li>\n<li data-start=\"1098\" data-end=\"1145\">35 mm bredd f\u00f6r en stilren och v\u00e4lkl\u00e4dd look.<\/li>\n<li data-start=\"1148\" data-end=\"1217\">Modernt sp\u00e4nne i massivt rostfritt st\u00e5l med matchande l\u00e4derh\u00e5llare.<\/li>\n<li data-start=\"1220\" data-end=\"1287\">Handbr\u00e4nda och l\u00e4tt vaxade kanter f\u00f6r \u00f6kad h\u00e5llbarhet och k\u00e4nsla.<\/li>\n<li data-start=\"1290\" data-end=\"1349\">M\u00e5ttanpassat efter din exakta midja f\u00f6r optimal passform.<\/li>\n<li data-start=\"1352\" data-end=\"1409\">Helt handgjort i Sverige med traditionellt l\u00e4derhantverk.<\/li>\n<\/ul>\n<h2>Hur du m\u00e4ter din b\u00e4ltesstorlek korrekt<\/h2>\n<div class=\"video-container\"><iframe title=\"How to measure your Palsjo\u0308 Belt\" width=\"1170\" height=\"658\" src=\"https:\/\/www.youtube.com\/embed\/gVP_R-Qk4P0?feature=oembed&#038;enablejsapi=1&#038;origin=https:\/\/www.palsjo.com\" frameborder=\"0\" allow=\"accelerometer; autoplay; clipboard-write; encrypted-media; gyroscope; picture-in-picture; web-share\" referrerpolicy=\"strict-origin-when-cross-origin\" allowfullscreen><\/iframe><\/div>\n<h3>Metod 1:<\/h3>\n<p>1. B\u00e4r dina favoritjeans<br \/>\n2. M\u00e4t fr\u00e5n den \u00f6versta knappen genom b\u00e4ltes\u00f6glorna till huvudknappen igen<br \/>\n3. Om du \u00e4r mellan storlekar, runda av till n\u00e4sta cm (t.ex. om din storlek \u00e4r 92,4 cm, best\u00e4ll 93 cm)<\/p>\n<p><img decoding=\"async\" class=\"alignnone size-full wp-image-687\" src=\"https:\/\/www.palsjo.com\/se\/wp-content\/uploads\/Belt-Measure-Method1.jpg\" alt=\"Harry brunt l\u00e4derb\u00e4lte med m\u00e4ssingssp\u00e4nne\" width=\"458\" \/><\/p>\n<h3>Metod 2:<\/h3>\n<p>1. M\u00e4t ditt befintliga b\u00e4lte fr\u00e5n spetsen p\u00e5 sp\u00e4nnet till det mest anv\u00e4nda h\u00e5let. R\u00e4ta ut b\u00e4ltet medan du m\u00e4ter.<br \/>\n2. Om du \u00e4r mellan storlekarna, runda av till n\u00e4sta cm (t.ex. om din storlek \u00e4r 92,4 cm, best\u00e4ll 93 cm)<\/p>\n<p><img decoding=\"async\" class=\"alignnone size-full wp-image-687\" src=\"https:\/\/www.palsjo.com\/se\/wp-content\/uploads\/belt-measure.jpg\" alt=\"Harry brunt l\u00e4derb\u00e4lte med m\u00e4ssingssp\u00e4nne\" width=\"458\" \/><\/p>\n<p>&nbsp;<\/p>\n<p><strong>Obs<\/strong>: Vi vill att v\u00e5ra b\u00e4lten ska passa dig perfekt. D\u00e4rf\u00f6r erbjuder vi v\u00e5ra b\u00e4lten i steg om 1 cm. Varje b\u00e4lte byggs n\u00e4r vi f\u00e5r en best\u00e4llning och \u00e4r dimensionerat efter ditt exakta midjem\u00e5tt. D\u00e4rf\u00f6r kan v\u00e5ra b\u00e4lten inte returneras eller \u00e5terbetalas.<\/p>\n","protected":false},"excerpt":{"rendered":"<p><strong data-start=\"110\" data-end=\"158\">Erik l\u00e4derb\u00e4lte natur <\/strong>\u2013 Handgjort i Sverige. 35 mm brett b\u00e4lte i vegetabiliskt garvat svenskt l\u00e4der. M\u00e5ttanpassat f\u00f6r perfekt passform. Livstidsgaranti. Fri frakt.<\/p>\n","protected":false},"featured_media":8298,"comment_status":"open","ping_status":"closed","template":"","meta":[],"product_brand":[],"product_cat":[250,263],"product_tag":[266,55,60],"class_list":{"0":"post-8423","1":"product","2":"type-product","3":"status-publish","4":"has-post-thumbnail","6":"product_cat-kostymbalten-for-herr","7":"product_cat-balten-for-herr","8":"product_tag-balten-for-herr-med-spanne-i-rostfritt-stal","9":"product_tag-naturfargade-laderbalten-for-herr","10":"product_tag-smala-laderbalten-for-herr","12":"first","13":"instock","14":"taxable","15":"shipping-taxable","16":"purchasable","17":"product-type-variable"},"_links":{"self":[{"href":"https:\/\/www.palsjo.com\/se\/wp-json\/wp\/v2\/product\/8423","targetHints":{"allow":["GET"]}}],"collection":[{"href":"https:\/\/www.palsjo.com\/se\/wp-json\/wp\/v2\/product"}],"about":[{"href":"https:\/\/www.palsjo.com\/se\/wp-json\/wp\/v2\/types\/product"}],"replies":[{"embeddable":true,"href":"https:\/\/www.palsjo.com\/se\/wp-json\/wp\/v2\/comments?post=8423"}],"wp:featuredmedia":[{"embeddable":true,"href":"https:\/\/www.palsjo.com\/se\/wp-json\/wp\/v2\/media\/8298"}],"wp:attachment":[{"href":"https:\/\/www.palsjo.com\/se\/wp-json\/wp\/v2\/media?parent=8423"}],"wp:term":[{"taxonomy":"product_brand","embeddable":true,"href":"https:\/\/www.palsjo.com\/se\/wp-json\/wp\/v2\/product_brand?post=8423"},{"taxonomy":"product_cat","embeddable":true,"href":"https:\/\/www.palsjo.com\/se\/wp-json\/wp\/v2\/product_cat?post=8423"},{"taxonomy":"product_tag","embeddable":true,"href":"https:\/\/www.palsjo.com\/se\/wp-json\/wp\/v2\/product_tag?post=8423"}],"curies":[{"name":"wp","href":"https:\/\/api.w.org\/{rel}","templated":true}]}}