{"id":8421,"date":"2025-08-06T17:46:43","date_gmt":"2025-08-06T15:46:43","guid":{"rendered":"https:\/\/www.palsjo.com\/se\/?post_type=product&#038;p=8421"},"modified":"2025-11-10T10:15:05","modified_gmt":"2025-11-10T09:15:05","slug":"axel-laderbalte-natur","status":"publish","type":"product","link":"https:\/\/www.palsjo.com\/se\/produkt\/axel-laderbalte-natur\/","title":{"rendered":"Axel l\u00e4derb\u00e4lte natur"},"content":{"rendered":"<h2 data-start=\"181\" data-end=\"254\">Axel l\u00e4derb\u00e4lte natur \u2013 ett personligt inslag i din formella garderob<\/h2>\n<p data-start=\"256\" data-end=\"626\">Ge din kl\u00e4dsel en unik och personlig touch med Axel l\u00e4derb\u00e4lte natur. M\u00e4sterligt tillverkat f\u00f6r hand i Sverige med naturf\u00e4rgat 4 mm (10\u201311 oz) full grain vegetabiliskt garvat l\u00e4der fr\u00e5n <a href=\"https:\/\/tarnsjogarveri.com\/sv\/lader\/\" target=\"_blank\" rel=\"noopener\">T\u00e4rnsj\u00f6 Garveri<\/a>. L\u00e4dret \u00e4r helt obehandlat utan f\u00e4rg\u00e4mnen och kommer med tiden att utveckla en fantastisk och djupt personlig patina \u2013 ett b\u00e4lte som ber\u00e4ttar din egen historia.<\/p>\n<p data-start=\"628\" data-end=\"957\">Det b\u00f6jda och rundade sp\u00e4nnet i massivt rostfritt st\u00e5l tillsammans med den stilrena l\u00e4derh\u00e5llaren ger b\u00e4ltet ett minimalistiskt uttryck med en mjukare estetik. Med en bredd p\u00e5 35 mm \u00e4r det ett perfekt herrb\u00e4lte f\u00f6r dressade och formella outfits. Axel naturf\u00e4rgat b\u00e4lte \u00e4r en verkligt distinkt del av v\u00e5r kollektion av herrb\u00e4lten.<\/p>\n<p data-start=\"959\" data-end=\"1088\">Varje Axel b\u00e4lte m\u00e5ttanpassas efter din midja f\u00f6r att garantera perfekt passform och l\u00e5ngvarig stil \u2013 alltid med <a href=\"https:\/\/www.palsjo.com\/se\/livstidsgaranti\/\">livstidsgaranti<\/a>.<\/p>\n<h2 data-start=\"1095\" data-end=\"1133\">Axel l\u00e4derb\u00e4lte natur \u2013 Egenskaper<\/h2>\n<ul>\n<li data-start=\"1137\" data-end=\"1257\">Naturf\u00e4rgat full grain vegetabiliskt garvat l\u00e4der (10\u201311 oz) fr\u00e5n T\u00e4rnsj\u00f6 Garveri \u2013 utvecklar en unik patina \u00f6ver tid.<\/li>\n<li data-start=\"1260\" data-end=\"1341\">Elegant b\u00e4ltesbredd p\u00e5 35 mm (1.38\u2033) \u2013 perfekt f\u00f6r en dressad och stilren look.<\/li>\n<li data-start=\"1344\" data-end=\"1419\">B\u00f6jt och rundat sp\u00e4nne i massivt rostfritt st\u00e5l med diskret l\u00e4derh\u00e5llare.<\/li>\n<li data-start=\"1422\" data-end=\"1507\">Noggrant tillverkat f\u00f6r hand i Sverige enligt traditionella l\u00e4derhantverkstekniker.<\/li>\n<li data-start=\"1510\" data-end=\"1595\">Kanter f\u00f6rseglade och l\u00e4tt vaxade f\u00f6r hand \u2013 f\u00f6r h\u00e5llbarhet och en naturlig k\u00e4nsla.<\/li>\n<li data-start=\"1598\" data-end=\"1668\">M\u00e5ttanpassat exakt efter din midja f\u00f6r optimal komfort och passform.<\/li>\n<li data-start=\"1671\" data-end=\"1689\">Livstidsgaranti.<\/li>\n<\/ul>\n<h2>Hur du m\u00e4ter din b\u00e4ltesstorlek korrekt<\/h2>\n<div class=\"video-container\"><iframe title=\"How to measure your Palsjo\u0308 Belt\" width=\"1170\" height=\"658\" src=\"https:\/\/www.youtube.com\/embed\/gVP_R-Qk4P0?feature=oembed&#038;enablejsapi=1&#038;origin=https:\/\/www.palsjo.com\" frameborder=\"0\" allow=\"accelerometer; autoplay; clipboard-write; encrypted-media; gyroscope; picture-in-picture; web-share\" referrerpolicy=\"strict-origin-when-cross-origin\" allowfullscreen><\/iframe><\/div>\n<h3>Metod 1:<\/h3>\n<p>1. B\u00e4r dina favoritjeans<br \/>\n2. M\u00e4t fr\u00e5n den \u00f6versta knappen genom b\u00e4ltes\u00f6glorna till huvudknappen igen<br \/>\n3. Om du \u00e4r mellan storlekar, runda av till n\u00e4sta cm (t.ex. om din storlek \u00e4r 92,4 cm, best\u00e4ll 93 cm)<\/p>\n<p><img decoding=\"async\" class=\"alignnone size-full wp-image-687\" src=\"https:\/\/www.palsjo.com\/se\/wp-content\/uploads\/Belt-Measure-Method1.jpg\" alt=\"Harry brunt l\u00e4derb\u00e4lte med m\u00e4ssingssp\u00e4nne\" width=\"458\" \/><\/p>\n<h3>Metod 2:<\/h3>\n<p>1. M\u00e4t ditt befintliga b\u00e4lte fr\u00e5n spetsen p\u00e5 sp\u00e4nnet till det mest anv\u00e4nda h\u00e5let. R\u00e4ta ut b\u00e4ltet medan du m\u00e4ter.<br \/>\n2. Om du \u00e4r mellan storlekarna, runda av till n\u00e4sta cm (t.ex. om din storlek \u00e4r 92,4 cm, best\u00e4ll 93 cm)<\/p>\n<p><img decoding=\"async\" class=\"alignnone size-full wp-image-687\" src=\"https:\/\/www.palsjo.com\/se\/wp-content\/uploads\/belt-measure.jpg\" alt=\"Harry brunt l\u00e4derb\u00e4lte med m\u00e4ssingssp\u00e4nne\" width=\"458\" \/><\/p>\n<p>&nbsp;<\/p>\n<p><strong>Obs<\/strong>: Vi vill att v\u00e5ra b\u00e4lten ska passa dig perfekt. D\u00e4rf\u00f6r erbjuder vi v\u00e5ra b\u00e4lten i steg om 1 cm. Varje b\u00e4lte byggs n\u00e4r vi f\u00e5r en best\u00e4llning och \u00e4r dimensionerat efter ditt exakta midjem\u00e5tt. D\u00e4rf\u00f6r kan v\u00e5ra b\u00e4lten inte returneras eller \u00e5terbetalas.<\/p>\n","protected":false},"excerpt":{"rendered":"<p><strong data-start=\"135\" data-end=\"202\">Axel l\u00e4derb\u00e4lte natur &#8211; <\/strong>kostymb\u00e4lte tillverkat f\u00f6r hand i Sverige med l\u00e4der fr\u00e5n T\u00e4rnsj\u00f6 Garveri. M\u00e5ttanpassad passform. Fri frakt. Livstidsgaranti.<\/p>\n","protected":false},"featured_media":8294,"comment_status":"open","ping_status":"closed","template":"","meta":[],"product_brand":[],"product_cat":[250,263],"product_tag":[266,55,60],"class_list":{"0":"post-8421","1":"product","2":"type-product","3":"status-publish","4":"has-post-thumbnail","6":"product_cat-kostymbalten-for-herr","7":"product_cat-balten-for-herr","8":"product_tag-balten-for-herr-med-spanne-i-rostfritt-stal","9":"product_tag-naturfargade-laderbalten-for-herr","10":"product_tag-smala-laderbalten-for-herr","12":"first","13":"instock","14":"taxable","15":"shipping-taxable","16":"purchasable","17":"product-type-variable"},"_links":{"self":[{"href":"https:\/\/www.palsjo.com\/se\/wp-json\/wp\/v2\/product\/8421","targetHints":{"allow":["GET"]}}],"collection":[{"href":"https:\/\/www.palsjo.com\/se\/wp-json\/wp\/v2\/product"}],"about":[{"href":"https:\/\/www.palsjo.com\/se\/wp-json\/wp\/v2\/types\/product"}],"replies":[{"embeddable":true,"href":"https:\/\/www.palsjo.com\/se\/wp-json\/wp\/v2\/comments?post=8421"}],"wp:featuredmedia":[{"embeddable":true,"href":"https:\/\/www.palsjo.com\/se\/wp-json\/wp\/v2\/media\/8294"}],"wp:attachment":[{"href":"https:\/\/www.palsjo.com\/se\/wp-json\/wp\/v2\/media?parent=8421"}],"wp:term":[{"taxonomy":"product_brand","embeddable":true,"href":"https:\/\/www.palsjo.com\/se\/wp-json\/wp\/v2\/product_brand?post=8421"},{"taxonomy":"product_cat","embeddable":true,"href":"https:\/\/www.palsjo.com\/se\/wp-json\/wp\/v2\/product_cat?post=8421"},{"taxonomy":"product_tag","embeddable":true,"href":"https:\/\/www.palsjo.com\/se\/wp-json\/wp\/v2\/product_tag?post=8421"}],"curies":[{"name":"wp","href":"https:\/\/api.w.org\/{rel}","templated":true}]}}