{"id":8411,"date":"2025-08-06T14:43:32","date_gmt":"2025-08-06T12:43:32","guid":{"rendered":"https:\/\/www.palsjo.com\/se\/?post_type=product&#038;p=8411"},"modified":"2025-11-10T10:15:23","modified_gmt":"2025-11-10T09:15:23","slug":"axel-laderbalte-brun","status":"publish","type":"product","link":"https:\/\/www.palsjo.com\/se\/produkt\/axel-laderbalte-brun\/","title":{"rendered":"Axel l\u00e4derb\u00e4lte brun"},"content":{"rendered":"<h2 data-start=\"153\" data-end=\"229\"><strong data-start=\"153\" data-end=\"229\">Axel l\u00e4derb\u00e4lte brun f\u00f6r herr \u2013 en tidl\u00f6s accessoar med en mjuk elegans<\/strong><\/h2>\n<p data-start=\"231\" data-end=\"556\">Axel \u00e4r ett m\u00e5ttanpassat kostymb\u00e4lte f\u00f6r herr som tillf\u00f6r en diskret elegans till b\u00e5de formella och mer avslappnat uppkl\u00e4dda sammanhang. Det \u00e4r hantverksm\u00e4ssigt tillverkat i Sverige med ett 4 mm tjockt l\u00e4der (10\u201311 oz) av exklusivt full grain vegetabiliskt garvat l\u00e4der fr\u00e5n <a href=\"https:\/\/tarnsjogarveri.com\" target=\"_blank\" rel=\"noopener\">T\u00e4rnsj\u00f6 Garveri<\/a> \u2013 k\u00e4nt f\u00f6r sin kvalitet och naturliga k\u00e4nsla.<\/p>\n<p data-start=\"558\" data-end=\"777\">Det varma bruna l\u00e4dret matchas av ett massivt sp\u00e4nne i rostfritt st\u00e5l med b\u00f6jd, rundad form som skapar ett enhetligt och sofistikerat uttryck med en mjukare k\u00e4nsla. En matchande l\u00e4derslejf h\u00e5ller formen ren och stilren.<\/p>\n<p data-start=\"779\" data-end=\"999\">Med sin eleganta bredd p\u00e5 35 mm passar Axel l\u00e4derb\u00e4lte brun perfekt i b\u00e4ltes\u00f6glorna p\u00e5 kostymbyxor, chinos eller mer dressade jeans. Varje b\u00e4lte g\u00f6rs efter din exakta midjem\u00e5tt f\u00f6r en perfekt passform \u2013 och t\u00e4cks av v\u00e5r <a href=\"https:\/\/www.palsjo.com\/se\/livstidsgaranti\/\">livstidsgaranti<\/a>.<\/p>\n<h2 data-start=\"1006\" data-end=\"1042\"><strong data-start=\"1006\" data-end=\"1042\">Axel l\u00e4derb\u00e4lte brun \u2013 detaljer<\/strong><\/h2>\n<ul>\n<li data-start=\"1046\" data-end=\"1126\">Exklusivt full grain vegetabiliskt garvat l\u00e4der fr\u00e5n T\u00e4rnsj\u00f6 Garveri (10\u201311 oz).<\/li>\n<li data-start=\"1129\" data-end=\"1194\">Elegant 35 mm b\u00e4ltesbredd \u2013 passar perfekt till en skr\u00e4ddad stil.<\/li>\n<li data-start=\"1197\" data-end=\"1254\">Massivt sp\u00e4nne i rostfritt st\u00e5l med matchande l\u00e4derslejf.<\/li>\n<li data-start=\"1257\" data-end=\"1340\">Kanterna \u00e4r noggrant rundade och vaxade f\u00f6r hand \u2013 ger \u00f6kad komfort och h\u00e5llbarhet.<\/li>\n<li data-start=\"1343\" data-end=\"1393\">M\u00e5ttanpassat f\u00f6r perfekt passform efter din midja.<\/li>\n<li data-start=\"1396\" data-end=\"1452\">Handgjort i Sverige med traditionella hantverkstekniker.<\/li>\n<\/ul>\n<h2>Hur du m\u00e4ter din b\u00e4ltesstorlek korrekt<\/h2>\n<div class=\"video-container\"><iframe title=\"How to measure your Palsjo\u0308 Belt\" width=\"1170\" height=\"658\" src=\"https:\/\/www.youtube.com\/embed\/gVP_R-Qk4P0?feature=oembed&#038;enablejsapi=1&#038;origin=https:\/\/www.palsjo.com\" frameborder=\"0\" allow=\"accelerometer; autoplay; clipboard-write; encrypted-media; gyroscope; picture-in-picture; web-share\" referrerpolicy=\"strict-origin-when-cross-origin\" allowfullscreen><\/iframe><\/div>\n<h3>Metod 1:<\/h3>\n<p>1. B\u00e4r dina favoritjeans<br \/>\n2. M\u00e4t fr\u00e5n den \u00f6versta knappen genom b\u00e4ltes\u00f6glorna till huvudknappen igen<br \/>\n3. Om du \u00e4r mellan storlekar, runda av till n\u00e4sta cm (t.ex. om din storlek \u00e4r 92,4 cm, best\u00e4ll 93 cm)<\/p>\n<p><img decoding=\"async\" class=\"alignnone size-full wp-image-687\" src=\"https:\/\/www.palsjo.com\/se\/wp-content\/uploads\/Belt-Measure-Method1.jpg\" alt=\"Harry brunt l\u00e4derb\u00e4lte med m\u00e4ssingssp\u00e4nne\" width=\"458\" \/><\/p>\n<h3>Metod 2:<\/h3>\n<p>1. M\u00e4t ditt befintliga b\u00e4lte fr\u00e5n spetsen p\u00e5 sp\u00e4nnet till det mest anv\u00e4nda h\u00e5let. R\u00e4ta ut b\u00e4ltet medan du m\u00e4ter.<br \/>\n2. Om du \u00e4r mellan storlekarna, runda av till n\u00e4sta cm (t.ex. om din storlek \u00e4r 92,4 cm, best\u00e4ll 93 cm)<\/p>\n<p><img decoding=\"async\" class=\"alignnone size-full wp-image-687\" src=\"https:\/\/www.palsjo.com\/se\/wp-content\/uploads\/belt-measure.jpg\" alt=\"Harry brunt l\u00e4derb\u00e4lte med m\u00e4ssingssp\u00e4nne\" width=\"458\" \/><\/p>\n<p>&nbsp;<\/p>\n<p><strong>Obs<\/strong>: Vi vill att v\u00e5ra b\u00e4lten ska passa dig perfekt. D\u00e4rf\u00f6r erbjuder vi v\u00e5ra b\u00e4lten i steg om 1 cm. Varje b\u00e4lte byggs n\u00e4r vi f\u00e5r en best\u00e4llning och \u00e4r dimensionerat efter ditt exakta midjem\u00e5tt. D\u00e4rf\u00f6r kan v\u00e5ra b\u00e4lten inte returneras eller \u00e5terbetalas.<\/p>\n","protected":false},"excerpt":{"rendered":"<p><strong data-start=\"147\" data-end=\"171\">Axel l\u00e4derb\u00e4lte brun<\/strong>: Tillverkat i Sverige. L\u00e4der fr\u00e5n T\u00e4rnsj\u00f6 Garveri. Klassiskt sp\u00e4nne i rostfritt st\u00e5l. M\u00e5ttanpassat f\u00f6r perfekt passform. Fri frakt. Livstidsgaranti.<\/p>\n","protected":false},"featured_media":8296,"comment_status":"open","ping_status":"closed","template":"","meta":[],"product_brand":[],"product_cat":[250,263],"product_tag":[266,53,60],"class_list":{"0":"post-8411","1":"product","2":"type-product","3":"status-publish","4":"has-post-thumbnail","6":"product_cat-kostymbalten-for-herr","7":"product_cat-balten-for-herr","8":"product_tag-balten-for-herr-med-spanne-i-rostfritt-stal","9":"product_tag-bruna-laderbalten-for-herr","10":"product_tag-smala-laderbalten-for-herr","12":"first","13":"instock","14":"taxable","15":"shipping-taxable","16":"purchasable","17":"product-type-variable"},"_links":{"self":[{"href":"https:\/\/www.palsjo.com\/se\/wp-json\/wp\/v2\/product\/8411","targetHints":{"allow":["GET"]}}],"collection":[{"href":"https:\/\/www.palsjo.com\/se\/wp-json\/wp\/v2\/product"}],"about":[{"href":"https:\/\/www.palsjo.com\/se\/wp-json\/wp\/v2\/types\/product"}],"replies":[{"embeddable":true,"href":"https:\/\/www.palsjo.com\/se\/wp-json\/wp\/v2\/comments?post=8411"}],"wp:featuredmedia":[{"embeddable":true,"href":"https:\/\/www.palsjo.com\/se\/wp-json\/wp\/v2\/media\/8296"}],"wp:attachment":[{"href":"https:\/\/www.palsjo.com\/se\/wp-json\/wp\/v2\/media?parent=8411"}],"wp:term":[{"taxonomy":"product_brand","embeddable":true,"href":"https:\/\/www.palsjo.com\/se\/wp-json\/wp\/v2\/product_brand?post=8411"},{"taxonomy":"product_cat","embeddable":true,"href":"https:\/\/www.palsjo.com\/se\/wp-json\/wp\/v2\/product_cat?post=8411"},{"taxonomy":"product_tag","embeddable":true,"href":"https:\/\/www.palsjo.com\/se\/wp-json\/wp\/v2\/product_tag?post=8411"}],"curies":[{"name":"wp","href":"https:\/\/api.w.org\/{rel}","templated":true}]}}