{"id":8410,"date":"2025-08-06T13:24:56","date_gmt":"2025-08-06T11:24:56","guid":{"rendered":"https:\/\/www.palsjo.com\/se\/?post_type=product&#038;p=8410"},"modified":"2026-04-09T23:22:33","modified_gmt":"2026-04-09T21:22:33","slug":"axel-laderbalte-morkbrun","status":"publish","type":"product","link":"https:\/\/www.palsjo.com\/se\/produkt\/axel-laderbalte-morkbrun\/","title":{"rendered":"Axel l\u00e4derb\u00e4lte m\u00f6rkbrun"},"content":{"rendered":"<h2 data-start=\"219\" data-end=\"291\">Axel l\u00e4derb\u00e4lte m\u00f6rkbrun \u2013 sofistikerad elegans f\u00f6r den stilmedvetne<\/h2>\n<p data-start=\"293\" data-end=\"676\">Lyft din garderob med det sofistikerade <strong data-start=\"333\" data-end=\"361\">Axel l\u00e4derb\u00e4lte m\u00f6rkbrun<\/strong> \u2013 ett exklusivt herrb\u00e4lte som \u00e4r omsorgsfullt handgjort i Sverige. Vi anv\u00e4nder 4 mm (10\u201311 oz) vegetabiliskt garvat full grain-l\u00e4der fr\u00e5n det anrika <a href=\"https:\/\/tarnsjogarveri.com\/sv\/lader\/\" target=\"_blank\" rel=\"noopener\">T\u00e4rnsj\u00f6 Garveri<\/a> \u2013 k\u00e4nt f\u00f6r sin h\u00f6ga kvalitet och milj\u00f6v\u00e4nliga tillverkningsprocess. Den djupa m\u00f6rkbruna tonen f\u00e5r med tiden en unik patina som ber\u00e4ttar din historia.<\/p>\n<p data-start=\"678\" data-end=\"970\">Axel-b\u00e4ltet \u00e4r utrustat med ett elegant, kurvat sp\u00e4nne i massivt rostfritt st\u00e5l som ger ett mjukare och mer samtida uttryck. Det matchande l\u00e4derh\u00e5llaren ger ett rent och enhetligt intryck. Med sin klassiska bredd p\u00e5 35 mm passar detta b\u00e4lte perfekt till kostymbyxor och annan formell kl\u00e4dsel.<\/p>\n<p data-start=\"972\" data-end=\"1106\">Varje b\u00e4lte m\u00e5ttbest\u00e4lls efter din exakta midja \u2013 f\u00f6r en verkligt skr\u00e4ddarsydd k\u00e4nsla. Sj\u00e4lvklart omfattas det av v\u00e5r <a href=\"https:\/\/www.palsjo.com\/se\/livstidsgaranti\/\">livstidsgaranti<\/a>.<\/p>\n<h2 data-start=\"1113\" data-end=\"1152\">Axel l\u00e4derb\u00e4lte m\u00f6rkbrun \u2013 detaljer<\/h2>\n<ul>\n<li data-start=\"1156\" data-end=\"1280\">Exklusivt m\u00f6rkbrunt full grain-l\u00e4der fr\u00e5n T\u00e4rnsj\u00f6 Garveri i Sverige (10\u201311 oz), vegetabiliskt garvat och etiskt framtaget.<\/li>\n<li data-start=\"1283\" data-end=\"1345\">Elegant 35 mm bredd \u2013 perfekt f\u00f6r dressade byxor och kostym.<\/li>\n<li data-start=\"1348\" data-end=\"1424\">Kurvat, rundat sp\u00e4nne i massivt rostfritt st\u00e5l och matchande l\u00e4derh\u00e5llare.<\/li>\n<li data-start=\"1427\" data-end=\"1490\">Handbr\u00e4nda och l\u00e4tt vaxade kanter f\u00f6r en sofistikerad finish.<\/li>\n<li data-start=\"1493\" data-end=\"1554\">M\u00e5ttanpassas efter din midja \u2013 perfekt passform garanteras.<\/li>\n<li data-start=\"1557\" data-end=\"1620\">Handgjort i Sverige med traditionella l\u00e4derhantverkstekniker.<\/li>\n<\/ul>\n<h2>Hur du m\u00e4ter din b\u00e4ltesstorlek korrekt<\/h2>\n<div class=\"video-container\"><iframe title=\"How to measure your Palsjo\u0308 Belt\" width=\"1170\" height=\"658\" src=\"https:\/\/www.youtube.com\/embed\/gVP_R-Qk4P0?feature=oembed&#038;enablejsapi=1&#038;origin=https:\/\/www.palsjo.com\" frameborder=\"0\" allow=\"accelerometer; autoplay; clipboard-write; encrypted-media; gyroscope; picture-in-picture; web-share\" referrerpolicy=\"strict-origin-when-cross-origin\" allowfullscreen><\/iframe><\/div>\n<h3>Metod 1:<\/h3>\n<p>1. B\u00e4r dina favoritjeans<br \/>\n2. M\u00e4t fr\u00e5n den \u00f6versta knappen genom b\u00e4ltes\u00f6glorna till huvudknappen igen<br \/>\n3. Om du \u00e4r mellan storlekar, runda av till n\u00e4sta cm (t.ex. om din storlek \u00e4r 92,4 cm, best\u00e4ll 93 cm)<\/p>\n<p><img decoding=\"async\" class=\"alignnone size-full wp-image-687\" src=\"https:\/\/www.palsjo.com\/se\/wp-content\/uploads\/Belt-Measure-Method1.jpg\" alt=\"Harry brunt l\u00e4derb\u00e4lte med m\u00e4ssingssp\u00e4nne\" width=\"458\" \/><\/p>\n<h3>Metod 2:<\/h3>\n<p>1. M\u00e4t ditt befintliga b\u00e4lte fr\u00e5n spetsen p\u00e5 sp\u00e4nnet till det mest anv\u00e4nda h\u00e5let. R\u00e4ta ut b\u00e4ltet medan du m\u00e4ter.<br \/>\n2. Om du \u00e4r mellan storlekarna, runda av till n\u00e4sta cm (t.ex. om din storlek \u00e4r 92,4 cm, best\u00e4ll 93 cm)<\/p>\n<p><img decoding=\"async\" class=\"alignnone size-full wp-image-687\" src=\"https:\/\/www.palsjo.com\/se\/wp-content\/uploads\/belt-measure.jpg\" alt=\"Harry brunt l\u00e4derb\u00e4lte med m\u00e4ssingssp\u00e4nne\" width=\"458\" \/><\/p>\n<p>&nbsp;<\/p>\n<p><strong>Obs<\/strong>: Vi vill att v\u00e5ra b\u00e4lten ska passa dig perfekt. D\u00e4rf\u00f6r erbjuder vi v\u00e5ra b\u00e4lten i steg om 1 cm. Varje b\u00e4lte byggs n\u00e4r vi f\u00e5r en best\u00e4llning och \u00e4r dimensionerat efter ditt exakta midjem\u00e5tt. D\u00e4rf\u00f6r kan v\u00e5ra b\u00e4lten inte returneras eller \u00e5terbetalas.<\/p>\n","protected":false},"excerpt":{"rendered":"<p><strong data-start=\"97\" data-end=\"125\">Axel l\u00e4derb\u00e4lte m\u00f6rkbrun<\/strong>: Hantverksm\u00e4ssigt tillverkat kostymb\u00e4lte. Exklusivt l\u00e4der fr\u00e5n T\u00e4rnsj\u00f6 Garveri. Rostfri sp\u00e4nne. Anpassas efter din midja. Fri frakt. Livstidsgaranti.<\/p>\n","protected":false},"featured_media":8293,"comment_status":"open","ping_status":"closed","template":"","meta":[],"product_brand":[],"product_cat":[250,263],"product_tag":[266,54,60],"class_list":{"0":"post-8410","1":"product","2":"type-product","3":"status-publish","4":"has-post-thumbnail","6":"product_cat-kostymbalten-for-herr","7":"product_cat-balten-for-herr","8":"product_tag-balten-for-herr-med-spanne-i-rostfritt-stal","9":"product_tag-morkbruna-laderbalten-for-herr","10":"product_tag-smala-laderbalten-for-herr","12":"first","13":"instock","14":"taxable","15":"shipping-taxable","16":"purchasable","17":"product-type-variable"},"_links":{"self":[{"href":"https:\/\/www.palsjo.com\/se\/wp-json\/wp\/v2\/product\/8410","targetHints":{"allow":["GET"]}}],"collection":[{"href":"https:\/\/www.palsjo.com\/se\/wp-json\/wp\/v2\/product"}],"about":[{"href":"https:\/\/www.palsjo.com\/se\/wp-json\/wp\/v2\/types\/product"}],"replies":[{"embeddable":true,"href":"https:\/\/www.palsjo.com\/se\/wp-json\/wp\/v2\/comments?post=8410"}],"wp:featuredmedia":[{"embeddable":true,"href":"https:\/\/www.palsjo.com\/se\/wp-json\/wp\/v2\/media\/8293"}],"wp:attachment":[{"href":"https:\/\/www.palsjo.com\/se\/wp-json\/wp\/v2\/media?parent=8410"}],"wp:term":[{"taxonomy":"product_brand","embeddable":true,"href":"https:\/\/www.palsjo.com\/se\/wp-json\/wp\/v2\/product_brand?post=8410"},{"taxonomy":"product_cat","embeddable":true,"href":"https:\/\/www.palsjo.com\/se\/wp-json\/wp\/v2\/product_cat?post=8410"},{"taxonomy":"product_tag","embeddable":true,"href":"https:\/\/www.palsjo.com\/se\/wp-json\/wp\/v2\/product_tag?post=8410"}],"curies":[{"name":"wp","href":"https:\/\/api.w.org\/{rel}","templated":true}]}}