{"id":8305,"date":"2025-08-06T11:22:18","date_gmt":"2025-08-06T09:22:18","guid":{"rendered":"https:\/\/www.palsjo.com\/se\/?post_type=product&#038;p=8305"},"modified":"2025-11-10T10:16:11","modified_gmt":"2025-11-10T09:16:11","slug":"axel-laderbalte-svart","status":"publish","type":"product","link":"https:\/\/www.palsjo.com\/se\/produkt\/axel-laderbalte-svart\/","title":{"rendered":"Axel l\u00e4derb\u00e4lte svart"},"content":{"rendered":"<h2 data-start=\"134\" data-end=\"194\">Axel l\u00e4derb\u00e4lte svart \u2013 f\u00f6r en stilren och exklusiv look<\/h2>\n<p data-start=\"196\" data-end=\"522\">Lyft din formella stil med det eleganta <strong data-start=\"236\" data-end=\"261\">Axel l\u00e4derb\u00e4lte svart<\/strong>. Precis som alla v\u00e5ra b\u00e4lten \u00e4r det omsorgsfullt handgjort i Sverige. Vi anv\u00e4nder 4 mm (10\u201311 oz) full grain vegetabiliskt garvat l\u00e4der fr\u00e5n <a href=\"https:\/\/tarnsjogarveri.com\/sv\/lader\/\" target=\"_blank\" rel=\"noopener\">T\u00e4rnsj\u00f6 Garveri<\/a>. T\u00e4rnsj\u00f6l\u00e4dret har en lyxig k\u00e4nsla och en h\u00e5llbarhet som bara blir b\u00e4ttre med tiden.<\/p>\n<p data-start=\"524\" data-end=\"952\">Det som s\u00e4rskiljer Axel \u00e4r det vackert b\u00f6jda och rundade sp\u00e4nnet i massivt rostfritt st\u00e5l, som ger en mjukare och mindre kantig siluett j\u00e4mf\u00f6rt med traditionella sp\u00e4nnen. Med en bredd p\u00e5 35 mm och en matchande l\u00e4derh\u00e5llare \u00e4r det h\u00e4r b\u00e4ltet det perfekta valet till kostymbyxor och mer sofistikerad businesskl\u00e4dsel. Axel definierar vad ett h\u00f6gklassigt herrkostymb\u00e4lte ska vara \u2013 en stilren detalj som signalerar diskret kvalitet.<\/p>\n<p data-start=\"954\" data-end=\"1052\">Varje Axel-b\u00e4lte m\u00e5ttanpassas efter din exakta midja och levereras med v\u00e5r trygga <a href=\"https:\/\/www.palsjo.com\/se\/livstidsgaranti\/\">livstidsgaranti<\/a>.<\/p>\n<h2 data-start=\"1059\" data-end=\"1097\">Axel l\u00e4derb\u00e4lte svart \u2013 Egenskaper<\/h2>\n<ul data-start=\"1099\" data-end=\"1496\">\n<li data-start=\"1099\" data-end=\"1209\">\n<p data-start=\"1101\" data-end=\"1209\">Exklusivt svart full grain vegetabiliskt garvat l\u00e4der fr\u00e5n T\u00e4rnsj\u00f6 Garveri (10\u201311 oz), handgjort i Sverige<\/p>\n<\/li>\n<li data-start=\"1210\" data-end=\"1289\">\n<p data-start=\"1212\" data-end=\"1289\">Stilren rembredd p\u00e5 35 mm \u2013 perfekt f\u00f6r kostymbyxor och formella tillf\u00e4llen<\/p>\n<\/li>\n<li data-start=\"1290\" data-end=\"1376\">\n<p data-start=\"1292\" data-end=\"1376\">Elegant b\u00f6jt och rundat sp\u00e4nne i massivt rostfritt st\u00e5l med matchande l\u00e4derh\u00e5llare<\/p>\n<\/li>\n<li data-start=\"1377\" data-end=\"1442\">\n<p data-start=\"1379\" data-end=\"1442\">Kanter br\u00e4nda och l\u00e4tt vaxade f\u00f6r en mjuk och exklusiv finish<\/p>\n<\/li>\n<li data-start=\"1443\" data-end=\"1496\">\n<p data-start=\"1445\" data-end=\"1496\">M\u00e5ttanpassat f\u00f6r perfekt passform efter din midja<\/p>\n<\/li>\n<\/ul>\n<h2>Hur du m\u00e4ter din b\u00e4ltesstorlek korrekt<\/h2>\n<div class=\"video-container\"><iframe title=\"How to measure your Palsjo\u0308 Belt\" width=\"1170\" height=\"658\" src=\"https:\/\/www.youtube.com\/embed\/gVP_R-Qk4P0?feature=oembed&#038;enablejsapi=1&#038;origin=https:\/\/www.palsjo.com\" frameborder=\"0\" allow=\"accelerometer; autoplay; clipboard-write; encrypted-media; gyroscope; picture-in-picture; web-share\" referrerpolicy=\"strict-origin-when-cross-origin\" allowfullscreen><\/iframe><\/div>\n<h3>Metod 1:<\/h3>\n<p>1. B\u00e4r dina favoritjeans<br \/>\n2. M\u00e4t fr\u00e5n den \u00f6versta knappen genom b\u00e4ltes\u00f6glorna till huvudknappen igen<br \/>\n3. Om du \u00e4r mellan storlekar, runda av till n\u00e4sta cm (t.ex. om din storlek \u00e4r 92,4 cm, best\u00e4ll 93 cm)<\/p>\n<p><img decoding=\"async\" class=\"alignnone size-full wp-image-687\" src=\"https:\/\/www.palsjo.com\/se\/wp-content\/uploads\/Belt-Measure-Method1.jpg\" alt=\"Harry brunt l\u00e4derb\u00e4lte med m\u00e4ssingssp\u00e4nne\" width=\"458\" \/><\/p>\n<h3>Metod 2:<\/h3>\n<p>1. M\u00e4t ditt befintliga b\u00e4lte fr\u00e5n spetsen p\u00e5 sp\u00e4nnet till det mest anv\u00e4nda h\u00e5let. R\u00e4ta ut b\u00e4ltet medan du m\u00e4ter.<br \/>\n2. Om du \u00e4r mellan storlekarna, runda av till n\u00e4sta cm (t.ex. om din storlek \u00e4r 92,4 cm, best\u00e4ll 93 cm)<\/p>\n<p><img decoding=\"async\" class=\"alignnone size-full wp-image-687\" src=\"https:\/\/www.palsjo.com\/se\/wp-content\/uploads\/belt-measure.jpg\" alt=\"Harry brunt l\u00e4derb\u00e4lte med m\u00e4ssingssp\u00e4nne\" width=\"458\" \/><\/p>\n<p>&nbsp;<\/p>\n<p><strong>Obs<\/strong>: Vi vill att v\u00e5ra b\u00e4lten ska passa dig perfekt. D\u00e4rf\u00f6r erbjuder vi v\u00e5ra b\u00e4lten i steg om 1 cm. Varje b\u00e4lte byggs n\u00e4r vi f\u00e5r en best\u00e4llning och \u00e4r dimensionerat efter ditt exakta midjem\u00e5tt. D\u00e4rf\u00f6r kan v\u00e5ra b\u00e4lten inte returneras eller \u00e5terbetalas.<\/p>\n","protected":false},"excerpt":{"rendered":"<p><strong data-start=\"176\" data-end=\"202\">Axel l\u00e4derb\u00e4lte svart:<\/strong> Handgjort av svenskt full grain vegetabiliskt garvat l\u00e4der. B\u00f6jt sp\u00e4nne i rostfritt st\u00e5l. M\u00e5ttanpassat. Livstidsgaranti. Fri frakt.<\/p>\n","protected":false},"featured_media":8292,"comment_status":"open","ping_status":"closed","template":"","meta":[],"product_brand":[],"product_cat":[250,263],"product_tag":[266,60,48],"class_list":{"0":"post-8305","1":"product","2":"type-product","3":"status-publish","4":"has-post-thumbnail","6":"product_cat-kostymbalten-for-herr","7":"product_cat-balten-for-herr","8":"product_tag-balten-for-herr-med-spanne-i-rostfritt-stal","9":"product_tag-smala-laderbalten-for-herr","10":"product_tag-svarta-laderbalten-for-herr","12":"first","13":"instock","14":"taxable","15":"shipping-taxable","16":"purchasable","17":"product-type-variable"},"_links":{"self":[{"href":"https:\/\/www.palsjo.com\/se\/wp-json\/wp\/v2\/product\/8305","targetHints":{"allow":["GET"]}}],"collection":[{"href":"https:\/\/www.palsjo.com\/se\/wp-json\/wp\/v2\/product"}],"about":[{"href":"https:\/\/www.palsjo.com\/se\/wp-json\/wp\/v2\/types\/product"}],"replies":[{"embeddable":true,"href":"https:\/\/www.palsjo.com\/se\/wp-json\/wp\/v2\/comments?post=8305"}],"wp:featuredmedia":[{"embeddable":true,"href":"https:\/\/www.palsjo.com\/se\/wp-json\/wp\/v2\/media\/8292"}],"wp:attachment":[{"href":"https:\/\/www.palsjo.com\/se\/wp-json\/wp\/v2\/media?parent=8305"}],"wp:term":[{"taxonomy":"product_brand","embeddable":true,"href":"https:\/\/www.palsjo.com\/se\/wp-json\/wp\/v2\/product_brand?post=8305"},{"taxonomy":"product_cat","embeddable":true,"href":"https:\/\/www.palsjo.com\/se\/wp-json\/wp\/v2\/product_cat?post=8305"},{"taxonomy":"product_tag","embeddable":true,"href":"https:\/\/www.palsjo.com\/se\/wp-json\/wp\/v2\/product_tag?post=8305"}],"curies":[{"name":"wp","href":"https:\/\/api.w.org\/{rel}","templated":true}]}}