{"id":8302,"date":"2025-08-06T11:08:33","date_gmt":"2025-08-06T09:08:33","guid":{"rendered":"https:\/\/www.palsjo.com\/se\/?post_type=product&#038;p=8302"},"modified":"2025-11-10T10:21:49","modified_gmt":"2025-11-10T09:21:49","slug":"vidar-laderbalte-svart","status":"publish","type":"product","link":"https:\/\/www.palsjo.com\/se\/produkt\/vidar-laderbalte-svart\/","title":{"rendered":"Vidar l\u00e4derb\u00e4lte svart"},"content":{"rendered":"<h2 data-start=\"101\" data-end=\"159\">Uppt\u00e4ck den s\u00f6ml\u00f6sa elegansen i Vidar l\u00e4derb\u00e4lte svart<\/h2>\n<p data-start=\"161\" data-end=\"604\">Vidar l\u00e4derb\u00e4lte svart \u00e4r noggrant handgjort i Sverige av 4 mm (10\u201311 oz) exklusivt full grain vegetabiliskt garvat l\u00e4der fr\u00e5n v\u00e4lk\u00e4nda <a href=\"https:\/\/tarnsjogarveri.com\/sv\/lader\/\" target=\"_blank\" rel=\"noopener\">T\u00e4rnsj\u00f6 Garveri<\/a>. Det som s\u00e4rskiljer Vidar \u00e4r det eleganta rullsp\u00e4nnet, som g\u00f6r att remmen glider smidigt och minskar slitage, samtidigt som det ger en enkel och bekv\u00e4m justering varje g\u00e5ng. Med sin 35 mm bredd och stilrena svarta l\u00e4der \u00e4r detta b\u00e4lte ett sj\u00e4lvklart val f\u00f6r kostymer och formella tillf\u00e4llen.<\/p>\n<p data-start=\"606\" data-end=\"798\">Det h\u00e4r svarta b\u00e4ltet representerar h\u00f6gsta kvalitet inom herrkostymb\u00e4lten och kombinerar b\u00e5de tidl\u00f6s stil och smart design. Ett m\u00e5ste f\u00f6r den som vill ha ett exklusivt och v\u00e4lgjort dressb\u00e4lte.<\/p>\n<p data-start=\"800\" data-end=\"904\">Varje Vidar l\u00e4derb\u00e4lte m\u00e5ttanpassas efter din exakta midja och levereras med v\u00e5r trygga <a href=\"https:\/\/www.palsjo.com\/se\/livstidsgaranti\/\">livstidsgaranti<\/a>.<\/p>\n<h2 data-start=\"911\" data-end=\"955\">Vidar l\u00e4derb\u00e4lte svart \u2013 Produktdetaljer<\/h2>\n<ul data-start=\"957\" data-end=\"1403\">\n<li data-start=\"957\" data-end=\"1075\">\n<p data-start=\"959\" data-end=\"1075\">Exklusivt svart full grain vegetabiliskt garvat l\u00e4der fr\u00e5n T\u00e4rnsj\u00f6 Garveri (10\u201311 oz), etiskt framst\u00e4llt i Sverige<\/p>\n<\/li>\n<li data-start=\"1076\" data-end=\"1155\">\n<p data-start=\"1078\" data-end=\"1155\">Stilren rembredd p\u00e5 35 mm \u2013 perfekt f\u00f6r kostymbyxor och formella tillf\u00e4llen<\/p>\n<\/li>\n<li data-start=\"1156\" data-end=\"1247\">\n<p data-start=\"1158\" data-end=\"1247\">Utrustat med ett elegant rullsp\u00e4nne i massivt rostfritt st\u00e5l och matchande l\u00e4derh\u00e5llare<\/p>\n<\/li>\n<li data-start=\"1248\" data-end=\"1321\">\n<p data-start=\"1250\" data-end=\"1321\">Polerade kanter och l\u00e4tt vaxad finish f\u00f6r en sl\u00e4t och exklusiv k\u00e4nsla<\/p>\n<\/li>\n<li data-start=\"1322\" data-end=\"1403\">\n<p data-start=\"1324\" data-end=\"1403\">M\u00e5ttanpassat efter din exakta midjem\u00e5tt f\u00f6r en perfekt, skr\u00e4ddarsydd passform<\/p>\n<\/li>\n<\/ul>\n<h2>Hur du m\u00e4ter din b\u00e4ltesstorlek korrekt<\/h2>\n<div class=\"video-container\"><iframe title=\"How to measure your Palsjo\u0308 Belt\" width=\"1170\" height=\"658\" src=\"https:\/\/www.youtube.com\/embed\/gVP_R-Qk4P0?feature=oembed&#038;enablejsapi=1&#038;origin=https:\/\/www.palsjo.com\" frameborder=\"0\" allow=\"accelerometer; autoplay; clipboard-write; encrypted-media; gyroscope; picture-in-picture; web-share\" referrerpolicy=\"strict-origin-when-cross-origin\" allowfullscreen><\/iframe><\/div>\n<h3>Metod 1:<\/h3>\n<p>1. B\u00e4r dina favoritjeans<br \/>\n2. M\u00e4t fr\u00e5n den \u00f6versta knappen genom b\u00e4ltes\u00f6glorna till huvudknappen igen<br \/>\n3. Om du \u00e4r mellan storlekar, runda av till n\u00e4sta cm (t.ex. om din storlek \u00e4r 92,4 cm, best\u00e4ll 93 cm)<\/p>\n<p><img decoding=\"async\" class=\"alignnone size-full wp-image-687\" src=\"https:\/\/www.palsjo.com\/se\/wp-content\/uploads\/Belt-Measure-Method1.jpg\" alt=\"Harry brunt l\u00e4derb\u00e4lte med m\u00e4ssingssp\u00e4nne\" width=\"458\" \/><\/p>\n<h3>Metod 2:<\/h3>\n<p>1. M\u00e4t ditt befintliga b\u00e4lte fr\u00e5n spetsen p\u00e5 sp\u00e4nnet till det mest anv\u00e4nda h\u00e5let. R\u00e4ta ut b\u00e4ltet medan du m\u00e4ter.<br \/>\n2. Om du \u00e4r mellan storlekarna, runda av till n\u00e4sta cm (t.ex. om din storlek \u00e4r 92,4 cm, best\u00e4ll 93 cm)<\/p>\n<p><img decoding=\"async\" class=\"alignnone size-full wp-image-687\" src=\"https:\/\/www.palsjo.com\/se\/wp-content\/uploads\/belt-measure.jpg\" alt=\"Harry brunt l\u00e4derb\u00e4lte med m\u00e4ssingssp\u00e4nne\" width=\"458\" \/><\/p>\n<p>&nbsp;<\/p>\n<p><strong>Obs<\/strong>: Vi vill att v\u00e5ra b\u00e4lten ska passa dig perfekt. D\u00e4rf\u00f6r erbjuder vi v\u00e5ra b\u00e4lten i steg om 1 cm. Varje b\u00e4lte byggs n\u00e4r vi f\u00e5r en best\u00e4llning och \u00e4r dimensionerat efter ditt exakta midjem\u00e5tt. D\u00e4rf\u00f6r kan v\u00e5ra b\u00e4lten inte returneras eller \u00e5terbetalas.<\/p>\n","protected":false},"excerpt":{"rendered":"<p><strong data-start=\"113\" data-end=\"139\">Vidar l\u00e4derb\u00e4lte svart<\/strong> \u2013 handgjort med ett smidigt rullsp\u00e4nne. 35 mm brett b\u00e4lte i exklusivt full grain-l\u00e4der. M\u00e5ttanpassat f\u00f6r perfekt passform. Livstidsgaranti. Fri frakt.<\/p>\n","protected":false},"featured_media":8291,"comment_status":"open","ping_status":"closed","template":"","meta":[],"product_brand":[],"product_cat":[250,263],"product_tag":[266,60,48],"class_list":{"0":"post-8302","1":"product","2":"type-product","3":"status-publish","4":"has-post-thumbnail","6":"product_cat-kostymbalten-for-herr","7":"product_cat-balten-for-herr","8":"product_tag-balten-for-herr-med-spanne-i-rostfritt-stal","9":"product_tag-smala-laderbalten-for-herr","10":"product_tag-svarta-laderbalten-for-herr","12":"first","13":"instock","14":"taxable","15":"shipping-taxable","16":"purchasable","17":"product-type-variable"},"_links":{"self":[{"href":"https:\/\/www.palsjo.com\/se\/wp-json\/wp\/v2\/product\/8302","targetHints":{"allow":["GET"]}}],"collection":[{"href":"https:\/\/www.palsjo.com\/se\/wp-json\/wp\/v2\/product"}],"about":[{"href":"https:\/\/www.palsjo.com\/se\/wp-json\/wp\/v2\/types\/product"}],"replies":[{"embeddable":true,"href":"https:\/\/www.palsjo.com\/se\/wp-json\/wp\/v2\/comments?post=8302"}],"wp:featuredmedia":[{"embeddable":true,"href":"https:\/\/www.palsjo.com\/se\/wp-json\/wp\/v2\/media\/8291"}],"wp:attachment":[{"href":"https:\/\/www.palsjo.com\/se\/wp-json\/wp\/v2\/media?parent=8302"}],"wp:term":[{"taxonomy":"product_brand","embeddable":true,"href":"https:\/\/www.palsjo.com\/se\/wp-json\/wp\/v2\/product_brand?post=8302"},{"taxonomy":"product_cat","embeddable":true,"href":"https:\/\/www.palsjo.com\/se\/wp-json\/wp\/v2\/product_cat?post=8302"},{"taxonomy":"product_tag","embeddable":true,"href":"https:\/\/www.palsjo.com\/se\/wp-json\/wp\/v2\/product_tag?post=8302"}],"curies":[{"name":"wp","href":"https:\/\/api.w.org\/{rel}","templated":true}]}}