{"id":8301,"date":"2025-08-06T10:57:00","date_gmt":"2025-08-06T08:57:00","guid":{"rendered":"https:\/\/www.palsjo.com\/se\/?post_type=product&#038;p=8301"},"modified":"2025-11-10T10:22:20","modified_gmt":"2025-11-10T09:22:20","slug":"vidar-laderbalte-morkbrun","status":"publish","type":"product","link":"https:\/\/www.palsjo.com\/se\/produkt\/vidar-laderbalte-morkbrun\/","title":{"rendered":"Vidar l\u00e4derb\u00e4lte m\u00f6rkbrun"},"content":{"rendered":"<h2 data-start=\"124\" data-end=\"219\">Uppt\u00e4ck det exklusiva Vidar l\u00e4derb\u00e4lte m\u00f6rkbrun \u2013 en sj\u00e4lvklar del av din stilrena garderob<\/h2>\n<p data-start=\"194\" data-end=\"623\">Vidar l\u00e4derb\u00e4lte m\u00f6rkbrun \u00e4r ett hantverksm\u00e4ssigt tillverkat b\u00e4lte i Sverige, gjort av rik, m\u00f6rkbrun full grain vegetabiliskt garvat l\u00e4der (4 mm \/ 10\u201311 oz) fr\u00e5n det v\u00e4lrenommerade <a href=\"https:\/\/tarnsjogarveri.com\/sv\/lader\/\" target=\"_blank\" rel=\"noopener\">T\u00e4rnsj\u00f6 Garveri<\/a>. L\u00e4drets djupa ton \u00e5ldras vackert med tiden och f\u00e5r en personlig patina som speglar din stil. Det utm\u00e4rkande rullsp\u00e4nnet \u00e4r designat f\u00f6r att enkelt kunna justeras samtidigt som det skyddar l\u00e4dret fr\u00e5n slitage n\u00e4r det glider smidigt.<\/p>\n<p data-start=\"625\" data-end=\"807\">Med sin 35 mm breda rem och sofistikerade m\u00f6rkbruna f\u00e4rg \u00e4r Vidar ett m\u00e5ngsidigt men \u00e4nd\u00e5 formellt val \u2013 en viktig detalj i varje v\u00e4lsorterad samling av kvalitativa herrkostymb\u00e4lten.<\/p>\n<p data-start=\"809\" data-end=\"937\">Varje Vidar l\u00e4derb\u00e4lte m\u00f6rkbrun m\u00e5ttanpassas noggrant f\u00f6r en skr\u00e4ddarsydd passform och levereras med v\u00e5r trygga <a href=\"https:\/\/www.palsjo.com\/se\/livstidsgaranti\/\">livstidsgaranti<\/a>.<\/p>\n<h2 data-start=\"966\" data-end=\"1013\">Vidar l\u00e4derb\u00e4lte m\u00f6rkbrun \u2013 Produktdetaljer<\/h2>\n<ul>\n<li data-start=\"995\" data-end=\"1107\">Exklusivt m\u00f6rkbrunt full grain vegetabiliskt garvat l\u00e4der fr\u00e5n T\u00e4rnsj\u00f6 Garveri (10\u201311 oz), handgjort i Sverige<\/li>\n<li data-start=\"1110\" data-end=\"1185\">Stilren rembredd p\u00e5 35 mm \u2013 perfekt f\u00f6r formella och smart-casual outfits<\/li>\n<li data-start=\"1188\" data-end=\"1297\">Utrustat med ett elegant rullsp\u00e4nne i massivt rostfritt st\u00e5l och matchande l\u00e4derh\u00e5llare f\u00f6r smidig funktion<\/li>\n<li data-start=\"1300\" data-end=\"1378\">Kanter som \u00e4r noggrant br\u00e4nda och handvaxade f\u00f6r en sl\u00e4t och exklusiv finish<\/li>\n<li data-start=\"1381\" data-end=\"1455\">M\u00e5ttanpassat efter din exakta midjem\u00e5tt f\u00f6r optimal komfort och passform<\/li>\n<li data-start=\"1458\" data-end=\"1520\">Handgjort i Sverige med traditionella l\u00e4derhantverkstekniker<\/li>\n<\/ul>\n<h2>Hur du m\u00e4ter din b\u00e4ltesstorlek korrekt<\/h2>\n<div class=\"video-container\"><iframe title=\"How to measure your Palsjo\u0308 Belt\" width=\"1170\" height=\"658\" src=\"https:\/\/www.youtube.com\/embed\/gVP_R-Qk4P0?feature=oembed&#038;enablejsapi=1&#038;origin=https:\/\/www.palsjo.com\" frameborder=\"0\" allow=\"accelerometer; autoplay; clipboard-write; encrypted-media; gyroscope; picture-in-picture; web-share\" referrerpolicy=\"strict-origin-when-cross-origin\" allowfullscreen><\/iframe><\/div>\n<h3>Metod 1:<\/h3>\n<p>1. B\u00e4r dina favoritjeans<br \/>\n2. M\u00e4t fr\u00e5n den \u00f6versta knappen genom b\u00e4ltes\u00f6glorna till huvudknappen igen<br \/>\n3. Om du \u00e4r mellan storlekar, runda av till n\u00e4sta cm (t.ex. om din storlek \u00e4r 92,4 cm, best\u00e4ll 93 cm)<\/p>\n<p><img decoding=\"async\" class=\"alignnone size-full wp-image-687\" src=\"https:\/\/www.palsjo.com\/se\/wp-content\/uploads\/Belt-Measure-Method1.jpg\" alt=\"Harry brunt l\u00e4derb\u00e4lte med m\u00e4ssingssp\u00e4nne\" width=\"458\" \/><\/p>\n<h3>Metod 2:<\/h3>\n<p>1. M\u00e4t ditt befintliga b\u00e4lte fr\u00e5n spetsen p\u00e5 sp\u00e4nnet till det mest anv\u00e4nda h\u00e5let. R\u00e4ta ut b\u00e4ltet medan du m\u00e4ter.<br \/>\n2. Om du \u00e4r mellan storlekarna, runda av till n\u00e4sta cm (t.ex. om din storlek \u00e4r 92,4 cm, best\u00e4ll 93 cm)<\/p>\n<p><img decoding=\"async\" class=\"alignnone size-full wp-image-687\" src=\"https:\/\/www.palsjo.com\/se\/wp-content\/uploads\/belt-measure.jpg\" alt=\"Harry brunt l\u00e4derb\u00e4lte med m\u00e4ssingssp\u00e4nne\" width=\"458\" \/><\/p>\n<p>&nbsp;<\/p>\n<p><strong>Obs<\/strong>: Vi vill att v\u00e5ra b\u00e4lten ska passa dig perfekt. D\u00e4rf\u00f6r erbjuder vi v\u00e5ra b\u00e4lten i steg om 1 cm. Varje b\u00e4lte byggs n\u00e4r vi f\u00e5r en best\u00e4llning och \u00e4r dimensionerat efter ditt exakta midjem\u00e5tt. D\u00e4rf\u00f6r kan v\u00e5ra b\u00e4lten inte returneras eller \u00e5terbetalas.<\/p>\n","protected":false},"excerpt":{"rendered":"<p><strong data-start=\"190\" data-end=\"219\">Vidar l\u00e4derb\u00e4lte m\u00f6rkbrun<\/strong> \u2013 handgjort, 35 mm brett med ett smidigt rullsp\u00e4nne. Tillverkat i Sverige av svenskt full grain-l\u00e4der. M\u00e5ttanpassat f\u00f6r perfekt passform. Livstidsgaranti och fri frakt ing\u00e5r.<\/p>\n","protected":false},"featured_media":8290,"comment_status":"open","ping_status":"closed","template":"","meta":[],"product_brand":[],"product_cat":[250,263],"product_tag":[266,54,60],"class_list":{"0":"post-8301","1":"product","2":"type-product","3":"status-publish","4":"has-post-thumbnail","6":"product_cat-kostymbalten-for-herr","7":"product_cat-balten-for-herr","8":"product_tag-balten-for-herr-med-spanne-i-rostfritt-stal","9":"product_tag-morkbruna-laderbalten-for-herr","10":"product_tag-smala-laderbalten-for-herr","12":"first","13":"instock","14":"taxable","15":"shipping-taxable","16":"purchasable","17":"product-type-variable"},"_links":{"self":[{"href":"https:\/\/www.palsjo.com\/se\/wp-json\/wp\/v2\/product\/8301","targetHints":{"allow":["GET"]}}],"collection":[{"href":"https:\/\/www.palsjo.com\/se\/wp-json\/wp\/v2\/product"}],"about":[{"href":"https:\/\/www.palsjo.com\/se\/wp-json\/wp\/v2\/types\/product"}],"replies":[{"embeddable":true,"href":"https:\/\/www.palsjo.com\/se\/wp-json\/wp\/v2\/comments?post=8301"}],"wp:featuredmedia":[{"embeddable":true,"href":"https:\/\/www.palsjo.com\/se\/wp-json\/wp\/v2\/media\/8290"}],"wp:attachment":[{"href":"https:\/\/www.palsjo.com\/se\/wp-json\/wp\/v2\/media?parent=8301"}],"wp:term":[{"taxonomy":"product_brand","embeddable":true,"href":"https:\/\/www.palsjo.com\/se\/wp-json\/wp\/v2\/product_brand?post=8301"},{"taxonomy":"product_cat","embeddable":true,"href":"https:\/\/www.palsjo.com\/se\/wp-json\/wp\/v2\/product_cat?post=8301"},{"taxonomy":"product_tag","embeddable":true,"href":"https:\/\/www.palsjo.com\/se\/wp-json\/wp\/v2\/product_tag?post=8301"}],"curies":[{"name":"wp","href":"https:\/\/api.w.org\/{rel}","templated":true}]}}