{"id":8300,"date":"2025-08-06T10:50:06","date_gmt":"2025-08-06T08:50:06","guid":{"rendered":"https:\/\/www.palsjo.com\/se\/?post_type=product&#038;p=8300"},"modified":"2025-11-10T10:22:47","modified_gmt":"2025-11-10T09:22:47","slug":"vidar-laderbalte-brun","status":"publish","type":"product","link":"https:\/\/www.palsjo.com\/se\/produkt\/vidar-laderbalte-brun\/","title":{"rendered":"Vidar l\u00e4derb\u00e4lte brun"},"content":{"rendered":"<h2 data-start=\"147\" data-end=\"216\">Vidar l\u00e4derb\u00e4lte brun \u2013 stilren elegans med funktionell precision<\/h2>\n<p data-start=\"218\" data-end=\"744\">Vidar l\u00e4derb\u00e4lte brun kombinerar diskret elegans med genomt\u00e4nkt funktion. Hantverksm\u00e4ssigt tillverkat i Sverige med 4 mm (10\u201311 oz) exklusivt full grain vegetabiliskt garvat l\u00e4der fr\u00e5n <a href=\"https:\/\/tarnsjogarveri.com\" target=\"_blank\" rel=\"noopener\">T\u00e4rnsj\u00f6 Garveri<\/a>. Det karakteristiska rullsp\u00e4nnet i rostfritt st\u00e5l g\u00f6r att l\u00e4dret glider smidigt genom sp\u00e4nnet, minskar slitage och g\u00f6r det enkelt att justera. Med en bredd p\u00e5 35 mm passar b\u00e4ltet perfekt till dressade byxor och skapar ett stilrent, sofistikerat intryck. Ett m\u00e5ngsidigt brunt l\u00e4derb\u00e4lte med modern k\u00e4nsla \u2013 perfekt som dressb\u00e4lte.<\/p>\n<p data-start=\"746\" data-end=\"860\">Varje exemplar av Vidar l\u00e4derb\u00e4lte brun m\u00e5ttanpassas efter din exakta midja och levereras med v\u00e5r <a href=\"https:\/\/www.palsjo.com\/se\/livstidsgaranti\/\">livstidsgaranti<\/a>.<\/p>\n<h2 data-start=\"867\" data-end=\"903\">Detaljer \u2013 Vidar l\u00e4derb\u00e4lte brun<\/h2>\n<ul data-start=\"905\" data-end=\"1333\">\n<li data-start=\"905\" data-end=\"989\">\n<p data-start=\"907\" data-end=\"989\">Exklusivt brunt full grain vegetabiliskt garvat l\u00e4der fr\u00e5n T\u00e4rnsj\u00f6 Garveri (10\u201311 oz).<\/p>\n<\/li>\n<li data-start=\"990\" data-end=\"1055\">\n<p data-start=\"992\" data-end=\"1055\">Elegant 35 mm bredd \u2013 perfekt f\u00f6r en skr\u00e4ddad och stilren look.<\/p>\n<\/li>\n<li data-start=\"1056\" data-end=\"1121\">\n<p data-start=\"1058\" data-end=\"1121\">Rullsp\u00e4nne i massivt rostfritt st\u00e5l med matchande l\u00e4derh\u00e5llare.<\/p>\n<\/li>\n<li data-start=\"1122\" data-end=\"1195\">\n<p data-start=\"1124\" data-end=\"1195\">Handbr\u00e4nda kanter och l\u00e4tt vaxad finish f\u00f6r \u00f6kad h\u00e5llbarhet och k\u00e4nsla.<\/p>\n<\/li>\n<li data-start=\"1196\" data-end=\"1257\">\n<p data-start=\"1198\" data-end=\"1257\">Tillverkas efter din exakta midjem\u00e5tt f\u00f6r optimal passform.<\/p>\n<\/li>\n<li data-start=\"1258\" data-end=\"1333\">\n<p data-start=\"1260\" data-end=\"1333\">Hantverksm\u00e4ssigt tillverkat i Sverige enligt traditionella l\u00e4dertekniker.<\/p>\n<\/li>\n<\/ul>\n<h2>Hur du m\u00e4ter din b\u00e4ltesstorlek korrekt<\/h2>\n<div class=\"video-container\"><iframe title=\"How to measure your Palsjo\u0308 Belt\" width=\"1170\" height=\"658\" src=\"https:\/\/www.youtube.com\/embed\/gVP_R-Qk4P0?feature=oembed&#038;enablejsapi=1&#038;origin=https:\/\/www.palsjo.com\" frameborder=\"0\" allow=\"accelerometer; autoplay; clipboard-write; encrypted-media; gyroscope; picture-in-picture; web-share\" referrerpolicy=\"strict-origin-when-cross-origin\" allowfullscreen><\/iframe><\/div>\n<h3>Metod 1:<\/h3>\n<p>1. B\u00e4r dina favoritjeans<br \/>\n2. M\u00e4t fr\u00e5n den \u00f6versta knappen genom b\u00e4ltes\u00f6glorna till huvudknappen igen<br \/>\n3. Om du \u00e4r mellan storlekar, runda av till n\u00e4sta cm (t.ex. om din storlek \u00e4r 92,4 cm, best\u00e4ll 93 cm)<\/p>\n<p><img decoding=\"async\" class=\"alignnone size-full wp-image-687\" src=\"https:\/\/www.palsjo.com\/se\/wp-content\/uploads\/Belt-Measure-Method1.jpg\" alt=\"Harry brunt l\u00e4derb\u00e4lte med m\u00e4ssingssp\u00e4nne\" width=\"458\" \/><\/p>\n<h3>Metod 2:<\/h3>\n<p>1. M\u00e4t ditt befintliga b\u00e4lte fr\u00e5n spetsen p\u00e5 sp\u00e4nnet till det mest anv\u00e4nda h\u00e5let. R\u00e4ta ut b\u00e4ltet medan du m\u00e4ter.<br \/>\n2. Om du \u00e4r mellan storlekarna, runda av till n\u00e4sta cm (t.ex. om din storlek \u00e4r 92,4 cm, best\u00e4ll 93 cm)<\/p>\n<p><img decoding=\"async\" class=\"alignnone size-full wp-image-687\" src=\"https:\/\/www.palsjo.com\/se\/wp-content\/uploads\/belt-measure.jpg\" alt=\"Harry brunt l\u00e4derb\u00e4lte med m\u00e4ssingssp\u00e4nne\" width=\"458\" \/><\/p>\n<p>&nbsp;<\/p>\n<p><strong>Obs<\/strong>: Vi vill att v\u00e5ra b\u00e4lten ska passa dig perfekt. D\u00e4rf\u00f6r erbjuder vi v\u00e5ra b\u00e4lten i steg om 1 cm. Varje b\u00e4lte byggs n\u00e4r vi f\u00e5r en best\u00e4llning och \u00e4r dimensionerat efter ditt exakta midjem\u00e5tt. D\u00e4rf\u00f6r kan v\u00e5ra b\u00e4lten inte returneras eller \u00e5terbetalas.<\/p>\n","protected":false},"excerpt":{"rendered":"<p><strong data-start=\"94\" data-end=\"119\">Vidar l\u00e4derb\u00e4lte brun<\/strong>: Hantverksm\u00e4ssigt tillverkat dressb\u00e4lte i 35 mm bredd med rullsp\u00e4nne. Exklusivt vegetabilgarvat l\u00e4der. Anpassat efter din midja. Livstidsgaranti. Fri frakt.<\/p>\n","protected":false},"featured_media":8289,"comment_status":"open","ping_status":"closed","template":"","meta":[],"product_brand":[],"product_cat":[250,263],"product_tag":[266,53,60],"class_list":{"0":"post-8300","1":"product","2":"type-product","3":"status-publish","4":"has-post-thumbnail","6":"product_cat-kostymbalten-for-herr","7":"product_cat-balten-for-herr","8":"product_tag-balten-for-herr-med-spanne-i-rostfritt-stal","9":"product_tag-bruna-laderbalten-for-herr","10":"product_tag-smala-laderbalten-for-herr","12":"first","13":"instock","14":"taxable","15":"shipping-taxable","16":"purchasable","17":"product-type-variable"},"_links":{"self":[{"href":"https:\/\/www.palsjo.com\/se\/wp-json\/wp\/v2\/product\/8300","targetHints":{"allow":["GET"]}}],"collection":[{"href":"https:\/\/www.palsjo.com\/se\/wp-json\/wp\/v2\/product"}],"about":[{"href":"https:\/\/www.palsjo.com\/se\/wp-json\/wp\/v2\/types\/product"}],"replies":[{"embeddable":true,"href":"https:\/\/www.palsjo.com\/se\/wp-json\/wp\/v2\/comments?post=8300"}],"wp:featuredmedia":[{"embeddable":true,"href":"https:\/\/www.palsjo.com\/se\/wp-json\/wp\/v2\/media\/8289"}],"wp:attachment":[{"href":"https:\/\/www.palsjo.com\/se\/wp-json\/wp\/v2\/media?parent=8300"}],"wp:term":[{"taxonomy":"product_brand","embeddable":true,"href":"https:\/\/www.palsjo.com\/se\/wp-json\/wp\/v2\/product_brand?post=8300"},{"taxonomy":"product_cat","embeddable":true,"href":"https:\/\/www.palsjo.com\/se\/wp-json\/wp\/v2\/product_cat?post=8300"},{"taxonomy":"product_tag","embeddable":true,"href":"https:\/\/www.palsjo.com\/se\/wp-json\/wp\/v2\/product_tag?post=8300"}],"curies":[{"name":"wp","href":"https:\/\/api.w.org\/{rel}","templated":true}]}}