{"id":8287,"date":"2025-08-06T10:49:30","date_gmt":"2025-08-06T08:49:30","guid":{"rendered":"https:\/\/www.palsjo.com\/se\/?post_type=product&#038;p=8287"},"modified":"2025-11-10T10:23:12","modified_gmt":"2025-11-10T09:23:12","slug":"vidar-laderbalte-natur","status":"publish","type":"product","link":"https:\/\/www.palsjo.com\/se\/produkt\/vidar-laderbalte-natur\/","title":{"rendered":"Vidar l\u00e4derb\u00e4lte natur"},"content":{"rendered":"<p data-start=\"151\" data-end=\"557\"><strong data-start=\"151\" data-end=\"225\">Ge din formella garderob en personlig touch med Vidar l\u00e4derb\u00e4lte natur<\/strong><\/p>\n<p data-start=\"151\" data-end=\"557\">Vidar l\u00e4derb\u00e4lte natur \u00e4r ett b\u00e4lte som sticker ut \u2013 varsamt handgjort i Sverige av rent, naturligt full grain vegetabiliskt garvat l\u00e4der (4 mm \/ 10\u201311 oz) fr\u00e5n <a href=\"https:\/\/tarnsjogarveri.com\" target=\"_blank\" rel=\"noopener\">T\u00e4rnsj\u00f6 Garveri<\/a>. L\u00e4dret \u00e4r helt obehandlat och of\u00e4rgat, vilket inneb\u00e4r att det med tiden utvecklar en vacker, personlig patina. Ett b\u00e4lte som \u00e5ldras med stil och ber\u00e4ttar just din historia.<\/p>\n<p data-start=\"559\" data-end=\"880\">Det som s\u00e4rskiljer Vidar l\u00e4derb\u00e4lte natur \u00e4r det solida rullsp\u00e4nnet i rostfritt st\u00e5l. Det g\u00f6r det enkelt att justera l\u00e4ngden och skyddar samtidigt l\u00e4dret fr\u00e5n on\u00f6digt slitage. Med sin eleganta bredd p\u00e5 35 mm kombinerar detta b\u00e4lte stilren enkelhet med praktisk funktion \u2013 perfekt till b\u00e5de kostym och skr\u00e4ddarsydda byxor.<\/p>\n<p data-start=\"882\" data-end=\"973\">Varje b\u00e4lte m\u00e5ttanpassas efter din exakta midja \u2013 och som alltid ing\u00e5r v\u00e5r <a href=\"https:\/\/www.palsjo.com\/se\/livstidsgaranti\/\">livstidsgaranti<\/a>.<\/p>\n<h2 data-start=\"980\" data-end=\"1019\"><strong data-start=\"980\" data-end=\"1017\">Vidar l\u00e4derb\u00e4lte natur \u2013 Detaljer<\/strong><\/h2>\n<ul data-start=\"1020\" data-end=\"1452\">\n<li data-start=\"1020\" data-end=\"1112\">\n<p data-start=\"1022\" data-end=\"1112\">Exklusivt of\u00e4rgat full grain-l\u00e4der (vegetabiliskt garvat, 10\u201311 oz) fr\u00e5n T\u00e4rnsj\u00f6 Garveri<\/p>\n<\/li>\n<li data-start=\"1020\" data-end=\"1112\">\n<p data-start=\"1022\" data-end=\"1112\">Stilren rembredd p\u00e5 35 mm (1.38&#8243;) \u2013 passar perfekt till formella outfits<\/p>\n<\/li>\n<li data-start=\"1190\" data-end=\"1255\">\n<p data-start=\"1192\" data-end=\"1255\">Robust rullsp\u00e4nne i rostfritt st\u00e5l med matchande l\u00e4derh\u00e5llare<\/p>\n<\/li>\n<li data-start=\"1256\" data-end=\"1335\">\n<p data-start=\"1258\" data-end=\"1335\">Kanter som \u00e4r varsamt br\u00e4nda och handvaxade f\u00f6r \u00f6kad h\u00e5llbarhet och komfort<\/p>\n<\/li>\n<li data-start=\"1336\" data-end=\"1384\">\n<p data-start=\"1338\" data-end=\"1384\">Tillverkas m\u00e5ttanpassat f\u00f6r perfekt passform<\/p>\n<\/li>\n<li data-start=\"1385\" data-end=\"1452\">\n<p data-start=\"1387\" data-end=\"1452\">Handgjort i Sverige enligt traditionella l\u00e4derhantverkstekniker<\/p>\n<\/li>\n<\/ul>\n<h2>Hur du m\u00e4ter din b\u00e4ltesstorlek korrekt<\/h2>\n<div class=\"video-container\"><iframe title=\"How to measure your Palsjo\u0308 Belt\" width=\"1170\" height=\"658\" src=\"https:\/\/www.youtube.com\/embed\/gVP_R-Qk4P0?feature=oembed&#038;enablejsapi=1&#038;origin=https:\/\/www.palsjo.com\" frameborder=\"0\" allow=\"accelerometer; autoplay; clipboard-write; encrypted-media; gyroscope; picture-in-picture; web-share\" referrerpolicy=\"strict-origin-when-cross-origin\" allowfullscreen><\/iframe><\/div>\n<h3>Metod 1:<\/h3>\n<p>1. B\u00e4r dina favoritjeans<br \/>\n2. M\u00e4t fr\u00e5n den \u00f6versta knappen genom b\u00e4ltes\u00f6glorna till huvudknappen igen<br \/>\n3. Om du \u00e4r mellan storlekar, runda av till n\u00e4sta cm (t.ex. om din storlek \u00e4r 92,4 cm, best\u00e4ll 93 cm)<\/p>\n<p><img decoding=\"async\" class=\"alignnone size-full wp-image-687\" src=\"https:\/\/www.palsjo.com\/se\/wp-content\/uploads\/Belt-Measure-Method1.jpg\" alt=\"Harry brunt l\u00e4derb\u00e4lte med m\u00e4ssingssp\u00e4nne\" width=\"458\" \/><\/p>\n<h3>Metod 2:<\/h3>\n<p>1. M\u00e4t ditt befintliga b\u00e4lte fr\u00e5n spetsen p\u00e5 sp\u00e4nnet till det mest anv\u00e4nda h\u00e5let. R\u00e4ta ut b\u00e4ltet medan du m\u00e4ter.<br \/>\n2. Om du \u00e4r mellan storlekarna, runda av till n\u00e4sta cm (t.ex. om din storlek \u00e4r 92,4 cm, best\u00e4ll 93 cm)<\/p>\n<p><img decoding=\"async\" class=\"alignnone size-full wp-image-687\" src=\"https:\/\/www.palsjo.com\/se\/wp-content\/uploads\/belt-measure.jpg\" alt=\"Harry brunt l\u00e4derb\u00e4lte med m\u00e4ssingssp\u00e4nne\" width=\"458\" \/><\/p>\n<p>&nbsp;<\/p>\n<p><strong>Obs<\/strong>: Vi vill att v\u00e5ra b\u00e4lten ska passa dig perfekt. D\u00e4rf\u00f6r erbjuder vi v\u00e5ra b\u00e4lten i steg om 1 cm. Varje b\u00e4lte byggs n\u00e4r vi f\u00e5r en best\u00e4llning och \u00e4r dimensionerat efter ditt exakta midjem\u00e5tt. D\u00e4rf\u00f6r kan v\u00e5ra b\u00e4lten inte returneras eller \u00e5terbetalas.<\/p>\n","protected":false},"excerpt":{"rendered":"<p>Vidar l\u00e4derb\u00e4lte natur: Tillverkat i Sverige. 35 mm brett. Full grain vegetabiliskt garvat l\u00e4der med rullsp\u00e4nne. M\u00e5ttanpassat. Livstidsgaranti. Fri frakt.<\/p>\n","protected":false},"featured_media":8288,"comment_status":"open","ping_status":"closed","template":"","meta":[],"product_brand":[],"product_cat":[250,263],"product_tag":[266,55,60],"class_list":{"0":"post-8287","1":"product","2":"type-product","3":"status-publish","4":"has-post-thumbnail","6":"product_cat-kostymbalten-for-herr","7":"product_cat-balten-for-herr","8":"product_tag-balten-for-herr-med-spanne-i-rostfritt-stal","9":"product_tag-naturfargade-laderbalten-for-herr","10":"product_tag-smala-laderbalten-for-herr","12":"first","13":"instock","14":"taxable","15":"shipping-taxable","16":"purchasable","17":"product-type-variable"},"_links":{"self":[{"href":"https:\/\/www.palsjo.com\/se\/wp-json\/wp\/v2\/product\/8287","targetHints":{"allow":["GET"]}}],"collection":[{"href":"https:\/\/www.palsjo.com\/se\/wp-json\/wp\/v2\/product"}],"about":[{"href":"https:\/\/www.palsjo.com\/se\/wp-json\/wp\/v2\/types\/product"}],"replies":[{"embeddable":true,"href":"https:\/\/www.palsjo.com\/se\/wp-json\/wp\/v2\/comments?post=8287"}],"wp:featuredmedia":[{"embeddable":true,"href":"https:\/\/www.palsjo.com\/se\/wp-json\/wp\/v2\/media\/8288"}],"wp:attachment":[{"href":"https:\/\/www.palsjo.com\/se\/wp-json\/wp\/v2\/media?parent=8287"}],"wp:term":[{"taxonomy":"product_brand","embeddable":true,"href":"https:\/\/www.palsjo.com\/se\/wp-json\/wp\/v2\/product_brand?post=8287"},{"taxonomy":"product_cat","embeddable":true,"href":"https:\/\/www.palsjo.com\/se\/wp-json\/wp\/v2\/product_cat?post=8287"},{"taxonomy":"product_tag","embeddable":true,"href":"https:\/\/www.palsjo.com\/se\/wp-json\/wp\/v2\/product_tag?post=8287"}],"curies":[{"name":"wp","href":"https:\/\/api.w.org\/{rel}","templated":true}]}}