{"id":8250,"date":"2025-07-02T10:48:33","date_gmt":"2025-07-02T08:48:33","guid":{"rendered":"https:\/\/www.palsjo.com\/se\/?post_type=product&#038;p=8250"},"modified":"2025-11-10T10:25:05","modified_gmt":"2025-11-10T09:25:05","slug":"harry-morkbrunt-laderbalte-med-rostfritt-stalspanne","status":"publish","type":"product","link":"https:\/\/www.palsjo.com\/se\/produkt\/harry-morkbrunt-laderbalte-med-rostfritt-stalspanne\/","title":{"rendered":"Harry m\u00f6rkbrunt l\u00e4derb\u00e4lte med rostfritt st\u00e5lsp\u00e4nne"},"content":{"rendered":"<p>Harry m\u00f6rkbrunt l\u00e4derb\u00e4lte med rostfritt st\u00e5lsp\u00e4nne erbjuder en djup och modern stil. Det visar upp den rika, n\u00e4stan svarta tonen hos m\u00f6rkbrunt l\u00e4der, parat med ett robust och tidl\u00f6st sp\u00e4nne i massivt rostfritt st\u00e5l. B\u00e4ltet \u00e4r handgjort i Sverige av 4mm (10-11 oz) vegetabiliskt garvat full grain-l\u00e4der fr\u00e5n <a href=\"https:\/\/tarnsjogarveri.com\" target=\"_blank\" rel=\"noopener\">T\u00e4rnsj\u00f6 Garveri<\/a>, designat att \u00e5ldras vackert och utveckla en subtil patina.<\/p>\n<p>Rostfria st\u00e5lsp\u00e4nnen \u00e4r ett utm\u00e4rkt val f\u00f6r b\u00e4lten tack vare deras exceptionella h\u00e5llbarhet, korrosionsbest\u00e4ndighet och f\u00f6rm\u00e5ga att beh\u00e5lla sin rena, ljusa lyster utan att missf\u00e4rgas. Harry m\u00f6rkbrunt l\u00e4derb\u00e4lte med rostfritt st\u00e5lsp\u00e4nne erbjuder en minimalistisk och funktionell estetik som skapar en sofistikerad kontrast till det m\u00f6rkbruna l\u00e4drets djupa toner.<\/p>\n<p>Varje Harry m\u00f6rkbrunt l\u00e4derb\u00e4lte med rostfritt st\u00e5lsp\u00e4nne anpassas efter ditt exakta midjem\u00e5tt f\u00f6r en perfekt passform. Och precis som med alla v\u00e5ra produkter, backas det av v\u00e5r <a href=\"https:\/\/www.palsjo.com\/se\/livstidsgaranti\/\">livstidsgaranti<\/a>.<\/p>\n<h2>Harry m\u00f6rkbrunt l\u00e4derb\u00e4lte med rostfritt st\u00e5lsp\u00e4nne \u2013 detaljer<\/h2>\n<ul>\n<li>M\u00f6rkbrunt vegetabiliskt garvat full grain-l\u00e4der fr\u00e5n T\u00e4rnsj\u00f6 Garveri (10-11 oz), designat f\u00f6r en rik patinautveckling.<\/li>\n<li>Utrustad med ett robust sp\u00e4nne i massivt rostfritt st\u00e5l, k\u00e4nt f\u00f6r sin renhet och exceptionella styrka.<\/li>\n<li>Detta st\u00e5lsp\u00e4nne beh\u00e5ller sin rena, ljusa lyster utan att utveckla patina, f\u00f6r en konsekvent modern estetik.<\/li>\n<li>Noggrant handgjort i Sverige, vilket s\u00e4kerst\u00e4ller \u00f6verl\u00e4gset hantverk.<\/li>\n<li>Gener\u00f6s 1.5\u2033 \/ 38mm b\u00e4ltesrembredd, idealisk f\u00f6r en stark casual look.<\/li>\n<li>Anpassas efter ditt exakta midjem\u00e5tt, vilket garanterar en bekv\u00e4m och precis passform.<\/li>\n<li>Handgjort i Sverige med traditionellt l\u00e4derhantverk f\u00f6r att h\u00e5lla i decennier.<\/li>\n<\/ul>\n<h2>Hur du m\u00e4ter din b\u00e4ltesstorlek korrekt<\/h2>\n<div class=\"video-container\"><iframe title=\"How to measure your Palsjo\u0308 Belt\" width=\"1170\" height=\"658\" src=\"https:\/\/www.youtube.com\/embed\/gVP_R-Qk4P0?feature=oembed&#038;enablejsapi=1&#038;origin=https:\/\/www.palsjo.com\" frameborder=\"0\" allow=\"accelerometer; autoplay; clipboard-write; encrypted-media; gyroscope; picture-in-picture; web-share\" referrerpolicy=\"strict-origin-when-cross-origin\" allowfullscreen><\/iframe><\/div>\n<p>Metod 1:<\/p>\n<p>1. B\u00e4r dina favoritjeans<br \/>\n2. M\u00e4t fr\u00e5n den \u00f6versta knappen genom b\u00e4ltes\u00f6glorna till huvudknappen igen<br \/>\n3. Om du \u00e4r mellan storlekar, runda av till n\u00e4sta cm (t.ex. om din storlek \u00e4r 92,4 cm, best\u00e4ll 93 cm)<\/p>\n<p><img decoding=\"async\" class=\"alignnone size-full wp-image-687\" src=\"https:\/\/www.palsjo.com\/se\/wp-content\/uploads\/Belt-Measure-Method1.jpg\" alt=\"\" width=\"458\"><\/p>\n<p>Metod 2:<\/p>\n<p>1. M\u00e4t ditt befintliga b\u00e4lte fr\u00e5n spetsen p\u00e5 sp\u00e4nnet till det mest anv\u00e4nda h\u00e5let. R\u00e4ta ut b\u00e4ltet medan du m\u00e4ter.<br \/>\n2. Om du \u00e4r mellan storlekarna, runda av till n\u00e4sta cm (t.ex. om din storlek \u00e4r 92,4 cm, best\u00e4ll 93 cm)<\/p>\n<p><img decoding=\"async\" class=\"alignnone size-full wp-image-687\" src=\"https:\/\/www.palsjo.com\/se\/wp-content\/uploads\/belt-measure.jpg\" alt=\"\" width=\"458\"><\/p>\n<p>&nbsp;<\/p>\n<p><strong>Obs<\/strong>: Vi vill att v\u00e5ra b\u00e4lten ska passa dig perfekt. D\u00e4rf\u00f6r erbjuder vi v\u00e5ra b\u00e4lten i steg om 1 cm. Varje b\u00e4lte byggs n\u00e4r vi f\u00e5r en best\u00e4llning och \u00e4r dimensionerat efter ditt exakta midjem\u00e5tt. D\u00e4rf\u00f6r kan v\u00e5ra b\u00e4lten inte returneras eller \u00e5terbetalas.<\/p>\n<p>Utforska v\u00e5ra <a href=\"https:\/\/www.palsjo.com\/se\/produktkategori\/laderbalten\/laderbalten-for-herr\/morkbruna-laderbalten-for-herr\/\">m\u00f6rkbruna l\u00e4derb\u00e4lten f\u00f6r herr<\/a>\u00a0och v\u00e5rt urval av <a class=\"ng-star-inserted\" href=\"https:\/\/www.palsjo.com\/se\/produktkategori\/laderbalten\/laderbalten-for-herr\/laderbalten-for-herr-med-rostfritt-stalspanne\/\" target=\"_blank\" rel=\"noopener\">l\u00e4derb\u00e4lten f\u00f6r herr med rostfritt st\u00e5lsp\u00e4nne<\/a>. Utforska v\u00e5rt sortiment av <a class=\"ng-star-inserted\" href=\"https:\/\/www.palsjo.com\/se\/produktkategori\/laderbalten\/laderbalten-for-herr\/\" target=\"_blank\" rel=\"noopener\">l\u00e4derb\u00e4lten f\u00f6r herr<\/a> och v\u00e4lj ditt favoritb\u00e4lte att matcha dina jeans och chinos.<\/p>\n<ul>\n<li style=\"list-style-type: none;\"><\/li>\n<\/ul>\n","protected":false},"excerpt":{"rendered":"<p>Harry m\u00f6rkbrunt l\u00e4derb\u00e4lte med rostfritt st\u00e5lsp\u00e4nne: Handgjort i Sverige. Djupt m\u00f6rkbrunt vegetabiliskt garvat full grain-l\u00e4der. Livstidsgaranti. Fri frakt.<\/p>\n","protected":false},"featured_media":8172,"comment_status":"open","ping_status":"closed","template":"","meta":[],"product_brand":[],"product_cat":[27,263],"product_tag":[266],"class_list":{"0":"post-8250","1":"product","2":"type-product","3":"status-publish","4":"has-post-thumbnail","6":"product_cat-laderbalten","7":"product_cat-balten-for-herr","8":"product_tag-balten-for-herr-med-spanne-i-rostfritt-stal","10":"first","11":"instock","12":"taxable","13":"shipping-taxable","14":"purchasable","15":"product-type-variable"},"_links":{"self":[{"href":"https:\/\/www.palsjo.com\/se\/wp-json\/wp\/v2\/product\/8250","targetHints":{"allow":["GET"]}}],"collection":[{"href":"https:\/\/www.palsjo.com\/se\/wp-json\/wp\/v2\/product"}],"about":[{"href":"https:\/\/www.palsjo.com\/se\/wp-json\/wp\/v2\/types\/product"}],"replies":[{"embeddable":true,"href":"https:\/\/www.palsjo.com\/se\/wp-json\/wp\/v2\/comments?post=8250"}],"wp:featuredmedia":[{"embeddable":true,"href":"https:\/\/www.palsjo.com\/se\/wp-json\/wp\/v2\/media\/8172"}],"wp:attachment":[{"href":"https:\/\/www.palsjo.com\/se\/wp-json\/wp\/v2\/media?parent=8250"}],"wp:term":[{"taxonomy":"product_brand","embeddable":true,"href":"https:\/\/www.palsjo.com\/se\/wp-json\/wp\/v2\/product_brand?post=8250"},{"taxonomy":"product_cat","embeddable":true,"href":"https:\/\/www.palsjo.com\/se\/wp-json\/wp\/v2\/product_cat?post=8250"},{"taxonomy":"product_tag","embeddable":true,"href":"https:\/\/www.palsjo.com\/se\/wp-json\/wp\/v2\/product_tag?post=8250"}],"curies":[{"name":"wp","href":"https:\/\/api.w.org\/{rel}","templated":true}]}}