{"id":8013,"date":"2025-03-28T12:01:44","date_gmt":"2025-03-28T11:01:44","guid":{"rendered":"https:\/\/www.palsjo.com\/se\/?post_type=product&#038;p=8013"},"modified":"2025-11-30T16:19:09","modified_gmt":"2025-11-30T15:19:09","slug":"heirloom-roughout-suede-dubbelt-laderbalte","status":"publish","type":"product","link":"https:\/\/www.palsjo.com\/se\/produkt\/heirloom-roughout-suede-dubbelt-laderbalte\/","title":{"rendered":"Heirloom roughout suede dubbelt l\u00e4derb\u00e4lte"},"content":{"rendered":"<p class=\"\" data-start=\"0\" data-end=\"96\">Ett b\u00e4lte som v\u00e5rt Heirloom Roughout Suede dubbelt l\u00e4derb\u00e4lte \u00e4r n\u00e5got alldeles speciellt.<\/p>\n<p class=\"\" data-start=\"98\" data-end=\"442\">I flera \u00e5r har jag letat efter det perfekta, robusta roughout-b\u00e4ltet som matchar mina heritage roughout-boots fr\u00e5n m\u00e4rken som Red Wing Shoes, John Lofgren och Oak Street Bootmakers. Vanliga sl\u00e4ta l\u00e4derb\u00e4lten ser helt enkelt malplacerade ut tillsammans med ett par roughout-boots \u2013 de h\u00f6r inte ihop. S\u00e5 jag best\u00e4mde mig f\u00f6r att g\u00f6ra mitt eget.<\/p>\n<p class=\"\" data-start=\"444\" data-end=\"909\">Handgjort i Sverige i en <strong data-start=\"469\" data-end=\"517\">ultrabegr\u00e4nsad upplaga p\u00e5 endast 20 exemplar<\/strong>, \u00e4r detta <strong data-start=\"528\" data-end=\"583\">arvegods-v\u00e4rdiga roughout suede dubbelt l\u00e4derb\u00e4lte<\/strong>\u00a0skapat f\u00f6r dig som \u00e4lskar att b\u00e4ra dina roughout-boots tillsammans med ett par r\u00e5denim. Med tiden kommer detta roughout-b\u00e4lte att plocka upp indigo fr\u00e5n dina jeans och utveckla en patina som ber\u00e4ttar din historia \u2013 precis som dina boots g\u00f6r. Jag har burit mitt i n\u00e5gra veckor nu, och patinan b\u00f6rjar redan se riktigt fin ut!<\/p>\n<h3 class=\"\" data-start=\"911\" data-end=\"1007\"><strong data-start=\"915\" data-end=\"1005\">Heirloom Roughout Suede dubbelt l\u00e4derb\u00e4lte \u2013 \u00d6verl\u00e4gset hantverk &amp; exklusiva material<\/strong><\/h3>\n<p class=\"\" data-start=\"1009\" data-end=\"1952\">\u2714 <strong data-start=\"1011\" data-end=\"1022\">L\u00e4dret:<\/strong> Tillverkat av vegetabiliskt garvat l\u00e4der fr\u00e5n <a href=\"https:\/\/tarnsjogarveri.com\" target=\"_blank\" rel=\"noopener\"><strong data-start=\"1069\" data-end=\"1088\">T\u00e4rnsj\u00f6 Garveri<\/strong><\/a>, ett av v\u00e4rldens mest prestigefyllda garverier. Basen \u00e4r en <strong data-start=\"1149\" data-end=\"1195\">8oz (3,5 mm) tjock rem av full-grain-l\u00e4der<\/strong>, kombinerat med ett <strong data-start=\"1216\" data-end=\"1255\">4-5oz (1,6 mm) roughout suede-lager<\/strong> \u2013 den perfekta balansen mellan slitstyrka och komfort.<br data-start=\"1310\" data-end=\"1313\" \/>\u2714 <strong data-start=\"1315\" data-end=\"1353\">M\u00e5ttanpassat f\u00f6r perfekt passform:<\/strong> Till skillnad fr\u00e5n massproducerade b\u00e4lten skr\u00e4ddarsys detta efter din exakta midjestorlek \u2013 f\u00f6r att passformen spelar roll.<br data-start=\"1477\" data-end=\"1480\" data-is-only-node=\"\" \/>\u2714 <strong data-start=\"1482\" data-end=\"1495\">S\u00f6mnaden:<\/strong> Sytt med slitstark<strong data-start=\"1505\" data-end=\"1538\">\u00a0G\u00fctermann-tr\u00e5d<\/strong>, vilket ger extrem h\u00e5llbarhet i \u00e5rtionden.<br data-start=\"1581\" data-end=\"1584\" \/>\u2714 <strong data-start=\"1586\" data-end=\"1598\">Sp\u00e4nnet:<\/strong> Ett <strong data-start=\"1603\" data-end=\"1640\">CNC-fr\u00e4st sp\u00e4nne i massiv m\u00e4ssing<\/strong> \u2013 otroligt slitstarkt med en tidl\u00f6s elegans. Det h\u00e4r \u00e4r inget vanlig gjutet m\u00e4ssingssp\u00e4nne \u2013 det \u00e4r en exklusiv, h\u00f6gkvalitativ detalj som g\u00f6r b\u00e4ltet till ett riktigt arvegods.<br data-start=\"1816\" data-end=\"1819\" \/>\u2714 <strong data-start=\"1821\" data-end=\"1845\">Handgjorda detaljer:<\/strong> Kanterna \u00e4r <strong>rundade\u00a0och polerade f\u00f6r hand<\/strong>, vilket ger en mjuk, lyxig finish och en komfort som varar.<\/p>\n<h3 class=\"\" data-start=\"1954\" data-end=\"2018\"><strong data-start=\"1958\" data-end=\"2016\">Ultrabegr\u00e4nsad upplaga \u2013 Endast 20 b\u00e4lten tillg\u00e4ngliga<\/strong><\/h3>\n<p class=\"\" data-start=\"2019\" data-end=\"2301\">Men h\u00e4r \u00e4r grejen \u2013 detta \u00e4r en <strong data-start=\"2051\" data-end=\"2072\">v\u00e4ldigt begr\u00e4nsad<\/strong> lansering. Vi lyckades l\u00e4gga vantarna p\u00e5 ett litet antal l\u00e4derhudar av denna kvalitet och dessa extremt s\u00e4llsynta m\u00e4ssingssp\u00e4nnen, vilket g\u00f6r att vi bara kan tillverka <strong data-start=\"2236\" data-end=\"2256\">20 b\u00e4lten totalt<\/strong>. N\u00e4r dessa \u00e4r slut, \u00e4r de slut \u2013 f\u00f6r gott.<\/p>\n<p class=\"\" data-start=\"2303\" data-end=\"2427\"><strong data-start=\"2303\" data-end=\"2344\">Vill du ha ett? V\u00e4nta inte f\u00f6r l\u00e4nge.<\/strong><br data-start=\"2344\" data-end=\"2347\" \/>S\u00e4kra ditt <strong data-start=\"2358\" data-end=\"2405\">Heirloom Roughout Suede dubbelt l\u00e4derb\u00e4lte<\/strong> innan de s\u00e4ljer slut!<\/p>\n<h2>Hur du m\u00e4ter din b\u00e4ltesstorlek korrekt<\/h2>\n<div class=\"video-container\"><iframe title=\"How to measure your Palsjo\u0308 Belt\" width=\"1170\" height=\"658\" src=\"https:\/\/www.youtube.com\/embed\/gVP_R-Qk4P0?feature=oembed&#038;enablejsapi=1&#038;origin=https:\/\/www.palsjo.com\" frameborder=\"0\" allow=\"accelerometer; autoplay; clipboard-write; encrypted-media; gyroscope; picture-in-picture; web-share\" referrerpolicy=\"strict-origin-when-cross-origin\" allowfullscreen><\/iframe><\/div>\n<p data-start=\"2303\" data-end=\"2427\">Se alla v\u00e5ra <a href=\"https:\/\/www.palsjo.com\/se\/laderbalten\/\" target=\"_blank\" rel=\"noopener\">l\u00e4derb\u00e4lten<\/a><\/p>\n","protected":false},"excerpt":{"rendered":"<p>Heirloom Roughout Suede dubbelt l\u00e4derb\u00e4lte, \u00e4r handgjorda genom att sy tv\u00e5 lager av 8oz + 5oz av premium vegetabiliskt garvat l\u00e4der. Fri frakt \u00f6ver hela v\u00e4rlden.<\/p>\n","protected":false},"featured_media":8021,"comment_status":"open","ping_status":"closed","template":"","meta":[],"product_brand":[],"product_cat":[27,263],"product_tag":[53,45,54,46],"class_list":{"0":"post-8013","1":"product","2":"type-product","3":"status-publish","4":"has-post-thumbnail","6":"product_cat-laderbalten","7":"product_cat-balten-for-herr","8":"product_tag-bruna-laderbalten-for-herr","9":"product_tag-bruna-laderprodukter","10":"product_tag-morkbruna-laderbalten-for-herr","11":"product_tag-morkbruna-laderprodukter","13":"first","14":"outofstock","15":"taxable","16":"shipping-taxable","17":"purchasable","18":"product-type-variable"},"_links":{"self":[{"href":"https:\/\/www.palsjo.com\/se\/wp-json\/wp\/v2\/product\/8013","targetHints":{"allow":["GET"]}}],"collection":[{"href":"https:\/\/www.palsjo.com\/se\/wp-json\/wp\/v2\/product"}],"about":[{"href":"https:\/\/www.palsjo.com\/se\/wp-json\/wp\/v2\/types\/product"}],"replies":[{"embeddable":true,"href":"https:\/\/www.palsjo.com\/se\/wp-json\/wp\/v2\/comments?post=8013"}],"wp:featuredmedia":[{"embeddable":true,"href":"https:\/\/www.palsjo.com\/se\/wp-json\/wp\/v2\/media\/8021"}],"wp:attachment":[{"href":"https:\/\/www.palsjo.com\/se\/wp-json\/wp\/v2\/media?parent=8013"}],"wp:term":[{"taxonomy":"product_brand","embeddable":true,"href":"https:\/\/www.palsjo.com\/se\/wp-json\/wp\/v2\/product_brand?post=8013"},{"taxonomy":"product_cat","embeddable":true,"href":"https:\/\/www.palsjo.com\/se\/wp-json\/wp\/v2\/product_cat?post=8013"},{"taxonomy":"product_tag","embeddable":true,"href":"https:\/\/www.palsjo.com\/se\/wp-json\/wp\/v2\/product_tag?post=8013"}],"curies":[{"name":"wp","href":"https:\/\/api.w.org\/{rel}","templated":true}]}}