{"id":469,"date":"2023-10-05T11:34:32","date_gmt":"2023-10-05T09:34:32","guid":{"rendered":"https:\/\/d.r101.wbsprt.com\/nordicedc.com\/?post_type=product&#038;p=469"},"modified":"2025-09-04T10:35:46","modified_gmt":"2025-09-04T08:35:46","slug":"nr-62-biker-laderplanbok-svart","status":"publish","type":"product","link":"https:\/\/www.palsjo.com\/se\/produkt\/nr-62-biker-laderplanbok-svart\/","title":{"rendered":"Nr. 62 biker l\u00e4derpl\u00e5nbok svart"},"content":{"rendered":"<p>H\u00e4r \u00e4r ber\u00e4ttelsen om hur vi kom till att designa v\u00e5r Nr. 62 biker l\u00e4derpl\u00e5nbok svart:<br \/>\nIbland f\u00e5r man en id\u00e9 man helt enkelt inte sl\u00e4ppa taget om. Man t\u00e4nker p\u00e5 den natt och dag och sedan f\u00f6rvandlas id\u00e9n bit f\u00f6r bit till en ritning och en prototyp. Man provar och \u00e4ndrar och ifr\u00e5gas\u00e4tter varje millimeter &#8211; man designar om och \u00e4ndrar igen och s\u00e5 pl\u00f6tsligt inser man att id\u00e9n och visionen nu har blivit verklighet och man h\u00e5ller den i sin hand, och det k\u00e4nns helt perfekt!<\/p>\n<p>Tanken var att skapa en snyggare modern version av de <a href=\"https:\/\/www.palsjo.com\/se\/produkt-tagg\/bifold-planbok\/\">dubbelvikta pl\u00e5nb\u00f6ckerna<\/a>, gjord av l\u00e4der av h\u00f6gsta kvalitet som passar varje aspekt f\u00f6r anv\u00e4ndning av den moderna mannen. Detta resulterar i l\u00e4derpl\u00e5nboken nr 62 som \u00e4r helt tillverkad f\u00f6r hand med en valfri fl\u00e4tad pl\u00e5nbokskedja i l\u00e4der och solid m\u00e4ssing. Den h\u00e4r kommer att bli din nya livskamrat.<\/p>\n<p>Denna enf\u00e4rgade Nr. 62 biker l\u00e4derpl\u00e5nbok natur ger en sofistikerad, exklusiv k\u00e4nsla. L\u00e4derdelarna \u00e4r sadelsydda f\u00f6r hand med vit tr\u00e5d f\u00f6r att skapa en elegant och h\u00e5llbar l\u00e4derpl\u00e5nbok. L\u00e4dret vi anv\u00e4nder till denna pl\u00e5nbok kommer som alltid fr\u00e5n ett av de mest k\u00e4nda garverierna i v\u00e4rlden och v\u00e5r svenska stolthet, <a href=\"https:\/\/tarnsjogarveri.com\/environment\/\" target=\"_blank\" rel=\"noopener\">T\u00e4rnsj\u00f6 Garveri<\/a> cirka 100 km norr om Stockholm. Kolla in No. 62 <a href=\"https:\/\/www.palsjo.com\/se\/produkt-tagg\/biker-planbok\/\">biker pl\u00e5nb\u00f6cker<\/a> i andra f\u00e4rger ocks\u00e5!<\/p>\n<h2>Nr. 62 Biker L\u00e4derpl\u00e5nbok Svart<\/h2>\n<ul>\n<li>6 fickor inklusive fyra vertikala framfickor och tv\u00e5 dolda fickor<\/li>\n<li>Premium l\u00e4derpl\u00e5nbok handgjord i Sverige<\/li>\n<li>T\u00dcV Rheinland och Organic Control Standard (OCS) certifierat l\u00e4der fr\u00e5n T\u00e4rnsj\u00f6 Garveri<\/li>\n<li>Anilinf\u00e4rgad med l\u00f6sliga f\u00e4rg\u00e4mnen utan att t\u00e4cka ytan med ol\u00f6sligt pigment eller t\u00e4ckf\u00e4rg<\/li>\n<li>3 oz. fullnarv vegetabiliskt garvat l\u00e4der; b\u00e4sta l\u00e4derkvalitet som finns<\/li>\n<li>0,6 mm Ritza 25 Tiger fl\u00e4tad polyestertr\u00e5d<\/li>\n<li>Traditionell sades\u00f6m, sydd f\u00f6r hand<\/li>\n<li>Polerade kanter och l\u00e4tt vaxad f\u00f6r hand<\/li>\n<li>Detaljer i massiv m\u00e4ssing<\/li>\n<li>M\u00e5tt st\u00e4ngd: 85 mm (B) x 115 mm (H) x 25 mm (T)<\/li>\n<li>M\u00e5tt \u00f6ppen: 245 mm (B) x 115 mm (H) x 8 mm (T)<\/li>\n<li>M\u00e5tt p\u00e5 fl\u00e4tad pl\u00e5nbokskedja : 45 cm inklusive krok och karbinhake<\/li>\n<li>Nr. 62 biker l\u00e4derpl\u00e5nbok svart \u00e4r st\u00e4mplad med v\u00e5r Nordic EDC-pr\u00e4gling<\/li>\n<\/ul>\n","protected":false},"excerpt":{"rendered":"<p>Nr. 62 Biker L\u00e4derpl\u00e5nbok Svart \u00e4r handgjord av exklusivt svenskt l\u00e4der fr\u00e5n T\u00e4rnsj\u00f6 Garveri! K\u00f6p din l\u00e4derpl\u00e5nbok hos oss. Fri och snabb frakt inom Sverige.<\/p>\n","protected":false},"featured_media":7809,"comment_status":"open","ping_status":"closed","template":"","meta":[],"product_brand":[],"product_cat":[26],"product_tag":[42,44],"class_list":{"0":"post-469","1":"product","2":"type-product","3":"status-publish","4":"has-post-thumbnail","6":"product_cat-planbocker-korthallare","7":"product_tag-svart-laderplanbok","8":"product_tag-svarta-laderprodukter","10":"first","11":"instock","12":"featured","13":"taxable","14":"shipping-taxable","15":"purchasable","16":"product-type-simple"},"_links":{"self":[{"href":"https:\/\/www.palsjo.com\/se\/wp-json\/wp\/v2\/product\/469","targetHints":{"allow":["GET"]}}],"collection":[{"href":"https:\/\/www.palsjo.com\/se\/wp-json\/wp\/v2\/product"}],"about":[{"href":"https:\/\/www.palsjo.com\/se\/wp-json\/wp\/v2\/types\/product"}],"replies":[{"embeddable":true,"href":"https:\/\/www.palsjo.com\/se\/wp-json\/wp\/v2\/comments?post=469"}],"wp:featuredmedia":[{"embeddable":true,"href":"https:\/\/www.palsjo.com\/se\/wp-json\/wp\/v2\/media\/7809"}],"wp:attachment":[{"href":"https:\/\/www.palsjo.com\/se\/wp-json\/wp\/v2\/media?parent=469"}],"wp:term":[{"taxonomy":"product_brand","embeddable":true,"href":"https:\/\/www.palsjo.com\/se\/wp-json\/wp\/v2\/product_brand?post=469"},{"taxonomy":"product_cat","embeddable":true,"href":"https:\/\/www.palsjo.com\/se\/wp-json\/wp\/v2\/product_cat?post=469"},{"taxonomy":"product_tag","embeddable":true,"href":"https:\/\/www.palsjo.com\/se\/wp-json\/wp\/v2\/product_tag?post=469"}],"curies":[{"name":"wp","href":"https:\/\/api.w.org\/{rel}","templated":true}]}}