{"id":3823,"date":"2024-10-24T09:35:57","date_gmt":"2024-10-24T07:35:57","guid":{"rendered":"https:\/\/www.nordicedc.com\/se\/?post_type=product&#038;p=3823"},"modified":"2025-09-04T10:35:37","modified_gmt":"2025-09-04T08:35:37","slug":"catchall-valet-tray-bla","status":"publish","type":"product","link":"https:\/\/www.palsjo.com\/se\/produkt\/catchall-valet-tray-bla\/","title":{"rendered":"Catchall Valet Tray Bl\u00e5"},"content":{"rendered":"<p>Tr\u00f6tt p\u00e5 att tappa bort dina nycklar eller pl\u00e5nbok? V\u00e5r <strong>catchall valet tray bl\u00e5<\/strong> \u00e4r den perfekta l\u00f6sningen f\u00f6r att h\u00e5lla alla dina vardagliga prylar prydligt organiserade och inom r\u00e4ckh\u00e5ll. Oavsett om det \u00e4r p\u00e5 nattduksbordet, skrivbordet eller i hallen, h\u00e5ller den h\u00e4r brickan inte bara ditt utrymme snyggt utan tillf\u00f6r ocks\u00e5 en rustik elegans till din inredning.<\/p>\n<p>Tillverkad av premiummaterial \u2013 fullnarv vegetabilgarvat l\u00e4der fr\u00e5n Sveriges ber\u00f6mda <strong>T\u00e4rnsj\u00f6 Garveri<\/strong> \u2013 \u00e4r denna bricka byggd f\u00f6r att h\u00e5lla och blir bara b\u00e4ttre med tiden. Den bl\u00e5a finishen utvecklar en rik patina, vilket g\u00f6r den mer unik f\u00f6r varje anv\u00e4ndning. Dessutom, med sin s\u00f6ml\u00f6sa design inspirerad av origami, garanteras h\u00e5llbarhet och l\u00e5ng livsl\u00e4ngd.<\/p>\n<h2><strong>Catchall Valet Tray Bl\u00e5<\/strong>\u00a0Viktiga funktioner:<\/h2>\n<ul>\n<li><strong>Fullnarv l\u00e4der<\/strong>: Tillverkad av 4-5 oz. vegetabilgarvat l\u00e4der fr\u00e5n <a href=\"https:\/\/tarnsjogarveri.com\" target=\"_blank\" rel=\"noopener\"><strong>T\u00e4rnsj\u00f6 Garveri<\/strong><\/a>, k\u00e4nt f\u00f6r sin kvalitet och milj\u00f6v\u00e4nliga metoder.<\/li>\n<li><strong>Handgjord i Sverige<\/strong>: Experttillverkad f\u00f6r hand, utan s\u00f6mmar, vilket garanterar h\u00e5llbarhet och l\u00e5ngvarig anv\u00e4ndning.<\/li>\n<li><strong>Milj\u00f6v\u00e4nlig<\/strong>: Certifierad av <strong>T\u00dcV Rheinland<\/strong> och <strong>OCS<\/strong>, s\u00e5 du vet att l\u00e4dret \u00e4r h\u00e5llbart producerat.<\/li>\n<li><strong>Kompakt storlek<\/strong>: Med m\u00e5tten 12,7 cm x 12,7 cm (5&#8243; x 5&#8243;) \u00e4r det den perfekta storleken f\u00f6r att organisera dina vardagliga saker \u2013 nycklar, pl\u00e5nbok, telefon, etc.<\/li>\n<li><strong>Patinering<\/strong>: Med tiden m\u00f6rknar l\u00e4dret naturligt och utvecklar en rik patina som blir vackrare ju mer du anv\u00e4nder det.<\/li>\n<li><strong>Funktionell design<\/strong>: Har kraftiga knappar i h\u00f6rnen och ett h\u00e5l f\u00f6r en laddningskabel, vilket g\u00f6r den lika praktisk som den \u00e4r snygg.<\/li>\n<\/ul>\n<p><strong>Enkel organisation, vacker design<\/strong><\/p>\n<p>L\u00e5t inte dina prylar f\u00f6rsvinna i m\u00e4ngden. H\u00e5ll allt p\u00e5 ett st\u00e4lle och f\u00f6rh\u00f6j ditt utrymme med v\u00e5r <strong>catchall valet tray bl\u00e5<\/strong>. Redo att tillf\u00f6ra en touch av handgjord lyx till din vardag?<\/p>\n<p>Best\u00e4ll din idag och f\u00e5 ordning p\u00e5 r\u00e4tt s\u00e4tt!<\/p>\n<p>Kolla in v\u00e5r <a href=\"https:\/\/www.palsjo.com\/se\/produktkategori\/catchall-valet-tray\/\" target=\"_blank\" rel=\"noopener\"><strong>catchall valet tray<\/strong><\/a> i andra f\u00e4rger!<\/p>\n","protected":false},"excerpt":{"rendered":"<p>Tr\u00f6tt p\u00e5 att tappa bort dina nycklar eller pl\u00e5nbok? V\u00e5r <strong>catchall valet tray bl\u00e5<\/strong> \u00e4r den perfekta l\u00f6sningen f\u00f6r att h\u00e5lla alla dina vardagliga prylar prydligt organiserade och inom r\u00e4ckh\u00e5ll.<\/p>\n","protected":false},"featured_media":3813,"comment_status":"open","ping_status":"closed","template":"","meta":[],"product_brand":[],"product_cat":[119],"product_tag":[],"class_list":{"0":"post-3823","1":"product","2":"type-product","3":"status-publish","4":"has-post-thumbnail","6":"product_cat-catchall-valet-tray","8":"first","9":"instock","10":"taxable","11":"shipping-taxable","12":"purchasable","13":"product-type-simple"},"_links":{"self":[{"href":"https:\/\/www.palsjo.com\/se\/wp-json\/wp\/v2\/product\/3823","targetHints":{"allow":["GET"]}}],"collection":[{"href":"https:\/\/www.palsjo.com\/se\/wp-json\/wp\/v2\/product"}],"about":[{"href":"https:\/\/www.palsjo.com\/se\/wp-json\/wp\/v2\/types\/product"}],"replies":[{"embeddable":true,"href":"https:\/\/www.palsjo.com\/se\/wp-json\/wp\/v2\/comments?post=3823"}],"wp:featuredmedia":[{"embeddable":true,"href":"https:\/\/www.palsjo.com\/se\/wp-json\/wp\/v2\/media\/3813"}],"wp:attachment":[{"href":"https:\/\/www.palsjo.com\/se\/wp-json\/wp\/v2\/media?parent=3823"}],"wp:term":[{"taxonomy":"product_brand","embeddable":true,"href":"https:\/\/www.palsjo.com\/se\/wp-json\/wp\/v2\/product_brand?post=3823"},{"taxonomy":"product_cat","embeddable":true,"href":"https:\/\/www.palsjo.com\/se\/wp-json\/wp\/v2\/product_cat?post=3823"},{"taxonomy":"product_tag","embeddable":true,"href":"https:\/\/www.palsjo.com\/se\/wp-json\/wp\/v2\/product_tag?post=3823"}],"curies":[{"name":"wp","href":"https:\/\/api.w.org\/{rel}","templated":true}]}}