{"id":3809,"date":"2024-10-24T09:12:12","date_gmt":"2024-10-24T07:12:12","guid":{"rendered":"https:\/\/www.nordicedc.com\/se\/?post_type=product&#038;p=3809"},"modified":"2025-09-04T10:35:37","modified_gmt":"2025-09-04T08:35:37","slug":"kortfodral-i-lader-bla","status":"publish","type":"product","link":"https:\/\/www.palsjo.com\/se\/produkt\/kortfodral-i-lader-bla\/","title":{"rendered":"Kortfodral i l\u00e4der bl\u00e5 &#8211; en liten pl\u00e5nbok"},"content":{"rendered":"<h2>Kortfodral i l\u00e4der bl\u00e5: En liten pl\u00e5nbok f\u00f6r dig som uppskattar enkel, elegant design<\/h2>\n<p>Jag ville skapa ett kortfodral som \u00e4r b\u00e5de tidl\u00f6st och personligt. Detta bl\u00e5a kortfodral i l\u00e4der bl\u00e5 \u00e4r b\u00e5de elegant och i\u00f6gonfallande. Den minimalistiska, s\u00f6ml\u00f6sa designen f\u00e5r en helt ny dimension med den h\u00e4r djupa bl\u00e5 nyansen. Den h\u00e4r liten pl\u00e5nbok \u00e4r ett perfekt s\u00e4tt att organisera dina viktigaste saker.<\/p>\n<h3>En unik och personlig patina f\u00f6r din liten pl\u00e5nbok<\/h3>\n<p>Det h\u00e4r \u00e4r inte bara en pl\u00e5nbok. Det \u00e4r en f\u00f6ljeslagare. V\u00e5rt vegetabiliskt garvade l\u00e4der \u00e4r k\u00e4nt f\u00f6r att utveckla en rik patina. Det \u00e4r en process d\u00e4r l\u00e4dret m\u00f6rknar och mjuknar. Med tiden kommer din liten pl\u00e5nbok att f\u00e5 en unik karakt\u00e4r som ber\u00e4ttar historien om hur du har anv\u00e4nt den.<\/p>\n<h3>Ett kortfodral i l\u00e4der utan s\u00f6mmar \u00e4r extremt h\u00e5llbart<\/h3>\n<p>Konstruktionen av detta kortfodral i l\u00e4der bl\u00e5 \u00e4r unik. Den \u00e4r origami-inspirerad och har inga s\u00f6mmar alls. Denna s\u00f6ml\u00f6sa design g\u00f6r att din liten pl\u00e5nbok blir extremt slitstark. Det finns helt enkelt ingen tr\u00e5d som kan slitas ut eller g\u00e5 s\u00f6nder.<\/p>\n<h3>V\u00e4rldsklassigt l\u00e4der f\u00f6r din liten pl\u00e5nbok fr\u00e5n T\u00e4rnsj\u00f6 Garveri<\/h3>\n<p>V\u00e5rt l\u00e4der \u00e4r av premiumkvalitet. Det \u00e4r vegetabiliskt garvat l\u00e4der fr\u00e5n v\u00e5r svenska stolthet, T\u00e4rnsj\u00f6 Garveri, som g\u00f6r n\u00e5gra av v\u00e4rldens vackraste l\u00e4der. De \u00e4r ett av endast 5 % av v\u00e4rldens l\u00e4derproducenter som fortfarande producerar 100 % vegetabiliskt garvat l\u00e4der. Att anv\u00e4nda deras l\u00e4der ger oss en otrolig utg\u00e5ngspunkt.<\/p>\n<h3>Handgjord i Sverige: Ditt kortfodral i l\u00e4der \u00e4r tillverkat med omsorg<\/h3>\n<p>Varje kortfodral i l\u00e4der som vi producerar \u00e4r handgjort av mig, Mano, den enda hantverkaren p\u00e5 Palsj\u00f6. Med varje k\u00f6p st\u00f6der du inte bara mig och min familj, utan du hj\u00e4lper ocks\u00e5 till att h\u00e5lla den gamla traditionen av handgjorda l\u00e4dervaror vid liv. Vi l\u00e4gger stor omsorg och uppm\u00e4rksamhet p\u00e5 varje detalj.<\/p>\n<h3>En liten pl\u00e5nbok som rymmer allt du beh\u00f6ver<\/h3>\n<p>Trots sin minimalistiska storlek \u00e4r denna liten pl\u00e5nbok f\u00f6rv\u00e5nansv\u00e4rt rymlig. Den har designats f\u00f6r att effektivt lagra allt du beh\u00f6ver. Den enda fickan ger dig gott om plats f\u00f6r upp till 10 kort, kontanter och n\u00e5gra mynt.<\/p>\n<h3>Livstidsgaranti p\u00e5 ditt kortfodral i l\u00e4der<\/h3>\n<p>Vi \u00e4r s\u00e5 s\u00e4kra p\u00e5 kvaliteten i v\u00e5rt hantverk att vi ger livstidsgaranti p\u00e5 alla v\u00e5ra handgjorda <a href=\"https:\/\/www.palsjo.com\/se\/planbocker-korthallare\/\">korth\u00e5llare<\/a>. Vi st\u00e5r bakom varje liten pl\u00e5nbok vi tillverkar. Det \u00e4r en del av v\u00e5r passion. Vi vill att du ska k\u00e4nna dig trygg med ditt k\u00f6p.<\/p>\n<h2><b>Kortfodral i l\u00e4der bl\u00e5 &#8211; detaljer<\/b><\/h2>\n<ul>\n<li>1,2 mm tjockt vegetabiliskt garvat l\u00e4der<\/li>\n<li>En ficka f\u00f6r kort och mynt<\/li>\n<li>T\u00dcV Rheinland och Organic Control Standard (OCS) certifierat l\u00e4der fr\u00e5n <a href=\"https:\/\/www.tarnsjogarveri.com\/\" target=\"_blank\" rel=\"noopener\">T\u00e4rnsj\u00f6 Garveri<\/a><\/li>\n<li>Inf\u00e4rgat med anilinf\u00e4rg\u00e4mnen, som f\u00e4rgar l\u00e4dret p\u00e5 djupet f\u00f6r en vacker och levande struktur<\/li>\n<li>Produkten har v\u00e5r Palsj\u00f6-pr\u00e4gling<\/li>\n<\/ul>\n<p>Det h\u00e4r \u00e4r en perfekt EDC, en vardagsfavorit! Matcha den med ditt b\u00e4lte. Se v\u00e5ra <a href=\"https:\/\/www.palsjo.com\/se\/balten-for-herr\/\">b\u00e4lten f\u00f6r herrar<\/a> och <a href=\"https:\/\/www.palsjo.com\/se\/balten-for-dam\/\">b\u00e4lten f\u00f6r damer<\/a>.<\/p>\n","protected":false},"excerpt":{"rendered":"<p>V\u00e5rt mynt- och kortfodral i l\u00e4der bl\u00e5 \u00e4r handgjord av exklusivt svenskt l\u00e4der fr\u00e5n T\u00e4rnsj\u00f6 Garveri! K\u00f6p din liten pl\u00e5nbok hos oss. Fri och snabb frakt inom Sverige.<\/p>\n","protected":false},"featured_media":3796,"comment_status":"open","ping_status":"closed","template":"","meta":[],"product_brand":[],"product_cat":[26],"product_tag":[74,42,44],"class_list":{"0":"post-3809","1":"product","2":"type-product","3":"status-publish","4":"has-post-thumbnail","6":"product_cat-planbocker-korthallare","7":"product_tag-liten-planbok","8":"product_tag-svart-laderplanbok","9":"product_tag-svarta-laderprodukter","11":"first","12":"instock","13":"featured","14":"taxable","15":"shipping-taxable","16":"purchasable","17":"product-type-simple"},"_links":{"self":[{"href":"https:\/\/www.palsjo.com\/se\/wp-json\/wp\/v2\/product\/3809","targetHints":{"allow":["GET"]}}],"collection":[{"href":"https:\/\/www.palsjo.com\/se\/wp-json\/wp\/v2\/product"}],"about":[{"href":"https:\/\/www.palsjo.com\/se\/wp-json\/wp\/v2\/types\/product"}],"replies":[{"embeddable":true,"href":"https:\/\/www.palsjo.com\/se\/wp-json\/wp\/v2\/comments?post=3809"}],"wp:featuredmedia":[{"embeddable":true,"href":"https:\/\/www.palsjo.com\/se\/wp-json\/wp\/v2\/media\/3796"}],"wp:attachment":[{"href":"https:\/\/www.palsjo.com\/se\/wp-json\/wp\/v2\/media?parent=3809"}],"wp:term":[{"taxonomy":"product_brand","embeddable":true,"href":"https:\/\/www.palsjo.com\/se\/wp-json\/wp\/v2\/product_brand?post=3809"},{"taxonomy":"product_cat","embeddable":true,"href":"https:\/\/www.palsjo.com\/se\/wp-json\/wp\/v2\/product_cat?post=3809"},{"taxonomy":"product_tag","embeddable":true,"href":"https:\/\/www.palsjo.com\/se\/wp-json\/wp\/v2\/product_tag?post=3809"}],"curies":[{"name":"wp","href":"https:\/\/api.w.org\/{rel}","templated":true}]}}