{"id":3730,"date":"2026-03-02T16:38:04","date_gmt":"2026-03-02T15:38:04","guid":{"rendered":"https:\/\/www.nordicedc.com\/se\/?post_type=product&#038;p=3730"},"modified":"2026-03-23T11:03:49","modified_gmt":"2026-03-23T10:03:49","slug":"copper-buckle-belt-london-tan","status":"publish","type":"product","link":"https:\/\/www.palsjo.com\/se\/produkt\/copper-buckle-belt-london-tan\/","title":{"rendered":"Limited Edition: Copper Buckle Belt London Tan"},"content":{"rendered":"<p id=\"tw-target-text\" class=\"tw-data-text tw-text-large tw-ta\" dir=\"ltr\" data-placeholder=\"Translation\" data-ved=\"2ahUKEwjd4d3rx9GIAxUWMRAIHXgLH64Q3ewLegQICBAU\" aria-label=\"Translated text: H\u00e4r har du chansen att \u00e4ga n\u00e5got helt unikt. Limited Edition Copper Buckle Belt - London Tan \u00e4r ett unikt erbjudande p\u00e5 Nordic EDC. Det \u00e4r inte varje dag du st\u00f6ter p\u00e5 ett b\u00e4lte med ett kopparsp\u00e4nne, vilket g\u00f6r denna pj\u00e4s till en verklig framst\u00e5ende. Vi gick ur v\u00e4gen f\u00f6r att plocka ut tv\u00e5 hudar av vackert vegetabiliskt garvat fullnarv italiensk tr\u00e4nsl\u00e4der. Med endast 15 stycken tillg\u00e4ngliga \u00e4r detta en s\u00e4llsynt m\u00f6jlighet att \u00e4ga ett b\u00e4lte som \u00e4r lika exklusivt som tidl\u00f6st.\"><span class=\"Y2IQFc\" lang=\"sv\" style=\"font-family: georgia, palatino, serif;\">Nu har du chansen att \u00e4ga n\u00e5got helt unikt. Limited Edition Copper Buckle Belt London Tan \u00e4r ett unikt erbjudande p\u00e5 Nordic EDC. Det \u00e4r inte varje dag man st\u00f6ter p\u00e5 ett b\u00e4lte med ett kopparsp\u00e4nne, vilket g\u00f6r detta b\u00e4ltet extra speciellt. F\u00f6r dessa b\u00e4lten har vi handplockat tv\u00e5 hudar av vackert vegetabiliskt garvat fullnarv italienskt bridle l\u00e4der. Med endast 15 stycken tillg\u00e4ngliga b\u00e4lten i varje f\u00e4rg, \u00e4r detta en s\u00e4llsynt m\u00f6jlighet att \u00e4ga ett b\u00e4lte som \u00e4r lika exklusivt som tidl\u00f6st.<\/span><\/p>\n<h2>B\u00e4lte med kopparsp\u00e4nne<\/h2>\n<ul>\n<li><strong>Handgjort<\/strong>: Varje <span class=\"Y2IQFc\" lang=\"sv\" style=\"font-family: georgia, palatino, serif;\">Limited Edition Copper Buckle Belt London Tan <\/span>b\u00e4lte \u00e4r noggrant tillverkat f\u00f6r hand med h\u00f6g kvalitet i alla detaljer<\/li>\n<li><strong>Perfekt passform<\/strong>: Tillverkat efter just ditt midjem\u00e5tt, snyggt och bekv\u00e4mt<\/li>\n<li><strong>Fullnarv l\u00e4derb\u00e4lte<\/strong>: Tillverkat av h\u00f6gkvalitativt fullnarv l\u00e4der, v\u00e4lk\u00e4nt f\u00f6r sin h\u00e5llbarhet och den vackra patina som utvecklas n\u00e4r b\u00e4ltet anv\u00e4nds \u00f6ver tid.<\/li>\n<li><strong>Vegetabiliskt garvat italienskt bridle l\u00e4der<\/strong>: Detta 3.5mm (8-9oz) tjocka l\u00e4der \u00e4r vegetabiliskt garvat, en milj\u00f6v\u00e4nlig process som framh\u00e4ver l\u00e4drets naturliga egenskaper.<\/li>\n<li><strong>Sp\u00e4nne av koppar<\/strong>: Detta b\u00e4lte har ett sp\u00e4nne i solid koppar, som med tiden utvecklar en unik patina och ger varje b\u00e4lte ett individuellt utseende.<\/li>\n<li><strong>Rundade och obehandlade kanter<\/strong> &#8211; \u00c4ven om kanterna \u00e4r rundade f\u00f6r komfort, har vi i \u00f6vrigt l\u00e4mnat dem obehandlade s\u00e5 de kan f\u00e5 patina fr\u00e5n t.ex. indigon i denim.<\/li>\n<\/ul>\n<p>London Tan-l\u00e4dret \u00e4r inte bara visuellt tilltalande, utan kommer ocks\u00e5 att utveckla en rik karakt\u00e4r n\u00e4r det \u00e5ldras, vilket g\u00f6r varje b\u00e4lte unikt f\u00f6r sin \u00e4gare. Tillsammans med ett kopparsp\u00e4nne f\u00f6renar detta b\u00e4lte robust stil, hantverk och l\u00e5ng livsl\u00e4ngd p\u00e5 ett s\u00e4tt som \u00e4r b\u00e5de lyxigt och praktiskt.<\/p>\n<h2>Varf\u00f6r du ska v\u00e4lja v\u00e5ra Limited Edition Copper Buckle Belt London Tan<\/h2>\n<ul>\n<li>Tillverkat efter just ditt midjem\u00e5tt f\u00f6r perfekt passform<\/li>\n<li>Kopparsp\u00e4nne och kopparnitar tillsatta f\u00f6r hand skapar ett tidl\u00f6st b\u00e4lte som kommer att f\u00e5 en fantastik patina med tiden.<\/li>\n<li>Gjort fr\u00e5n ett enda stycke l\u00e4der, med obehandlade kanter f\u00f6r att utveckla en naturlig patina.<\/li>\n<li>Antalet \u00e4r begr\u00e4nsat till endast 15 b\u00e4lten per f\u00e4rg.<\/li>\n<\/ul>\n<p id=\"tw-target-text\" class=\"tw-data-text tw-text-large tw-ta\" dir=\"ltr\" data-placeholder=\"Translation\" data-ved=\"2ahUKEwjd4d3rx9GIAxUWMRAIHXgLH64Q3ewLegQICBAU\" aria-label=\"Translated text: Om du letar efter ett b\u00e4lte som kombinerar robust stil, handgjort hantverk och unik patina, \u00e4r Limited Edition Copper Buckle Belt - London Tan det perfekta tillskottet till din samling.\"><span class=\"Y2IQFc\" lang=\"sv\" style=\"font-family: georgia, palatino, serif;\">Om du letar efter ett b\u00e4lte som kombinerar robust stil, handgjort hantverk och unik patina, \u00e4r Limited Edition Copper Buckle Belt London Tan det perfekta tillskottet till din garderob.<\/span><\/p>\n<p id=\"tw-target-text\" class=\"tw-data-text tw-text-large tw-ta\" dir=\"ltr\" data-placeholder=\"Translation\" data-ved=\"2ahUKEwjd4d3rx9GIAxUWMRAIHXgLH64Q3ewLegQICBAU\" aria-label=\"Translated text: Antalet \u00e4r begr\u00e4nsat till endast 15 stycken, s\u00e5 missa inte din chans att \u00e4ga detta unika tillbeh\u00f6r!\"><span class=\"Y2IQFc\" lang=\"sv\" style=\"font-family: georgia, palatino, serif; font-size: 12pt;\"><strong>Antalet \u00e4r begr\u00e4nsat till endast 15 stycken<\/strong>, s\u00e5 missa inte din chans att \u00e4ga detta unika b\u00e4lte!<\/span><\/p>\n<h2>Hur du m\u00e4ter din b\u00e4ltesstorlek korrekt<\/h2>\n<p>Metod 1:<\/p>\n<p>1. B\u00e4r dina favoritjeans<br \/>\n2. M\u00e4t fr\u00e5n den \u00f6versta knappen genom b\u00e4ltes\u00f6glorna till huvudknappen igen<br \/>\n3. Om du \u00e4r mellan storlekar, runda av till n\u00e4sta cm (t.ex. om din storlek \u00e4r 92,4 cm, best\u00e4ll 93 cm)<\/p>\n<p><img decoding=\"async\" class=\"alignnone size-full wp-image-687\" src=\"https:\/\/www.palsjo.com\/se\/wp-content\/uploads\/Belt-Measure-Method1.jpg\" alt=\"\" width=\"458\"><\/p>\n<p>Metod 2:<\/p>\n<p>1. M\u00e4t ditt befintliga b\u00e4lte fr\u00e5n spetsen p\u00e5 sp\u00e4nnet till det mest anv\u00e4nda h\u00e5let. R\u00e4ta ut b\u00e4ltet medan du m\u00e4ter.<br \/>\n2. Om du \u00e4r mellan storlekarna, runda av till n\u00e4sta cm (t.ex. om din storlek \u00e4r 92,4 cm, best\u00e4ll 93 cm)<\/p>\n<p><img decoding=\"async\" class=\"alignnone size-full wp-image-687\" src=\"https:\/\/www.palsjo.com\/se\/wp-content\/uploads\/belt-measure.jpg\" alt=\"\" width=\"458\"><br \/>\n<strong>Obs<\/strong>: Vi vill att v\u00e5ra b\u00e4lten ska passa dig perfekt. D\u00e4rf\u00f6r erbjuder vi v\u00e5ra b\u00e4lten i steg om 1 cm. Varje b\u00e4lte byggs n\u00e4r vi f\u00e5r en best\u00e4llning och \u00e4r dimensionerat efter ditt exakta midjem\u00e5tt. D\u00e4rf\u00f6r kan v\u00e5ra b\u00e4lten inte returneras eller \u00e5terbetalas.<\/p>\n<p>Kolla in det <a href=\"https:\/\/www.palsjo.com\/se\/produkt\/copper-buckle-belt-australian-nut\/\" target=\"_blank\" rel=\"noopener\">Copper Buckle Belt Australian Nut<\/a><\/p>\n","protected":false},"excerpt":{"rendered":"<p><span class=\"Y2IQFc\" lang=\"sv\" style=\"font-family: georgia, palatino, serif;\">Limited Edition Copper Buckle Belt London Tan<\/span> \u00e4r handgjort av exklusivt <span class=\"Y2IQFc\" lang=\"sv\" style=\"font-family: georgia, palatino, serif;\">italienskt bridle l\u00e4der<\/span>! K\u00f6p ditt l\u00e4dersk\u00e4rp hos oss. Fri och snabb frakt inom Sverige.<\/p>\n","protected":false},"featured_media":3674,"comment_status":"open","ping_status":"closed","template":"","meta":[],"product_brand":[],"product_cat":[27,263],"product_tag":[118],"class_list":{"0":"post-3730","1":"product","2":"type-product","3":"status-publish","4":"has-post-thumbnail","6":"product_cat-laderbalten","7":"product_cat-balten-for-herr","8":"product_tag-limited-edition","10":"first","11":"outofstock","12":"taxable","13":"shipping-taxable","14":"purchasable","15":"product-type-variable"},"_links":{"self":[{"href":"https:\/\/www.palsjo.com\/se\/wp-json\/wp\/v2\/product\/3730","targetHints":{"allow":["GET"]}}],"collection":[{"href":"https:\/\/www.palsjo.com\/se\/wp-json\/wp\/v2\/product"}],"about":[{"href":"https:\/\/www.palsjo.com\/se\/wp-json\/wp\/v2\/types\/product"}],"replies":[{"embeddable":true,"href":"https:\/\/www.palsjo.com\/se\/wp-json\/wp\/v2\/comments?post=3730"}],"wp:featuredmedia":[{"embeddable":true,"href":"https:\/\/www.palsjo.com\/se\/wp-json\/wp\/v2\/media\/3674"}],"wp:attachment":[{"href":"https:\/\/www.palsjo.com\/se\/wp-json\/wp\/v2\/media?parent=3730"}],"wp:term":[{"taxonomy":"product_brand","embeddable":true,"href":"https:\/\/www.palsjo.com\/se\/wp-json\/wp\/v2\/product_brand?post=3730"},{"taxonomy":"product_cat","embeddable":true,"href":"https:\/\/www.palsjo.com\/se\/wp-json\/wp\/v2\/product_cat?post=3730"},{"taxonomy":"product_tag","embeddable":true,"href":"https:\/\/www.palsjo.com\/se\/wp-json\/wp\/v2\/product_tag?post=3730"}],"curies":[{"name":"wp","href":"https:\/\/api.w.org\/{rel}","templated":true}]}}