{"id":3241,"date":"2026-02-20T16:35:41","date_gmt":"2026-02-20T15:35:41","guid":{"rendered":"https:\/\/www.nordicedc.com\/se\/?post_type=product&#038;p=3241"},"modified":"2026-04-27T19:55:08","modified_gmt":"2026-04-27T17:55:08","slug":"klockarmband-i-lader-svart","status":"publish","type":"product","link":"https:\/\/www.palsjo.com\/se\/produkt\/klockarmband-i-lader-svart\/","title":{"rendered":"Klockarmband i l\u00e4der svart"},"content":{"rendered":"<p>Ett bekv\u00e4mt klockband i l\u00e4der som \u00e4r lika vackert som klockan den sitter samman med.<\/p>\n<p>Vi sk\u00e4r v\u00e5ra klockarmband ur ett gediget stycke 2,5 mm tjockt l\u00e4der. Det \u00e4r inte vilket l\u00e4der som helst, utan vegetabiliskt garvat fullnarvsl\u00e4der fr\u00e5n det v\u00e4rldsber\u00f6mda <a href=\"https:\/\/tarnsjogarveri.com\/sv\/\" target=\"_blank\" rel=\"noopener\">T\u00e4rnsj\u00f6 Garveri i Sverige<\/a>. Genom att utesluta billiga foder som slits ut, skapar vi en tidl\u00f6s och slitstark produkt som bara blir vackrare med \u00e5ren. L\u00e4drets mjuka och naturliga baksida k\u00e4nns behaglig mot huden och formar sig efter din handled \u00f6ver tid.<\/p>\n<p>V\u00e5rt vegetabiliskt garvade fullnarvsl\u00e4der betyder att ditt klockarmband kommer att utveckla en unik karakt\u00e4r och patina med tiden. Vi syr det h\u00e4r klockarmbandet f\u00f6r hand med en tjock Tiger- tr\u00e5d s\u00e5 att s\u00f6mmarna aldrig kommer att lossna.<\/p>\n<p>Vi \u00e4r mycket stolta \u00f6ver v\u00e5rt arbete och backar upp varje klockarmband med <a href=\"https:\/\/www.palsjo.com\/se\/livstidsgaranti\/\">livstidsgaranti<\/a>.<\/p>\n<h2>Klockarmband i l\u00e4der svart &#8211; passform och storlek<\/h2>\n<p>V\u00e5ra klockarmband i l\u00e4der kan k\u00f6pas i 2 storlekar f\u00f6r att garantera dig en perfekt passform. Klockarmbanden \u00e4r designade f\u00f6r att passa en handledsomkrets mellan 15cm och 21cm.<\/p>\n<ul>\n<li><strong>Standard: Passar handledsstorlek 15\u201318 cm (6&#8243; &#8211; 7&#8243;)<\/strong>\n<ul>\n<li>Klockarmbandens l\u00e4ngder \u00e4r 120mm respektive 70mm<\/li>\n<\/ul>\n<\/li>\n<li><strong>L\u00e5ng: Passar handledsstorlek 18\u201321 cm (7&#8243;\u20138&#8243;)<\/strong>\n<ul>\n<li>Klockarmbandens l\u00e4ngder \u00e4r 135 mm respektive 80 mm<\/li>\n<\/ul>\n<\/li>\n<\/ul>\n<p><img fetchpriority=\"high\" decoding=\"async\" class=\"alignnone wp-image-3149 size-full\" src=\"https:\/\/www.palsjo.com\/se\/wp-content\/uploads\/watch-strap-sizing.jpeg\" alt=\"\" width=\"480\" height=\"480\" srcset=\"https:\/\/www.palsjo.com\/se\/wp-content\/uploads\/watch-strap-sizing.jpeg 480w, https:\/\/www.palsjo.com\/se\/wp-content\/uploads\/watch-strap-sizing-300x300.jpeg 300w, https:\/\/www.palsjo.com\/se\/wp-content\/uploads\/watch-strap-sizing-150x150.jpeg 150w, https:\/\/www.palsjo.com\/se\/wp-content\/uploads\/watch-strap-sizing-380x380.jpeg 380w\" sizes=\"(max-width: 480px) 100vw, 480px\" \/><\/p>\n<p>&nbsp;<\/p>\n<h2>Varf\u00f6r v\u00e5rt klockarmband i l\u00e4der svart sticker ut fr\u00e5n konkurrenterna<\/h2>\n<ul>\n<li>Tillverkad av 2,5 mm svenskt vegetabiliskt garvat fullnarvsl\u00e4der fr\u00e5n T\u00e4rnsj\u00f6 Garveri \u2013 ett slitstarkt l\u00e4der som kommer att utveckla en rik patina med tiden.<\/li>\n<li>Helt handgjorda fr\u00e5n b\u00f6rjan till slut i Sverige<\/li>\n<li>En livstidsgaranti inneb\u00e4r att vi st\u00e5r bakom varje produkt vi tillverkar.<\/li>\n<li>Handsydd med slitstark Tiger-tr\u00e5d: stygnen kommer aldrig att g\u00e5 upp.<\/li>\n<\/ul>\n","protected":false},"excerpt":{"rendered":"<p>Snygga och slitstarka klockarmband i l\u00e4der svart | Handgjorda i Sverige | Personalisera med 15 tr\u00e5df\u00e4rger f\u00f6r att passa din stil | Fri frakt inom Sverige.<\/p>\n","protected":false},"featured_media":3228,"comment_status":"open","ping_status":"closed","template":"","meta":[],"product_brand":[],"product_cat":[117],"product_tag":[],"class_list":{"0":"post-3241","1":"product","2":"type-product","3":"status-publish","4":"has-post-thumbnail","6":"product_cat-klockarmband-i-lader","8":"first","9":"instock","10":"taxable","11":"shipping-taxable","12":"purchasable","13":"product-type-variable"},"_links":{"self":[{"href":"https:\/\/www.palsjo.com\/se\/wp-json\/wp\/v2\/product\/3241","targetHints":{"allow":["GET"]}}],"collection":[{"href":"https:\/\/www.palsjo.com\/se\/wp-json\/wp\/v2\/product"}],"about":[{"href":"https:\/\/www.palsjo.com\/se\/wp-json\/wp\/v2\/types\/product"}],"replies":[{"embeddable":true,"href":"https:\/\/www.palsjo.com\/se\/wp-json\/wp\/v2\/comments?post=3241"}],"wp:featuredmedia":[{"embeddable":true,"href":"https:\/\/www.palsjo.com\/se\/wp-json\/wp\/v2\/media\/3228"}],"wp:attachment":[{"href":"https:\/\/www.palsjo.com\/se\/wp-json\/wp\/v2\/media?parent=3241"}],"wp:term":[{"taxonomy":"product_brand","embeddable":true,"href":"https:\/\/www.palsjo.com\/se\/wp-json\/wp\/v2\/product_brand?post=3241"},{"taxonomy":"product_cat","embeddable":true,"href":"https:\/\/www.palsjo.com\/se\/wp-json\/wp\/v2\/product_cat?post=3241"},{"taxonomy":"product_tag","embeddable":true,"href":"https:\/\/www.palsjo.com\/se\/wp-json\/wp\/v2\/product_tag?post=3241"}],"curies":[{"name":"wp","href":"https:\/\/api.w.org\/{rel}","templated":true}]}}