{"id":3213,"date":"2024-05-10T21:18:03","date_gmt":"2024-05-10T19:18:03","guid":{"rendered":"https:\/\/www.nordicedc.com\/se\/?post_type=product&#038;p=3213"},"modified":"2026-03-04T10:57:12","modified_gmt":"2026-03-04T09:57:12","slug":"laderarmband-till-apple-watch-svart","status":"publish","type":"product","link":"https:\/\/www.palsjo.com\/se\/produkt\/laderarmband-till-apple-watch-svart\/","title":{"rendered":"L\u00e4derarmband till Apple Watch svart"},"content":{"rendered":"<h2><span style=\"font-size: 14pt;\">Den omedelbara uppgraderingen f\u00f6r din Apple Watch<\/span><\/h2>\n<p>Ett l\u00e4derarmband till Apple Watch svart f\u00f6rvandlar din smarta klocka till en klassisk accessoar. Sluta b\u00e4ra ett sportigt silikonband till din jobboutfit. Ditt Apple Watch armband f\u00f6rtj\u00e4nar att se lika professionellt ut som din kl\u00e4dsel. V\u00e5rt premium Apple Watch l\u00e4derarmband ger dig sofistikerad stil och komfort p\u00e5 kontoret och vid alla tillf\u00e4llen. Vi erbjuder nu adaptrar och sp\u00e4nnen i fyra olika f\u00e4rger f\u00f6r att matcha din klocka perfekt. V\u00e4lj mellan svart, silver, guld eller ros\u00e9guld f\u00f6r en komplett look.<\/p>\n<h2><span style=\"font-size: 14pt;\">Varf\u00f6r v\u00e5rt l\u00e4derarmband till Apple Watch svart \u00e4r b\u00e4st<\/span><\/h2>\n<p>Detta bekv\u00e4ma l\u00e4derarmband till Apple Watch svart \u00e4r \u00e4nnu vackrare \u00e4n klockan det sitter samman med. Vi sk\u00e4r v\u00e5ra klockarmband ur ett gediget stycke 2,5 mm tjockt l\u00e4der. Det \u00e4r inte vilket l\u00e4der som helst, utan vegetabiliskt garvat fullnarvsl\u00e4der fr\u00e5n det v\u00e4rldsber\u00f6mda <a href=\"https:\/\/tarnsjogarveri.com\/sv\/\" target=\"_blank\" rel=\"noopener\">T\u00e4rnsj\u00f6 Garveri i Sverige<\/a>. Genom att utesluta billiga foder som slits ut, skapar vi en tidl\u00f6s och slitstark produkt som bara blir vackrare med \u00e5ren. L\u00e4drets mjuka och naturliga baksida k\u00e4nns behaglig mot huden och formar sig efter din handled \u00f6ver tid. Vi syr varje klockarmband f\u00f6r hand med en tjock Tiger tr\u00e5d s\u00e5 att stygnen aldrig lossnar. V\u00e5rt svenska hantverk garanterar att detta armband till apple watch h\u00e5ller livet ut.<\/p>\n<ul>\n<li><b>Professionell finish:<\/b> G\u00f6r omedelbart att din Apple Watch ser sofistikerad och klassig ut.<\/li>\n<li><b>Perfekt f\u00e4rgmatchning: <\/b>V\u00e4lj adaptrar och sp\u00e4nnen i svart, silver, guld eller ros\u00e9guld f\u00f6r att matcha din Apple Watch helt perfekt.<\/li>\n<li><b>H\u00f6gsta kvalitet:<\/b> Tillverkad f\u00f6r hand i Sverige av 2,5 mm svenskt vegetabiliskt garvat fullnarvsl\u00e4der fr\u00e5n T\u00e4rnsj\u00f6 Garveri.<\/li>\n<li><b>Livstidsgaranti:<\/b> Vi st\u00e5r bakom varje l\u00e4derarmband till Apple Watch vi tillverkar.<\/li>\n<li><b>Perfekt passform:<\/b> Kompatibelt med alla Apple Watch Series, inklusive de senaste Series 11 (46mm, 42mm), SE 3 (44mm, 40mm) och Ultra 3 (49mm).<\/li>\n<\/ul>\n<h3>L\u00e4derarmband till Apple Watch svart \u2013 passform och storlek<\/h3>\n<p>Detta Apple Watch armband herr och Apple Watch armband dam \u00e4r designat f\u00f6r att passa perfekt.<\/p>\n<p>V\u00e5ra klockarmband i l\u00e4der kan k\u00f6pas i 2 storlekar f\u00f6r att garantera dig en perfekt passform. Klockarmbanden \u00e4r designade f\u00f6r att passa en handledsomkrets mellan 170mm och 215mm.<\/p>\n<ul>\n<li><strong>Standard:<\/strong>\n<ul>\n<li>Klockarmbandens l\u00e4ngder \u00e4r 120mm respektive 70mm<\/li>\n<li>Apple Watch band storlek: S\/M<\/li>\n<\/ul>\n<\/li>\n<li><strong>L\u00e5ng:<\/strong>\n<ul>\n<li>Klockarmbandens l\u00e4ngder \u00e4r 135 mm respektive 80 mm<\/li>\n<li>Apple Watch band storlek: M\/L<\/li>\n<\/ul>\n<\/li>\n<\/ul>\n<p><b>Kompatibilitetsinformation:<\/b> Klockarmbanden passar till alla Apple Watch Series 1 till 11, Apple Watch SE (alla modeller) och Apple Watch Ultra (alla modeller). Metallsp\u00e4nnet finns i matt svart. En flyttbar och avtagbar h\u00e5llare s\u00e4krar remmens \u00e4nde.<\/p>\n<p>Matcha ditt l\u00e4derarmband till Apple Watch med ett m\u00e5ttanpassat <a href=\"https:\/\/www.palsjo.com\/se\/laderbalten\/\">l\u00e4derb\u00e4lte<\/a> eller ett <a href=\"https:\/\/www.palsjo.com\/se\/kostymbalten-for-herr\/\">kostymb\u00e4lte f\u00f6r herr<\/a>.<\/p>\n","protected":false},"excerpt":{"rendered":"<p>Snygga l\u00e4derarmband till Apple Watch svart | Handgjorda i Sverige | L\u00e4derarmbandet passar till Apple Watch Series 1\u201311, SE 1-3, Ultra 1 &#8211; 3 | Fri frakt inom Sverige.<\/p>\n","protected":false},"featured_media":8696,"comment_status":"open","ping_status":"closed","template":"","meta":[],"product_brand":[],"product_cat":[116],"product_tag":[],"class_list":{"0":"post-3213","1":"product","2":"type-product","3":"status-publish","4":"has-post-thumbnail","6":"product_cat-laderarmband-till-apple-watch","8":"first","9":"instock","10":"taxable","11":"shipping-taxable","12":"purchasable","13":"product-type-variable"},"_links":{"self":[{"href":"https:\/\/www.palsjo.com\/se\/wp-json\/wp\/v2\/product\/3213","targetHints":{"allow":["GET"]}}],"collection":[{"href":"https:\/\/www.palsjo.com\/se\/wp-json\/wp\/v2\/product"}],"about":[{"href":"https:\/\/www.palsjo.com\/se\/wp-json\/wp\/v2\/types\/product"}],"replies":[{"embeddable":true,"href":"https:\/\/www.palsjo.com\/se\/wp-json\/wp\/v2\/comments?post=3213"}],"wp:featuredmedia":[{"embeddable":true,"href":"https:\/\/www.palsjo.com\/se\/wp-json\/wp\/v2\/media\/8696"}],"wp:attachment":[{"href":"https:\/\/www.palsjo.com\/se\/wp-json\/wp\/v2\/media?parent=3213"}],"wp:term":[{"taxonomy":"product_brand","embeddable":true,"href":"https:\/\/www.palsjo.com\/se\/wp-json\/wp\/v2\/product_brand?post=3213"},{"taxonomy":"product_cat","embeddable":true,"href":"https:\/\/www.palsjo.com\/se\/wp-json\/wp\/v2\/product_cat?post=3213"},{"taxonomy":"product_tag","embeddable":true,"href":"https:\/\/www.palsjo.com\/se\/wp-json\/wp\/v2\/product_tag?post=3213"}],"curies":[{"name":"wp","href":"https:\/\/api.w.org\/{rel}","templated":true}]}}