{"id":3209,"date":"2024-05-10T21:09:27","date_gmt":"2024-05-10T19:09:27","guid":{"rendered":"https:\/\/www.nordicedc.com\/se\/?post_type=product&#038;p=3209"},"modified":"2026-04-09T23:21:57","modified_gmt":"2026-04-09T21:21:57","slug":"laderarmband-till-apple-watch-brun","status":"publish","type":"product","link":"https:\/\/www.palsjo.com\/se\/produkt\/laderarmband-till-apple-watch-brun\/","title":{"rendered":"L\u00e4derarmband till Apple Watch brun"},"content":{"rendered":"<h2><span style=\"font-size: 14pt;\">Den omedelbara uppgraderingen f\u00f6r din Apple Watch<\/span><\/h2>\n<p>Ett l\u00e4derarmband till Apple Watch brun lyfter omedelbart din sportklocka till en klassisk accessoar. Silikon ser billigt ut till en jobboutfit. Ditt armband till apple watch borde matcha din k\u00e4nsla f\u00f6r kvalitet. V\u00e5rt Apple Watch l\u00e4derarmband i brunt ger en sofistikerad stil och \u00e5ldras vackert, vilket garanterar ett stilfullt utseende varje dag. Vi erbjuder nu adaptrar och sp\u00e4nnen i fyra olika f\u00e4rger f\u00f6r att matcha din klocka perfekt. V\u00e4lj mellan svart, silver, guld eller ros\u00e9guld f\u00f6r en komplett look.<\/p>\n<h2><span style=\"font-size: 14pt;\">Varf\u00f6r v\u00e5rt l\u00e4derarmband till Apple Watch brun \u00e4r b\u00e4st<\/span><\/h2>\n<p>Detta bekv\u00e4ma l\u00e4derarmband till Apple Watch brun \u00e4r helt handgjort i Sverige. Vi sk\u00e4r v\u00e5ra klockarmband ur ett gediget stycke 2,5 mm tjockt l\u00e4der. Det \u00e4r inte vilket l\u00e4der som helst, utan vegetabiliskt garvat fullnarvsl\u00e4der fr\u00e5n det v\u00e4rldsber\u00f6mda <a href=\"https:\/\/tarnsjogarveri.com\/sv\/\" target=\"_blank\" rel=\"noopener\">T\u00e4rnsj\u00f6 Garveri i Sverige<\/a>. Genom att utesluta billiga foder som slits ut, skapar vi en tidl\u00f6s och slitstark produkt som bara blir vackrare med en fantastisk, djup patina \u00f6ver tid. L\u00e4drets mjuka och naturliga baksida k\u00e4nns behaglig mot huden och formar sig efter din handled \u00f6ver tid. Vi syr varje klockarmband f\u00f6r hand med slitstark Tiger Tr\u00e5d. Vi st\u00e5r bakom v\u00e5rt svenska hantverk med livstidsgaranti.<\/p>\n<ul>\n<li><b>Professionell finish:<\/b> G\u00f6r omedelbart att din Apple Watch ser sofistikerad och klassig ut.<\/li>\n<li><b>Perfekt f\u00e4rgmatchning: <\/b>V\u00e4lj adaptrar och sp\u00e4nnen i svart, silver, guld eller ros\u00e9guld f\u00f6r att matcha din Apple Watch helt perfekt.<\/li>\n<li><b>H\u00f6gsta kvalitet:<\/b> Tillverkad av 2,5 mm fullnarvsl\u00e4der fr\u00e5n T\u00e4rnsj\u00f6 Garveri.<\/li>\n<li><b>Livstidsgaranti:<\/b> Vi st\u00e5r bakom varje <b>l\u00e4derarmband till Apple Watch<\/b> vi tillverkar.<\/li>\n<li><b>Perfekt passform:<\/b> Kompatibelt med alla Apple Watch Series, inklusive de senaste Series 11 (46mm, 42mm), SE 3 (44mm, 40mm) och Ultra 3 (49mm).<\/li>\n<\/ul>\n<h2><span style=\"font-size: 14pt;\">L\u00e4derarmband till Apple Watch brun \u2013 passform och storlek<\/span><\/h2>\n<p>Detta h\u00f6gkvalitativa armband apple watch \u00e4r tillg\u00e4ngligt i storlekar f\u00f6r att passa alla handleder.<\/p>\n<p>V\u00e5ra klockarmband i l\u00e4der kan k\u00f6pas i 2 storlekar f\u00f6r att garantera dig en perfekt passform. Klockarmbanden \u00e4r designade f\u00f6r att passa en handledsomkrets mellan 170mm och 215mm.<\/p>\n<ul>\n<li><strong>Standard:<\/strong>\n<ul>\n<li>Klockarmbandens l\u00e4ngder \u00e4r 120mm respektive 70mm<\/li>\n<li>Apple Watch band storlek: S\/M<\/li>\n<\/ul>\n<\/li>\n<li><strong>L\u00e5ng:<\/strong>\n<ul>\n<li>Klockarmbandens l\u00e4ngder \u00e4r 135 mm respektive 80 mm<\/li>\n<li>Apple Watch band storlek: M\/L<\/li>\n<\/ul>\n<\/li>\n<\/ul>\n<p><b>Kompatibilitetsinformation:<\/b> Klockarmbanden passar till alla Apple Watch Series 1 till 11, Apple Watch SE (alla modeller) och Apple Watch Ultra (alla modeller). Metallsp\u00e4nnet finns i matt svart. En flyttbar och avtagbar h\u00e5llare s\u00e4krar remmens \u00e4nde.<\/p>\n<p>Matcha ditt l\u00e4derarmband till Apple Watch med ett m\u00e5ttanpassat <a href=\"https:\/\/www.palsjo.com\/se\/laderbalten\/\">l\u00e4derb\u00e4lte<\/a> eller ett <a href=\"https:\/\/www.palsjo.com\/se\/kostymbalten-for-herr\/\">kostymb\u00e4lte f\u00f6r herr<\/a>.<\/p>\n","protected":false},"excerpt":{"rendered":"<p>Snygga l\u00e4derarmband till Apple Watch brun | Handgjorda i Sverige | L\u00e4derarmbandet passar till Apple Watch Series 1-11, SE 1-3, Ultra 1-3 | Fri frakt inom Sverige.<\/p>\n","protected":false},"featured_media":8689,"comment_status":"open","ping_status":"closed","template":"","meta":[],"product_brand":[],"product_cat":[116],"product_tag":[],"class_list":{"0":"post-3209","1":"product","2":"type-product","3":"status-publish","4":"has-post-thumbnail","6":"product_cat-laderarmband-till-apple-watch","8":"first","9":"instock","10":"taxable","11":"shipping-taxable","12":"purchasable","13":"product-type-variable"},"_links":{"self":[{"href":"https:\/\/www.palsjo.com\/se\/wp-json\/wp\/v2\/product\/3209","targetHints":{"allow":["GET"]}}],"collection":[{"href":"https:\/\/www.palsjo.com\/se\/wp-json\/wp\/v2\/product"}],"about":[{"href":"https:\/\/www.palsjo.com\/se\/wp-json\/wp\/v2\/types\/product"}],"replies":[{"embeddable":true,"href":"https:\/\/www.palsjo.com\/se\/wp-json\/wp\/v2\/comments?post=3209"}],"wp:featuredmedia":[{"embeddable":true,"href":"https:\/\/www.palsjo.com\/se\/wp-json\/wp\/v2\/media\/8689"}],"wp:attachment":[{"href":"https:\/\/www.palsjo.com\/se\/wp-json\/wp\/v2\/media?parent=3209"}],"wp:term":[{"taxonomy":"product_brand","embeddable":true,"href":"https:\/\/www.palsjo.com\/se\/wp-json\/wp\/v2\/product_brand?post=3209"},{"taxonomy":"product_cat","embeddable":true,"href":"https:\/\/www.palsjo.com\/se\/wp-json\/wp\/v2\/product_cat?post=3209"},{"taxonomy":"product_tag","embeddable":true,"href":"https:\/\/www.palsjo.com\/se\/wp-json\/wp\/v2\/product_tag?post=3209"}],"curies":[{"name":"wp","href":"https:\/\/api.w.org\/{rel}","templated":true}]}}