{"id":3184,"date":"2024-05-10T20:51:43","date_gmt":"2024-05-10T18:51:43","guid":{"rendered":"https:\/\/www.nordicedc.com\/se\/?post_type=product&#038;p=3184"},"modified":"2026-03-04T11:04:38","modified_gmt":"2026-03-04T10:04:38","slug":"laderarmband-till-apple-watch-natur","status":"publish","type":"product","link":"https:\/\/www.palsjo.com\/se\/produkt\/laderarmband-till-apple-watch-natur\/","title":{"rendered":"L\u00e4derarmband till Apple Watch natur"},"content":{"rendered":"<h3>Den omedelbara uppgraderingen f\u00f6r din Apple Watch<\/h3>\n<p>Ett l\u00e4derarmband till Apple Watch natur \u00e4r valet f\u00f6r de som \u00e4lskar patina. Din moderna klocka f\u00f6rtj\u00e4nar en klassisk k\u00e4nsla. Detta Apple Watch armband g\u00f6r din funktionella klocka sofistikerad. Den ljusa, naturliga f\u00e4rgen p\u00e5 detta Apple Watch l\u00e4derarmband \u00e5ldras snabbast och mest dramatiskt. Vi erbjuder nu adaptrar och sp\u00e4nnen i fyra olika f\u00e4rger f\u00f6r att matcha din klocka perfekt. V\u00e4lj mellan svart, silver, guld eller ros\u00e9guld f\u00f6r en komplett look.<\/p>\n<h3>Varf\u00f6r v\u00e5rt l\u00e4derarmband till Apple Watch natur \u00e4r b\u00e4st<\/h3>\n<p>Vi sk\u00e4r v\u00e5ra klockarmband ur ett gediget stycke 2,5 mm tjockt l\u00e4der. Det \u00e4r inte vilket l\u00e4der som helst, utan vegetabiliskt garvat fullnarvsl\u00e4der fr\u00e5n det v\u00e4rldsber\u00f6mda <a href=\"https:\/\/tarnsjogarveri.com\/sv\/\" target=\"_blank\" rel=\"noopener\">T\u00e4rnsj\u00f6 Garveri i Sverige<\/a>. Genom att utesluta billiga foder som slits ut, skapar vi en tidl\u00f6s och slitstark produkt som bara blir vackrare med \u00e5ren. Det b\u00f6rjar ljust och m\u00f6rknar gradvis till en fyllig karamellf\u00e4rg beroende p\u00e5 solljus och daglig anv\u00e4ndning. Detta l\u00e4derarmband till Apple Watch natur \u00e4r helt handsytt i Sverige. V\u00e5r livstidsgaranti s\u00e4kerst\u00e4ller att du kan b\u00e4ra detta armband till apple watch utan oro.<\/p>\n<ul>\n<li><b>Professionell finish:<\/b> G\u00f6r omedelbart att din Apple Watch ser sofistikerad och klassig ut.<\/li>\n<li><b>Perfekt f\u00e4rgmatchning: <\/b>V\u00e4lj adaptrar och sp\u00e4nnen i svart, silver, guld eller ros\u00e9guld f\u00f6r att matcha din Apple Watch helt perfekt.<\/li>\n<li><b>H\u00f6gsta kvalitet:<\/b> Handgjord av 2,5 mm <b>vegetabiliskt garvat fullnarvsl\u00e4der<\/b> fr\u00e5n T\u00e4rnsj\u00f6 Garveri.<\/li>\n<li><b>Livstidsgaranti:<\/b> Vi st\u00e5r bakom varje <b>l\u00e4derarmband till Apple Watch<\/b> vi tillverkar.<\/li>\n<li><b>Perfekt passform:<\/b> Kompatibelt med alla Apple Watch Series, inklusive de senaste Series 11 (46mm, 42mm), SE 3 (44mm, 40mm) och Ultra 3 (49mm).<\/li>\n<\/ul>\n<h3>L\u00e4derarmband till Apple Watch natur \u2013 passform och storlek<\/h3>\n<p>Detta klassiska armband till apple watch \u00e4r perfekt storleksanpassat f\u00f6r alla popul\u00e4ra modeller.<\/p>\n<p>V\u00e5ra klockarmband i l\u00e4der kan k\u00f6pas i 2 storlekar f\u00f6r att garantera dig en perfekt passform. Klockarmbanden \u00e4r designade f\u00f6r att passa en handledsomkrets mellan 170mm och 215mm.<\/p>\n<ul>\n<li><strong>Standard:<\/strong>\n<ul>\n<li>Klockarmbandens l\u00e4ngder \u00e4r 120mm respektive 70mm<\/li>\n<li>Apple Watch band storlek: S\/M<\/li>\n<\/ul>\n<\/li>\n<li><strong>L\u00e5ng:<\/strong>\n<ul>\n<li>Klockarmbandens l\u00e4ngder \u00e4r 135 mm respektive 80 mm<\/li>\n<li>Apple Watch band storlek: M\/L<\/li>\n<\/ul>\n<\/li>\n<\/ul>\n<p><b>Kompatibilitetsinformation:<\/b> Klockarmbanden passar till alla Apple Watch Series 1 till 11, Apple Watch SE (alla modeller) och Apple Watch Ultra (alla modeller). Metallsp\u00e4nnet finns i matt svart. En flyttbar och avtagbar h\u00e5llare s\u00e4krar remmens \u00e4nde.<\/p>\n<p>Matcha ditt l\u00e4derarmband till Apple Watch med ett m\u00e5ttanpassat <a href=\"https:\/\/www.palsjo.com\/se\/laderbalten\/\">l\u00e4derb\u00e4lte<\/a> eller ett <a href=\"https:\/\/www.palsjo.com\/se\/kostymbalten-for-herr\/\">kostymb\u00e4lte f\u00f6r herr<\/a>.<\/p>\n","protected":false},"excerpt":{"rendered":"<p>Snygga l\u00e4derarmband till Apple Watch natur | Handgjorda i Sverige | L\u00e4derarmbandet passar till Apple Watch Series 1 \u2013 10, Ultra 1 &#8211; 2 | Fri frakt inom Sverige.<\/p>\n","protected":false},"featured_media":8694,"comment_status":"open","ping_status":"closed","template":"","meta":[],"product_brand":[],"product_cat":[116],"product_tag":[],"class_list":{"0":"post-3184","1":"product","2":"type-product","3":"status-publish","4":"has-post-thumbnail","6":"product_cat-laderarmband-till-apple-watch","8":"first","9":"instock","10":"taxable","11":"shipping-taxable","12":"purchasable","13":"product-type-variable"},"_links":{"self":[{"href":"https:\/\/www.palsjo.com\/se\/wp-json\/wp\/v2\/product\/3184","targetHints":{"allow":["GET"]}}],"collection":[{"href":"https:\/\/www.palsjo.com\/se\/wp-json\/wp\/v2\/product"}],"about":[{"href":"https:\/\/www.palsjo.com\/se\/wp-json\/wp\/v2\/types\/product"}],"replies":[{"embeddable":true,"href":"https:\/\/www.palsjo.com\/se\/wp-json\/wp\/v2\/comments?post=3184"}],"wp:featuredmedia":[{"embeddable":true,"href":"https:\/\/www.palsjo.com\/se\/wp-json\/wp\/v2\/media\/8694"}],"wp:attachment":[{"href":"https:\/\/www.palsjo.com\/se\/wp-json\/wp\/v2\/media?parent=3184"}],"wp:term":[{"taxonomy":"product_brand","embeddable":true,"href":"https:\/\/www.palsjo.com\/se\/wp-json\/wp\/v2\/product_brand?post=3184"},{"taxonomy":"product_cat","embeddable":true,"href":"https:\/\/www.palsjo.com\/se\/wp-json\/wp\/v2\/product_cat?post=3184"},{"taxonomy":"product_tag","embeddable":true,"href":"https:\/\/www.palsjo.com\/se\/wp-json\/wp\/v2\/product_tag?post=3184"}],"curies":[{"name":"wp","href":"https:\/\/api.w.org\/{rel}","templated":true}]}}