{"id":2951,"date":"2024-03-15T11:24:57","date_gmt":"2024-03-15T10:24:57","guid":{"rendered":"https:\/\/www.nordicedc.com\/se\/?post_type=product&#038;p=2951"},"modified":"2025-09-04T10:35:39","modified_gmt":"2025-09-04T08:35:39","slug":"trucker-planbok-mini-bla","status":"publish","type":"product","link":"https:\/\/www.palsjo.com\/se\/produkt\/trucker-planbok-mini-bla\/","title":{"rendered":"Trucker pl\u00e5nbok mini bl\u00e5"},"content":{"rendered":"<p>Tanken med trucker pl\u00e5nbok mini bl\u00e5 \u00e4r att ha den traditionella trucker pl\u00e5nboken som bas och g\u00f6ra den mer praktisk f\u00f6r dagligt bruk. Vi b\u00f6rjade f\u00f6rst med att minska storleken s\u00e5 att pl\u00e5nboken sitter fint innanf\u00f6r bakfickan. D\u00e4remot \u00e4r det fortfarande gott om plats inuti pl\u00e5nboken. Denna trucker pl\u00e5nbok har en dedikerad kortficka framtill som enkelt kan b\u00e4ra \u00f6ver 4 kort. Den inneh\u00e5ller \u00e4ven en st\u00f6rre kortficka p\u00e5 baksidan som kan b\u00e4ra \u00f6ver 6 kort och vikta kontantsedlar. Vi har beh\u00e5llit den traditionella fickan med dragkedja f\u00f6r att b\u00e4ra en bra m\u00e4ngd mynt ocks\u00e5. Den kommer \u00e4ven med en m\u00e4ssings\u00f6gla f\u00f6r att kunna f\u00e4sta pl\u00e5nboken i en pl\u00e5nbokskedja.<\/p>\n<p>Vi vill att v\u00e5r trucker pl\u00e5nbok mini bl\u00e5 ska h\u00e5lla l\u00e4nge &#8230; flera \u00e5rtionden! S\u00e5 vi valde solida m\u00e4ssingsknappar, \u00f6gla och dragkedjor f\u00f6r denna pl\u00e5nbok. M\u00e4ssing rostar inte och f\u00e5r en fin patina som vi tycker \u00e4r den perfekta kombinationen med vackert l\u00e4der.<\/p>\n<p>P\u00e5 tal om l\u00e4der, som med alla v\u00e5ra pl\u00e5nb\u00f6cker, anv\u00e4nder vi fullnarv vegetabiliskt garvat l\u00e4der fr\u00e5n ett av de mest k\u00e4nda garverierna i v\u00e4rlden och v\u00e5r svenska stolthet, <a href=\"https:\/\/tarnsjogarveri.com\/environment\/\" target=\"_blank\" rel=\"noopener\">T\u00e4rnsj\u00f6 Garveri<\/a>. Vi \u00e4lskar detta l\u00e4der f\u00f6rst och fr\u00e4mst f\u00f6r att det \u00e4r underbart redan n\u00e4r det \u00e4r nytt och v\u00e4ldigt snabbt utvecklar en vacker patina som speglar anv\u00e4ndarens livsstil. Vi \u00e4lskar alla en vackert \u00e5ldrad l\u00e4derpl\u00e5nbok!<\/p>\n<p>V\u00e5r trucker pl\u00e5nbok mini bl\u00e5 \u00e4r sydd med sadels\u00f6m f\u00f6r hand med dansktillverkad 0,6 mm vit Ritza 25 Tiger fl\u00e4tad polyestertr\u00e5d f\u00f6r att skapa en elegant, men \u00e4nd\u00e5 superh\u00e5llbar l\u00e4derpl\u00e5nbok. \u00c4ven om din trucker pl\u00e5nbok mini bl\u00e5 blir genombl\u00f6t kommer tr\u00e5den att h\u00e5lla sin styrka. Vi \u00e4lskar hur den h\u00e4r tr\u00e5den ger en dekorativ och robust look till pl\u00e5nboken!<\/p>\n<p>\u00c4ven kanterna \u00e4r fasade, slipade och polerade f\u00f6r hand. Vi f\u00e4rgar sedan kanterna och l\u00e4gger ett l\u00e4tt lager naturligt bivax innan vi polerar f\u00f6r att ge en fin glans. Denna pl\u00e5nbok \u00e4r helt handgjord med mycket k\u00e4rlek och uppm\u00e4rksamhet p\u00e5 detaljer och b\u00e4r stolt v\u00e5r tillverkningspr\u00e4gel p\u00e5 sig!<\/p>\n<p>Nordic EDC <a href=\"https:\/\/www.palsjo.com\/se\/produktkategori\/planbocker-korthallare\/\">pl\u00e5nb\u00f6cker &amp; korth\u00e5llare<\/a> \u00e4r gjorda f\u00f6r att h\u00e5lla och ist\u00e4llet f\u00f6r att slitas ut kommer denna handgjorda pl\u00e5nbok att slitas in och bli vackrare och vackrare med en rik patina n\u00e4r du anv\u00e4nder den varje dag\u2026en perfekt Nordic EDC!<\/p>\n<h2>Trucker pl\u00e5nbok mini bl\u00e5<\/h2>\n<ul>\n<li>Trucker pl\u00e5nbok mini bl\u00e5 \u00e4r handgjord i Sverige.<\/li>\n<li>1x internationell ficka f\u00f6r kontanter\/sedlar\/kort.<\/li>\n<li>1x myntficka med dragkedja.<\/li>\n<li>2x kortfickor.<\/li>\n<li>T\u00dcV Rheinland och Organic Control Standard (OCS) <a href=\"https:\/\/tarnsjogarveri.com\/environment\/\" target=\"_blank\" rel=\"noopener\">certifierat l\u00e4der<\/a> fr\u00e5n T\u00e4rnsj\u00f6 Garveri.<\/li>\n<li>Anilinf\u00e4rgad med l\u00f6sliga f\u00e4rg\u00e4mnen utan att t\u00e4cka toppen med ol\u00f6sligt pigment eller t\u00e4ckf\u00e4rg.<\/li>\n<li>3 oz. fullnarv vegetabiliskt garvat l\u00e4der; b\u00e4sta l\u00e4derkvalitet som finns.<\/li>\n<li>0,6 mm Ritza 25 Tiger fl\u00e4tad polyestertr\u00e5d.<\/li>\n<li>Traditionell sadels\u00f6m sydd f\u00f6r hand.<\/li>\n<li>Polerade kanter och l\u00e4tt vaxad f\u00f6r hand.<\/li>\n<li>Detaljer i massiv m\u00e4ssing<\/li>\n<li>Japanska YKK-dragkedjor av h\u00f6g kvalitet<\/li>\n<li>M\u00e5tt st\u00e4ngd: 115 mm (B) x 80 mm (H) x 23 mm (T).<\/li>\n<li>M\u00e5tt \u00f6ppen: 115 mm (B) x 145 mm (H) x 20 mm (T).<\/li>\n<li>M\u00e5tt p\u00e5 fl\u00e4tad pl\u00e5nbokskedja : 45 cm inklusive krok och karbinhake<\/li>\n<li>St\u00e4mplad med v\u00e5r Nordic EDC-pr\u00e4gling.<\/li>\n<\/ul>\n<h2>Hur vi g\u00f6r Trucker pl\u00e5nbok mini<\/h2>\n<div class=\"video-container\"><iframe title=\"[ASMR] Making a HANDMADE Short Trucker Wallet\" width=\"1170\" height=\"658\" src=\"https:\/\/www.youtube.com\/embed\/k6hRDZtu_1g?list=UULFA8bgJHhtbu8EgrwtNZi-3w\" frameborder=\"0\" allow=\"accelerometer; autoplay; clipboard-write; encrypted-media; gyroscope; picture-in-picture; web-share\" referrerpolicy=\"strict-origin-when-cross-origin\" allowfullscreen><\/iframe><\/div>\n","protected":false},"excerpt":{"rendered":"<p>Trucker pl\u00e5nbok mini bl\u00e5 \u00e4r en snygg och funktionell pl\u00e5nbok som kan b\u00e4ra runt 10 kort, en m\u00e4ngd kontanter och mynt. Fri och snabb frakt inom Sverige!<\/p>\n","protected":false},"featured_media":3129,"comment_status":"open","ping_status":"closed","template":"","meta":[],"product_brand":[],"product_cat":[26],"product_tag":[52],"class_list":{"0":"post-2951","1":"product","2":"type-product","3":"status-publish","4":"has-post-thumbnail","6":"product_cat-planbocker-korthallare","7":"product_tag-bla-laderplanbok","9":"first","10":"instock","11":"taxable","12":"shipping-taxable","13":"purchasable","14":"product-type-simple"},"_links":{"self":[{"href":"https:\/\/www.palsjo.com\/se\/wp-json\/wp\/v2\/product\/2951","targetHints":{"allow":["GET"]}}],"collection":[{"href":"https:\/\/www.palsjo.com\/se\/wp-json\/wp\/v2\/product"}],"about":[{"href":"https:\/\/www.palsjo.com\/se\/wp-json\/wp\/v2\/types\/product"}],"replies":[{"embeddable":true,"href":"https:\/\/www.palsjo.com\/se\/wp-json\/wp\/v2\/comments?post=2951"}],"wp:featuredmedia":[{"embeddable":true,"href":"https:\/\/www.palsjo.com\/se\/wp-json\/wp\/v2\/media\/3129"}],"wp:attachment":[{"href":"https:\/\/www.palsjo.com\/se\/wp-json\/wp\/v2\/media?parent=2951"}],"wp:term":[{"taxonomy":"product_brand","embeddable":true,"href":"https:\/\/www.palsjo.com\/se\/wp-json\/wp\/v2\/product_brand?post=2951"},{"taxonomy":"product_cat","embeddable":true,"href":"https:\/\/www.palsjo.com\/se\/wp-json\/wp\/v2\/product_cat?post=2951"},{"taxonomy":"product_tag","embeddable":true,"href":"https:\/\/www.palsjo.com\/se\/wp-json\/wp\/v2\/product_tag?post=2951"}],"curies":[{"name":"wp","href":"https:\/\/api.w.org\/{rel}","templated":true}]}}