{"id":2907,"date":"2024-03-15T10:25:20","date_gmt":"2024-03-15T09:25:20","guid":{"rendered":"https:\/\/www.nordicedc.com\/se\/?post_type=product&#038;p=2907"},"modified":"2025-09-04T10:35:39","modified_gmt":"2025-09-04T08:35:39","slug":"trucker-planbok-med-kedja-mid-bla","status":"publish","type":"product","link":"https:\/\/www.palsjo.com\/se\/produkt\/trucker-planbok-med-kedja-mid-bla\/","title":{"rendered":"Trucker pl\u00e5nbok med kedja mid bl\u00e5"},"content":{"rendered":"<h2>Trucker pl\u00e5nbok med kedja mid bl\u00e5 &#8211;\u00a0En pl\u00e5nbok som kommer att h\u00e5lla livet ut<\/h2>\n<p>Tanken med v\u00e5r trucker pl\u00e5nbok med kedja mid bl\u00e5 var att skapa en modern version av en tidl\u00f6s klassiker. Om du gillar din denim r\u00e5 och dina k\u00e4ngor grova \u00e4r det h\u00e4r den perfekta pl\u00e5nbok herr f\u00f6r dig. Den \u00e4r gjord f\u00f6r att \u00e5ldras tillsammans med dina favoritplagg.<\/p>\n<h3>En herrpl\u00e5nbok som passar din rugged livsstil<\/h3>\n<p>Det h\u00e4r \u00e4r en trucker pl\u00e5nbok som passar perfekt i en robust stil. Den bl\u00e5a pl\u00e5nboken kommer att \u00e5ldras vackert. Precis som dina boots f\u00e5r en unik patina och din denim f\u00e5r personliga slitningar, kommer detta kortfodral i l\u00e4der bl\u00e5att utvecklas \u00f6ver tid. Det \u00e4r den perfekta accessoaren f\u00f6r din look.<\/p>\n<h3>Den extrema h\u00e5llbarheten hos denna trucker pl\u00e5nbok med kedja<\/h3>\n<p>Vi vill att v\u00e5r trucker pl\u00e5nbok med kedja mid bl\u00e5 ska h\u00e5lla i \u00e5rtionden. D\u00e4rf\u00f6r \u00e4r den handsydd med en 0,6 mm fl\u00e4tad polyestertr\u00e5d som \u00e4r otroligt stark. \u00c4ven om din pl\u00e5nbok herr blir genombl\u00f6t kommer tr\u00e5den att h\u00e5lla. Vi valde \u00e4ven solida m\u00e4ssingsdetaljer som inte rostar och som kommer att utveckla en vacker patina.<\/p>\n<h3>Svenskt l\u00e4der f\u00f6r din pl\u00e5nbok herr fr\u00e5n T\u00e4rnsj\u00f6 Garveri<\/h3>\n<p>Som med alla v\u00e5ra produkter, anv\u00e4nder vi bara det b\u00e4sta l\u00e4dret. Denna pl\u00e5nbok \u00e4r tillverkad av vegetabiliskt garvat fullnarvsl\u00e4der fr\u00e5n T\u00e4rnsj\u00f6 Garveri. Vi \u00e4lskar detta l\u00e4der f\u00f6r att det \u00e4r underbart redan som nytt och snabbt utvecklar en vacker patina som speglar anv\u00e4ndarens livsstil.<\/p>\n<h3>Handgjord i Sverige: En trucker pl\u00e5nbok skapad med omsorg<\/h3>\n<p>Varje trucker pl\u00e5nbok som vi producerar \u00e4r handgjort av mig, Mano, den enda hantverkaren p\u00e5 Palsj\u00f6. Denna pl\u00e5nbok\u00a0\u00e4r <strong>sadelsydd f\u00f6r hand<\/strong>, inte gjord p\u00e5 en sammans\u00e4ttningslinje. Den \u00e4r skapad med k\u00e4rlek och en otrolig uppm\u00e4rksamhet p\u00e5 detaljer, vilket ger en kvalitet som inte g\u00e5r att hitta n\u00e5gon annanstans.<\/p>\n<h3>En praktisk och rymlig trucker pl\u00e5nbok<\/h3>\n<p>Jag ville g\u00f6ra den traditionella trucker pl\u00e5nboken mer praktisk f\u00f6r dagligt bruk. V\u00e5r trucker pl\u00e5nbok med kedja mid bl\u00e5 \u00e4r mindre \u00e4n de traditionella och sitter perfekt i bakfickan. Trots sin kompakta storlek \u00e4r den otroligt rymlig. Den har en kortficka, en stor myntficka, en st\u00f6rre kortficka till och ett \u00f6ppet fack f\u00f6r kontanter och kvitton.<\/p>\n<h3>Livstidsgaranti p\u00e5 din trucker pl\u00e5nbok med kedja<\/h3>\n<p>Vi \u00e4r s\u00e5 s\u00e4kra p\u00e5 kvaliteten i v\u00e5rt hantverk att vi ger livstidsgaranti p\u00e5 alla v\u00e5ra handgjorda l\u00e4dervaror. Vi st\u00e5r bakom varje pl\u00e5nbok\u00a0vi tillverkar. Det \u00e4r en del av v\u00e5r passion.<\/p>\n<p>Uppt\u00e4ck din n\u00e4sta <a href=\"https:\/\/www.palsjo.com\/se\/planbocker-korthallare\/\">pl\u00e5nbok<\/a> \u2013 handgjord i svenskt l\u00e4der och skapad f\u00f6r att h\u00e5lla hela livet.<\/p>\n<h2><b>Trucker pl\u00e5nbok med kedja mid bl\u00e5 &#8211; produktdetaljer<\/b><\/h2>\n<ul>\n<li>trucker pl\u00e5nbok med kedja mid bl\u00e5 \u00e4r handgjord i Sverige.<\/li>\n<li>1x internationell ficka f\u00f6r kontanter, sedlar och kort.<\/li>\n<li>1x myntficka med dragkedja.<\/li>\n<li>2x kortfickor.<\/li>\n<li>T\u00dcV Rheinland och Organic Control Standard (OCS) certifierat l\u00e4der fr\u00e5n <a href=\"https:\/\/www.tarnsjogarveri.com\/\" target=\"_blank\" rel=\"noopener\">T\u00e4rnsj\u00f6 Garveri<\/a>.<\/li>\n<li>3 oz. fullnarv vegetabiliskt garvat l\u00e4der; b\u00e4sta l\u00e4derkvalitet som finns.<\/li>\n<li>0,6 mm Ritza 25 Tiger fl\u00e4tad polyestertr\u00e5d.<\/li>\n<li>Traditionell sadels\u00f6m sydd f\u00f6r hand.<\/li>\n<li>Polerade kanter och l\u00e4tt vaxad f\u00f6r hand.<\/li>\n<li>Detaljer i massiv m\u00e4ssing.<\/li>\n<li>Japanska YKK-dragkedjor av h\u00f6g kvalitet.<\/li>\n<li>M\u00e5tt st\u00e4ngd: 145 mm (B) x 90 mm (H) x 23 mm (T).<\/li>\n<li>M\u00e5tt \u00f6ppen: 145 mm (B) x 155 mm (H) x 20 mm (T).<\/li>\n<li>M\u00e5tt p\u00e5 fl\u00e4tad pl\u00e5nbokskedja : 45 cm inklusive krok och karbinhake.<\/li>\n<\/ul>\n<p>Matcha din nya pl\u00e5nbok med kedja med ett av v\u00e5ra <strong><a href=\"https:\/\/www.palsjo.com\/se\/balten-for-herr\/\">b\u00e4lten f\u00f6r herr<\/a><\/strong>, handgjort f\u00f6r att h\u00e5lla. De \u00e4r gjorda av 4 mm tjockt l\u00e4der. De \u00e4r \u00e4ven skr\u00e4ddarsydda till din exakta midjem\u00e5tt. Du kommer att \u00e4lska dem!<\/p>\n","protected":false},"excerpt":{"rendered":"<p><strong>Trucker pl\u00e5nbok med kedja mid bl\u00e5<\/strong> \u00e4r en snygg och funktionell pl\u00e5nbok som kan b\u00e4ra runt 10 kort, en m\u00e4ngd kontanter och mynt. Fri och snabb frakt inom Sverige!<\/p>\n","protected":false},"featured_media":2911,"comment_status":"open","ping_status":"closed","template":"","meta":[],"product_brand":[],"product_cat":[26],"product_tag":[52],"class_list":{"0":"post-2907","1":"product","2":"type-product","3":"status-publish","4":"has-post-thumbnail","6":"product_cat-planbocker-korthallare","7":"product_tag-bla-laderplanbok","9":"first","10":"instock","11":"taxable","12":"shipping-taxable","13":"purchasable","14":"product-type-simple"},"_links":{"self":[{"href":"https:\/\/www.palsjo.com\/se\/wp-json\/wp\/v2\/product\/2907","targetHints":{"allow":["GET"]}}],"collection":[{"href":"https:\/\/www.palsjo.com\/se\/wp-json\/wp\/v2\/product"}],"about":[{"href":"https:\/\/www.palsjo.com\/se\/wp-json\/wp\/v2\/types\/product"}],"replies":[{"embeddable":true,"href":"https:\/\/www.palsjo.com\/se\/wp-json\/wp\/v2\/comments?post=2907"}],"wp:featuredmedia":[{"embeddable":true,"href":"https:\/\/www.palsjo.com\/se\/wp-json\/wp\/v2\/media\/2911"}],"wp:attachment":[{"href":"https:\/\/www.palsjo.com\/se\/wp-json\/wp\/v2\/media?parent=2907"}],"wp:term":[{"taxonomy":"product_brand","embeddable":true,"href":"https:\/\/www.palsjo.com\/se\/wp-json\/wp\/v2\/product_brand?post=2907"},{"taxonomy":"product_cat","embeddable":true,"href":"https:\/\/www.palsjo.com\/se\/wp-json\/wp\/v2\/product_cat?post=2907"},{"taxonomy":"product_tag","embeddable":true,"href":"https:\/\/www.palsjo.com\/se\/wp-json\/wp\/v2\/product_tag?post=2907"}],"curies":[{"name":"wp","href":"https:\/\/api.w.org\/{rel}","templated":true}]}}