{"id":2620,"date":"2023-11-09T15:34:48","date_gmt":"2023-11-09T14:34:48","guid":{"rendered":"https:\/\/www.nordicedc.com\/se\/?post_type=product&#038;p=2620"},"modified":"2025-09-04T10:35:40","modified_gmt":"2025-09-04T08:35:40","slug":"personlig-namnskylt-till-hundhalsband","status":"publish","type":"product","link":"https:\/\/www.palsjo.com\/se\/produkt\/personlig-namnskylt-till-hundhalsband\/","title":{"rendered":"Personlig namnskylt till hundhalsband"},"content":{"rendered":"<p>En personlig namnskylt till hundhalsband \u00e4r en fantastisk investering f\u00f6r din hunds s\u00e4kerhet. Det \u00e4r l\u00e4tt f\u00f6r folk att ringa dig n\u00e4r de hittar din hund ifall den skulle komma p\u00e5 villov\u00e4gar. V\u00e5ra namnskyltar \u00e4r lasergraverade med hundens namn och ditt telefonnummer.<\/p>\n<p>Letar du efter skr\u00e4ddarsydda presenter till hundar eller hund\u00e4gare? Ett personligt namnskylt till hundhalsbandet \u00e4r svaret &#8211; \u00a0ett m\u00e5ste f\u00f6r alla hund\u00e4gare som letar efter ett unikt och personligt tillbeh\u00f6r till sin lurviga v\u00e4n!<\/p>\n<p>H\u00e4r kan du se ett <a href=\"https:\/\/www.palsjo.com\/se\/produkt-tagg\/hundhalsband-i-lader\/\">personligt hundhalsband<\/a> i alla f\u00e4rger<\/p>\n<h2>Personlig namnskylt till hundhalsband<\/h2>\n<ul>\n<li>3,5 till 4 mm tjockt premium vegetabiliskt garvat l\u00e4der fr\u00e5n <a href=\"https:\/\/tarnsjogarveri.com\" target=\"_blank\" rel=\"noopener\">T\u00e4rnsj\u00f6 Garveri<\/a> i Sverige.<\/li>\n<li>Lasergraverad personlig namnskylt med namn och telefonnummer.<\/li>\n<li>Designat och tillverkat i Sverige.<strong>\u00a0<\/strong><\/li>\n<\/ul>\n","protected":false},"excerpt":{"rendered":"<p>Personlig namnskylt till hundhalsband &#8211; v\u00e5ra namnskyltar \u00e4r lasergraverade med hundens namn och ditt telefonnummer. Fri och snabb frakt inom Sverige.<\/p>\n<p><strong>Personalisering<\/strong><br \/>\n<span style=\"color: red;\">Ange hundnamn och telefonnummer i best\u00e4llningskommentarerna i kassan.<\/span><\/p>\n<p><strong>Ing\u00e5r i setet<\/strong><br \/>\n1x namnskylt med namn och telefonnummer ingraverat<\/p>\n","protected":false},"featured_media":2622,"comment_status":"open","ping_status":"closed","template":"","meta":[],"product_brand":[],"product_cat":[98],"product_tag":[],"class_list":{"0":"post-2620","1":"product","2":"type-product","3":"status-publish","4":"has-post-thumbnail","6":"product_cat-hundhalsband-och-koppel","8":"first","9":"instock","10":"taxable","11":"shipping-taxable","12":"purchasable","13":"product-type-variable"},"_links":{"self":[{"href":"https:\/\/www.palsjo.com\/se\/wp-json\/wp\/v2\/product\/2620","targetHints":{"allow":["GET"]}}],"collection":[{"href":"https:\/\/www.palsjo.com\/se\/wp-json\/wp\/v2\/product"}],"about":[{"href":"https:\/\/www.palsjo.com\/se\/wp-json\/wp\/v2\/types\/product"}],"replies":[{"embeddable":true,"href":"https:\/\/www.palsjo.com\/se\/wp-json\/wp\/v2\/comments?post=2620"}],"wp:featuredmedia":[{"embeddable":true,"href":"https:\/\/www.palsjo.com\/se\/wp-json\/wp\/v2\/media\/2622"}],"wp:attachment":[{"href":"https:\/\/www.palsjo.com\/se\/wp-json\/wp\/v2\/media?parent=2620"}],"wp:term":[{"taxonomy":"product_brand","embeddable":true,"href":"https:\/\/www.palsjo.com\/se\/wp-json\/wp\/v2\/product_brand?post=2620"},{"taxonomy":"product_cat","embeddable":true,"href":"https:\/\/www.palsjo.com\/se\/wp-json\/wp\/v2\/product_cat?post=2620"},{"taxonomy":"product_tag","embeddable":true,"href":"https:\/\/www.palsjo.com\/se\/wp-json\/wp\/v2\/product_tag?post=2620"}],"curies":[{"name":"wp","href":"https:\/\/api.w.org\/{rel}","templated":true}]}}