{"id":1903,"date":"2023-10-11T13:53:45","date_gmt":"2023-10-11T11:53:45","guid":{"rendered":"https:\/\/www.nordicedc.com\/?post_type=product&#038;p=1903"},"modified":"2025-12-15T10:00:59","modified_gmt":"2025-12-15T09:00:59","slug":"minimalistisk-korthallare-svart","status":"publish","type":"product","link":"https:\/\/www.palsjo.com\/se\/produkt\/minimalistisk-korthallare-svart\/","title":{"rendered":"Minimalistisk korth\u00e5llare svart"},"content":{"rendered":"<p>Tanken med en minimalistisk korth\u00e5llare i svart var att g\u00f6ra en enkel, minimalistisk och robust men \u00e4nd\u00e5 praktisk korth\u00e5llare som inte \u00e4r lika skrymmande som traditionella dubbelvikta pl\u00e5nb\u00f6cker men \u00e4nd\u00e5 kan b\u00e4ra ett stort antal kort som beh\u00f6vs dagligen. Med den h\u00e4r korth\u00e5llaren tycker vi definitivt att vi har l\u00f6st det behovet!<\/p>\n<p>V\u00e5r minimalistiska l\u00e4derkorth\u00e5llare har 5 kortfickor och kan b\u00e4ra ca 10 kort bekv\u00e4mt och mer n\u00e4r l\u00e4dret str\u00e4cker ut sig lite. Om du \u00e4r den som gillar att b\u00e4ra pl\u00e5nb\u00f6cker i framfickan p\u00e5 dina byxor, \u00e4r den h\u00e4r f\u00f6r dig!<\/p>\n<p>Den h\u00e4r korth\u00e5llaren \u00e4r gjord av f\u00f6rstklassigt milj\u00f6v\u00e4nligt vegetabiliskt garvat l\u00e4der fr\u00e5n v\u00e5r svenska stolthet, <a href=\"https:\/\/tarnsjogarveri.com\/\" target=\"_blank\" rel=\"noopener\">T\u00e4rnsj\u00f6 Garvery<\/a> som g\u00f6r de vackraste l\u00e4drena.<\/p>\n<p>Varje korth\u00e5llare \u00e4r handsydd med traditionell sadels\u00f6msteknik. Detta g\u00f6r pl\u00e5nboken extremt h\u00e5llbar. Till skillnad fr\u00e5n symaskinens l\u00e5ss\u00f6m som kommer att lossna helt, om en tr\u00e5d g\u00e5r av, kommer sadelstygnen fortfarande att h\u00e5lla ihop.P\u00e5 tal om h\u00e5llbarhet har vi inte l\u00e4mnat n\u00e5gra detaljer \u00e5t slumpen.<\/p>\n<p>Vi anv\u00e4nder dansktillverkad 0,6 mm Ritza 25 tigertr\u00e5d som \u00e4r en supertuff vaxbelagd polyestertr\u00e5d. \u00c4ven om din pl\u00e5nbok blir genombl\u00f6t kommer tr\u00e5den att beh\u00e5lla sin styrka. Vi \u00e4lskar hur den h\u00e4r tr\u00e5den ger en dekorativ och robust look till pl\u00e5nboken!<\/p>\n<p>\u00c4ven kanterna \u00e4r fasade, slipade och polerade f\u00f6r hand. Vi f\u00e4rgar sedan kanterna och l\u00e4gger ett l\u00e4tt lager svart bivax innan vi polerar f\u00f6r att f\u00e5 sin fina glans.<\/p>\n<p>Denna minimalistiska l\u00e4derkorth\u00e5llare \u00e4r helt handgjord med mycket k\u00e4rlek och uppm\u00e4rksamhet p\u00e5 detaljer och b\u00e4r stolt v\u00e5r tillverkares pr\u00e4gel p\u00e5 sig!<\/p>\n<p>Nordic EDC <a href=\"https:\/\/www.palsjo.com\/se\/produktkategori\/planbocker-korthallare\/\">handgjorda l\u00e4derpl\u00e5nb\u00f6cker<\/a> \u00e4r gjorda f\u00f6r att h\u00e5lla och ist\u00e4llet f\u00f6r att slitas ut kommer denna l\u00e4derpl\u00e5nbok att slitas in och bli vackrare och vackrare med en rik patina n\u00e4r du anv\u00e4nder den varje dag&#8230;en perfekt Nordic EDC!<\/p>\n<h2>Minimalistisk korth\u00e5llare Svart<\/h2>\n<ul>\n<li>Minimalistisk korth\u00e5llare svart \u00e4r handgjord i Sverige.<\/li>\n<li>5 kortfickor.<\/li>\n<li>T\u00dcV Rheinland och Organic Control Standard (OCS) <a href=\"https:\/\/tarnsjogarveri.com\/environment\/\" target=\"_blank\" rel=\"noopener\">certifierat l\u00e4der<\/a> fr\u00e5n T\u00e4rnsj\u00f6 Garveri.<\/li>\n<li>Anilinf\u00e4rgad med l\u00f6sliga f\u00e4rg\u00e4mnen utan att t\u00e4cka ytan med ol\u00f6sligt pigment eller t\u00e4ckf\u00e4rg.<\/li>\n<li>3 oz. fullnarv vegetabiliskt garvat l\u00e4der; b\u00e4sta l\u00e4derkvalitet som finns.<\/li>\n<li>0,6 mm Ritza 25 Tiger fl\u00e4tad polyestertr\u00e5d.<\/li>\n<li>Traditionell sadels\u00f6m sydd f\u00f6r hand.<\/li>\n<li>Polerade kanter och l\u00e4tt vaxad f\u00f6r hand.<\/li>\n<li>M\u00e5tt st\u00e4ngd: 80 mm (B) x 100 mm (H) x 6 mm (T)<\/li>\n<li>Minimalistisk korth\u00e5llare svart \u00e4r st\u00e4mplad med v\u00e5r Nordic EDC-pr\u00e4gling<\/li>\n<\/ul>\n","protected":false},"excerpt":{"rendered":"<p>Minimalistisk korth\u00e5llare svart \u00e4r handgjord av exklusivt svenskt l\u00e4der fr\u00e5n T\u00e4rnsj\u00f6 Garveri! K\u00f6p din korth\u00e5llare hos oss. Fri och snabb frakt inom Sverige.<\/p>\n","protected":false},"featured_media":1079,"comment_status":"open","ping_status":"closed","template":"","meta":[],"product_brand":[],"product_cat":[26],"product_tag":[74,42,44],"class_list":{"0":"post-1903","1":"product","2":"type-product","3":"status-publish","4":"has-post-thumbnail","6":"product_cat-planbocker-korthallare","7":"product_tag-liten-planbok","8":"product_tag-svart-laderplanbok","9":"product_tag-svarta-laderprodukter","11":"first","12":"outofstock","13":"featured","14":"taxable","15":"shipping-taxable","16":"purchasable","17":"product-type-simple"},"_links":{"self":[{"href":"https:\/\/www.palsjo.com\/se\/wp-json\/wp\/v2\/product\/1903","targetHints":{"allow":["GET"]}}],"collection":[{"href":"https:\/\/www.palsjo.com\/se\/wp-json\/wp\/v2\/product"}],"about":[{"href":"https:\/\/www.palsjo.com\/se\/wp-json\/wp\/v2\/types\/product"}],"replies":[{"embeddable":true,"href":"https:\/\/www.palsjo.com\/se\/wp-json\/wp\/v2\/comments?post=1903"}],"wp:featuredmedia":[{"embeddable":true,"href":"https:\/\/www.palsjo.com\/se\/wp-json\/wp\/v2\/media\/1079"}],"wp:attachment":[{"href":"https:\/\/www.palsjo.com\/se\/wp-json\/wp\/v2\/media?parent=1903"}],"wp:term":[{"taxonomy":"product_brand","embeddable":true,"href":"https:\/\/www.palsjo.com\/se\/wp-json\/wp\/v2\/product_brand?post=1903"},{"taxonomy":"product_cat","embeddable":true,"href":"https:\/\/www.palsjo.com\/se\/wp-json\/wp\/v2\/product_cat?post=1903"},{"taxonomy":"product_tag","embeddable":true,"href":"https:\/\/www.palsjo.com\/se\/wp-json\/wp\/v2\/product_tag?post=1903"}],"curies":[{"name":"wp","href":"https:\/\/api.w.org\/{rel}","templated":true}]}}