{"id":1877,"date":"2023-10-11T11:39:56","date_gmt":"2023-10-11T09:39:56","guid":{"rendered":"https:\/\/www.nordicedc.com\/?post_type=product&#038;p=1877"},"modified":"2025-09-04T10:35:42","modified_gmt":"2025-09-04T08:35:42","slug":"flatad-planbokskedja-i-lader","status":"publish","type":"product","link":"https:\/\/www.palsjo.com\/se\/produkt\/flatad-planbokskedja-i-lader\/","title":{"rendered":"Fl\u00e4tad pl\u00e5nbokskedja i l\u00e4der"},"content":{"rendered":"<p>Detta \u00e4r en h\u00f6gkvalitativ fl\u00e4tad pl\u00e5nbokskedja i l\u00e4der tillverkad av naturligt vegetabiliskt garvat l\u00e4der fr\u00e5n det v\u00e4rldsber\u00f6mda <a href=\"https:\/\/tarnsjogarveri.com\" target=\"_blank\" rel=\"noopener\">T\u00e4rnsj\u00f6 Garveri<\/a> i Sverige. Den kommer att ta sin egen vackra unika patina med tiden. Denna produkt \u00e4r helt handgjord och verkligen tillverkad f\u00f6r att h\u00e5lla.<br \/>\nDessa pl\u00e5nbokskedjor \u00e4r cirka 45 cm l\u00e5nga och cirka 8-9 mm tjocka. De levereras med en vacker krok i massiv m\u00e4ssing i ena \u00e4nden f\u00f6r att enkelt f\u00e4sta den i ditt b\u00e4lte eller b\u00e4ltes\u00f6gla. Och den andra \u00e4nden har en rej\u00e4l karbinhake i m\u00e4ssing som f\u00e4sts i pl\u00e5nboken. Detta \u00e4r en perfekt accessoar till v\u00e5ra <a href=\"https:\/\/www.palsjo.com\/se\/produkt-tagg\/exklusiva-planbocker-herr\/\">exklusiva l\u00e4derpl\u00e5nb\u00f6cker<\/a>.<\/p>\n<h2>Fl\u00e4tad pl\u00e5nbokskedja i l\u00e4der<\/h2>\n<ul>\n<li>Fl\u00e4tad pl\u00e5nbokskedja i l\u00e4der handgjord i Sverige<\/li>\n<li>T\u00dcV Rheinland och Organic Control Standard (OCS) <a href=\"https:\/\/tarnsjogarveri.com\/environment\/\" target=\"_blank\" rel=\"noopener\">certifierat l\u00e4der<\/a> fr\u00e5n T\u00e4rnsj\u00f6 Garveri<\/li>\n<li>3-4 oz. fullnarv vegetabiliskt garvat l\u00e4der; b\u00e4sta l\u00e4derkvalitet som finns<\/li>\n<li>Traditionell fyrdelad fl\u00e4tning f\u00f6r hand<\/li>\n<li>Krok och karbinhake i massiv m\u00e4ssing<\/li>\n<li>M\u00e5tt: 45 cm inklusive krok och karbinhake<\/li>\n<\/ul>\n","protected":false},"excerpt":{"rendered":"<p>H\u00f6gkvalitativ fl\u00e4tad pl\u00e5nbokskedja i l\u00e4der, handgjord av exklusivt svenskt l\u00e4der fr\u00e5n T\u00e4rnsj\u00f6 Garveri! K\u00f6p din pl\u00e5nbokskedja hos oss. Fri och snabb frakt inom Sverige.<\/p>\n","protected":false},"featured_media":1883,"comment_status":"open","ping_status":"closed","template":"","meta":[],"product_brand":[],"product_cat":[26],"product_tag":[],"class_list":{"0":"post-1877","1":"product","2":"type-product","3":"status-publish","4":"has-post-thumbnail","6":"product_cat-planbocker-korthallare","8":"first","9":"instock","10":"taxable","11":"shipping-taxable","12":"purchasable","13":"product-type-variable","14":"has-default-attributes"},"_links":{"self":[{"href":"https:\/\/www.palsjo.com\/se\/wp-json\/wp\/v2\/product\/1877","targetHints":{"allow":["GET"]}}],"collection":[{"href":"https:\/\/www.palsjo.com\/se\/wp-json\/wp\/v2\/product"}],"about":[{"href":"https:\/\/www.palsjo.com\/se\/wp-json\/wp\/v2\/types\/product"}],"replies":[{"embeddable":true,"href":"https:\/\/www.palsjo.com\/se\/wp-json\/wp\/v2\/comments?post=1877"}],"wp:featuredmedia":[{"embeddable":true,"href":"https:\/\/www.palsjo.com\/se\/wp-json\/wp\/v2\/media\/1883"}],"wp:attachment":[{"href":"https:\/\/www.palsjo.com\/se\/wp-json\/wp\/v2\/media?parent=1877"}],"wp:term":[{"taxonomy":"product_brand","embeddable":true,"href":"https:\/\/www.palsjo.com\/se\/wp-json\/wp\/v2\/product_brand?post=1877"},{"taxonomy":"product_cat","embeddable":true,"href":"https:\/\/www.palsjo.com\/se\/wp-json\/wp\/v2\/product_cat?post=1877"},{"taxonomy":"product_tag","embeddable":true,"href":"https:\/\/www.palsjo.com\/se\/wp-json\/wp\/v2\/product_tag?post=1877"}],"curies":[{"name":"wp","href":"https:\/\/api.w.org\/{rel}","templated":true}]}}