{"id":1789,"date":"2023-10-09T14:06:16","date_gmt":"2023-10-09T12:06:16","guid":{"rendered":"https:\/\/www.nordicedc.com\/?post_type=product&#038;p=1789"},"modified":"2025-09-04T11:05:47","modified_gmt":"2025-09-04T09:05:47","slug":"nr-62-laderplanbok-bla","status":"publish","type":"product","link":"https:\/\/www.palsjo.com\/se\/produkt\/nr-62-laderplanbok-bla\/","title":{"rendered":"Nr. 62 l\u00e4derpl\u00e5nbok bl\u00e5"},"content":{"rendered":"<p>Tanken med Nr. 62 l\u00e4derpl\u00e5nbok bl\u00e5 var att g\u00f6ra en enkel, robust men \u00e4nd\u00e5 praktisk korth\u00e5llare som bekv\u00e4mt kan b\u00e4ra cirka 10-14 kort i en modern och unik form. En funktion som vi ville ha var m\u00f6jligheten att spara sedlar och kvitton utan det traditionella l\u00e5nga sedelfacket som du hittar i en vanlig dubbelvikt pl\u00e5nboksdesign och som i m\u00e5nga fall g\u00f6r pl\u00e5nboken ganska skrymmande.<\/p>\n<p>Nordic EDC No. 62 l\u00e4derpl\u00e5nbok bl\u00e5 har sex fickor inklusive fyra vertikala fickor f\u00f6r kort och tv\u00e5 dolda fickor f\u00f6r sedlar, kvitton och s\u00e4llan anv\u00e4nda kort. L\u00e4dret vi anv\u00e4nder till denna pl\u00e5nbok kommer som alltid fr\u00e5n ett av de mest k\u00e4nda garverierna i v\u00e4rlden och v\u00e5r svenska stolthet, <a href=\"https:\/\/tarnsjogarveri.com\" target=\"_blank\" rel=\"noopener\">T\u00e4rnsj\u00f6 Garveri<\/a> cirka 100 km norr om Stockholm.<\/p>\n<p>Varje l\u00e4derpl\u00e5nbok \u00e4r handsydd med traditionell sadels\u00f6msteknik. Detta g\u00f6r pl\u00e5nboken extremt h\u00e5llbar. Till skillnad fr\u00e5n symaskinens l\u00e5ss\u00f6m som kan lossna helt om en tr\u00e5d g\u00e5r av, kommer sadelstygnen fortfarande att h\u00e5lla ihop. P\u00e5 tal om h\u00e5llbarhet har vi inte l\u00e4mnat n\u00e5gra detaljer \u00e5t slumpen. Vi anv\u00e4nder dansktillverkad 0,6 mm Ritza 25 tigertr\u00e5d, som \u00e4r en supertuff vaxbelagd polyestertr\u00e5d. \u00c4ven om din pl\u00e5nbok blir genombl\u00f6t kommer tr\u00e5den att beh\u00e5lla sin styrka. Vi \u00e4lskar hur den h\u00e4r tr\u00e5den ger en dekorativ och robust look till pl\u00e5nboken!<\/p>\n<p>\u00c4ven kanterna \u00e4r fasade, slipade och polerade f\u00f6r hand. Vi f\u00e4rgar sedan kanterna och l\u00e4gger ett l\u00e4tt lager naturligt bivax innan vi polerar f\u00f6r att ge en fin glans. Denna pl\u00e5nbok \u00e4r helt handgjord med mycket k\u00e4rlek och uppm\u00e4rksamhet p\u00e5 detaljer och b\u00e4r stolt v\u00e5r tillverkningspr\u00e4gel p\u00e5 sig!<\/p>\n<p>Nordic EDC <a href=\"https:\/\/www.palsjo.com\/se\/produktkategori\/planbocker-korthallare\/\">pl\u00e5nb\u00f6cker &amp; korth\u00e5llare<\/a> \u00e4r gjorda f\u00f6r att h\u00e5lla och ist\u00e4llet f\u00f6r att slitas ut kommer denna handgjorda pl\u00e5nbok att slitas in och bli vackrare och vackrare med en rik patina n\u00e4r du anv\u00e4nder den varje dag&#8230;en perfekt Nordic EDC!<\/p>\n<h2><span style=\"font-size: 14pt;\">Nr. 62 L\u00e4derpl\u00e5nbok Bl\u00e5<\/span><\/h2>\n<ul>\n<li>Nr 62 l\u00e4derpl\u00e5nbok bl\u00e5 \u00e4r handgjord i Sverige.<\/li>\n<li>6 fickor inklusive fyra vertikala framfickor och tv\u00e5 dolda fickor.<\/li>\n<li>T\u00dcV Rheinland och Organic Control Standard (OCS) <a href=\"https:\/\/tarnsjogarveri.com\/environment\/\" target=\"_blank\" rel=\"noopener\">certifierat l\u00e4der<\/a> fr\u00e5n T\u00e4rnsj\u00f6 Garveri.<\/li>\n<li>Anilinf\u00e4rgad med l\u00f6sliga f\u00e4rg\u00e4mnen utan att t\u00e4cka ytan med ol\u00f6sligt pigment eller t\u00e4ckf\u00e4rg.<\/li>\n<li>3 oz. fullnarv vegetabiliskt garvat l\u00e4der; b\u00e4sta l\u00e4derkvalitet som finns.<\/li>\n<li>0,6 mm Ritza 25 Tiger fl\u00e4tad polyestertr\u00e5d.<\/li>\n<li>Traditionell sadels\u00f6m sydd f\u00f6r hand.<\/li>\n<li>Polerade kanter och l\u00e4tt vaxad f\u00f6r hand.<\/li>\n<li>M\u00e5tt st\u00e4ngd: 85 mm (B) x 110 mm (H) x 12 mm (T).<\/li>\n<li>M\u00e5tt \u00f6ppen: 170 mm (B) x 110 mm (H) x 6 mm (T).<\/li>\n<li>St\u00e4mplad med v\u00e5r Nordic EDC-pr\u00e4gling.<\/li>\n<\/ul>\n","protected":false},"excerpt":{"rendered":"<p>No. 62 l\u00e4derpl\u00e5nbok bl\u00e5 \u00e4r handgjord av exklusivt svenskt l\u00e4der fr\u00e5n T\u00e4rnsj\u00f6 Garveri! K\u00f6p din l\u00e4derpl\u00e5nbok hos oss. Fri och snabb frakt inom Sverige.<\/p>\n","protected":false},"featured_media":549,"comment_status":"open","ping_status":"closed","template":"","meta":[],"product_brand":[],"product_cat":[26],"product_tag":[52],"class_list":{"0":"post-1789","1":"product","2":"type-product","3":"status-publish","4":"has-post-thumbnail","6":"product_cat-planbocker-korthallare","7":"product_tag-bla-laderplanbok","9":"first","10":"instock","11":"featured","12":"taxable","13":"shipping-taxable","14":"purchasable","15":"product-type-simple"},"_links":{"self":[{"href":"https:\/\/www.palsjo.com\/se\/wp-json\/wp\/v2\/product\/1789","targetHints":{"allow":["GET"]}}],"collection":[{"href":"https:\/\/www.palsjo.com\/se\/wp-json\/wp\/v2\/product"}],"about":[{"href":"https:\/\/www.palsjo.com\/se\/wp-json\/wp\/v2\/types\/product"}],"replies":[{"embeddable":true,"href":"https:\/\/www.palsjo.com\/se\/wp-json\/wp\/v2\/comments?post=1789"}],"wp:featuredmedia":[{"embeddable":true,"href":"https:\/\/www.palsjo.com\/se\/wp-json\/wp\/v2\/media\/549"}],"wp:attachment":[{"href":"https:\/\/www.palsjo.com\/se\/wp-json\/wp\/v2\/media?parent=1789"}],"wp:term":[{"taxonomy":"product_brand","embeddable":true,"href":"https:\/\/www.palsjo.com\/se\/wp-json\/wp\/v2\/product_brand?post=1789"},{"taxonomy":"product_cat","embeddable":true,"href":"https:\/\/www.palsjo.com\/se\/wp-json\/wp\/v2\/product_cat?post=1789"},{"taxonomy":"product_tag","embeddable":true,"href":"https:\/\/www.palsjo.com\/se\/wp-json\/wp\/v2\/product_tag?post=1789"}],"curies":[{"name":"wp","href":"https:\/\/api.w.org\/{rel}","templated":true}]}}