{"id":1736,"date":"2023-10-09T11:54:06","date_gmt":"2023-10-09T09:54:06","guid":{"rendered":"https:\/\/www.nordicedc.com\/?post_type=product&#038;p=1736"},"modified":"2026-04-09T23:23:09","modified_gmt":"2026-04-09T21:23:09","slug":"heirloom-dubbelt-laderbalte","status":"publish","type":"product","link":"https:\/\/www.palsjo.com\/se\/produkt\/heirloom-dubbelt-laderbalte\/","title":{"rendered":"Heirloom dubbelt l\u00e4derb\u00e4lte"},"content":{"rendered":"<p>Heirloom dubbelt l\u00e4derb\u00e4lte \u00e4r tillverkat av tv\u00e5 lager med 8 oz &#8211; 9 oz premium vegetabiliskt garvat l\u00e4der, vilket skapar ett b\u00e4lte som kommer att h\u00e5lla i \u00e5rtionden. Med 5 h\u00e5l och anpassad storlek kommer detta att vara ditt mest perfekt passande l\u00e4derb\u00e4lte. L\u00e4dret p\u00e5 dessa b\u00e4lten kommer fr\u00e5n ett av v\u00e4rldens mest ber\u00f6mda garverier, <a href=\"https:\/\/tarnsjogarveri.com\" target=\"_blank\" rel=\"noopener\">T\u00e4rnsj\u00f6 Garveri<\/a> i Sverige. Du kan v\u00e4lja vilka tv\u00e5 l\u00e4derstycken du vill, t.ex. svart och brun. Med sin vackra s\u00f6mnad p\u00e5 insidan kan du helt enkelt skruva loss Chicago-skruvarna och v\u00e4nda p\u00e5 sp\u00e4nnet och h\u00e4llan f\u00f6r att sedan anv\u00e4nda b\u00e4ltet med andra sidan ut, vilket i princip ger dig tv\u00e5 stadiga b\u00e4lten i ett!<\/p>\n<p>Detta slitstarka l\u00e4der \u00e4r tillr\u00e4ckligt starkt f\u00f6r att bibeh\u00e5lla sin form \u00e4ven n\u00e4r det upprepade g\u00e5nger \u00e4r vridet eller b\u00f6jt. Det h\u00e4r b\u00e4ltet har, som vi vill s\u00e4ga, &#8220;v\u00e4sentlig&#8221; kvalitet. Detta tjocka l\u00e4der \u00e4r lite stelare i b\u00f6rjan men kommer efter ett litet tag att forma sig efter dig. Det \u00e4r det robustaste l\u00e4derb\u00e4ltet du n\u00e5gonsin kommer att \u00e4ga. Vi \u00e4r mycket \u00f6vertygade om att detta \u00e4r en of\u00f6rst\u00f6rbar accessoar som du kan l\u00e4mna vidare till n\u00e4sta generation och det \u00e4r d\u00e4rf\u00f6r vi kallar v\u00e5rt dubbelb\u00e4lte &#8220;Heirloom Belt&#8221;.<\/p>\n<p>Kolla in v\u00e5ra andra f\u00e4rgade <a href=\"https:\/\/www.palsjo.com\/se\/produkt-tagg\/dubbla-laderbalten\/\">dubbla l\u00e4derb\u00e4lten<\/a> ocks\u00e5!<\/p>\n<h2>Heirloom dubbelt l\u00e4derb\u00e4lte<\/h2>\n<ul>\n<li>Heirloom dubbelt l\u00e4derb\u00e4lte \u00e4r tillverkat f\u00f6r hand i Sverige<\/li>\n<li>T\u00dcV Rheinland och Organic Control Standard (OCS) <a href=\"https:\/\/tarnsjogarveri.com\/environment\/\" target=\"_blank\" rel=\"noopener\">certifierat l\u00e4der<\/a> fr\u00e5n T\u00e4rnsj\u00f6 Garveri<\/li>\n<li>8-9 oz. x 2 kraftigt vegetabiliskt garvat fullnarvsl\u00e4der; delarna \u00e4r ihopsydda med kraftig G\u00fctermann-tr\u00e5d.<\/li>\n<li>Inf\u00e4rgat med anilinf\u00e4rg\u00e4mnen, som f\u00e4rgar l\u00e4dret p\u00e5 djupet f\u00f6r en vacker och levande struktur<\/li>\n<li class=\" translation-block\">Har en matchande l\u00e4derh\u00e5llare i topp- och insidel\u00e4der. (<em>Obs: L\u00e4derh\u00e5llare skickas inte med n\u00e4r du best\u00e4ller b\u00e4ltet med sp\u00e4nne nr 5 eller 6, eftersom dessa sp\u00e4nnen redan h\u00e5ller b\u00e4ltet p\u00e5 plats tack vare den fyrkantiga ramen<\/em>).<\/li>\n<li>T\u00e5ligt och rostfritt sp\u00e4nne i solid m\u00e4ssing eller rostfritt st\u00e5l<\/li>\n<li>B\u00e4ltets kanter \u00e4r rundade och polerade f\u00f6r hand och l\u00e4tt vaxade<\/li>\n<li>Bredden p\u00e5 b\u00e4ltet \u00e4r 1,5&#8243; \/ 38mm.<\/li>\n<li>Heirloom dubbelt l\u00e4derb\u00e4lte har v\u00e5r Palsj\u00f6-pr\u00e4gling<\/li>\n<\/ul>\n<h2>Sp\u00e4nnen<\/h2>\n<h3>Nils sp\u00e4nne<\/h3>\n<div id='gallery-1' class='gallery galleryid-1736 gallery-columns-2 gallery-size-thumbnail'><figure class='gallery-item'>\n\t\t\t<div class='gallery-icon landscape'>\n\t\t\t\t<a href=\"https:\/\/www.palsjo.com\/se\/?attachment_id=8194\"><img decoding=\"async\" width=\"150\" height=\"150\" src=\"https:\/\/www.palsjo.com\/se\/wp-content\/uploads\/Nils-svart-laderbalte-med-rostfritt-stalspanne-150x150.jpg\" class=\"attachment-thumbnail size-thumbnail\" alt=\"Nils svart l\u00e4derb\u00e4lte med rostfritt st\u00e5lsp\u00e4nne\" aria-describedby=\"gallery-1-8194\" srcset=\"https:\/\/www.palsjo.com\/se\/wp-content\/uploads\/Nils-svart-laderbalte-med-rostfritt-stalspanne-150x150.jpg 150w, https:\/\/www.palsjo.com\/se\/wp-content\/uploads\/Nils-svart-laderbalte-med-rostfritt-stalspanne-300x300.jpg 300w, https:\/\/www.palsjo.com\/se\/wp-content\/uploads\/Nils-svart-laderbalte-med-rostfritt-stalspanne-1024x1024.jpg 1024w, https:\/\/www.palsjo.com\/se\/wp-content\/uploads\/Nils-svart-laderbalte-med-rostfritt-stalspanne-768x768.jpg 768w, https:\/\/www.palsjo.com\/se\/wp-content\/uploads\/Nils-svart-laderbalte-med-rostfritt-stalspanne-990x990.jpg 990w, https:\/\/www.palsjo.com\/se\/wp-content\/uploads\/Nils-svart-laderbalte-med-rostfritt-stalspanne-441x441.jpg 441w, https:\/\/www.palsjo.com\/se\/wp-content\/uploads\/Nils-svart-laderbalte-med-rostfritt-stalspanne-100x100.jpg 100w, https:\/\/www.palsjo.com\/se\/wp-content\/uploads\/Nils-svart-laderbalte-med-rostfritt-stalspanne-800x800.jpg 800w, https:\/\/www.palsjo.com\/se\/wp-content\/uploads\/Nils-svart-laderbalte-med-rostfritt-stalspanne.jpg 1200w\" sizes=\"(max-width: 150px) 100vw, 150px\" \/><\/a>\n\t\t\t<\/div>\n\t\t\t\t<figcaption class='wp-caption-text gallery-caption' id='gallery-1-8194'>\n\t\t\t\tNils st\u00e5lsp\u00e4nne\n\t\t\t\t<\/figcaption><\/figure><figure class='gallery-item'>\n\t\t\t<div class='gallery-icon landscape'>\n\t\t\t\t<a href=\"https:\/\/www.palsjo.com\/se\/?attachment_id=8193\"><img decoding=\"async\" width=\"150\" height=\"150\" src=\"https:\/\/www.palsjo.com\/se\/wp-content\/uploads\/Nils-svart-laderbalte-med-massingsspanne-150x150.jpg\" class=\"attachment-thumbnail size-thumbnail\" alt=\"Nils svart l\u00e4derb\u00e4lte med m\u00e4ssingssp\u00e4nne\" aria-describedby=\"gallery-1-8193\" srcset=\"https:\/\/www.palsjo.com\/se\/wp-content\/uploads\/Nils-svart-laderbalte-med-massingsspanne-150x150.jpg 150w, https:\/\/www.palsjo.com\/se\/wp-content\/uploads\/Nils-svart-laderbalte-med-massingsspanne-300x300.jpg 300w, https:\/\/www.palsjo.com\/se\/wp-content\/uploads\/Nils-svart-laderbalte-med-massingsspanne-1024x1024.jpg 1024w, https:\/\/www.palsjo.com\/se\/wp-content\/uploads\/Nils-svart-laderbalte-med-massingsspanne-768x768.jpg 768w, https:\/\/www.palsjo.com\/se\/wp-content\/uploads\/Nils-svart-laderbalte-med-massingsspanne-990x990.jpg 990w, https:\/\/www.palsjo.com\/se\/wp-content\/uploads\/Nils-svart-laderbalte-med-massingsspanne-441x441.jpg 441w, https:\/\/www.palsjo.com\/se\/wp-content\/uploads\/Nils-svart-laderbalte-med-massingsspanne-100x100.jpg 100w, https:\/\/www.palsjo.com\/se\/wp-content\/uploads\/Nils-svart-laderbalte-med-massingsspanne-800x800.jpg 800w, https:\/\/www.palsjo.com\/se\/wp-content\/uploads\/Nils-svart-laderbalte-med-massingsspanne.jpg 1200w\" sizes=\"(max-width: 150px) 100vw, 150px\" \/><\/a>\n\t\t\t<\/div>\n\t\t\t\t<figcaption class='wp-caption-text gallery-caption' id='gallery-1-8193'>\n\t\t\t\tNils m\u00e4ssingssp\u00e4nne\n\t\t\t\t<\/figcaption><\/figure>\n\t\t<\/div>\n\n<h3><\/h3>\n<h3>Ebbe sp\u00e4nne<\/h3>\n<div id='gallery-2' class='gallery galleryid-1736 gallery-columns-2 gallery-size-thumbnail'><figure class='gallery-item'>\n\t\t\t<div class='gallery-icon landscape'>\n\t\t\t\t<a href=\"https:\/\/www.palsjo.com\/se\/?attachment_id=8166\"><img decoding=\"async\" width=\"150\" height=\"150\" src=\"https:\/\/www.palsjo.com\/se\/wp-content\/uploads\/Ebbe-svart-laderbalte-med-rostfritt-stalspanne-150x150.jpg\" class=\"attachment-thumbnail size-thumbnail\" alt=\"Ebbe svart l\u00e4derb\u00e4lte med rostfritt st\u00e5lsp\u00e4nne\" aria-describedby=\"gallery-2-8166\" srcset=\"https:\/\/www.palsjo.com\/se\/wp-content\/uploads\/Ebbe-svart-laderbalte-med-rostfritt-stalspanne-150x150.jpg 150w, https:\/\/www.palsjo.com\/se\/wp-content\/uploads\/Ebbe-svart-laderbalte-med-rostfritt-stalspanne-300x300.jpg 300w, https:\/\/www.palsjo.com\/se\/wp-content\/uploads\/Ebbe-svart-laderbalte-med-rostfritt-stalspanne-1024x1024.jpg 1024w, https:\/\/www.palsjo.com\/se\/wp-content\/uploads\/Ebbe-svart-laderbalte-med-rostfritt-stalspanne-768x768.jpg 768w, https:\/\/www.palsjo.com\/se\/wp-content\/uploads\/Ebbe-svart-laderbalte-med-rostfritt-stalspanne-990x990.jpg 990w, https:\/\/www.palsjo.com\/se\/wp-content\/uploads\/Ebbe-svart-laderbalte-med-rostfritt-stalspanne-441x441.jpg 441w, https:\/\/www.palsjo.com\/se\/wp-content\/uploads\/Ebbe-svart-laderbalte-med-rostfritt-stalspanne-100x100.jpg 100w, https:\/\/www.palsjo.com\/se\/wp-content\/uploads\/Ebbe-svart-laderbalte-med-rostfritt-stalspanne-800x800.jpg 800w, https:\/\/www.palsjo.com\/se\/wp-content\/uploads\/Ebbe-svart-laderbalte-med-rostfritt-stalspanne.jpg 1200w\" sizes=\"(max-width: 150px) 100vw, 150px\" \/><\/a>\n\t\t\t<\/div>\n\t\t\t\t<figcaption class='wp-caption-text gallery-caption' id='gallery-2-8166'>\n\t\t\t\tEbbe st\u00e5lsp\u00e4nne\n\t\t\t\t<\/figcaption><\/figure><figure class='gallery-item'>\n\t\t\t<div class='gallery-icon landscape'>\n\t\t\t\t<a href=\"https:\/\/www.palsjo.com\/se\/?attachment_id=8165\"><img loading=\"lazy\" decoding=\"async\" width=\"150\" height=\"150\" src=\"https:\/\/www.palsjo.com\/se\/wp-content\/uploads\/Ebbe-svart-laderbalte-med-massingsspanne-150x150.jpg\" class=\"attachment-thumbnail size-thumbnail\" alt=\"Ebbe svart l\u00e4derb\u00e4lte med m\u00e4ssingssp\u00e4nne\" aria-describedby=\"gallery-2-8165\" srcset=\"https:\/\/www.palsjo.com\/se\/wp-content\/uploads\/Ebbe-svart-laderbalte-med-massingsspanne-150x150.jpg 150w, https:\/\/www.palsjo.com\/se\/wp-content\/uploads\/Ebbe-svart-laderbalte-med-massingsspanne-300x300.jpg 300w, https:\/\/www.palsjo.com\/se\/wp-content\/uploads\/Ebbe-svart-laderbalte-med-massingsspanne-1024x1024.jpg 1024w, https:\/\/www.palsjo.com\/se\/wp-content\/uploads\/Ebbe-svart-laderbalte-med-massingsspanne-768x768.jpg 768w, https:\/\/www.palsjo.com\/se\/wp-content\/uploads\/Ebbe-svart-laderbalte-med-massingsspanne-990x990.jpg 990w, https:\/\/www.palsjo.com\/se\/wp-content\/uploads\/Ebbe-svart-laderbalte-med-massingsspanne-441x441.jpg 441w, https:\/\/www.palsjo.com\/se\/wp-content\/uploads\/Ebbe-svart-laderbalte-med-massingsspanne-100x100.jpg 100w, https:\/\/www.palsjo.com\/se\/wp-content\/uploads\/Ebbe-svart-laderbalte-med-massingsspanne-800x800.jpg 800w, https:\/\/www.palsjo.com\/se\/wp-content\/uploads\/Ebbe-svart-laderbalte-med-massingsspanne.jpg 1200w\" sizes=\"(max-width: 150px) 100vw, 150px\" \/><\/a>\n\t\t\t<\/div>\n\t\t\t\t<figcaption class='wp-caption-text gallery-caption' id='gallery-2-8165'>\n\t\t\t\tEbbe m\u00e4ssingssp\u00e4nne\n\t\t\t\t<\/figcaption><\/figure>\n\t\t<\/div>\n\n<h3><\/h3>\n<h3>Harry sp\u00e4nne<\/h3>\n<div id='gallery-3' class='gallery galleryid-1736 gallery-columns-2 gallery-size-thumbnail'><figure class='gallery-item'>\n\t\t\t<div class='gallery-icon landscape'>\n\t\t\t\t<a href=\"https:\/\/www.palsjo.com\/se\/?attachment_id=8178\"><img loading=\"lazy\" decoding=\"async\" width=\"150\" height=\"150\" src=\"https:\/\/www.palsjo.com\/se\/wp-content\/uploads\/Harry-svart-laderbalte-med-rostfritt-stalspanne-150x150.jpg\" class=\"attachment-thumbnail size-thumbnail\" alt=\"Harry svart l\u00e4derb\u00e4lte med rostfritt st\u00e5lsp\u00e4nne\" aria-describedby=\"gallery-3-8178\" srcset=\"https:\/\/www.palsjo.com\/se\/wp-content\/uploads\/Harry-svart-laderbalte-med-rostfritt-stalspanne-150x150.jpg 150w, https:\/\/www.palsjo.com\/se\/wp-content\/uploads\/Harry-svart-laderbalte-med-rostfritt-stalspanne-300x300.jpg 300w, https:\/\/www.palsjo.com\/se\/wp-content\/uploads\/Harry-svart-laderbalte-med-rostfritt-stalspanne-1024x1024.jpg 1024w, https:\/\/www.palsjo.com\/se\/wp-content\/uploads\/Harry-svart-laderbalte-med-rostfritt-stalspanne-768x768.jpg 768w, https:\/\/www.palsjo.com\/se\/wp-content\/uploads\/Harry-svart-laderbalte-med-rostfritt-stalspanne-990x990.jpg 990w, https:\/\/www.palsjo.com\/se\/wp-content\/uploads\/Harry-svart-laderbalte-med-rostfritt-stalspanne-441x441.jpg 441w, https:\/\/www.palsjo.com\/se\/wp-content\/uploads\/Harry-svart-laderbalte-med-rostfritt-stalspanne-100x100.jpg 100w, https:\/\/www.palsjo.com\/se\/wp-content\/uploads\/Harry-svart-laderbalte-med-rostfritt-stalspanne-800x800.jpg 800w, https:\/\/www.palsjo.com\/se\/wp-content\/uploads\/Harry-svart-laderbalte-med-rostfritt-stalspanne.jpg 1200w\" sizes=\"(max-width: 150px) 100vw, 150px\" \/><\/a>\n\t\t\t<\/div>\n\t\t\t\t<figcaption class='wp-caption-text gallery-caption' id='gallery-3-8178'>\n\t\t\t\tHarry st\u00e5lsp\u00e4nne\n\t\t\t\t<\/figcaption><\/figure><figure class='gallery-item'>\n\t\t\t<div class='gallery-icon landscape'>\n\t\t\t\t<a href=\"https:\/\/www.palsjo.com\/se\/?attachment_id=8177\"><img loading=\"lazy\" decoding=\"async\" width=\"150\" height=\"150\" src=\"https:\/\/www.palsjo.com\/se\/wp-content\/uploads\/Harry-svart-laderbalte-med-massingsspanne-150x150.jpg\" class=\"attachment-thumbnail size-thumbnail\" alt=\"Harry svart l\u00e4derb\u00e4lte med m\u00e4ssingssp\u00e4nne\" aria-describedby=\"gallery-3-8177\" srcset=\"https:\/\/www.palsjo.com\/se\/wp-content\/uploads\/Harry-svart-laderbalte-med-massingsspanne-150x150.jpg 150w, https:\/\/www.palsjo.com\/se\/wp-content\/uploads\/Harry-svart-laderbalte-med-massingsspanne-300x300.jpg 300w, https:\/\/www.palsjo.com\/se\/wp-content\/uploads\/Harry-svart-laderbalte-med-massingsspanne-1024x1024.jpg 1024w, https:\/\/www.palsjo.com\/se\/wp-content\/uploads\/Harry-svart-laderbalte-med-massingsspanne-768x768.jpg 768w, https:\/\/www.palsjo.com\/se\/wp-content\/uploads\/Harry-svart-laderbalte-med-massingsspanne-990x990.jpg 990w, https:\/\/www.palsjo.com\/se\/wp-content\/uploads\/Harry-svart-laderbalte-med-massingsspanne-441x441.jpg 441w, https:\/\/www.palsjo.com\/se\/wp-content\/uploads\/Harry-svart-laderbalte-med-massingsspanne-100x100.jpg 100w, https:\/\/www.palsjo.com\/se\/wp-content\/uploads\/Harry-svart-laderbalte-med-massingsspanne-800x800.jpg 800w, https:\/\/www.palsjo.com\/se\/wp-content\/uploads\/Harry-svart-laderbalte-med-massingsspanne.jpg 1200w\" sizes=\"(max-width: 150px) 100vw, 150px\" \/><\/a>\n\t\t\t<\/div>\n\t\t\t\t<figcaption class='wp-caption-text gallery-caption' id='gallery-3-8177'>\n\t\t\t\tHarry m\u00e4ssingssp\u00e4nne\n\t\t\t\t<\/figcaption><\/figure>\n\t\t<\/div>\n\n<h3><\/h3>\n<h3>Nr. 1 sp\u00e4nne<\/h3>\n<div id='gallery-4' class='gallery galleryid-1736 gallery-columns-2 gallery-size-thumbnail'><figure class='gallery-item'>\n\t\t\t<div class='gallery-icon landscape'>\n\t\t\t\t<a href=\"https:\/\/www.palsjo.com\/se\/?attachment_id=8202\"><img loading=\"lazy\" decoding=\"async\" width=\"150\" height=\"150\" src=\"https:\/\/www.palsjo.com\/se\/wp-content\/uploads\/No.-1-svart-laderbalte-med-rostfritt-stalspanne-150x150.jpg\" class=\"attachment-thumbnail size-thumbnail\" alt=\"Nr. 1 svart l\u00e4derb\u00e4lte med rostfritt st\u00e5lsp\u00e4nne\" aria-describedby=\"gallery-4-8202\" srcset=\"https:\/\/www.palsjo.com\/se\/wp-content\/uploads\/No.-1-svart-laderbalte-med-rostfritt-stalspanne-150x150.jpg 150w, https:\/\/www.palsjo.com\/se\/wp-content\/uploads\/No.-1-svart-laderbalte-med-rostfritt-stalspanne-300x300.jpg 300w, https:\/\/www.palsjo.com\/se\/wp-content\/uploads\/No.-1-svart-laderbalte-med-rostfritt-stalspanne-1024x1024.jpg 1024w, https:\/\/www.palsjo.com\/se\/wp-content\/uploads\/No.-1-svart-laderbalte-med-rostfritt-stalspanne-768x768.jpg 768w, https:\/\/www.palsjo.com\/se\/wp-content\/uploads\/No.-1-svart-laderbalte-med-rostfritt-stalspanne-990x990.jpg 990w, https:\/\/www.palsjo.com\/se\/wp-content\/uploads\/No.-1-svart-laderbalte-med-rostfritt-stalspanne-441x441.jpg 441w, https:\/\/www.palsjo.com\/se\/wp-content\/uploads\/No.-1-svart-laderbalte-med-rostfritt-stalspanne-100x100.jpg 100w, https:\/\/www.palsjo.com\/se\/wp-content\/uploads\/No.-1-svart-laderbalte-med-rostfritt-stalspanne-800x800.jpg 800w, https:\/\/www.palsjo.com\/se\/wp-content\/uploads\/No.-1-svart-laderbalte-med-rostfritt-stalspanne.jpg 1200w\" sizes=\"(max-width: 150px) 100vw, 150px\" \/><\/a>\n\t\t\t<\/div>\n\t\t\t\t<figcaption class='wp-caption-text gallery-caption' id='gallery-4-8202'>\n\t\t\t\tNr. 1 st\u00e5lsp\u00e4nne\n\t\t\t\t<\/figcaption><\/figure><figure class='gallery-item'>\n\t\t\t<div class='gallery-icon landscape'>\n\t\t\t\t<a href=\"https:\/\/www.palsjo.com\/se\/?attachment_id=8201\"><img loading=\"lazy\" decoding=\"async\" width=\"150\" height=\"150\" src=\"https:\/\/www.palsjo.com\/se\/wp-content\/uploads\/No.-1-svart-laderbalte-med-massingsspanne-150x150.jpg\" class=\"attachment-thumbnail size-thumbnail\" alt=\"Nr. 1 svart l\u00e4derb\u00e4lte med m\u00e4ssingssp\u00e4nne\" aria-describedby=\"gallery-4-8201\" srcset=\"https:\/\/www.palsjo.com\/se\/wp-content\/uploads\/No.-1-svart-laderbalte-med-massingsspanne-150x150.jpg 150w, https:\/\/www.palsjo.com\/se\/wp-content\/uploads\/No.-1-svart-laderbalte-med-massingsspanne-300x300.jpg 300w, https:\/\/www.palsjo.com\/se\/wp-content\/uploads\/No.-1-svart-laderbalte-med-massingsspanne-1024x1024.jpg 1024w, https:\/\/www.palsjo.com\/se\/wp-content\/uploads\/No.-1-svart-laderbalte-med-massingsspanne-768x768.jpg 768w, https:\/\/www.palsjo.com\/se\/wp-content\/uploads\/No.-1-svart-laderbalte-med-massingsspanne-990x990.jpg 990w, https:\/\/www.palsjo.com\/se\/wp-content\/uploads\/No.-1-svart-laderbalte-med-massingsspanne-441x441.jpg 441w, https:\/\/www.palsjo.com\/se\/wp-content\/uploads\/No.-1-svart-laderbalte-med-massingsspanne-100x100.jpg 100w, https:\/\/www.palsjo.com\/se\/wp-content\/uploads\/No.-1-svart-laderbalte-med-massingsspanne-800x800.jpg 800w, https:\/\/www.palsjo.com\/se\/wp-content\/uploads\/No.-1-svart-laderbalte-med-massingsspanne.jpg 1200w\" sizes=\"(max-width: 150px) 100vw, 150px\" \/><\/a>\n\t\t\t<\/div>\n\t\t\t\t<figcaption class='wp-caption-text gallery-caption' id='gallery-4-8201'>\n\t\t\t\tNr. 1 m\u00e4ssingssp\u00e4nne\n\t\t\t\t<\/figcaption><\/figure>\n\t\t<\/div>\n\n<h3><\/h3>\n<h3>Klassiskt sp\u00e4nne<\/h3>\n<div id='gallery-5' class='gallery galleryid-1736 gallery-columns-2 gallery-size-thumbnail'><figure class='gallery-item'>\n\t\t\t<div class='gallery-icon landscape'>\n\t\t\t\t<a href=\"https:\/\/www.palsjo.com\/se\/?attachment_id=8186\"><img loading=\"lazy\" decoding=\"async\" width=\"150\" height=\"150\" src=\"https:\/\/www.palsjo.com\/se\/wp-content\/uploads\/Klassiskt-svart-laderbalte-med-rostfritt-stalspanne-150x150.jpg\" class=\"attachment-thumbnail size-thumbnail\" alt=\"\" aria-describedby=\"gallery-5-8186\" srcset=\"https:\/\/www.palsjo.com\/se\/wp-content\/uploads\/Klassiskt-svart-laderbalte-med-rostfritt-stalspanne-150x150.jpg 150w, https:\/\/www.palsjo.com\/se\/wp-content\/uploads\/Klassiskt-svart-laderbalte-med-rostfritt-stalspanne-300x300.jpg 300w, https:\/\/www.palsjo.com\/se\/wp-content\/uploads\/Klassiskt-svart-laderbalte-med-rostfritt-stalspanne-1024x1024.jpg 1024w, https:\/\/www.palsjo.com\/se\/wp-content\/uploads\/Klassiskt-svart-laderbalte-med-rostfritt-stalspanne-768x768.jpg 768w, https:\/\/www.palsjo.com\/se\/wp-content\/uploads\/Klassiskt-svart-laderbalte-med-rostfritt-stalspanne-990x990.jpg 990w, https:\/\/www.palsjo.com\/se\/wp-content\/uploads\/Klassiskt-svart-laderbalte-med-rostfritt-stalspanne-441x441.jpg 441w, https:\/\/www.palsjo.com\/se\/wp-content\/uploads\/Klassiskt-svart-laderbalte-med-rostfritt-stalspanne-100x100.jpg 100w, https:\/\/www.palsjo.com\/se\/wp-content\/uploads\/Klassiskt-svart-laderbalte-med-rostfritt-stalspanne-800x800.jpg 800w, https:\/\/www.palsjo.com\/se\/wp-content\/uploads\/Klassiskt-svart-laderbalte-med-rostfritt-stalspanne.jpg 1200w\" sizes=\"(max-width: 150px) 100vw, 150px\"><\/a>\n\t\t\t<\/div>\n\t\t\t\t<figcaption class='wp-caption-text gallery-caption' id='gallery-5-8186'>\n\t\t\t\tKlassiskt st\u00e5lsp\u00e4nne\n\t\t\t\t<\/figcaption><\/figure><figure class='gallery-item'>\n\t\t\t<div class='gallery-icon landscape'>\n\t\t\t\t<a href=\"https:\/\/www.palsjo.com\/se\/?attachment_id=8185\"><img loading=\"lazy\" decoding=\"async\" width=\"150\" height=\"150\" src=\"https:\/\/www.palsjo.com\/se\/wp-content\/uploads\/Klassiskt-svart-laderbalte-med-massingsspanne-150x150.jpg\" class=\"attachment-thumbnail size-thumbnail\" alt=\"\" aria-describedby=\"gallery-5-8185\" srcset=\"https:\/\/www.palsjo.com\/se\/wp-content\/uploads\/Klassiskt-svart-laderbalte-med-massingsspanne-150x150.jpg 150w, https:\/\/www.palsjo.com\/se\/wp-content\/uploads\/Klassiskt-svart-laderbalte-med-massingsspanne-300x300.jpg 300w, https:\/\/www.palsjo.com\/se\/wp-content\/uploads\/Klassiskt-svart-laderbalte-med-massingsspanne-1024x1024.jpg 1024w, https:\/\/www.palsjo.com\/se\/wp-content\/uploads\/Klassiskt-svart-laderbalte-med-massingsspanne-768x768.jpg 768w, https:\/\/www.palsjo.com\/se\/wp-content\/uploads\/Klassiskt-svart-laderbalte-med-massingsspanne-990x990.jpg 990w, https:\/\/www.palsjo.com\/se\/wp-content\/uploads\/Klassiskt-svart-laderbalte-med-massingsspanne-441x441.jpg 441w, https:\/\/www.palsjo.com\/se\/wp-content\/uploads\/Klassiskt-svart-laderbalte-med-massingsspanne-100x100.jpg 100w, https:\/\/www.palsjo.com\/se\/wp-content\/uploads\/Klassiskt-svart-laderbalte-med-massingsspanne-800x800.jpg 800w, https:\/\/www.palsjo.com\/se\/wp-content\/uploads\/Klassiskt-svart-laderbalte-med-massingsspanne.jpg 1200w\" sizes=\"(max-width: 150px) 100vw, 150px\"><\/a>\n\t\t\t<\/div>\n\t\t\t\t<figcaption class='wp-caption-text gallery-caption' id='gallery-5-8185'>\n\t\t\t\tKlassiskt m\u00e4ssingssp\u00e4nne\n\t\t\t\t<\/figcaption><\/figure>\n\t\t<\/div>\n\n<p>&nbsp;<\/p>\n<h2>Hur du m\u00e4ter din b\u00e4ltesstorlek korrekt<\/h2>\n<div class=\"video-container\"><iframe title=\"How to measure your Palsjo\u0308 Belt\" width=\"1170\" height=\"658\" src=\"https:\/\/www.youtube.com\/embed\/gVP_R-Qk4P0?feature=oembed&#038;enablejsapi=1&#038;origin=https:\/\/www.palsjo.com\" frameborder=\"0\" allow=\"accelerometer; autoplay; clipboard-write; encrypted-media; gyroscope; picture-in-picture; web-share\" referrerpolicy=\"strict-origin-when-cross-origin\" allowfullscreen><\/iframe><\/div>\n<p>Metod 1:<\/p>\n<p>1. B\u00e4r dina favoritjeans<br \/>\n2. M\u00e4t fr\u00e5n den \u00f6versta knappen genom b\u00e4ltes\u00f6glorna till huvudknappen igen<br \/>\n3. Om du \u00e4r mellan storlekar, runda av till n\u00e4sta cm (t.ex. om din storlek \u00e4r 92,4 cm, best\u00e4ll 93 cm)<\/p>\n<p><img decoding=\"async\" class=\"alignnone size-full wp-image-687\" src=\"https:\/\/www.palsjo.com\/se\/wp-content\/uploads\/Belt-Measure-Method1.jpg\" alt=\"\" width=\"458\"><\/p>\n<p>Metod 2:<\/p>\n<p>1. M\u00e4t ditt befintliga b\u00e4lte fr\u00e5n spetsen p\u00e5 sp\u00e4nnet till det mest anv\u00e4nda h\u00e5let. R\u00e4ta ut b\u00e4ltet medan du m\u00e4ter.<br \/>\n2. Om du \u00e4r mellan storlekarna, runda av till n\u00e4sta cm (t.ex. om din storlek \u00e4r 92,4 cm, best\u00e4ll 93 cm)<\/p>\n<p><img decoding=\"async\" class=\"alignnone size-full wp-image-687\" src=\"https:\/\/www.palsjo.com\/se\/wp-content\/uploads\/belt-measure.jpg\" alt=\"\" width=\"458\"><\/p>\n<p><b>Obs:<\/b>Det \u00e4r viktigt f\u00f6r oss att ditt b\u00e4lte kommer att passa dig perfekt! D\u00e4rf\u00f6r kommer v\u00e5ra b\u00e4lten med 1cm mellan h\u00e5len. Varje b\u00e4lte tillverkas direkt mot best\u00e4llning och anpassas till just dina m\u00e5tt. D\u00e4rf\u00f6r \u00e4r det inte m\u00f6jligt att returnera v\u00e5ra b\u00e4lten.<\/p>\n","protected":false},"excerpt":{"rendered":"<p>Heirloom dubbelt l\u00e4derb\u00e4lte \u00e4r handgjord av exklusivt svenskt l\u00e4der fr\u00e5n T\u00e4rnsj\u00f6 Garveri! K\u00f6p din l\u00e4derb\u00e4lte hos oss. Fri och snabb frakt inom Sverige.<\/p>\n","protected":false},"featured_media":3750,"comment_status":"open","ping_status":"closed","template":"","meta":[],"product_brand":[],"product_cat":[27,263],"product_tag":[53],"class_list":{"0":"post-1736","1":"product","2":"type-product","3":"status-publish","4":"has-post-thumbnail","6":"product_cat-laderbalten","7":"product_cat-balten-for-herr","8":"product_tag-bruna-laderbalten-for-herr","10":"first","11":"instock","12":"taxable","13":"shipping-taxable","14":"purchasable","15":"product-type-variable"},"_links":{"self":[{"href":"https:\/\/www.palsjo.com\/se\/wp-json\/wp\/v2\/product\/1736","targetHints":{"allow":["GET"]}}],"collection":[{"href":"https:\/\/www.palsjo.com\/se\/wp-json\/wp\/v2\/product"}],"about":[{"href":"https:\/\/www.palsjo.com\/se\/wp-json\/wp\/v2\/types\/product"}],"replies":[{"embeddable":true,"href":"https:\/\/www.palsjo.com\/se\/wp-json\/wp\/v2\/comments?post=1736"}],"wp:featuredmedia":[{"embeddable":true,"href":"https:\/\/www.palsjo.com\/se\/wp-json\/wp\/v2\/media\/3750"}],"wp:attachment":[{"href":"https:\/\/www.palsjo.com\/se\/wp-json\/wp\/v2\/media?parent=1736"}],"wp:term":[{"taxonomy":"product_brand","embeddable":true,"href":"https:\/\/www.palsjo.com\/se\/wp-json\/wp\/v2\/product_brand?post=1736"},{"taxonomy":"product_cat","embeddable":true,"href":"https:\/\/www.palsjo.com\/se\/wp-json\/wp\/v2\/product_cat?post=1736"},{"taxonomy":"product_tag","embeddable":true,"href":"https:\/\/www.palsjo.com\/se\/wp-json\/wp\/v2\/product_tag?post=1736"}],"curies":[{"name":"wp","href":"https:\/\/api.w.org\/{rel}","templated":true}]}}