{"id":1733,"date":"2023-10-09T11:38:49","date_gmt":"2023-10-09T09:38:49","guid":{"rendered":"https:\/\/www.nordicedc.com\/?post_type=product&#038;p=1733"},"modified":"2026-02-28T11:20:52","modified_gmt":"2026-02-28T10:20:52","slug":"dubbelt-denimblatt-laderbalte","status":"publish","type":"product","link":"https:\/\/www.palsjo.com\/se\/produkt\/dubbelt-denimblatt-laderbalte\/","title":{"rendered":"Dubbelt denimbl\u00e5tt l\u00e4derb\u00e4lte"},"content":{"rendered":"<p>Inspirerade av indigof\u00e4rgen p\u00e5 r\u00e5 selvedge-denim har vi satt ihop detta fantastiska Dubbelt Denimbl\u00e5tt L\u00e4derb\u00e4lte. Det vackra denimbl\u00e5a l\u00e4dret och det naturliga vegetabiliskt garvade l\u00e4dret, sydda ihop med kontrasterande vit tr\u00e5d, skapar ett elegant och h\u00e5llbart l\u00e4derb\u00e4lte. L\u00e4dret p\u00e5 dessa b\u00e4lten kommer som alltid fr\u00e5n ett av v\u00e4rldens mest ber\u00f6mda garverier och v\u00e5r svenska stolthet, <a href=\"https:\/\/tarnsjogarveri.com\" target=\"_blank\" rel=\"noopener\">T\u00e4rnsj\u00f6 Garveri<\/a>, cirka 100 km norr om Stockholm.<\/p>\n<p>Tv\u00e5 lager av 10 oz + 3 oz premium vegetabiliskt garvat l\u00e4der utg\u00f6r detta stadiga b\u00e4lte. Med 5 h\u00e5l och anpassad storlek kommer detta att vara ditt mest perfekt passande l\u00e4derb\u00e4lte. Om du alltid har gillat v\u00e5rt &#8220;Heirloom dubbelt l\u00e4derb\u00e4lte&#8221; men k\u00e4nt dig lite avskr\u00e4ckt av tjockleken p\u00e5 det b\u00e4ltet, d\u00e5 \u00e4r detta ett perfekt b\u00e4lte med r\u00e4tt m\u00e4ngd tyngd och komfort, som snabbt kommer att anpassa sig efter din passform.<\/p>\n<p>Kolla in v\u00e5ra andra f\u00e4rgade <a href=\"https:\/\/www.palsjo.com\/se\/produkt-tagg\/dubbla-laderbalten\/\">dubbla l\u00e4derb\u00e4lten<\/a> ocks\u00e5!<\/p>\n<h2><strong>Dubbelt Denimbl\u00e5tt L\u00e4derb\u00e4lte<\/strong><\/h2>\n<ul>\n<li>Dubbelt Denimbl\u00e5tt L\u00e4derb\u00e4lte tillverkat f\u00f6r hand i Sverige<\/li>\n<li>T\u00dcV Rheinland och Organic Control Standard (OCS) <a href=\"https:\/\/tarnsjogarveri.com\/environment\/\" target=\"_blank\" rel=\"noopener\">certifierat l\u00e4der<\/a> fr\u00e5n T\u00e4rnsj\u00f6 Garveri<\/li>\n<li>3 oz denimbl\u00e5tt + 10 oz. tungt fullnarv vegetabiliskt garvat l\u00e4der; sytt samman med den extremt slitstarka tr\u00e5den TEX 135 eller TKT 20 fr\u00e5n tyska G\u00fctermann.<\/li>\n<li>Inf\u00e4rgat med anilinf\u00e4rg\u00e4mnen, som f\u00e4rgar l\u00e4dret p\u00e5 djupet f\u00f6r en vacker och levande struktur<\/li>\n<li class=\" translation-block\">Har en matchande l\u00e4derh\u00e5llare i topp- och insidal\u00e4der.<\/li>\n<li class=\" translation-block\">(<em>Obs: L\u00e4derh\u00e5llare skickas inte med n\u00e4r du best\u00e4ller b\u00e4ltet med sp\u00e4nne nr 5 eller 6, eftersom dessa sp\u00e4nnen redan h\u00e5ller b\u00e4ltet p\u00e5 plats tack vare den fyrkantiga ramen<\/em>).<\/li>\n<li>T\u00e5ligt, rostfritt sp\u00e4nne i solid m\u00e4ssing eller rostfritt st\u00e5l<\/li>\n<li>L\u00e4der\u00f6glans kanter har polerats f\u00f6r hand och vaxats l\u00e4tt<\/li>\n<li>Bredden p\u00e5 b\u00e4ltet \u00e4r 40 mm (1.57 tum)<\/li>\n<li>Dubbelt Denimbl\u00e5tt L\u00e4derb\u00e4lte har v\u00e5r Nordic EDC-pr\u00e4gling<\/li>\n<\/ul>\n<h2>Hur du m\u00e4ter din b\u00e4ltesstorlek korrekt<\/h2>\n<div class=\"video-container\"><iframe title=\"How to measure your Palsjo\u0308 Belt\" width=\"1170\" height=\"658\" src=\"https:\/\/www.youtube.com\/embed\/gVP_R-Qk4P0?feature=oembed&#038;enablejsapi=1&#038;origin=https:\/\/www.palsjo.com\" frameborder=\"0\" allow=\"accelerometer; autoplay; clipboard-write; encrypted-media; gyroscope; picture-in-picture; web-share\" referrerpolicy=\"strict-origin-when-cross-origin\" allowfullscreen><\/iframe><\/div>\n<p>Metod 1:<\/p>\n<p>1. B\u00e4r dina favoritjeans<br \/>\n2. M\u00e4t fr\u00e5n den \u00f6versta knappen genom b\u00e4ltes\u00f6glorna till huvudknappen igen<br \/>\n3. Om du \u00e4r mellan storlekar, runda av till n\u00e4sta cm (t.ex. om din storlek \u00e4r 92,4 cm, best\u00e4ll 93 cm)<\/p>\n<p><img decoding=\"async\" class=\"alignnone size-full wp-image-687\" src=\"https:\/\/www.palsjo.com\/se\/wp-content\/uploads\/Belt-Measure-Method1.jpg\" alt=\"\" width=\"458\"><\/p>\n<p>Metod 2:<\/p>\n<p>1. M\u00e4t ditt befintliga b\u00e4lte fr\u00e5n spetsen p\u00e5 sp\u00e4nnet till det mest anv\u00e4nda h\u00e5let. R\u00e4ta ut b\u00e4ltet medan du m\u00e4ter.<br \/>\n2. Om du \u00e4r mellan storlekarna, runda av till n\u00e4sta cm (t.ex. om din storlek \u00e4r 92,4 cm, best\u00e4ll 93 cm)<\/p>\n<p><img decoding=\"async\" class=\"alignnone size-full wp-image-687\" src=\"https:\/\/www.palsjo.com\/se\/wp-content\/uploads\/belt-measure.jpg\" alt=\"\" width=\"458\"><\/p>\n<p class=\"p1\"><b>Obs: <\/b>Det \u00e4r viktigt f\u00f6r oss att ditt b\u00e4lte kommer att passa dig perfekt! D\u00e4rf\u00f6r kommer v\u00e5ra b\u00e4lten med 1cm mellan h\u00e5len. Varje b\u00e4lte tillverkas direkt mot best\u00e4llning och anpassas till just dina m\u00e5tt. D\u00e4rf\u00f6r \u00e4r det inte m\u00f6jligt att returnera v\u00e5ra b\u00e4lten.<\/p>\n<p class=\" translation-block\">L\u00e4derh\u00e5llare skickas inte med n\u00e4r du best\u00e4ller b\u00e4ltet med sp\u00e4nne nr 5 eller 6, eftersom dessa sp\u00e4nnen redan h\u00e5ller b\u00e4ltet p\u00e5 plats tack vare den fyrkantiga ramen).<\/p>\n","protected":false},"excerpt":{"rendered":"<p>Dubbelt denimbl\u00e5tt l\u00e4derb\u00e4lte \u00e4r handgjord av exklusivt svenskt l\u00e4der fr\u00e5n T\u00e4rnsj\u00f6 Garveri! K\u00f6p din l\u00e4derb\u00e4lte hos oss. Fri och snabb frakt inom Sverige.<\/p>\n","protected":false},"featured_media":546,"comment_status":"open","ping_status":"closed","template":"","meta":[],"product_brand":[],"product_cat":[27,263],"product_tag":[],"class_list":{"0":"post-1733","1":"product","2":"type-product","3":"status-publish","4":"has-post-thumbnail","6":"product_cat-laderbalten","7":"product_cat-balten-for-herr","9":"first","10":"outofstock","11":"taxable","12":"shipping-taxable","13":"purchasable","14":"product-type-variable"},"_links":{"self":[{"href":"https:\/\/www.palsjo.com\/se\/wp-json\/wp\/v2\/product\/1733","targetHints":{"allow":["GET"]}}],"collection":[{"href":"https:\/\/www.palsjo.com\/se\/wp-json\/wp\/v2\/product"}],"about":[{"href":"https:\/\/www.palsjo.com\/se\/wp-json\/wp\/v2\/types\/product"}],"replies":[{"embeddable":true,"href":"https:\/\/www.palsjo.com\/se\/wp-json\/wp\/v2\/comments?post=1733"}],"wp:featuredmedia":[{"embeddable":true,"href":"https:\/\/www.palsjo.com\/se\/wp-json\/wp\/v2\/media\/546"}],"wp:attachment":[{"href":"https:\/\/www.palsjo.com\/se\/wp-json\/wp\/v2\/media?parent=1733"}],"wp:term":[{"taxonomy":"product_brand","embeddable":true,"href":"https:\/\/www.palsjo.com\/se\/wp-json\/wp\/v2\/product_brand?post=1733"},{"taxonomy":"product_cat","embeddable":true,"href":"https:\/\/www.palsjo.com\/se\/wp-json\/wp\/v2\/product_cat?post=1733"},{"taxonomy":"product_tag","embeddable":true,"href":"https:\/\/www.palsjo.com\/se\/wp-json\/wp\/v2\/product_tag?post=1733"}],"curies":[{"name":"wp","href":"https:\/\/api.w.org\/{rel}","templated":true}]}}