{"id":1641,"date":"2023-10-06T16:36:06","date_gmt":"2023-10-06T14:36:06","guid":{"rendered":"https:\/\/www.nordicedc.com\/?post_type=product&#038;p=1641"},"modified":"2025-11-10T10:55:25","modified_gmt":"2025-11-10T09:55:25","slug":"nils-natur-laderbalte-med-massingsspanne","status":"publish","type":"product","link":"https:\/\/www.palsjo.com\/se\/produkt\/nils-natur-laderbalte-med-massingsspanne\/","title":{"rendered":"Nils natur l\u00e4derb\u00e4lte med m\u00e4ssingssp\u00e4nne"},"content":{"rendered":"<p data-start=\"125\" data-end=\"770\">Nils natur l\u00e4derb\u00e4lte med m\u00e4ssingssp\u00e4nne lyfter fram det exklusiva i of\u00e4rgat naturgarvat l\u00e4der kombinerat med ett extra tjockt m\u00e4ssingssp\u00e4nne f\u00f6r ett robust och karakt\u00e4rsfullt uttryck. B\u00e4ltet tillverkas f\u00f6r hand i Sverige av tjockt (4 mm, 10\u201311 oz) vegetabiliskt garvat l\u00e4der fr\u00e5n <a href=\"https:\/\/tarnsjogarveri.com\" target=\"_blank\" rel=\"noopener\">T\u00e4rnsj\u00f6 Garveri<\/a>. Med tiden utvecklar det en unik patina som speglar just din livsstil. Kanterna p\u00e5 varje Nils natur l\u00e4derb\u00e4lte med m\u00e4ssingssp\u00e4nne rundas av med kantverktyg f\u00f6r \u00f6kad komfort och vaxas sedan f\u00f6r hand med bivax f\u00f6r att skydda mot fukt och slitage. Varje exemplar \u00e4r m\u00e5ttbest\u00e4llt f\u00f6r perfekt passform och levereras med <a href=\"https:\/\/www.palsjo.com\/se\/livstidsgaranti\/\">livstidsgaranti<\/a> f\u00f6r din trygghet.<\/p>\n<h2 data-start=\"772\" data-end=\"829\"><strong data-start=\"772\" data-end=\"829\">Nils natur l\u00e4derb\u00e4lte med m\u00e4ssingssp\u00e4nne \u2013 Egenskaper<\/strong><\/h2>\n<ul>\n<li data-start=\"833\" data-end=\"923\">Exklusivt full grain vegetabiliskt garvat of\u00e4rgat l\u00e4der fr\u00e5n T\u00e4rnsj\u00f6 Garveri (10\u201311 oz).<\/li>\n<li data-start=\"926\" data-end=\"993\">Extra kraftigt m\u00e4ssingssp\u00e4nne f\u00f6r ett robust och tidl\u00f6st uttryck.<\/li>\n<li data-start=\"996\" data-end=\"1048\">Handgjort i Sverige med stor hantverksskicklighet.<\/li>\n<li data-start=\"1051\" data-end=\"1122\">Klassisk bredd p\u00e5 38 mm \/ 1,5\u2033 \u2013 passar till jeans och vardagskl\u00e4der.<\/li>\n<li data-start=\"1125\" data-end=\"1186\">Fasade och bivaxade kanter f\u00f6r b\u00e5de komfort och h\u00e5llbarhet.<\/li>\n<li data-start=\"1189\" data-end=\"1244\">Tillverkas efter dina exakta m\u00e5tt f\u00f6r optimal passform.<\/li>\n<\/ul>\n<h2>Hur du m\u00e4ter din b\u00e4ltesstorlek korrekt<\/h2>\n<div class=\"video-container\"><iframe title=\"How to measure your Palsjo\u0308 Belt\" width=\"1170\" height=\"658\" src=\"https:\/\/www.youtube.com\/embed\/gVP_R-Qk4P0?feature=oembed&#038;enablejsapi=1&#038;origin=https:\/\/www.palsjo.com\" frameborder=\"0\" allow=\"accelerometer; autoplay; clipboard-write; encrypted-media; gyroscope; picture-in-picture; web-share\" referrerpolicy=\"strict-origin-when-cross-origin\" allowfullscreen><\/iframe><\/div>\n<h3>Metod 1:<\/h3>\n<p>1. B\u00e4r dina favoritjeans<br \/>\n2. M\u00e4t fr\u00e5n den \u00f6versta knappen genom b\u00e4ltes\u00f6glorna till huvudknappen igen<br \/>\n3. Om du \u00e4r mellan storlekar, runda av till n\u00e4sta cm (t.ex. om din storlek \u00e4r 92,4 cm, best\u00e4ll 93 cm)<\/p>\n<p><img decoding=\"async\" class=\"alignnone size-full wp-image-687\" src=\"https:\/\/www.palsjo.com\/se\/wp-content\/uploads\/Belt-Measure-Method1.jpg\" alt=\"\" width=\"458\"><\/p>\n<h3>Metod 2:<\/h3>\n<p>1. M\u00e4t ditt befintliga b\u00e4lte fr\u00e5n spetsen p\u00e5 sp\u00e4nnet till det mest anv\u00e4nda h\u00e5let. R\u00e4ta ut b\u00e4ltet medan du m\u00e4ter.<br \/>\n2. Om du \u00e4r mellan storlekarna, runda av till n\u00e4sta cm (t.ex. om din storlek \u00e4r 92,4 cm, best\u00e4ll 93 cm)<\/p>\n<p><img decoding=\"async\" class=\"alignnone size-full wp-image-687\" src=\"https:\/\/www.palsjo.com\/se\/wp-content\/uploads\/belt-measure.jpg\" alt=\"\" width=\"458\"><br \/>\n<strong>Obs<\/strong>: Vi vill att v\u00e5ra b\u00e4lten ska passa dig perfekt. D\u00e4rf\u00f6r erbjuder vi v\u00e5ra b\u00e4lten i steg om 1 cm. Varje b\u00e4lte tillverkas n\u00e4r vi f\u00e5r en best\u00e4llning och \u00e4r dimensionerat efter ditt exakta midjem\u00e5tt. D\u00e4rf\u00f6r kan v\u00e5ra b\u00e4lten inte returneras eller \u00e5terbetalas.<\/p>\n","protected":false},"excerpt":{"rendered":"<p><strong data-start=\"0\" data-end=\"45\" data-is-only-node=\"\">Nils natur l\u00e4derb\u00e4lte med m\u00e4ssingssp\u00e4nne:<\/strong> Full grain vegetabiliskt garvat of\u00e4rgat natur-l\u00e4der som utvecklar en vacker patina. M\u00e5ttanpassad passform. Livstidsgaranti och fri frakt.<\/p>\n","protected":false},"featured_media":8191,"comment_status":"open","ping_status":"closed","template":"","meta":[],"product_brand":[],"product_cat":[27,263],"product_tag":[47,87,55],"class_list":{"0":"post-1641","1":"product","2":"type-product","3":"status-publish","4":"has-post-thumbnail","6":"product_cat-laderbalten","7":"product_cat-balten-for-herr","8":"product_tag-natur-laderprodukter","9":"product_tag-natur-skarp","10":"product_tag-naturfargade-laderbalten-for-herr","12":"first","13":"instock","14":"taxable","15":"shipping-taxable","16":"purchasable","17":"product-type-variable"},"_links":{"self":[{"href":"https:\/\/www.palsjo.com\/se\/wp-json\/wp\/v2\/product\/1641","targetHints":{"allow":["GET"]}}],"collection":[{"href":"https:\/\/www.palsjo.com\/se\/wp-json\/wp\/v2\/product"}],"about":[{"href":"https:\/\/www.palsjo.com\/se\/wp-json\/wp\/v2\/types\/product"}],"replies":[{"embeddable":true,"href":"https:\/\/www.palsjo.com\/se\/wp-json\/wp\/v2\/comments?post=1641"}],"wp:featuredmedia":[{"embeddable":true,"href":"https:\/\/www.palsjo.com\/se\/wp-json\/wp\/v2\/media\/8191"}],"wp:attachment":[{"href":"https:\/\/www.palsjo.com\/se\/wp-json\/wp\/v2\/media?parent=1641"}],"wp:term":[{"taxonomy":"product_brand","embeddable":true,"href":"https:\/\/www.palsjo.com\/se\/wp-json\/wp\/v2\/product_brand?post=1641"},{"taxonomy":"product_cat","embeddable":true,"href":"https:\/\/www.palsjo.com\/se\/wp-json\/wp\/v2\/product_cat?post=1641"},{"taxonomy":"product_tag","embeddable":true,"href":"https:\/\/www.palsjo.com\/se\/wp-json\/wp\/v2\/product_tag?post=1641"}],"curies":[{"name":"wp","href":"https:\/\/api.w.org\/{rel}","templated":true}]}}