{"id":1639,"date":"2023-10-06T16:32:57","date_gmt":"2023-10-06T14:32:57","guid":{"rendered":"https:\/\/www.nordicedc.com\/?post_type=product&#038;p=1639"},"modified":"2025-11-10T10:56:08","modified_gmt":"2025-11-10T09:56:08","slug":"nils-brunt-laderbalte-med-massingsspanne","status":"publish","type":"product","link":"https:\/\/www.palsjo.com\/se\/produkt\/nils-brunt-laderbalte-med-massingsspanne\/","title":{"rendered":"Nils brunt l\u00e4derb\u00e4lte med m\u00e4ssingssp\u00e4nne"},"content":{"rendered":"<p data-start=\"173\" data-end=\"602\">V\u00e5rt Nils bruna l\u00e4derb\u00e4lte med m\u00e4ssingssp\u00e4nne \u00e4r ett robust och stilrent val f\u00f6r jeans\u00e4lskare och alla som uppskattar en slitstark stil. B\u00e4ltet tillverkas f\u00f6r hand i Sverige av extra tjockt (4 mm, 10 oz) vegetabiliskt garvat full grain-l\u00e4der fr\u00e5n <a href=\"https:\/\/tarnsjogarveri.com\" target=\"_blank\" rel=\"noopener\">T\u00e4rnsj\u00f6 Garveri <\/a>\u2013 ett av v\u00e4rldens fr\u00e4msta garverier. Det har ett rej\u00e4lt sp\u00e4nne i massiv m\u00e4ssing som ger en kraftfull k\u00e4nsla och g\u00f6r det till v\u00e5rt favoritb\u00e4lte f\u00f6r alla tuffa outfits.<\/p>\n<p data-start=\"604\" data-end=\"857\">Kanterna p\u00e5 varje Nils brunt l\u00e4derb\u00e4lte med m\u00e4ssingssp\u00e4nne\u00a0\u00e4r rundade f\u00f6r \u00f6kad komfort och vaxade med bivax f\u00f6r att skydda mot v\u00e4ta och slitage. Varje Nils brunt l\u00e4derb\u00e4lte med m\u00e4ssingssp\u00e4nne m\u00e5ttanpassas f\u00f6r perfekt passform och levereras med v\u00e5r <a href=\"https:\/\/www.palsjo.com\/se\/livstidsgaranti\/\">livstidsgaranti<\/a> \u2013 precis som alla v\u00e5ra b\u00e4lten f\u00f6r herr.<\/p>\n<h2 data-start=\"859\" data-end=\"917\"><strong data-start=\"859\" data-end=\"917\">Egenskaper \u2013 Nils brunt l\u00e4derb\u00e4lte med m\u00e4ssingssp\u00e4nne:<\/strong><\/h2>\n<ul>\n<li data-start=\"921\" data-end=\"1007\">Exklusivt brunt full grain-l\u00e4der fr\u00e5n T\u00e4rnsj\u00f6 Garveri (10 oz), vegetabiliskt garvat.<\/li>\n<li data-start=\"1010\" data-end=\"1085\">Extra kraftigt sp\u00e4nne i massiv m\u00e4ssing f\u00f6r en slitstark och elegant stil.<\/li>\n<li data-start=\"1088\" data-end=\"1145\">Handgjort i Sverige med noggrannhet in i minsta detalj.<\/li>\n<li data-start=\"1148\" data-end=\"1217\">T\u00e5lig bredd p\u00e5 38 mm (1.5\u2033), perfekt f\u00f6r jeans och avslappnad stil.<\/li>\n<li data-start=\"1220\" data-end=\"1279\">Rundade och vaxade kanter f\u00f6r h\u00f6g komfort och h\u00e5llbarhet.<\/li>\n<li data-start=\"1282\" data-end=\"1339\">M\u00e5ttbest\u00e4llt efter din exakta midja f\u00f6r perfekt passform.<\/li>\n<\/ul>\n<h2>Hur du m\u00e4ter din b\u00e4ltesstorlek korrekt<\/h2>\n<div class=\"video-container\"><iframe title=\"How to measure your Palsjo\u0308 Belt\" width=\"1170\" height=\"658\" src=\"https:\/\/www.youtube.com\/embed\/gVP_R-Qk4P0?feature=oembed&#038;enablejsapi=1&#038;origin=https:\/\/www.palsjo.com\" frameborder=\"0\" allow=\"accelerometer; autoplay; clipboard-write; encrypted-media; gyroscope; picture-in-picture; web-share\" referrerpolicy=\"strict-origin-when-cross-origin\" allowfullscreen><\/iframe><\/div>\n<h3>Metod 1:<\/h3>\n<p>1. B\u00e4r dina favoritjeans<br \/>\n2. M\u00e4t fr\u00e5n den \u00f6versta knappen genom b\u00e4ltes\u00f6glorna till huvudknappen igen<br \/>\n3. Om du \u00e4r mellan storlekar, runda av till n\u00e4sta cm (t.ex. om din storlek \u00e4r 92,4 cm, best\u00e4ll 93 cm)<\/p>\n<p><img decoding=\"async\" class=\"alignnone size-full wp-image-687\" src=\"https:\/\/www.palsjo.com\/se\/wp-content\/uploads\/Belt-Measure-Method1.jpg\" alt=\"\" width=\"458\"><\/p>\n<h3>Metod 2:<\/h3>\n<p>1. M\u00e4t ditt befintliga b\u00e4lte fr\u00e5n spetsen p\u00e5 sp\u00e4nnet till det mest anv\u00e4nda h\u00e5let. R\u00e4ta ut b\u00e4ltet medan du m\u00e4ter.<br \/>\n2. Om du \u00e4r mellan storlekarna, runda av till n\u00e4sta cm (t.ex. om din storlek \u00e4r 92,4 cm, best\u00e4ll 93 cm)<\/p>\n<p><img decoding=\"async\" class=\"alignnone size-full wp-image-687\" src=\"https:\/\/www.palsjo.com\/se\/wp-content\/uploads\/belt-measure.jpg\" alt=\"\" width=\"458\"><\/p>\n<p>&nbsp;<\/p>\n<p><strong>Obs<\/strong>: Vi vill att v\u00e5ra b\u00e4lten ska passa dig perfekt. D\u00e4rf\u00f6r erbjuder vi v\u00e5ra b\u00e4lten i steg om 1 cm. Varje b\u00e4lte tillverkas n\u00e4r vi f\u00e5r en best\u00e4llning och \u00e4r dimensionerat efter ditt exakta midjem\u00e5tt. D\u00e4rf\u00f6r kan v\u00e5ra b\u00e4lten inte returneras eller \u00e5terbetalas.<\/p>\n","protected":false},"excerpt":{"rendered":"<p><strong data-start=\"64\" data-end=\"108\">Nils brunt l\u00e4derb\u00e4lte med m\u00e4ssingssp\u00e4nne <\/strong>&#8211; Svenskt full grain-l\u00e4der, rej\u00e4lt sp\u00e4nne i massiv m\u00e4ssing, m\u00e5ttbest\u00e4llt f\u00f6r perfekt passform, livstidsgaranti &amp; fri frakt.<\/p>\n","protected":false},"featured_media":8187,"comment_status":"open","ping_status":"closed","template":"","meta":[],"product_brand":[],"product_cat":[27,263],"product_tag":[53,45],"class_list":{"0":"post-1639","1":"product","2":"type-product","3":"status-publish","4":"has-post-thumbnail","6":"product_cat-laderbalten","7":"product_cat-balten-for-herr","8":"product_tag-bruna-laderbalten-for-herr","9":"product_tag-bruna-laderprodukter","11":"first","12":"instock","13":"taxable","14":"shipping-taxable","15":"purchasable","16":"product-type-variable"},"_links":{"self":[{"href":"https:\/\/www.palsjo.com\/se\/wp-json\/wp\/v2\/product\/1639","targetHints":{"allow":["GET"]}}],"collection":[{"href":"https:\/\/www.palsjo.com\/se\/wp-json\/wp\/v2\/product"}],"about":[{"href":"https:\/\/www.palsjo.com\/se\/wp-json\/wp\/v2\/types\/product"}],"replies":[{"embeddable":true,"href":"https:\/\/www.palsjo.com\/se\/wp-json\/wp\/v2\/comments?post=1639"}],"wp:featuredmedia":[{"embeddable":true,"href":"https:\/\/www.palsjo.com\/se\/wp-json\/wp\/v2\/media\/8187"}],"wp:attachment":[{"href":"https:\/\/www.palsjo.com\/se\/wp-json\/wp\/v2\/media?parent=1639"}],"wp:term":[{"taxonomy":"product_brand","embeddable":true,"href":"https:\/\/www.palsjo.com\/se\/wp-json\/wp\/v2\/product_brand?post=1639"},{"taxonomy":"product_cat","embeddable":true,"href":"https:\/\/www.palsjo.com\/se\/wp-json\/wp\/v2\/product_cat?post=1639"},{"taxonomy":"product_tag","embeddable":true,"href":"https:\/\/www.palsjo.com\/se\/wp-json\/wp\/v2\/product_tag?post=1639"}],"curies":[{"name":"wp","href":"https:\/\/api.w.org\/{rel}","templated":true}]}}