{"id":1632,"date":"2023-10-06T16:08:55","date_gmt":"2023-10-06T14:08:55","guid":{"rendered":"https:\/\/www.nordicedc.com\/?post_type=product&#038;p=1632"},"modified":"2025-11-12T17:07:11","modified_gmt":"2025-11-12T16:07:11","slug":"ebbe-svart-laderbalte-med-massingsspanne","status":"publish","type":"product","link":"https:\/\/www.palsjo.com\/se\/produkt\/ebbe-svart-laderbalte-med-massingsspanne\/","title":{"rendered":"Ebbe svart l\u00e4derb\u00e4lte med m\u00e4ssingssp\u00e4nne"},"content":{"rendered":"<p data-start=\"0\" data-end=\"425\">Ebbe svart l\u00e4derb\u00e4lte med m\u00e4ssingssp\u00e4nne ger ett robust och stilrent intryck, perfekt f\u00f6r denim\u00e4lskare. Det har ett extra tjockt sp\u00e4nne i massivt m\u00e4ssing som b\u00e5de v\u00e4ger rej\u00e4lt och har en tidl\u00f6s design. Varje Ebbe l\u00e4derb\u00e4lte \u00e4r noggrant handgjort i Sverige av kraftigt 4 mm (10\u201311 oz) exklusivt full grain vegetabiliskt garvat l\u00e4der fr\u00e5n <a href=\"https:\/\/tarnsjogarveri.com\/sv\/lader\/\" target=\"_blank\" rel=\"noopener\">T\u00e4rnsj\u00f6 Garveri<\/a>. B\u00e4ltet \u00e4r designat f\u00f6r maximal h\u00e5llbarhet och \u00e5ldras vackert med tiden.<\/p>\n<p data-start=\"427\" data-end=\"549\">Varje Ebbe svart l\u00e4derb\u00e4lte med m\u00e4ssingssp\u00e4nne \u00e4r m\u00e5ttanpassat efter dina exakta m\u00e5tt och omfattas av v\u00e5r <a href=\"https:\/\/www.palsjo.com\/se\/livstidsgaranti\/\">livstidsgaranti<\/a>.<\/p>\n<h2 data-start=\"551\" data-end=\"604\">Ebbe svart l\u00e4derb\u00e4lte med m\u00e4ssingssp\u00e4nne \u2013 Egenskaper<\/h2>\n<ul>\n<li data-start=\"608\" data-end=\"717\">Exklusivt svart full grain vegetabiliskt garvat l\u00e4der fr\u00e5n T\u00e4rnsj\u00f6 Garveri, handgjort i Sverige (10\u201311 oz).<\/li>\n<li data-start=\"720\" data-end=\"790\">Extra kraftigt sp\u00e4nne i massivt m\u00e4ssing f\u00f6r en tuff och tidl\u00f6s stil.<\/li>\n<li data-start=\"793\" data-end=\"864\">Noggrant burnishade kanter och l\u00e4tt handvaxade f\u00f6r en elegant finish.<\/li>\n<li data-start=\"867\" data-end=\"936\">Gener\u00f6s bredd p\u00e5 38 mm \/ 1,5\u2033, perfekt f\u00f6r jeans och vardagskl\u00e4der.<\/li>\n<li data-start=\"939\" data-end=\"990\">M\u00e5ttanpassat f\u00f6r en perfekt och personlig passform.<\/li>\n<\/ul>\n<h2>Hur du m\u00e4ter din b\u00e4ltesstorlek korrekt<\/h2>\n<div class=\"video-container\"><iframe title=\"How to measure your Palsjo\u0308 Belt\" width=\"1170\" height=\"658\" src=\"https:\/\/www.youtube.com\/embed\/gVP_R-Qk4P0?feature=oembed&#038;enablejsapi=1&#038;origin=https:\/\/www.palsjo.com\" frameborder=\"0\" allow=\"accelerometer; autoplay; clipboard-write; encrypted-media; gyroscope; picture-in-picture; web-share\" referrerpolicy=\"strict-origin-when-cross-origin\" allowfullscreen><\/iframe><\/div>\n<h3>Metod 1:<\/h3>\n<p>1. B\u00e4r dina favoritjeans<br \/>\n2. M\u00e4t fr\u00e5n den \u00f6versta knappen genom b\u00e4ltes\u00f6glorna till huvudknappen igen<br \/>\n3. Om du \u00e4r mellan storlekar, runda av till n\u00e4sta cm (t.ex. om din storlek \u00e4r 92,4 cm, best\u00e4ll 93 cm)<\/p>\n<p><img decoding=\"async\" class=\"alignnone size-full wp-image-687\" src=\"https:\/\/www.palsjo.com\/se\/wp-content\/uploads\/Belt-Measure-Method1.jpg\" alt=\"\" width=\"458\"><\/p>\n<h3>Metod 2:<\/h3>\n<p>1. M\u00e4t ditt befintliga b\u00e4lte fr\u00e5n spetsen p\u00e5 sp\u00e4nnet till det mest anv\u00e4nda h\u00e5let. R\u00e4ta ut b\u00e4ltet medan du m\u00e4ter.<br \/>\n2. Om du \u00e4r mellan storlekarna, runda av till n\u00e4sta cm (t.ex. om din storlek \u00e4r 92,4 cm, best\u00e4ll 93 cm)<\/p>\n<p><img decoding=\"async\" class=\"alignnone size-full wp-image-687\" src=\"https:\/\/www.palsjo.com\/se\/wp-content\/uploads\/belt-measure.jpg\" alt=\"\" width=\"458\"><\/p>\n<p>&nbsp;<\/p>\n<p><strong>Obs<\/strong>: Vi vill att v\u00e5ra b\u00e4lten ska passa dig perfekt. D\u00e4rf\u00f6r erbjuder vi v\u00e5ra b\u00e4lten i steg om 1 cm. Varje b\u00e4lte tillverkas n\u00e4r vi f\u00e5r en best\u00e4llning och \u00e4r dimensionerat efter ditt exakta midjem\u00e5tt. D\u00e4rf\u00f6r kan v\u00e5ra b\u00e4lten inte returneras eller \u00e5terbetalas.<\/p>\n","protected":false},"excerpt":{"rendered":"<p><strong>Ebbe svart l\u00e4derb\u00e4lte med m\u00e4ssingssp\u00e4nne<\/strong>: Tjockt sp\u00e4nne i massivt m\u00e4ssing och full grain vegetabiliskt garvat l\u00e4der. M\u00e5ttanpassat f\u00f6r perfekt passform. Livstidsgaranti och fri frakt.<\/p>\n","protected":false},"featured_media":8165,"comment_status":"open","ping_status":"closed","template":"","meta":[],"product_brand":[],"product_cat":[27,263],"product_tag":[85,48,44],"class_list":{"0":"post-1632","1":"product","2":"type-product","3":"status-publish","4":"has-post-thumbnail","6":"product_cat-laderbalten","7":"product_cat-balten-for-herr","8":"product_tag-svart-skarp","9":"product_tag-svarta-laderbalten-for-herr","10":"product_tag-svarta-laderprodukter","12":"first","13":"instock","14":"taxable","15":"shipping-taxable","16":"purchasable","17":"product-type-variable"},"_links":{"self":[{"href":"https:\/\/www.palsjo.com\/se\/wp-json\/wp\/v2\/product\/1632","targetHints":{"allow":["GET"]}}],"collection":[{"href":"https:\/\/www.palsjo.com\/se\/wp-json\/wp\/v2\/product"}],"about":[{"href":"https:\/\/www.palsjo.com\/se\/wp-json\/wp\/v2\/types\/product"}],"replies":[{"embeddable":true,"href":"https:\/\/www.palsjo.com\/se\/wp-json\/wp\/v2\/comments?post=1632"}],"wp:featuredmedia":[{"embeddable":true,"href":"https:\/\/www.palsjo.com\/se\/wp-json\/wp\/v2\/media\/8165"}],"wp:attachment":[{"href":"https:\/\/www.palsjo.com\/se\/wp-json\/wp\/v2\/media?parent=1632"}],"wp:term":[{"taxonomy":"product_brand","embeddable":true,"href":"https:\/\/www.palsjo.com\/se\/wp-json\/wp\/v2\/product_brand?post=1632"},{"taxonomy":"product_cat","embeddable":true,"href":"https:\/\/www.palsjo.com\/se\/wp-json\/wp\/v2\/product_cat?post=1632"},{"taxonomy":"product_tag","embeddable":true,"href":"https:\/\/www.palsjo.com\/se\/wp-json\/wp\/v2\/product_tag?post=1632"}],"curies":[{"name":"wp","href":"https:\/\/api.w.org\/{rel}","templated":true}]}}