{"id":1615,"date":"2023-10-06T14:10:45","date_gmt":"2023-10-06T12:10:45","guid":{"rendered":"https:\/\/www.nordicedc.com\/?post_type=product&#038;p=1615"},"modified":"2025-11-10T10:58:27","modified_gmt":"2025-11-10T09:58:27","slug":"sam-brunt-laderbalte-med-massingsspanne","status":"publish","type":"product","link":"https:\/\/www.palsjo.com\/se\/produkt\/sam-brunt-laderbalte-med-massingsspanne\/","title":{"rendered":"Sam brunt l\u00e4derb\u00e4lte med m\u00e4ssingssp\u00e4nne"},"content":{"rendered":"<p data-start=\"0\" data-end=\"517\">Sam brunt l\u00e4derb\u00e4lte med m\u00e4ssingssp\u00e4nne \u00e4r ett tidl\u00f6st och p\u00e5litligt b\u00e4lte som passar till alla denimoutfits. B\u00e4ltet \u00e4r helt handgjort i Sverige av exklusivt fullnarvigt vegetabiliskt garvat l\u00e4der fr\u00e5n <a href=\"https:\/\/tarnsjogarveri.com\/sv\/lader\/\" target=\"_blank\" rel=\"noopener\">T\u00e4rnsj\u00f6 Garveri<\/a>. Detta 38 mm breda b\u00e4lte har ett robust sp\u00e4nne i massiv m\u00e4ssing som garanterar l\u00e5ngvarig kvalitet och rostfri h\u00e5llbarhet. Perfekt f\u00f6r vardagsbruk, kompletterar detta bruna b\u00e4lte m\u00e5nga olika denimstilar och utvecklar med tiden en vacker patina \u2013 den perfekta f\u00f6ljeslagaren till dina urtv\u00e4ttade jeans!<\/p>\n<p data-start=\"519\" data-end=\"640\">Varje Sam-b\u00e4lte \u00e4r m\u00e5ttanpassat efter dina exakta midjem\u00e5tt. Njut av v\u00e5r <a href=\"https:\/\/www.palsjo.com\/se\/livstidsgaranti\/\">livstidsgaranti<\/a> och fri frakt \u00f6ver hela v\u00e4rlden.<\/p>\n<h2 data-start=\"642\" data-end=\"694\">Sam brunt l\u00e4derb\u00e4lte med m\u00e4ssingssp\u00e4nne \u2013 Egenskaper<\/h2>\n<p data-start=\"696\" data-end=\"807\">Sam brunt l\u00e4derb\u00e4lte med m\u00e4ssingssp\u00e4nne erbjuder en m\u00e5ngsidig och p\u00e5litlig vardagsaccessoar till din denimstil.<\/p>\n<ul>\n<li data-start=\"809\" data-end=\"1226\">Tillverkat av exklusivt fullnarvigt vegetabiliskt garvat l\u00e4der i en klassisk brun ton som passar m\u00e5nga casual-outfits.<\/li>\n<li data-start=\"809\" data-end=\"1226\">Utrustat med ett massivt m\u00e4ssingssp\u00e4nne som \u00e4r starkt och rostfritt.<\/li>\n<li data-start=\"809\" data-end=\"1226\">Noggrant handgjort i Sverige med exceptionellt hantverk och detaljfokus.<\/li>\n<li data-start=\"809\" data-end=\"1226\">Standardbredden 38 mm (1,5&#8243;) ger en bekv\u00e4m passform f\u00f6r dagligt bruk.<\/li>\n<li data-start=\"809\" data-end=\"1226\">Erbjuder perfekt passform tack vare v\u00e5r m\u00e5ttbest\u00e4llning.<\/li>\n<li data-start=\"809\" data-end=\"1226\">St\u00f6ds av v\u00e5r livstidsgaranti.<\/li>\n<\/ul>\n<h2>Hur du m\u00e4ter din b\u00e4ltesstorlek korrekt<\/h2>\n<div class=\"video-container\"><iframe title=\"How to measure your Palsjo\u0308 Belt\" width=\"1170\" height=\"658\" src=\"https:\/\/www.youtube.com\/embed\/gVP_R-Qk4P0?feature=oembed&#038;enablejsapi=1&#038;origin=https:\/\/www.palsjo.com\" frameborder=\"0\" allow=\"accelerometer; autoplay; clipboard-write; encrypted-media; gyroscope; picture-in-picture; web-share\" referrerpolicy=\"strict-origin-when-cross-origin\" allowfullscreen><\/iframe><\/div>\n<p>Metod 1:<\/p>\n<p>1. B\u00e4r dina favoritjeans<br \/>\n2. M\u00e4t fr\u00e5n den \u00f6versta knappen genom b\u00e4ltes\u00f6glorna till huvudknappen igen<br \/>\n3. Om du \u00e4r mellan storlekar, runda av till n\u00e4sta cm (t.ex. om din storlek \u00e4r 92,4 cm, best\u00e4ll 93 cm)<\/p>\n<p><img decoding=\"async\" class=\"alignnone size-full wp-image-687\" src=\"https:\/\/www.palsjo.com\/se\/wp-content\/uploads\/Belt-Measure-Method1.jpg\" alt=\"\" width=\"458\"><\/p>\n<p>Metod 2:<\/p>\n<p>1. M\u00e4t ditt befintliga b\u00e4lte fr\u00e5n spetsen p\u00e5 sp\u00e4nnet till det mest anv\u00e4nda h\u00e5let. R\u00e4ta ut b\u00e4ltet medan du m\u00e4ter.<br \/>\n2. Om du \u00e4r mellan storlekarna, runda av till n\u00e4sta cm (t.ex. om din storlek \u00e4r 92,4 cm, best\u00e4ll 93 cm)<\/p>\n<p><img decoding=\"async\" class=\"alignnone size-full wp-image-687\" src=\"https:\/\/www.palsjo.com\/se\/wp-content\/uploads\/belt-measure.jpg\" alt=\"\" width=\"458\"><\/p>\n<p>&nbsp;<\/p>\n<p><strong>Obs<\/strong>: Vi vill att v\u00e5ra b\u00e4lten ska passa dig perfekt. D\u00e4rf\u00f6r erbjuder vi v\u00e5ra b\u00e4lten i steg om 1 cm. Varje b\u00e4lte byggs n\u00e4r vi f\u00e5r en best\u00e4llning och \u00e4r dimensionerat efter ditt exakta midjem\u00e5tt. D\u00e4rf\u00f6r kan v\u00e5ra b\u00e4lten inte returneras eller \u00e5terbetalas.<\/p>\n","protected":false},"excerpt":{"rendered":"<p><strong>Sam brunt l\u00e4derb\u00e4lte med m\u00e4ssingssp\u00e4nne<\/strong>: M\u00e5ngsidigt brunt svenskt fullnarvigt l\u00e4der. Robust m\u00e4ssingssp\u00e4nne, m\u00e5ttanpassat, livstidsgaranti och fri frakt.<\/p>\n","protected":false},"featured_media":8203,"comment_status":"open","ping_status":"closed","template":"","meta":[],"product_brand":[],"product_cat":[27,263],"product_tag":[53,45],"class_list":{"0":"post-1615","1":"product","2":"type-product","3":"status-publish","4":"has-post-thumbnail","6":"product_cat-laderbalten","7":"product_cat-balten-for-herr","8":"product_tag-bruna-laderbalten-for-herr","9":"product_tag-bruna-laderprodukter","11":"first","12":"instock","13":"taxable","14":"shipping-taxable","15":"purchasable","16":"product-type-variable"},"_links":{"self":[{"href":"https:\/\/www.palsjo.com\/se\/wp-json\/wp\/v2\/product\/1615","targetHints":{"allow":["GET"]}}],"collection":[{"href":"https:\/\/www.palsjo.com\/se\/wp-json\/wp\/v2\/product"}],"about":[{"href":"https:\/\/www.palsjo.com\/se\/wp-json\/wp\/v2\/types\/product"}],"replies":[{"embeddable":true,"href":"https:\/\/www.palsjo.com\/se\/wp-json\/wp\/v2\/comments?post=1615"}],"wp:featuredmedia":[{"embeddable":true,"href":"https:\/\/www.palsjo.com\/se\/wp-json\/wp\/v2\/media\/8203"}],"wp:attachment":[{"href":"https:\/\/www.palsjo.com\/se\/wp-json\/wp\/v2\/media?parent=1615"}],"wp:term":[{"taxonomy":"product_brand","embeddable":true,"href":"https:\/\/www.palsjo.com\/se\/wp-json\/wp\/v2\/product_brand?post=1615"},{"taxonomy":"product_cat","embeddable":true,"href":"https:\/\/www.palsjo.com\/se\/wp-json\/wp\/v2\/product_cat?post=1615"},{"taxonomy":"product_tag","embeddable":true,"href":"https:\/\/www.palsjo.com\/se\/wp-json\/wp\/v2\/product_tag?post=1615"}],"curies":[{"name":"wp","href":"https:\/\/api.w.org\/{rel}","templated":true}]}}