{"id":1614,"date":"2023-10-06T14:06:53","date_gmt":"2023-10-06T12:06:53","guid":{"rendered":"https:\/\/www.nordicedc.com\/?post_type=product&#038;p=1614"},"modified":"2025-11-10T10:58:50","modified_gmt":"2025-11-10T09:58:50","slug":"sam-morkbrunt-laderbalte-med-massingsspanne","status":"publish","type":"product","link":"https:\/\/www.palsjo.com\/se\/produkt\/sam-morkbrunt-laderbalte-med-massingsspanne\/","title":{"rendered":"Sam m\u00f6rkbrunt l\u00e4derb\u00e4lte med m\u00e4ssingssp\u00e4nne"},"content":{"rendered":"<p data-start=\"0\" data-end=\"454\">Sam m\u00f6rkbrunt l\u00e4derb\u00e4lte med m\u00e4ssingssp\u00e4nne utstr\u00e5lar robust elegans och l\u00e5ngvarig kvalitet. B\u00e4ltet \u00e4r handgjort i Sverige av exklusivt fullnarvigt vegetabiliskt garvat l\u00e4der fr\u00e5n <a href=\"https:\/\/tarnsjogarveri.com\/sv\/lader\/\" target=\"_blank\" rel=\"noopener\">T\u00e4rnsj\u00f6 Garveri<\/a>. Detta 38 mm (1,5\u201d) breda b\u00e4lte \u00e4r utrustat med ett massivt m\u00e4ssingssp\u00e4nne som tillf\u00f6r klassisk charm och rostfri h\u00e5llbarhet. Designat f\u00f6r l\u00e5ng livsl\u00e4ngd och f\u00f6r att utveckla en unik patina \u00e4r detta m\u00f6rkbruna b\u00e4lte en m\u00e5ngsidig favorit i varje mans garderob.<\/p>\n<p data-start=\"456\" data-end=\"572\">Varje Sam b\u00e4lte \u00e4r m\u00e5ttanpassat f\u00f6r perfekt passform. Backas av v\u00e5r <a href=\"https:\/\/www.palsjo.com\/se\/livstidsgaranti\/\">livstidsgaranti<\/a> och fri frakt \u00f6ver hela v\u00e4rlden.<\/p>\n<h2 data-start=\"574\" data-end=\"630\">Sam m\u00f6rkbrunt l\u00e4derb\u00e4lte med m\u00e4ssingssp\u00e4nne \u2013 Egenskaper<\/h2>\n<ul>\n<li data-start=\"632\" data-end=\"1262\">Sam m\u00f6rkbrunt l\u00e4derb\u00e4lte med m\u00e4ssingssp\u00e4nne utstr\u00e5lar robust elegans och h\u00e5llbar kvalitet.<\/li>\n<li data-start=\"632\" data-end=\"1262\">Tillverkat av exklusivt fullnarvigt vegetabiliskt garvat l\u00e4der i en rik m\u00f6rkbrun nyans som utvecklar karakt\u00e4r \u00f6ver tid.<\/li>\n<li data-start=\"632\" data-end=\"1262\">F\u00f6rsett med ett massivt m\u00e4ssingssp\u00e4nne som ger en klassisk och slitstark fasts\u00e4ttning.<\/li>\n<li data-start=\"632\" data-end=\"1262\">Expertm\u00e4ssigt handgjort i Sverige med traditionella l\u00e4derhantverkstekniker.<\/li>\n<li data-start=\"632\" data-end=\"1262\">Den m\u00e5ngsidiga bredden 38 mm \/ 1,5\u201d g\u00f6r det till ett p\u00e5litligt val f\u00f6r olika casualstilar.<\/li>\n<li data-start=\"632\" data-end=\"1262\">Garanterar perfekt passform med m\u00e5ttanpassning efter din midja.<\/li>\n<li data-start=\"632\" data-end=\"1262\">Levereras med livstidsgaranti som s\u00e4kerst\u00e4ller l\u00e5ng anv\u00e4ndning av detta handgjorda b\u00e4lte.<\/li>\n<\/ul>\n<h2>Hur du m\u00e4ter din b\u00e4ltesstorlek korrekt<\/h2>\n<div class=\"video-container\"><iframe title=\"How to measure your Palsjo\u0308 Belt\" width=\"1170\" height=\"658\" src=\"https:\/\/www.youtube.com\/embed\/gVP_R-Qk4P0?feature=oembed&#038;enablejsapi=1&#038;origin=https:\/\/www.palsjo.com\" frameborder=\"0\" allow=\"accelerometer; autoplay; clipboard-write; encrypted-media; gyroscope; picture-in-picture; web-share\" referrerpolicy=\"strict-origin-when-cross-origin\" allowfullscreen><\/iframe><\/div>\n<ol>\n<li>B\u00e4r dina favoritjeans<\/li>\n<li>M\u00e4t ditt midjem\u00e5tt med ett m\u00e5ttband<\/li>\n<li>Ditt midjem\u00e5tt \u00e4r lika med b\u00e4ltesstorleken, som ber\u00e4knas fr\u00e5n sp\u00e4nnets spets till mitth\u00e5let i b\u00e4ltet<\/li>\n<li>Om du \u00e4r mellan storlekarna, v\u00e4lj bara storleken ovanf\u00f6r ditt faktiska m\u00e5tt eller ge oss ditt exakta m\u00e5tt s\u00e5 g\u00f6r vi det i din storlek<\/li>\n<\/ol>\n<p><img decoding=\"async\" class=\"size-full wp-image-687\" src=\"http:\/\/nordicedc.com\/se\/wp-content\/uploads\/2023\/10\/belt-measure.jpg\" alt=\"How to measure a belt\" width=\"100%\" srcset=\"https:\/\/www.palsjo.com\/se\/wp-content\/uploads\/2023\/10\/belt-measure.jpg 791w, https:\/\/www.palsjo.com\/se\/wp-content\/uploads\/2023\/10\/belt-measure-300x60.jpg 300w, https:\/\/www.palsjo.com\/se\/wp-content\/uploads\/2023\/10\/belt-measure-150x30.jpg 150w, https:\/\/www.palsjo.com\/se\/wp-content\/uploads\/2023\/10\/belt-measure-768x154.jpg 768w, https:\/\/www.palsjo.com\/se\/wp-content\/uploads\/2023\/10\/belt-measure-575x116.jpg 575w, https:\/\/www.palsjo.com\/se\/wp-content\/uploads\/2023\/10\/belt-measure-380x76.jpg 380w\" sizes=\"(max-width: 791px) 100vw, 791px\" \/><\/p>\n<p>&nbsp;<\/p>\n<p><strong>Obs<\/strong>: Vi vill att v\u00e5ra b\u00e4lten ska passa dig perfekt. D\u00e4rf\u00f6r erbjuder vi v\u00e5ra b\u00e4lten i steg om 1 cm. Varje b\u00e4lte byggs n\u00e4r vi f\u00e5r en best\u00e4llning och \u00e4r dimensionerat efter ditt exakta midjem\u00e5tt. D\u00e4rf\u00f6r kan v\u00e5ra b\u00e4lten inte returneras eller \u00e5terbetalas.<\/p>\n","protected":false},"excerpt":{"rendered":"<p><strong>Sam m\u00f6rkbrunt l\u00e4derb\u00e4lte med m\u00e4ssingssp\u00e4nne<\/strong> \u2013 M\u00f6rkbrunt svenskt fullnarvigt l\u00e4der. Massivt m\u00e4ssingssp\u00e4nne, m\u00e5ttanpassat, livstidsgaranti och fri frakt.<\/p>\n","protected":false},"featured_media":8205,"comment_status":"open","ping_status":"closed","template":"","meta":[],"product_brand":[],"product_cat":[27,263],"product_tag":[54,46,80],"class_list":{"0":"post-1614","1":"product","2":"type-product","3":"status-publish","4":"has-post-thumbnail","6":"product_cat-laderbalten","7":"product_cat-balten-for-herr","8":"product_tag-morkbruna-laderbalten-for-herr","9":"product_tag-morkbruna-laderprodukter","10":"product_tag-morkbrunt-skarp","12":"first","13":"instock","14":"taxable","15":"shipping-taxable","16":"purchasable","17":"product-type-variable"},"_links":{"self":[{"href":"https:\/\/www.palsjo.com\/se\/wp-json\/wp\/v2\/product\/1614","targetHints":{"allow":["GET"]}}],"collection":[{"href":"https:\/\/www.palsjo.com\/se\/wp-json\/wp\/v2\/product"}],"about":[{"href":"https:\/\/www.palsjo.com\/se\/wp-json\/wp\/v2\/types\/product"}],"replies":[{"embeddable":true,"href":"https:\/\/www.palsjo.com\/se\/wp-json\/wp\/v2\/comments?post=1614"}],"wp:featuredmedia":[{"embeddable":true,"href":"https:\/\/www.palsjo.com\/se\/wp-json\/wp\/v2\/media\/8205"}],"wp:attachment":[{"href":"https:\/\/www.palsjo.com\/se\/wp-json\/wp\/v2\/media?parent=1614"}],"wp:term":[{"taxonomy":"product_brand","embeddable":true,"href":"https:\/\/www.palsjo.com\/se\/wp-json\/wp\/v2\/product_brand?post=1614"},{"taxonomy":"product_cat","embeddable":true,"href":"https:\/\/www.palsjo.com\/se\/wp-json\/wp\/v2\/product_cat?post=1614"},{"taxonomy":"product_tag","embeddable":true,"href":"https:\/\/www.palsjo.com\/se\/wp-json\/wp\/v2\/product_tag?post=1614"}],"curies":[{"name":"wp","href":"https:\/\/api.w.org\/{rel}","templated":true}]}}