{"id":1612,"date":"2023-10-06T13:55:40","date_gmt":"2023-10-06T11:55:40","guid":{"rendered":"https:\/\/www.nordicedc.com\/?post_type=product&#038;p=1612"},"modified":"2025-11-10T10:59:05","modified_gmt":"2025-11-10T09:59:05","slug":"sam-svart-laderbalte-med-massingsspanne","status":"publish","type":"product","link":"https:\/\/www.palsjo.com\/se\/produkt\/sam-svart-laderbalte-med-massingsspanne\/","title":{"rendered":"Sam svart l\u00e4derb\u00e4lte med m\u00e4ssingssp\u00e4nne"},"content":{"rendered":"<p data-start=\"0\" data-end=\"468\">Sam svart l\u00e4derb\u00e4lte med m\u00e4ssingssp\u00e4nne \u00e4r ett h\u00e5llbart och stilrent komplement till dina vardagsoutfits. B\u00e4ltet \u00e4r handgjort i Sverige av exklusivt fullnarvigt vegetabiliskt garvat l\u00e4der fr\u00e5n <a href=\"https:\/\/tarnsjogarveri.com\/sv\/lader\/\" target=\"_blank\" rel=\"noopener\">T\u00e4rnsj\u00f6 Garveri<\/a>. Med 4 mm (10 oz) tjockt l\u00e4der och ett massivt, robust m\u00e4ssingssp\u00e4nne \u00e4r detta 1,5&#8243; (38 mm) breda b\u00e4lte byggt f\u00f6r att h\u00e5lla l\u00e4nge och utveckla en vacker patina \u00f6ver tid. Perfekt f\u00f6r dagligt bruk och tillf\u00f6r en touch av klassisk elegans till dina casualkl\u00e4der.<\/p>\n<p data-start=\"470\" data-end=\"619\">Varje Sam svart l\u00e4derb\u00e4lte med m\u00e4ssingssp\u00e4nne \u00e4r m\u00e5ttanpassat f\u00f6r perfekt passform och backas upp av v\u00e5r <a href=\"https:\/\/www.palsjo.com\/se\/livstidsgaranti\/\">livstidsgaranti<\/a> samt fri frakt v\u00e4rlden \u00f6ver.<\/p>\n<h2 data-start=\"621\" data-end=\"673\">Sam svart l\u00e4derb\u00e4lte med m\u00e4ssingssp\u00e4nne \u2013 Egenskaper<\/h2>\n<p data-start=\"675\" data-end=\"764\">Sam svart l\u00e4derb\u00e4lte med m\u00e4ssingssp\u00e4nne erbjuder tidl\u00f6s stil och exceptionell h\u00e5llbarhet.<\/p>\n<ul>\n<li data-start=\"766\" data-end=\"1354\">Tillverkat av exklusivt fullnarvigt vegetabiliskt garvat l\u00e4der som garanterar ett robust och l\u00e5ngvarigt b\u00e4lte i en m\u00e5ngsidig svart nyans.<\/li>\n<li data-start=\"766\" data-end=\"1354\">Utrustat med ett massivt m\u00e4ssingssp\u00e4nne som tillf\u00f6r v\u00e4rme och potential f\u00f6r en vacker patina \u00f6ver tid.<\/li>\n<li data-start=\"766\" data-end=\"1354\">Stolt handgjort i Sverige med traditionellt l\u00e4derhantverk och stor noggrannhet.<\/li>\n<li data-start=\"766\" data-end=\"1354\">Standardbredden 1,5&#8243; \/ 38 mm \u00e4r idealisk f\u00f6r vardagsbruk med jeans och chinos.<\/li>\n<li data-start=\"766\" data-end=\"1354\">M\u00e5ttanpassat efter din exakta midjem\u00e5tt f\u00f6r en bekv\u00e4m och s\u00e4ker passform.<\/li>\n<li data-start=\"766\" data-end=\"1354\">Backat av v\u00e5r livstidsgaranti, vilket speglar kvaliteten och h\u00e5llbarheten i detta handgjorda l\u00e4derb\u00e4lte.<\/li>\n<\/ul>\n<h2>Hur du m\u00e4ter din b\u00e4ltesstorlek korrekt<\/h2>\n<div class=\"video-container\"><iframe title=\"How to measure your Palsjo\u0308 Belt\" width=\"1170\" height=\"658\" src=\"https:\/\/www.youtube.com\/embed\/gVP_R-Qk4P0?feature=oembed&#038;enablejsapi=1&#038;origin=https:\/\/www.palsjo.com\" frameborder=\"0\" allow=\"accelerometer; autoplay; clipboard-write; encrypted-media; gyroscope; picture-in-picture; web-share\" referrerpolicy=\"strict-origin-when-cross-origin\" allowfullscreen><\/iframe><\/div>\n<p>Metod 1:<\/p>\n<p>1. B\u00e4r dina favoritjeans<br \/>\n2. M\u00e4t fr\u00e5n den \u00f6versta knappen genom b\u00e4ltes\u00f6glorna till huvudknappen igen<br \/>\n3. Om du \u00e4r mellan storlekar, runda av till n\u00e4sta cm (t.ex. om din storlek \u00e4r 92,4 cm, best\u00e4ll 93 cm)<\/p>\n<p><img decoding=\"async\" class=\"alignnone size-full wp-image-687\" src=\"https:\/\/www.palsjo.com\/se\/wp-content\/uploads\/Belt-Measure-Method1.jpg\" alt=\"\" width=\"458\"><\/p>\n<p>Metod 2:<\/p>\n<p>1. M\u00e4t ditt befintliga b\u00e4lte fr\u00e5n spetsen p\u00e5 sp\u00e4nnet till det mest anv\u00e4nda h\u00e5let. R\u00e4ta ut b\u00e4ltet medan du m\u00e4ter.<br \/>\n2. Om du \u00e4r mellan storlekarna, runda av till n\u00e4sta cm (t.ex. om din storlek \u00e4r 92,4 cm, best\u00e4ll 93 cm)<\/p>\n<p><img decoding=\"async\" class=\"alignnone size-full wp-image-687\" src=\"https:\/\/www.palsjo.com\/se\/wp-content\/uploads\/belt-measure.jpg\" alt=\"\" width=\"458\"><\/p>\n<p>&nbsp;<\/p>\n<p><strong>Obs<\/strong>: Vi vill att v\u00e5ra b\u00e4lten ska passa dig perfekt. D\u00e4rf\u00f6r erbjuder vi v\u00e5ra b\u00e4lten i steg om 1 cm. Varje b\u00e4lte byggs n\u00e4r vi f\u00e5r en best\u00e4llning och \u00e4r dimensionerat efter ditt exakta midjem\u00e5tt. D\u00e4rf\u00f6r kan v\u00e5ra b\u00e4lten inte returneras eller \u00e5terbetalas.<\/p>\n","protected":false},"excerpt":{"rendered":"<p><strong>Sam svart l\u00e4derb\u00e4lte med m\u00e4ssingssp\u00e4nne<\/strong>: Exklusivt svart svenskt fullnarvigt l\u00e4der. Massivt m\u00e4ssingssp\u00e4nne, m\u00e5ttanpassat f\u00f6r perfekt passform, livstidsgaranti och fri frakt.<\/p>\n","protected":false},"featured_media":8209,"comment_status":"open","ping_status":"closed","template":"","meta":[],"product_brand":[],"product_cat":[27,263],"product_tag":[85,48,44],"class_list":{"0":"post-1612","1":"product","2":"type-product","3":"status-publish","4":"has-post-thumbnail","6":"product_cat-laderbalten","7":"product_cat-balten-for-herr","8":"product_tag-svart-skarp","9":"product_tag-svarta-laderbalten-for-herr","10":"product_tag-svarta-laderprodukter","12":"first","13":"instock","14":"taxable","15":"shipping-taxable","16":"purchasable","17":"product-type-variable"},"_links":{"self":[{"href":"https:\/\/www.palsjo.com\/se\/wp-json\/wp\/v2\/product\/1612","targetHints":{"allow":["GET"]}}],"collection":[{"href":"https:\/\/www.palsjo.com\/se\/wp-json\/wp\/v2\/product"}],"about":[{"href":"https:\/\/www.palsjo.com\/se\/wp-json\/wp\/v2\/types\/product"}],"replies":[{"embeddable":true,"href":"https:\/\/www.palsjo.com\/se\/wp-json\/wp\/v2\/comments?post=1612"}],"wp:featuredmedia":[{"embeddable":true,"href":"https:\/\/www.palsjo.com\/se\/wp-json\/wp\/v2\/media\/8209"}],"wp:attachment":[{"href":"https:\/\/www.palsjo.com\/se\/wp-json\/wp\/v2\/media?parent=1612"}],"wp:term":[{"taxonomy":"product_brand","embeddable":true,"href":"https:\/\/www.palsjo.com\/se\/wp-json\/wp\/v2\/product_brand?post=1612"},{"taxonomy":"product_cat","embeddable":true,"href":"https:\/\/www.palsjo.com\/se\/wp-json\/wp\/v2\/product_cat?post=1612"},{"taxonomy":"product_tag","embeddable":true,"href":"https:\/\/www.palsjo.com\/se\/wp-json\/wp\/v2\/product_tag?post=1612"}],"curies":[{"name":"wp","href":"https:\/\/api.w.org\/{rel}","templated":true}]}}