{"id":1611,"date":"2024-07-09T11:23:32","date_gmt":"2024-07-09T09:23:32","guid":{"rendered":"https:\/\/www.nordicedc.com\/?post_type=product&#038;p=1611"},"modified":"2026-03-23T11:04:39","modified_gmt":"2026-03-23T10:04:39","slug":"firemans-quick-release-laderbalte-svart","status":"publish","type":"product","link":"https:\/\/www.palsjo.com\/se\/produkt\/firemans-quick-release-laderbalte-svart\/","title":{"rendered":"Fireman&#8217;s quick release l\u00e4derb\u00e4lte svart"},"content":{"rendered":"<p>Med inspiration h\u00e4mtad fr\u00e5n designhistorien kommer h\u00e4r v\u00e5r version av brandm\u00e4nnens snabbkopplingsl\u00e4derb\u00e4lte fr\u00e5n f\u00f6rr. Detta ursnygga Fireman&#8217;s Quick Release l\u00e4derb\u00e4lte svart \u00e4r inte bara unikt utan ocks\u00e5 supercoolt! Vi har fortsatt att anv\u00e4nda det vackra 10oz vegetabiliskt garvat l\u00e4der fr\u00e5n det v\u00e4lk\u00e4nda <a href=\"https:\/\/tarnsjogarveri.com\/sv\/\" target=\"_blank\" rel=\"noopener\">T\u00e4rnsj\u00f6 garveriet<\/a> i Sverige. Detta l\u00e4der patinerar underbart och kommer snabbt att absorbera oljor och solljus. Det solida m\u00e4ssingssp\u00e4nnet har en snabbkoppling; dra helt enkelt ner spaken s\u00e5 lossas b\u00e4ltet. Sp\u00e4nningen h\u00e5ller den p\u00e5 plats och den kommer aldrig att lossna av sig sj\u00e4lv. Sp\u00e4nnet \u00e4r tillverkat i England.<\/p>\n<h2><strong>Fireman&#8217;s quick release l\u00e4derb\u00e4lte svart<\/strong><\/h2>\n<ul>\n<li>Fireman&#8217;s Quick Release l\u00e4derb\u00e4lte svart \u00e4r handgjort i Sverige.<\/li>\n<li>10-12 oz. exklusivt <a href=\"https:\/\/tarnsjogarveri.com\/environment\/\" target=\"_blank\" rel=\"noopener\">milj\u00f6v\u00e4nligt<\/a> fullnarv vegetabiliskt garvat l\u00e4der fr\u00e5n T\u00e4rnsj\u00f6 Garveri i Sverige.<\/li>\n<li>T\u00dcV Rheinland och Organic Control Standard (OCS) certifierat l\u00e4der.<\/li>\n<li>Anilinf\u00e4rgad med l\u00f6sliga f\u00e4rg\u00e4mnen utan att t\u00e4cka ytan med ol\u00f6sligt pigment eller t\u00e4ckf\u00e4rg<\/li>\n<li>Har en matchande l\u00e4derh\u00e5llare<\/li>\n<li>Kraftigt sp\u00e4nne i massiv m\u00e4ssing<\/li>\n<li>Polerade kanter och l\u00e4tt vaxad f\u00f6r hand<\/li>\n<li>Bredd: 1,5 tum \/ 38 mm<\/li>\n<li>Fireman&#8217;s Quick Release l\u00e4derb\u00e4lte svart \u00e4r st\u00e4mplad med v\u00e5r Nordic EDC-pr\u00e4gling<\/li>\n<\/ul>\n<h2>Hur du m\u00e4ter din b\u00e4ltesstorlek korrekt<\/h2>\n<div class=\"video-container\"><iframe title=\"How to measure your Palsjo\u0308 Belt\" width=\"1170\" height=\"658\" src=\"https:\/\/www.youtube.com\/embed\/gVP_R-Qk4P0?feature=oembed&#038;enablejsapi=1&#038;origin=https:\/\/www.palsjo.com\" frameborder=\"0\" allow=\"accelerometer; autoplay; clipboard-write; encrypted-media; gyroscope; picture-in-picture; web-share\" referrerpolicy=\"strict-origin-when-cross-origin\" allowfullscreen><\/iframe><\/div>\n<p>Metod 1:<\/p>\n<p>1. B\u00e4r dina favoritjeans<br \/>\n2. M\u00e4t fr\u00e5n den \u00f6versta knappen genom b\u00e4ltes\u00f6glorna till huvudknappen igen<br \/>\n3. Om du \u00e4r mellan storlekar, runda av till n\u00e4sta cm (t.ex. om din storlek \u00e4r 92,4 cm, best\u00e4ll 93 cm)<\/p>\n<p><img decoding=\"async\" class=\"alignnone size-full wp-image-687\" src=\"https:\/\/www.palsjo.com\/se\/wp-content\/uploads\/Belt-Measure-Method1.jpg\" alt=\"\" width=\"458\"><\/p>\n<p>Metod 2:<\/p>\n<p>1. M\u00e4t ditt befintliga b\u00e4lte fr\u00e5n spetsen p\u00e5 sp\u00e4nnet till det mest anv\u00e4nda h\u00e5let. R\u00e4ta ut b\u00e4ltet medan du m\u00e4ter.<br \/>\n2. Om du \u00e4r mellan storlekarna, runda av till n\u00e4sta cm (t.ex. om din storlek \u00e4r 92,4 cm, best\u00e4ll 93 cm)<\/p>\n<p><img decoding=\"async\" class=\"alignnone size-full wp-image-687\" src=\"https:\/\/www.palsjo.com\/se\/wp-content\/uploads\/belt-measure.jpg\" alt=\"\" width=\"458\"><\/p>\n<p>&nbsp;<\/p>\n<p><strong>Obs<\/strong>: Vi vill att v\u00e5ra b\u00e4lten ska passa dig perfekt. D\u00e4rf\u00f6r erbjuder vi v\u00e5ra b\u00e4lten i steg om 1 cm. Varje b\u00e4lte byggs n\u00e4r vi f\u00e5r en best\u00e4llning och \u00e4r dimensionerat efter ditt exakta midjem\u00e5tt. D\u00e4rf\u00f6r kan v\u00e5ra b\u00e4lten inte returneras eller \u00e5terbetalas.<\/p>\n<ul>\n<li style=\"list-style-type: none;\"><\/li>\n<\/ul>\n","protected":false},"excerpt":{"rendered":"<p>Fireman&#8217;s Quick Release l\u00e4derb\u00e4lte svart \u00e4r handgjort av exklusivt svenskt l\u00e4der fr\u00e5n T\u00e4rnsj\u00f6 Garveri! K\u00f6p ditt l\u00e4derb\u00e4lte hos oss. Fri frakt inom Sverige.<\/p>\n","protected":false},"featured_media":1153,"comment_status":"open","ping_status":"closed","template":"","meta":[],"product_brand":[],"product_cat":[27,263],"product_tag":[85,48,44],"class_list":{"0":"post-1611","1":"product","2":"type-product","3":"status-publish","4":"has-post-thumbnail","6":"product_cat-laderbalten","7":"product_cat-balten-for-herr","8":"product_tag-svart-skarp","9":"product_tag-svarta-laderbalten-for-herr","10":"product_tag-svarta-laderprodukter","12":"first","13":"instock","14":"taxable","15":"shipping-taxable","16":"purchasable","17":"product-type-variable"},"_links":{"self":[{"href":"https:\/\/www.palsjo.com\/se\/wp-json\/wp\/v2\/product\/1611","targetHints":{"allow":["GET"]}}],"collection":[{"href":"https:\/\/www.palsjo.com\/se\/wp-json\/wp\/v2\/product"}],"about":[{"href":"https:\/\/www.palsjo.com\/se\/wp-json\/wp\/v2\/types\/product"}],"replies":[{"embeddable":true,"href":"https:\/\/www.palsjo.com\/se\/wp-json\/wp\/v2\/comments?post=1611"}],"wp:featuredmedia":[{"embeddable":true,"href":"https:\/\/www.palsjo.com\/se\/wp-json\/wp\/v2\/media\/1153"}],"wp:attachment":[{"href":"https:\/\/www.palsjo.com\/se\/wp-json\/wp\/v2\/media?parent=1611"}],"wp:term":[{"taxonomy":"product_brand","embeddable":true,"href":"https:\/\/www.palsjo.com\/se\/wp-json\/wp\/v2\/product_brand?post=1611"},{"taxonomy":"product_cat","embeddable":true,"href":"https:\/\/www.palsjo.com\/se\/wp-json\/wp\/v2\/product_cat?post=1611"},{"taxonomy":"product_tag","embeddable":true,"href":"https:\/\/www.palsjo.com\/se\/wp-json\/wp\/v2\/product_tag?post=1611"}],"curies":[{"name":"wp","href":"https:\/\/api.w.org\/{rel}","templated":true}]}}