{"id":1560,"date":"2023-10-06T12:47:30","date_gmt":"2023-10-06T10:47:30","guid":{"rendered":"https:\/\/www.nordicedc.com\/?post_type=product&#038;p=1560"},"modified":"2025-11-10T10:59:23","modified_gmt":"2025-11-10T09:59:23","slug":"no-1-svart-laderbalte-med-massingsspanne","status":"publish","type":"product","link":"https:\/\/www.palsjo.com\/se\/produkt\/no-1-svart-laderbalte-med-massingsspanne\/","title":{"rendered":"Nr. 1 svart l\u00e4derb\u00e4lte med m\u00e4ssingssp\u00e4nne"},"content":{"rendered":"<p>Nr. 1 svart l\u00e4derb\u00e4lte med m\u00e4ssingssp\u00e4nne \u00e4r designat f\u00f6r att vara ditt perfekta vardagsb\u00e4lte. Dess minimalistiska design, i kombination med det djupa svarta l\u00e4dret och det klassiska m\u00e4ssingssp\u00e4nnet, g\u00f6r det till en m\u00e5ngsidig accessoar som enkelt matchar b\u00e5de jeans och mer dressade byxor. B\u00e4ltet \u00e4r handgjort i Sverige av robust 4mm (10-11 oz) vegetabiliskt garvat full grain-l\u00e4der fr\u00e5n <a href=\"https:\/\/tarnsjogarveri.com\" target=\"_blank\" rel=\"noopener\">T\u00e4rnsj\u00f6 Garveri<\/a>, designat f\u00f6r att \u00e5ldras vackert och utveckla en subtil patina.<\/p>\n<p>M\u00e4ssingssp\u00e4nnen \u00e4r ett utm\u00e4rkt val f\u00f6r b\u00e4lten tack vare deras imponerande rostbest\u00e4ndiga egenskaper. Nr. 1 svart l\u00e4derb\u00e4lte med m\u00e4ssingssp\u00e4nne \u00e5ldras vackert och m\u00f6rknar med tiden, vilket skapar en genuint personlig och levande accessoar som kompletterar det svarta l\u00e4dret p\u00e5 ett elegant s\u00e4tt.<\/p>\n<p>Varje Nr. 1 svart l\u00e4derb\u00e4lte med m\u00e4ssingssp\u00e4nne anpassas efter ditt exakta midjem\u00e5tt f\u00f6r en perfekt passform. Och precis som med alla v\u00e5ra produkter, backas det av v\u00e5r <a href=\"https:\/\/www.palsjo.com\/se\/livstidsgaranti\/\">livstidsgaranti<\/a>.<\/p>\n<h2>Nr. 1 svart l\u00e4derb\u00e4lte med m\u00e4ssingssp\u00e4nne \u2013 detaljer<\/h2>\n<ul>\n<li>Nr. 1 &#8211; L\u00e4derb\u00e4lte herr svart \u00e4r handgjort i Sverige.<\/li>\n<li>10-12 oz. exklusivt <a href=\"https:\/\/tarnsjogarveri.com\/environment\/\" target=\"_blank\" rel=\"noopener\">milj\u00f6v\u00e4nligt<\/a> fullnarv vegetabiliskt garvat l\u00e4der fr\u00e5n T\u00e4rnsj\u00f6 Garveri i Sverige.<\/li>\n<li>T\u00dcV Rheinland och Organic Control Standard (OCS) certifierat l\u00e4der.<\/li>\n<li>Anilinf\u00e4rgad med l\u00f6sliga f\u00e4rg\u00e4mnen utan att t\u00e4cka ytan med ol\u00f6sligt pigment eller t\u00e4ckf\u00e4rg<\/li>\n<li>Har en matchande l\u00e4derh\u00e5llare<\/li>\n<li>Kraftigt sp\u00e4nne i massiv m\u00e4ssing<\/li>\n<li>Polerade kanter och l\u00e4tt vaxad f\u00f6r hand<\/li>\n<li>Bredd: 1,5 tum \/ 38 mm<\/li>\n<li>St\u00e4mplad med v\u00e5r Palsj\u00f6-pr\u00e4gling<\/li>\n<\/ul>\n<h2>Hur du m\u00e4ter din b\u00e4ltesstorlek korrekt<\/h2>\n<div class=\"video-container\"><iframe title=\"How to measure your Palsjo\u0308 Belt\" width=\"1170\" height=\"658\" src=\"https:\/\/www.youtube.com\/embed\/gVP_R-Qk4P0?feature=oembed&#038;enablejsapi=1&#038;origin=https:\/\/www.palsjo.com\" frameborder=\"0\" allow=\"accelerometer; autoplay; clipboard-write; encrypted-media; gyroscope; picture-in-picture; web-share\" referrerpolicy=\"strict-origin-when-cross-origin\" allowfullscreen><\/iframe><\/div>\n<p>Metod 1:<\/p>\n<p>1. B\u00e4r dina favoritjeans<br \/>\n2. M\u00e4t fr\u00e5n den \u00f6versta knappen genom b\u00e4ltes\u00f6glorna till huvudknappen igen<br \/>\n3. Om du \u00e4r mellan storlekar, runda av till n\u00e4sta cm (t.ex. om din storlek \u00e4r 92,4 cm, best\u00e4ll 93 cm)<\/p>\n<p><img decoding=\"async\" class=\"alignnone size-full wp-image-687\" src=\"https:\/\/www.palsjo.com\/se\/wp-content\/uploads\/Belt-Measure-Method1.jpg\" alt=\"\" width=\"458\"><\/p>\n<p>Metod 2:<\/p>\n<p>1. M\u00e4t ditt befintliga b\u00e4lte fr\u00e5n spetsen p\u00e5 sp\u00e4nnet till det mest anv\u00e4nda h\u00e5let. R\u00e4ta ut b\u00e4ltet medan du m\u00e4ter.<br \/>\n2. Om du \u00e4r mellan storlekarna, runda av till n\u00e4sta cm (t.ex. om din storlek \u00e4r 92,4 cm, best\u00e4ll 93 cm)<\/p>\n<p><img decoding=\"async\" class=\"alignnone size-full wp-image-687\" src=\"https:\/\/www.palsjo.com\/se\/wp-content\/uploads\/belt-measure.jpg\" alt=\"\" width=\"458\"><\/p>\n<p>&nbsp;<\/p>\n<p><strong>Obs<\/strong>: Vi vill att v\u00e5ra b\u00e4lten ska passa dig perfekt. D\u00e4rf\u00f6r erbjuder vi v\u00e5ra b\u00e4lten i steg om 1 cm. Varje b\u00e4lte byggs n\u00e4r vi f\u00e5r en best\u00e4llning och \u00e4r dimensionerat efter ditt exakta midjem\u00e5tt. D\u00e4rf\u00f6r kan v\u00e5ra b\u00e4lten inte returneras eller \u00e5terbetalas.<\/p>\n<p>Utforska v\u00e5ra <a href=\"https:\/\/www.palsjo.com\/se\/produktkategori\/laderbalten\/laderbalten-for-herr\/svarta-laderbalten-for-herr\/\">svarta l\u00e4derb\u00e4lten f\u00f6r herr<\/a> och v\u00e5rt urval av <a href=\"https:\/\/www.palsjo.com\/se\/produktkategori\/laderbalten\/laderbalten-for-herr\/laderbalten-for-herr-med-massingsspanne\/\">l\u00e4derb\u00e4lten f\u00f6r herr med m\u00e4ssingssp\u00e4nne<\/a>. Utforska v\u00e5rt sortiment av <a href=\"https:\/\/www.palsjo.com\/se\/produktkategori\/laderbalten\/laderbalten-for-herr\/\">l\u00e4derb\u00e4lten f\u00f6r herr<\/a> och v\u00e4lj ditt favoritb\u00e4lte att matcha dina jeans och chinos.<\/p>\n","protected":false},"excerpt":{"rendered":"<p>Nr. 1 svart l\u00e4derb\u00e4lte med m\u00e4ssingssp\u00e4nne: Handgjort i Sverige. Tidl\u00f6st svart vegetabiliskt garvat full grain-l\u00e4der. Livstidsgaranti. Fri frakt.<\/p>\n","protected":false},"featured_media":8201,"comment_status":"open","ping_status":"closed","template":"","meta":[],"product_brand":[],"product_cat":[27,263],"product_tag":[48],"class_list":{"0":"post-1560","1":"product","2":"type-product","3":"status-publish","4":"has-post-thumbnail","6":"product_cat-laderbalten","7":"product_cat-balten-for-herr","8":"product_tag-svarta-laderbalten-for-herr","10":"first","11":"instock","12":"taxable","13":"shipping-taxable","14":"purchasable","15":"product-type-variable"},"_links":{"self":[{"href":"https:\/\/www.palsjo.com\/se\/wp-json\/wp\/v2\/product\/1560","targetHints":{"allow":["GET"]}}],"collection":[{"href":"https:\/\/www.palsjo.com\/se\/wp-json\/wp\/v2\/product"}],"about":[{"href":"https:\/\/www.palsjo.com\/se\/wp-json\/wp\/v2\/types\/product"}],"replies":[{"embeddable":true,"href":"https:\/\/www.palsjo.com\/se\/wp-json\/wp\/v2\/comments?post=1560"}],"wp:featuredmedia":[{"embeddable":true,"href":"https:\/\/www.palsjo.com\/se\/wp-json\/wp\/v2\/media\/8201"}],"wp:attachment":[{"href":"https:\/\/www.palsjo.com\/se\/wp-json\/wp\/v2\/media?parent=1560"}],"wp:term":[{"taxonomy":"product_brand","embeddable":true,"href":"https:\/\/www.palsjo.com\/se\/wp-json\/wp\/v2\/product_brand?post=1560"},{"taxonomy":"product_cat","embeddable":true,"href":"https:\/\/www.palsjo.com\/se\/wp-json\/wp\/v2\/product_cat?post=1560"},{"taxonomy":"product_tag","embeddable":true,"href":"https:\/\/www.palsjo.com\/se\/wp-json\/wp\/v2\/product_tag?post=1560"}],"curies":[{"name":"wp","href":"https:\/\/api.w.org\/{rel}","templated":true}]}}