{"id":1416,"date":"2023-10-05T21:16:56","date_gmt":"2023-10-05T19:16:56","guid":{"rendered":"https:\/\/www.nordicedc.com\/?post_type=product&#038;p=1416"},"modified":"2025-11-12T16:58:33","modified_gmt":"2025-11-12T15:58:33","slug":"lader-loop-nyckelring-dark-edition","status":"publish","type":"product","link":"https:\/\/www.palsjo.com\/se\/produkt\/lader-loop-nyckelring-dark-edition\/","title":{"rendered":"L\u00e4der loop nyckelring &#8211; dark edition"},"content":{"rendered":"<p>Nycklar \u00e4r viktiga vardagsf\u00f6rem\u00e5l. Du b\u00e4r dem \u00f6verallt, varje dag och man vill inte bli av med dem! Med v\u00e5r l\u00e4der loop nyckelring &#8211; Dark Edition kommer du aldrig att f\u00f6rlora dina nycklar igen. Nordic EDC l\u00e4der loop nyckelring \u00e4r gjord av samma premium, milj\u00f6v\u00e4nliga vegetabiliskt garvade l\u00e4der fr\u00e5n <a href=\"https:\/\/tarnsjogarveri.com\/sv\/\" target=\"_blank\" rel=\"noopener\">Tarnsj\u00f6 Garveri<\/a> som vi ocks\u00e5 anv\u00e4nder i v\u00e5ra l\u00e4derb\u00e4lten. Med en solid karbinhake i m\u00e4ssing \u00e4r denna l\u00e4der loop nyckelring tillverkad f\u00f6r att h\u00e5lla och kommer att \u00e5ldras vackert. Den \u00e4r ett perfekt par med dina l\u00e4derb\u00e4lten och matchar perfekt l\u00e4derf\u00e4rgerna p\u00e5 v\u00e5ra b\u00e4lten.<\/p>\n<p>Vi anv\u00e4nder dessa l\u00e4der loop nyckelringar f\u00f6r att h\u00e5lla nycklarna h\u00e4ngande i fickorna \u00e5t sidan s\u00e5 att det \u00e4r sk\u00f6nt och bekv\u00e4mt att sitta ner utan att\u00a0 nycklarna sticker dig som de kan g\u00f6ra om man direkt stoppar ner dem i fickorna.<\/p>\n<p>Kolla in v\u00e5ra <a href=\"https:\/\/www.palsjo.com\/se\/produkt-tagg\/lader-loop-nyckelring\/\">L\u00e4der Loop Nyckelringar<\/a> i andra f\u00e4rger ocks\u00e5!<\/p>\n","protected":false},"excerpt":{"rendered":"<p>L\u00e4der loop nyckelring dark edition \u00e4r handgjord av exklusivt svenskt l\u00e4der fr\u00e5n T\u00e4rnsj\u00f6 Garveri! K\u00f6p din l\u00e4der loop nyckelring hos oss. Fri frakt inom Sverige.<\/p>\n","protected":false},"featured_media":783,"comment_status":"open","ping_status":"closed","template":"","meta":[],"product_brand":[],"product_cat":[28],"product_tag":[32,44],"class_list":{"0":"post-1416","1":"product","2":"type-product","3":"status-publish","4":"has-post-thumbnail","6":"product_cat-nyckelringar-i-lader","7":"product_tag-dark-edition","8":"product_tag-svarta-laderprodukter","10":"first","11":"instock","12":"taxable","13":"shipping-taxable","14":"purchasable","15":"product-type-simple"},"_links":{"self":[{"href":"https:\/\/www.palsjo.com\/se\/wp-json\/wp\/v2\/product\/1416","targetHints":{"allow":["GET"]}}],"collection":[{"href":"https:\/\/www.palsjo.com\/se\/wp-json\/wp\/v2\/product"}],"about":[{"href":"https:\/\/www.palsjo.com\/se\/wp-json\/wp\/v2\/types\/product"}],"replies":[{"embeddable":true,"href":"https:\/\/www.palsjo.com\/se\/wp-json\/wp\/v2\/comments?post=1416"}],"wp:featuredmedia":[{"embeddable":true,"href":"https:\/\/www.palsjo.com\/se\/wp-json\/wp\/v2\/media\/783"}],"wp:attachment":[{"href":"https:\/\/www.palsjo.com\/se\/wp-json\/wp\/v2\/media?parent=1416"}],"wp:term":[{"taxonomy":"product_brand","embeddable":true,"href":"https:\/\/www.palsjo.com\/se\/wp-json\/wp\/v2\/product_brand?post=1416"},{"taxonomy":"product_cat","embeddable":true,"href":"https:\/\/www.palsjo.com\/se\/wp-json\/wp\/v2\/product_cat?post=1416"},{"taxonomy":"product_tag","embeddable":true,"href":"https:\/\/www.palsjo.com\/se\/wp-json\/wp\/v2\/product_tag?post=1416"}],"curies":[{"name":"wp","href":"https:\/\/api.w.org\/{rel}","templated":true}]}}