{"id":3,"date":"2023-10-04T14:35:11","date_gmt":"2023-10-04T14:35:11","guid":{"rendered":"https:\/\/www.nordicedc.com\/?page_id=3"},"modified":"2025-03-04T00:04:30","modified_gmt":"2025-03-03T23:04:30","slug":"integritetspolicy","status":"publish","type":"page","link":"https:\/\/www.palsjo.com\/se\/integritetspolicy\/","title":{"rendered":"Integritetspolicy"},"content":{"rendered":"\r\n<h2 class=\"wp-block-heading\"><\/h2>\r\n<p style=\"font-weight: 400;\">Din integritet \u00e4r ytterst viktig f\u00f6r oss. H\u00e4r \u00e4r v\u00e5ra Integritetspolicy.\u00a0<\/p>\r\n<p style=\"font-weight: 400;\">Palsj\u00f6 finns p\u00e5:Palsj\u00f6<br \/>Sj\u00f6gatan 30,<br \/>\u00c4lmhult 34334,<br \/>Sverige<\/p>\r\n<p style=\"font-weight: 400;\">Det \u00e4r Palsj\u00f6:s policy att respektera din integritet ang\u00e5ende all information vi kan samla in n\u00e4r vi driver v\u00e5r webbplats. Denna integritetspolicy g\u00e4ller\u00a0http:\/\/palsjo.com\/se\u00a0(nedan, \u201coss\u201d, \u201cvi\u201d eller \u201chttp:\/\/palsjo.com\/se\u201d). Vi respekterar din integritet och \u00e4r angel\u00e4gna om att skydda personlig identifierbar information som du kan tillhandah\u00e5lla oss via webbplatsen. Vi har antagit denna integritetspolicy (&#8220;Sekretesspolicy&#8221;) f\u00f6r att f\u00f6rklara vilken information som kan samlas in p\u00e5 v\u00e5r webbplats, hur vi anv\u00e4nder denna information och under vilka omst\u00e4ndigheter vi kan avsl\u00f6ja informationen till tredje part. Denna integritetspolicy g\u00e4ller endast information vi samlar in via webbplatsen och g\u00e4ller inte v\u00e5r insamling av information fr\u00e5n andra k\u00e4llor.<\/p>\r\n<p style=\"font-weight: 400;\">Denna integritetspolicy, tillsammans med villkoren som publiceras p\u00e5 v\u00e5r webbplats, anger de allm\u00e4nna reglerna och policyerna som styr din anv\u00e4ndning av v\u00e5r webbplats. Beroende p\u00e5 dina aktiviteter n\u00e4r du bes\u00f6ker v\u00e5r webbplats kan du beh\u00f6va godk\u00e4nna ytterligare villkor.<\/p>\r\n<p style=\"font-weight: 400;\"><strong>Webbplatsbes\u00f6kare<\/strong><\/p>\r\n<p style=\"font-weight: 400;\">Liksom de flesta webbplatsoperat\u00f6rer samlar Palsj\u00f6 in icke-personligt identifierande information av den typ som webbl\u00e4sare och servrar vanligtvis g\u00f6r tillg\u00e4ngliga, s\u00e5som webbl\u00e4sartyp, spr\u00e5kinst\u00e4llning, refererande webbplats och datum och tid f\u00f6r varje bes\u00f6ksbeg\u00e4ran. Palsj\u00f6:s syfte med att samla in icke-personligt identifierande information \u00e4r att b\u00e4ttre f\u00f6rst\u00e5 hur Palsj\u00f6:s bes\u00f6kare anv\u00e4nder sin webbplats. Fr\u00e5n tid till annan kan Palsj\u00f6 sl\u00e4ppa information som inte \u00e4r personligt identifierande i ett aggregat, t.ex. genom att publicera en rapport om trender i anv\u00e4ndningen av sin webbplats.<\/p>\r\n<p style=\"font-weight: 400;\">Palsj\u00f6 samlar ocks\u00e5 in potentiellt personligt identifierande information som Internet Protocol (IP)-adresser f\u00f6r inloggade anv\u00e4ndare och f\u00f6r anv\u00e4ndare som l\u00e4mnar kommentarer p\u00e5 http:\/\/palsjo.com\/se blogginl\u00e4gg. Palsj\u00f6 avsl\u00f6jar endast inloggade anv\u00e4ndares och kommentatorers IP-adresser under samma omst\u00e4ndigheter som de anv\u00e4nder och avsl\u00f6jar personligt identifierande information som beskrivs nedan.<\/p>\r\n<p style=\"font-weight: 400;\"><strong>Insamling av personligt identifierande information<\/strong><\/p>\r\n<p style=\"font-weight: 400;\">Vissa bes\u00f6kare p\u00e5 Palsj\u00f6:s webbplatser v\u00e4ljer att interagera med Palsj\u00f6 p\u00e5 s\u00e4tt som kr\u00e4ver att Palsj\u00f6 samlar in personligt identifierande information. M\u00e4ngden och typen av information som Palsj\u00f6 samlar in beror p\u00e5 interaktionens karakt\u00e4r. Vi ber till exempel bes\u00f6kare som registrerar sig f\u00f6r en blogg p\u00e5 http:\/\/palsjo.com\/se att ange anv\u00e4ndarnamn och e-postadress.<\/p>\r\n<p style=\"font-weight: 400;\"><strong>S\u00e4kerhet<\/strong><\/p>\r\n<p style=\"font-weight: 400;\">S\u00e4kerheten f\u00f6r din personliga information \u00e4r viktig f\u00f6r oss, men kom ih\u00e5g att ingen metod f\u00f6r \u00f6verf\u00f6ring \u00f6ver Internet eller metod f\u00f6r elektronisk lagring \u00e4r 100 % s\u00e4ker. \u00c4ven om vi str\u00e4var efter att anv\u00e4nda kommersiellt acceptabla metoder f\u00f6r att skydda din personliga information, kan vi inte garantera dess absoluta s\u00e4kerhet.<\/p>\r\n<p style=\"font-weight: 400;\"><strong>Annonser<\/strong><\/p>\r\n<p style=\"font-weight: 400;\">Annonser som visas p\u00e5 v\u00e5r webbplats kan levereras till anv\u00e4ndare av reklampartner, som kan s\u00e4tta cookies. Dessa cookies till\u00e5ter annonsservern att k\u00e4nna igen din dator varje g\u00e5ng de skickar en onlineannons till dig f\u00f6r att sammanst\u00e4lla information om dig eller andra som anv\u00e4nder din dator. Denna information g\u00f6r det m\u00f6jligt f\u00f6r annonsn\u00e4tverk att bland annat leverera riktade annonser som de tror kommer att vara av st\u00f6rst intresse f\u00f6r dig. Denna integritetspolicy t\u00e4cker anv\u00e4ndningen av cookies av Palsj\u00f6 och t\u00e4cker inte anv\u00e4ndningen av cookies av n\u00e5gon annons\u00f6r.<\/p>\r\n<p style=\"font-weight: 400;\"><strong>L\u00e4nkar till externa webbplatser<\/strong><\/p>\r\n<p style=\"font-weight: 400;\">V\u00e5r tj\u00e4nst kan inneh\u00e5lla l\u00e4nkar till externa webbplatser som inte drivs av oss. Om du klickar p\u00e5 en tredje parts l\u00e4nk kommer du att dirigeras till den tredje parts webbplats. Vi rekommenderar starkt att du l\u00e4ser sekretesspolicyn och villkoren f\u00f6r varje webbplats du bes\u00f6ker.<\/p>\r\n<p style=\"font-weight: 400;\">Vi har ingen kontroll \u00f6ver, och tar inget ansvar f\u00f6r inneh\u00e5llet, integritetspolicyn eller praxis p\u00e5 tredje parts webbplatser, produkter eller tj\u00e4nster.<\/p>\r\n<p style=\"font-weight: 400;\">https:\/\/palsjo.com anv\u00e4nder google adwords och facebook pixlar f\u00f6r remarketing<\/p>\r\n<p style=\"font-weight: 400;\">Https:\/\/www.palsjo.com anv\u00e4nder remarketingtj\u00e4nsterna f\u00f6r att annonsera p\u00e5 tredje parts webbplatser (inklusive Google, facebook och associerade f\u00f6retag) till tidigare bes\u00f6kare p\u00e5 v\u00e5r webbplats. Det kan inneb\u00e4ra att vi annonserar till tidigare bes\u00f6kare som inte har slutf\u00f6rt en uppgift p\u00e5 v\u00e5r sida, till exempel genom att anv\u00e4nda kontaktformul\u00e4ret f\u00f6r att g\u00f6ra en f\u00f6rfr\u00e5gan. Detta kan vara i form av en annons p\u00e5 Googles, Facebooks och associerade f\u00f6retags s\u00f6kresultatsida, eller en webbplats i Googles Display-n\u00e4tverk. Tredjepartsleverant\u00f6rer, inklusive Google och Facebook, anv\u00e4nder cookies f\u00f6r att visa annonser baserat p\u00e5 n\u00e5gons tidigare bes\u00f6k. Naturligtvis kommer all data som samlas in att anv\u00e4ndas i enlighet med v\u00e5r egen integritetspolicy och Googles s\u00e5v\u00e4l som Facebooks integritetspolicy.<\/p>\r\n<p style=\"font-weight: 400;\">Du kan st\u00e4lla in inst\u00e4llningar f\u00f6r hur Google och Facebook annonserar f\u00f6r dig p\u00e5 din Google- och Facebook-kontosida, och om du vill kan du v\u00e4lja bort intressebaserad annonsering helt genom cookie-inst\u00e4llningar eller permanent med hj\u00e4lp av en webbl\u00e4sarplugin.<\/p>\r\n<p style=\"font-weight: 400;\"><strong>Skydd av viss personligt identifierande information<\/strong><\/p>\r\n<p style=\"font-weight: 400;\">Palsj\u00f6 avsl\u00f6jar potentiellt personligt identifierande och personligt identifierande information endast till de av sina anst\u00e4llda, entrepren\u00f6rer och anslutna organisationer som (i) beh\u00f6ver k\u00e4nna till denna information f\u00f6r att kunna behandla den p\u00e5 Palsj\u00f6:s v\u00e4gnar eller f\u00f6r att tillhandah\u00e5lla tj\u00e4nster tillg\u00e4ngliga p\u00e5 Palsj\u00f6:s webbplats , och (ii) som har g\u00e5tt med p\u00e5 att inte avsl\u00f6ja det f\u00f6r andra. Vissa av dessa anst\u00e4llda, entrepren\u00f6rer och anslutna organisationer kan vara bel\u00e4gna utanf\u00f6r ditt hemland; genom att anv\u00e4nda Palsj\u00f6:s webbplats samtycker du till \u00f6verf\u00f6ring av s\u00e5dan information till dem. Palsj\u00f6 kommer inte att hyra ut eller s\u00e4lja potentiellt personligt identifierande och personligt identifierande information till n\u00e5gon. F\u00f6rutom till sina anst\u00e4llda, entrepren\u00f6rer och anslutna organisationer, enligt beskrivningen ovan, avsl\u00f6jar Palsj\u00f6 potentiellt personligt identifierande och personligt identifierande information endast som svar p\u00e5 en st\u00e4mning, domstolsbeslut eller annan statlig beg\u00e4ran, eller n\u00e4r Palsj\u00f6 i god tro tror att avsl\u00f6jande \u00e4r rimligen n\u00f6dv\u00e4ndigt f\u00f6r att skydda egendomen eller r\u00e4ttigheterna som tillh\u00f6r Palsj\u00f6, tredje part eller allm\u00e4nheten i stort.<\/p>\r\n<p style=\"font-weight: 400;\">Om du \u00e4r en registrerad anv\u00e4ndare av http:\/\/palsjo.com\/se och har angett din e-postadress, kan Palsj\u00f6 ibland skicka ett e-postmeddelande till dig f\u00f6r att ber\u00e4tta om nya funktioner, be om din feedback eller bara h\u00e5lla dig uppdaterad med vad som h\u00e4nder med Palsj\u00f6 och v\u00e5ra produkter. Vi anv\u00e4nder i f\u00f6rsta hand v\u00e5r blogg f\u00f6r att kommunicera denna typ av information, s\u00e5 vi f\u00f6rv\u00e4ntar oss att h\u00e5lla denna typ av e-post till ett minimum. Om du skickar en f\u00f6rfr\u00e5gan till oss (till exempel via ett supportmejl eller via n\u00e5gon av v\u00e5ra feedbackmekanismer) f\u00f6rbeh\u00e5ller vi oss r\u00e4tten att publicera den f\u00f6r att hj\u00e4lpa oss att f\u00f6rtydliga eller svara p\u00e5 din f\u00f6rfr\u00e5gan eller f\u00f6r att hj\u00e4lpa oss att st\u00f6dja andra anv\u00e4ndare. Palsj\u00f6 vidtar alla rimligen n\u00f6dv\u00e4ndiga \u00e5tg\u00e4rder f\u00f6r att skydda mot obeh\u00f6rig \u00e5tkomst, anv\u00e4ndning, \u00e4ndring eller f\u00f6rst\u00f6relse av potentiellt personligt identifierande och personligt identifierande information.<\/p>\r\n<p style=\"font-weight: 400;\"><strong>Aggregerad statistik<\/strong><\/p>\r\n<p style=\"font-weight: 400;\">Palsj\u00f6 kan komma att samla in statistik om beteendet hos bes\u00f6kare p\u00e5 sin webbplats. Palsj\u00f6 kan komma att visa denna information offentligt eller tillhandah\u00e5lla den till andra. Palsj\u00f6 avsl\u00f6jar dock inte din personligt identifierande information.<\/p>\r\n<p style=\"font-weight: 400;\"><strong>Sm\u00e5kakor<\/strong><\/p>\r\n<p style=\"font-weight: 400;\">F\u00f6r att berika och full\u00e4nda din onlineupplevelse anv\u00e4nder Palsj\u00f6 &#8220;Cookies&#8221;, liknande teknologier och tj\u00e4nster som tillhandah\u00e5lls av andra f\u00f6r att visa personligt inneh\u00e5ll, l\u00e4mplig reklam och lagra dina preferenser p\u00e5 din dator.<\/p>\r\n<p style=\"font-weight: 400;\">En cookie \u00e4r en rad information som en webbplats lagrar p\u00e5 en bes\u00f6kares dator, och som bes\u00f6karens webbl\u00e4sare tillhandah\u00e5ller webbplatsen varje g\u00e5ng bes\u00f6karen \u00e5terv\u00e4nder. Palsj\u00f6 anv\u00e4nder cookies f\u00f6r att hj\u00e4lpa Palsj\u00f6 att identifiera och sp\u00e5ra bes\u00f6kare, deras anv\u00e4ndning av http:\/\/palsjo.com\/se och deras preferenser f\u00f6r webbplats\u00e5tkomst. Palsj\u00f6-bes\u00f6kare som inte vill ha cookies placerade p\u00e5 sina datorer b\u00f6r st\u00e4lla in sina webbl\u00e4sare p\u00e5 att v\u00e4gra cookies innan de anv\u00e4nder Palsj\u00f6:s webbplatser, med nackdelen att vissa funktioner p\u00e5 Palsj\u00f6:s webbplatser kanske inte fungerar korrekt utan hj\u00e4lp av cookies.<\/p>\r\n<p style=\"font-weight: 400;\">Genom att forts\u00e4tta att navigera p\u00e5 v\u00e5r webbplats utan att \u00e4ndra dina cookieinst\u00e4llningar, bekr\u00e4ftar och samtycker du h\u00e4rmed till Palsj\u00f6:s anv\u00e4ndning av cookies.<\/p>\r\n<p style=\"font-weight: 400;\"><strong>E-handel<\/strong><\/p>\r\n<p style=\"font-weight: 400;\">De som deltar i transaktioner med Palsj\u00f6 \u2013 genom att k\u00f6pa Palsj\u00f6:s tj\u00e4nster eller produkter, uppmanas att tillhandah\u00e5lla ytterligare information, inklusive vid behov den personliga och finansiella information som kr\u00e4vs f\u00f6r att behandla dessa transaktioner. I varje fall samlar Palsj\u00f6 in s\u00e5dan information endast i den m\u00e5n det \u00e4r n\u00f6dv\u00e4ndigt eller l\u00e4mpligt f\u00f6r att uppfylla syftet med bes\u00f6karens interaktion med Palsj\u00f6. Palsj\u00f6 avsl\u00f6jar inte personligt identifierande information annat \u00e4n vad som beskrivs nedan. Och bes\u00f6kare kan alltid v\u00e4gra att tillhandah\u00e5lla personligt identifierande information, med den varningen att det kan hindra dem fr\u00e5n att delta i vissa webbplatsrelaterade aktiviteter.<\/p>\r\n<p style=\"font-weight: 400;\"><strong>Integritetspolicyn \u00e4ndras<\/strong><\/p>\r\n<p style=\"font-weight: 400;\">\u00c4ven om de flesta \u00e4ndringar sannolikt kommer att vara mindre, kan Palsj\u00f6 \u00e4ndra sin integritetspolicy d\u00e5 och d\u00e5, och efter Palsj\u00f6:s eget gottfinnande. Palsj\u00f6 uppmuntrar bes\u00f6kare att regelbundet kontrollera denna sida f\u00f6r eventuella \u00e4ndringar i dess integritetspolicy. Din fortsatta anv\u00e4ndning av denna webbplats efter varje \u00e4ndring i denna integritetspolicy kommer att utg\u00f6ra ditt godk\u00e4nnande av en s\u00e5dan \u00e4ndring.<\/p>\r\n<p style=\"font-weight: 400;\"><p id=\"matomo_opted_out_intro\" style=\"display:none;\">Opt-out complete; your visits to this website will not be recorded by the Web Analytics tool. Note that if you clear your cookies, delete the opt-out cookie, or if you change computers or Web browsers, you will need to perform the opt-out procedure again.<\/p><p id=\"matomo_opted_in_intro\" >You may choose to prevent this website from aggregating and analyzing the actions you take here. Doing so will protect your privacy, but will also prevent the owner from learning from your actions and creating a better experience for you and other users.<\/p><form>\n        <input type=\"checkbox\" id=\"matomo_optout_checkbox\" checked=\"checked\"\/>\n        <label for=\"matomo_optout_checkbox\"><strong>\n        <span id=\"matomo_opted_in_label\" >You are not opted out. Uncheck this box to opt-out.<\/span>\n\t\t<span id=\"matomo_opted_out_label\" style=\"display:none;\">You are currently opted out. Check this box to opt-in.<\/span>\n        <\/strong><\/label><\/form><noscript><p><strong style=\"color: #ff0000;\">This opt out feature requires JavaScript.<\/strong><\/p><\/noscript><p id=\"matomo_outout_err_cookies\" style=\"display: none;\"><strong>The tracking opt-out feature requires cookies to be enabled.<\/strong><\/p><\/p>\r\n<p style=\"font-weight: 400;\"><strong>Kontaktinformation<\/strong><\/p>\r\n<p style=\"font-weight: 400;\">Om du har n\u00e5gra fr\u00e5gor om denna sekretesspolicy, v\u00e4nligen\u00a0<a href=\"http:\/\/nordicedc.com\/se\/kontakta-oss\/\" target=\"_blank\" rel=\"noopener\">kontakta oss<\/a>.<\/p>\r\n<p style=\"font-weight: 400;\">\u00a0<\/p>\r\n<h2 class=\"wp-block-heading\"><\/h2>\r\n","protected":false},"excerpt":{"rendered":"<p>Din integritet \u00e4r ytterst viktig f\u00f6r oss. H\u00e4r \u00e4r v\u00e5ra Integritetspolicy.\u00a0 Palsj\u00f6 finns p\u00e5:Palsj\u00f6Sj\u00f6gatan 30,\u00c4lmhult 34334,Sverige Det \u00e4r Palsj\u00f6:s policy att respektera din integritet ang\u00e5ende all information vi kan samla in n\u00e4r vi driver v\u00e5r webbplats. Denna integritetspolicy g\u00e4ller\u00a0http:\/\/palsjo.com\/se\u00a0(nedan, \u201coss\u201d, \u201cvi\u201d eller \u201chttp:\/\/palsjo.com\/se\u201d). Vi respekterar din integritet och \u00e4r angel\u00e4gna om att skydda personlig identifierbar [&hellip;]<\/p>\n","protected":false},"author":1,"featured_media":0,"parent":0,"menu_order":0,"comment_status":"closed","ping_status":"open","template":"template-fullwidth.php","meta":{"footnotes":""},"class_list":["post-3","page","type-page","status-publish","hentry"],"_links":{"self":[{"href":"https:\/\/www.palsjo.com\/se\/wp-json\/wp\/v2\/pages\/3","targetHints":{"allow":["GET"]}}],"collection":[{"href":"https:\/\/www.palsjo.com\/se\/wp-json\/wp\/v2\/pages"}],"about":[{"href":"https:\/\/www.palsjo.com\/se\/wp-json\/wp\/v2\/types\/page"}],"author":[{"embeddable":true,"href":"https:\/\/www.palsjo.com\/se\/wp-json\/wp\/v2\/users\/1"}],"replies":[{"embeddable":true,"href":"https:\/\/www.palsjo.com\/se\/wp-json\/wp\/v2\/comments?post=3"}],"version-history":[{"count":0,"href":"https:\/\/www.palsjo.com\/se\/wp-json\/wp\/v2\/pages\/3\/revisions"}],"wp:attachment":[{"href":"https:\/\/www.palsjo.com\/se\/wp-json\/wp\/v2\/media?parent=3"}],"curies":[{"name":"wp","href":"https:\/\/api.w.org\/{rel}","templated":true}]}}