{"id":1713,"date":"2023-10-06T17:58:48","date_gmt":"2023-10-06T15:58:48","guid":{"rendered":"https:\/\/www.nordicedc.com\/?page_id=1713"},"modified":"2026-02-19T09:40:34","modified_gmt":"2026-02-19T08:40:34","slug":"om-oss","status":"publish","type":"page","link":"https:\/\/www.palsjo.com\/se\/om-oss\/","title":{"rendered":"Om oss"},"content":{"rendered":"\t\t<div data-elementor-type=\"wp-page\" data-elementor-id=\"1713\" class=\"elementor elementor-1713\">\n\t\t\t\t<div class=\"elementor-element elementor-element-50f3c29 e-flex e-con-boxed e-con e-parent\" data-id=\"50f3c29\" data-element_type=\"container\" data-e-type=\"container\">\n\t\t\t\t\t<div class=\"e-con-inner\">\n\t\t\t\t<div class=\"elementor-element elementor-element-3ad02b2 elementor-widget-divider--view-line elementor-widget elementor-widget-divider\" data-id=\"3ad02b2\" data-element_type=\"widget\" data-e-type=\"widget\" data-widget_type=\"divider.default\">\n\t\t\t\t<div class=\"elementor-widget-container\">\n\t\t\t\t\t\t\t<div class=\"elementor-divider\">\n\t\t\t<span class=\"elementor-divider-separator\">\n\t\t\t\t\t\t<\/span>\n\t\t<\/div>\n\t\t\t\t\t\t<\/div>\n\t\t\t\t<\/div>\n\t\t\t\t\t<\/div>\n\t\t\t\t<\/div>\n\t\t<div class=\"elementor-element elementor-element-93ca313 e-con-full e-flex e-con e-parent\" data-id=\"93ca313\" data-element_type=\"container\" data-e-type=\"container\" data-settings=\"{&quot;background_background&quot;:&quot;classic&quot;}\">\n\t\t<div class=\"elementor-element elementor-element-0cd977c e-con-full e-flex e-con e-child\" data-id=\"0cd977c\" data-element_type=\"container\" data-e-type=\"container\">\n\t\t\t\t<div class=\"elementor-element elementor-element-3d7638d elementor-widget elementor-widget-image\" data-id=\"3d7638d\" data-element_type=\"widget\" data-e-type=\"widget\" data-widget_type=\"image.default\">\n\t\t\t\t<div class=\"elementor-widget-container\">\n\t\t\t\t\t\t\t\t\t\t\t\t\t\t\t<img fetchpriority=\"high\" decoding=\"async\" width=\"683\" height=\"1024\" src=\"https:\/\/www.palsjo.com\/se\/wp-content\/uploads\/Mano-Palsjo-683x1024.jpg\" class=\"attachment-large size-large wp-image-7865\" alt=\"Mano @ Palsj\u00f6\" srcset=\"https:\/\/www.palsjo.com\/se\/wp-content\/uploads\/Mano-Palsjo-683x1024.jpg 683w, https:\/\/www.palsjo.com\/se\/wp-content\/uploads\/Mano-Palsjo-200x300.jpg 200w, https:\/\/www.palsjo.com\/se\/wp-content\/uploads\/Mano-Palsjo-768x1152.jpg 768w, https:\/\/www.palsjo.com\/se\/wp-content\/uploads\/Mano-Palsjo-441x662.jpg 441w, https:\/\/www.palsjo.com\/se\/wp-content\/uploads\/Mano-Palsjo-300x450.jpg 300w, https:\/\/www.palsjo.com\/se\/wp-content\/uploads\/Mano-Palsjo-150x225.jpg 150w, https:\/\/www.palsjo.com\/se\/wp-content\/uploads\/Mano-Palsjo.jpg 800w\" sizes=\"(max-width: 683px) 100vw, 683px\" \/>\t\t\t\t\t\t\t\t\t\t\t\t\t\t\t<\/div>\n\t\t\t\t<\/div>\n\t\t\t\t<\/div>\n\t\t<div class=\"elementor-element elementor-element-da8eab8 e-con-full e-flex e-con e-child\" data-id=\"da8eab8\" data-element_type=\"container\" data-e-type=\"container\">\n\t\t\t\t<div class=\"elementor-element elementor-element-e0dbe98 elementor-widget elementor-widget-heading\" data-id=\"e0dbe98\" data-element_type=\"widget\" data-e-type=\"widget\" data-widget_type=\"heading.default\">\n\t\t\t\t<div class=\"elementor-widget-container\">\n\t\t\t\t\t<h2 class=\"elementor-heading-title elementor-size-default\">M\u00f6t Hantverkaren<\/h2>\t\t\t\t<\/div>\n\t\t\t\t<\/div>\n\t\t\t\t<div class=\"elementor-element elementor-element-5b5dc91 elementor-widget elementor-widget-text-editor\" data-id=\"5b5dc91\" data-element_type=\"widget\" data-e-type=\"widget\" data-widget_type=\"text-editor.default\">\n\t\t\t\t<div class=\"elementor-widget-container\">\n\t\t\t\t\t\t\t\t\t<p>Jag heter Mano och har en vacker fru samt tv\u00e5 underbara barn som jag \u00e4lskar mer \u00e4n n\u00e5got annat i denna v\u00e4rld. Jag \u00e4r djupt tacksam f\u00f6r min familj som har st\u00f6ttat mig s\u00e5 mycket i min passion f\u00f6r Palsj\u00f6.<\/p><p>Jag har alltid varit nyfiken p\u00e5 att l\u00e4ra mig nya saker. S\u00e5 l\u00e4nge jag kan minnas har jag fascinerats av design och att skapa saker med mina egna h\u00e4nder. Att ta en id\u00e9 fr\u00e5n ett koncept hela v\u00e4gen till en f\u00e4rdig produkt \u00e4r en k\u00e4nsla utan dess like. Det f\u00e5r mig att k\u00e4nna mig levande!<\/p><p>Palsj\u00f6 \u00e4r ett f\u00f6retag som f\u00f6ddes ur en hobby att tillverka vackra l\u00e4dervaror till mig sj\u00e4lv, min familj och mina v\u00e4nner. Det \u00e4r n\u00e5got speciellt med h\u00f6gkvalitativt l\u00e4der \u2013 den jordn\u00e4ra doften, strukturen, f\u00e4rgerna och den fantastiska patinan som utvecklas \u00f6ver tid. Det fascinerar mig varje g\u00e5ng!<\/p><p>Troget det nordiska arvet \u00e5terspeglas min k\u00e4rlek till enkelhet i b\u00e5de form och funktion i v\u00e5ra produkter. De \u00e4r minimalistiska, h\u00e5llbara och handgjorda med det b\u00e4sta l\u00e4dret fr\u00e5n lokala g\u00e5rdar i Sverige. Som en tillverkare som bryr sig om h\u00e5llbarhet s\u00e4kerst\u00e4ller jag att vi anv\u00e4nder vegetabiliskt garvat l\u00e4der, en biprodukt fr\u00e5n k\u00f6ttindustrin, och att l\u00e4dertillverkningsprocessen har minimal milj\u00f6p\u00e5verkan. Som en etisk f\u00f6retagare ser jag \u00e4ven till att v\u00e5ra leverant\u00f6rer f\u00f6ljer principer f\u00f6r r\u00e4ttvis handel.<\/p><p>Min vision med Palsj\u00f6 \u00e4r att skapa vackra produkter som m\u00e4nniskor \u00e4lskar att \u00e4ga under hela sin livstid och som de kan f\u00f6ra vidare till n\u00e4sta generation. Tack s\u00e5 mycket f\u00f6r att du bes\u00f6ker v\u00e5r lilla butik. Jag hoppas att du tycker om v\u00e5ra produkter och att de kommer att h\u00e5lla dig s\u00e4llskap genom livet.<\/p><p>\u2013 Mano<\/p>\t\t\t\t\t\t\t\t<\/div>\n\t\t\t\t<\/div>\n\t\t\t\t<\/div>\n\t\t\t\t<\/div>\n\t\t<div class=\"elementor-element elementor-element-a6c806b e-flex e-con-boxed e-con e-parent\" data-id=\"a6c806b\" data-element_type=\"container\" data-e-type=\"container\">\n\t\t\t\t\t<div class=\"e-con-inner\">\n\t\t\t\t<div class=\"elementor-element elementor-element-ea9b743 elementor-widget-divider--view-line elementor-widget elementor-widget-divider\" data-id=\"ea9b743\" data-element_type=\"widget\" data-e-type=\"widget\" data-widget_type=\"divider.default\">\n\t\t\t\t<div class=\"elementor-widget-container\">\n\t\t\t\t\t\t\t<div class=\"elementor-divider\">\n\t\t\t<span class=\"elementor-divider-separator\">\n\t\t\t\t\t\t<\/span>\n\t\t<\/div>\n\t\t\t\t\t\t<\/div>\n\t\t\t\t<\/div>\n\t\t\t\t\t<\/div>\n\t\t\t\t<\/div>\n\t\t<div class=\"elementor-element elementor-element-7832036 e-flex e-con-boxed e-con e-parent\" data-id=\"7832036\" data-element_type=\"container\" data-e-type=\"container\">\n\t\t\t\t\t<div class=\"e-con-inner\">\n\t\t<div class=\"elementor-element elementor-element-8094d5c e-con-full e-flex e-con e-child\" data-id=\"8094d5c\" data-element_type=\"container\" data-e-type=\"container\">\n\t\t\t\t<div class=\"elementor-element elementor-element-a6a92f9 elementor-widget elementor-widget-heading\" data-id=\"a6a92f9\" data-element_type=\"widget\" data-e-type=\"widget\" data-widget_type=\"heading.default\">\n\t\t\t\t<div class=\"elementor-widget-container\">\n\t\t\t\t\t<h2 class=\"elementor-heading-title elementor-size-default\">Om Oss<\/h2>\t\t\t\t<\/div>\n\t\t\t\t<\/div>\n\t\t\t\t<div class=\"elementor-element elementor-element-d1a654e elementor-widget elementor-widget-text-editor\" data-id=\"d1a654e\" data-element_type=\"widget\" data-e-type=\"widget\" data-widget_type=\"text-editor.default\">\n\t\t\t\t<div class=\"elementor-widget-container\">\n\t\t\t\t\t\t\t\t\t<p>Palsj\u00f6 \u00e4r en liten verkstad bel\u00e4gen mitt i de vackra tallskogarna i Sm\u00e5land, Sverige. Vi \u00e4r dedikerade till att producera sm\u00e5 m\u00e4ngder vardagliga varor med de mest premiummaterial som finns p\u00e5 h\u00e5llbart s\u00e4tt. V\u00e5r design \u00e4r enkel i form och funktion. Traditionella hantverksmetoder anv\u00e4nds f\u00f6r att skapa h\u00e5llbara varor som \u00e4r byggda f\u00f6r att h\u00e5lla en livstid. Varje produkt som b\u00e4r ett Palsj\u00f6 &#8211; m\u00e4rke har enast\u00e5ende uppm\u00e4rksamhet p\u00e5 detaljer och kommer alltid att visa att den \u00e4r handgjord av skickliga och passionerade hantverkare.<\/p>\t\t\t\t\t\t\t\t<\/div>\n\t\t\t\t<\/div>\n\t\t\t\t<\/div>\n\t\t<div class=\"elementor-element elementor-element-0f10335 e-con-full e-flex e-con e-child\" data-id=\"0f10335\" data-element_type=\"container\" data-e-type=\"container\">\n\t\t\t\t<div class=\"elementor-element elementor-element-f84a306 elementor-widget elementor-widget-image\" data-id=\"f84a306\" data-element_type=\"widget\" data-e-type=\"widget\" data-widget_type=\"image.default\">\n\t\t\t\t<div class=\"elementor-widget-container\">\n\t\t\t\t\t\t\t\t\t\t\t\t\t\t\t<img decoding=\"async\" width=\"731\" height=\"1024\" src=\"https:\/\/www.palsjo.com\/se\/wp-content\/uploads\/2023\/10\/IMG_0587-731x1024.jpg\" class=\"attachment-large size-large wp-image-485\" alt=\"Saddle stitching\" srcset=\"https:\/\/www.palsjo.com\/se\/wp-content\/uploads\/2023\/10\/IMG_0587-731x1024.jpg 731w, https:\/\/www.palsjo.com\/se\/wp-content\/uploads\/2023\/10\/IMG_0587-300x420.jpg 300w, https:\/\/www.palsjo.com\/se\/wp-content\/uploads\/2023\/10\/IMG_0587-150x210.jpg 150w, https:\/\/www.palsjo.com\/se\/wp-content\/uploads\/2023\/10\/IMG_0587-800x1120.jpg 800w, https:\/\/www.palsjo.com\/se\/wp-content\/uploads\/2023\/10\/IMG_0587-214x300.jpg 214w, https:\/\/www.palsjo.com\/se\/wp-content\/uploads\/2023\/10\/IMG_0587-768x1075.jpg 768w, https:\/\/www.palsjo.com\/se\/wp-content\/uploads\/2023\/10\/IMG_0587-1097x1536.jpg 1097w, https:\/\/www.palsjo.com\/se\/wp-content\/uploads\/2023\/10\/IMG_0587-1140x1596.jpg 1140w, https:\/\/www.palsjo.com\/se\/wp-content\/uploads\/2023\/10\/IMG_0587-920x1288.jpg 920w, https:\/\/www.palsjo.com\/se\/wp-content\/uploads\/2023\/10\/IMG_0587-575x805.jpg 575w, https:\/\/www.palsjo.com\/se\/wp-content\/uploads\/2023\/10\/IMG_0587-380x532.jpg 380w, https:\/\/www.palsjo.com\/se\/wp-content\/uploads\/2023\/10\/IMG_0587.jpg 1170w\" sizes=\"(max-width: 731px) 100vw, 731px\" \/>\t\t\t\t\t\t\t\t\t\t\t\t\t\t\t<\/div>\n\t\t\t\t<\/div>\n\t\t\t\t<\/div>\n\t\t<div class=\"elementor-element elementor-element-70014e7 e-con-full e-flex e-con e-child\" data-id=\"70014e7\" data-element_type=\"container\" data-e-type=\"container\">\n\t\t\t\t<div class=\"elementor-element elementor-element-9ea6fb5 elementor-widget elementor-widget-heading\" data-id=\"9ea6fb5\" data-element_type=\"widget\" data-e-type=\"widget\" data-widget_type=\"heading.default\">\n\t\t\t\t<div class=\"elementor-widget-container\">\n\t\t\t\t\t<h2 class=\"elementor-heading-title elementor-size-default\">Palsj\u00f6<\/h2>\t\t\t\t<\/div>\n\t\t\t\t<\/div>\n\t\t\t\t<div class=\"elementor-element elementor-element-ef07f57 elementor-icon-list--layout-traditional elementor-list-item-link-full_width elementor-widget elementor-widget-icon-list\" data-id=\"ef07f57\" data-element_type=\"widget\" data-e-type=\"widget\" data-widget_type=\"icon-list.default\">\n\t\t\t\t<div class=\"elementor-widget-container\">\n\t\t\t\t\t\t\t<ul class=\"elementor-icon-list-items\">\n\t\t\t\t\t\t\t<li class=\"elementor-icon-list-item\">\n\t\t\t\t\t\t\t\t\t\t\t<span class=\"elementor-icon-list-icon\">\n\t\t\t\t\t\t\t<i aria-hidden=\"true\" class=\"fas fa-dot-circle\"><\/i>\t\t\t\t\t\t<\/span>\n\t\t\t\t\t\t\t\t\t\t<span class=\"elementor-icon-list-text\">Handgjorda i Sverige<\/span>\n\t\t\t\t\t\t\t\t\t<\/li>\n\t\t\t\t\t\t\t\t<li class=\"elementor-icon-list-item\">\n\t\t\t\t\t\t\t\t\t\t\t<span class=\"elementor-icon-list-icon\">\n\t\t\t\t\t\t\t<i aria-hidden=\"true\" class=\"fas fa-dot-circle\"><\/i>\t\t\t\t\t\t<\/span>\n\t\t\t\t\t\t\t\t\t\t<span class=\"elementor-icon-list-text\">Fullnarvsl\u00e4der av h\u00f6gsta kvalitet<\/span>\n\t\t\t\t\t\t\t\t\t<\/li>\n\t\t\t\t\t\t\t\t<li class=\"elementor-icon-list-item\">\n\t\t\t\t\t\t\t\t\t\t\t<span class=\"elementor-icon-list-icon\">\n\t\t\t\t\t\t\t<i aria-hidden=\"true\" class=\"fas fa-dot-circle\"><\/i>\t\t\t\t\t\t<\/span>\n\t\t\t\t\t\t\t\t\t\t<span class=\"elementor-icon-list-text\">Enstaka hantverksm\u00e4rke<\/span>\n\t\t\t\t\t\t\t\t\t<\/li>\n\t\t\t\t\t\t\t\t<li class=\"elementor-icon-list-item\">\n\t\t\t\t\t\t\t\t\t\t\t<span class=\"elementor-icon-list-icon\">\n\t\t\t\t\t\t\t<i aria-hidden=\"true\" class=\"fas fa-dot-circle\"><\/i>\t\t\t\t\t\t<\/span>\n\t\t\t\t\t\t\t\t\t\t<span class=\"elementor-icon-list-text\">Sm\u00e5 partier av h\u00e5llbara produkter<\/span>\n\t\t\t\t\t\t\t\t\t<\/li>\n\t\t\t\t\t\t<\/ul>\n\t\t\t\t\t\t<\/div>\n\t\t\t\t<\/div>\n\t\t\t\t<div class=\"elementor-element elementor-element-2d80dcf elementor-widget elementor-widget-heading\" data-id=\"2d80dcf\" data-element_type=\"widget\" data-e-type=\"widget\" data-widget_type=\"heading.default\">\n\t\t\t\t<div class=\"elementor-widget-container\">\n\t\t\t\t\t<h2 class=\"elementor-heading-title elementor-size-default\">H\u00e5llbarhet<\/h2>\t\t\t\t<\/div>\n\t\t\t\t<\/div>\n\t\t\t\t<div class=\"elementor-element elementor-element-62c426c elementor-icon-list--layout-traditional elementor-list-item-link-full_width elementor-widget elementor-widget-icon-list\" data-id=\"62c426c\" data-element_type=\"widget\" data-e-type=\"widget\" data-widget_type=\"icon-list.default\">\n\t\t\t\t<div class=\"elementor-widget-container\">\n\t\t\t\t\t\t\t<ul class=\"elementor-icon-list-items\">\n\t\t\t\t\t\t\t<li class=\"elementor-icon-list-item\">\n\t\t\t\t\t\t\t\t\t\t\t<span class=\"elementor-icon-list-icon\">\n\t\t\t\t\t\t\t<i aria-hidden=\"true\" class=\"fas fa-dot-circle\"><\/i>\t\t\t\t\t\t<\/span>\n\t\t\t\t\t\t\t\t\t\t<span class=\"elementor-icon-list-text\">T\u00dcV Rheinland och Organic Control Standard (OCS) certifierat l\u00e4der<\/span>\n\t\t\t\t\t\t\t\t\t<\/li>\n\t\t\t\t\t\t\t\t<li class=\"elementor-icon-list-item\">\n\t\t\t\t\t\t\t\t\t\t\t<span class=\"elementor-icon-list-icon\">\n\t\t\t\t\t\t\t<i aria-hidden=\"true\" class=\"fas fa-dot-circle\"><\/i>\t\t\t\t\t\t<\/span>\n\t\t\t\t\t\t\t\t\t\t<span class=\"elementor-icon-list-text\">L\u00e4derhudar kommer fr\u00e5n lokala g\u00e5rdar i Sverige<\/span>\n\t\t\t\t\t\t\t\t\t<\/li>\n\t\t\t\t\t\t\t\t<li class=\"elementor-icon-list-item\">\n\t\t\t\t\t\t\t\t\t\t\t<span class=\"elementor-icon-list-icon\">\n\t\t\t\t\t\t\t<i aria-hidden=\"true\" class=\"fas fa-dot-circle\"><\/i>\t\t\t\t\t\t<\/span>\n\t\t\t\t\t\t\t\t\t\t<span class=\"elementor-icon-list-text\">Vegetabiliskt garvat l\u00e4der med minsta milj\u00f6p\u00e5verkan<\/span>\n\t\t\t\t\t\t\t\t\t<\/li>\n\t\t\t\t\t\t\t\t<li class=\"elementor-icon-list-item\">\n\t\t\t\t\t\t\t\t\t\t\t<span class=\"elementor-icon-list-icon\">\n\t\t\t\t\t\t\t<i aria-hidden=\"true\" class=\"fas fa-dot-circle\"><\/i>\t\t\t\t\t\t<\/span>\n\t\t\t\t\t\t\t\t\t\t<span class=\"elementor-icon-list-text\">Effektiv, l\u00e5g avfallsproduktion<\/span>\n\t\t\t\t\t\t\t\t\t<\/li>\n\t\t\t\t\t\t<\/ul>\n\t\t\t\t\t\t<\/div>\n\t\t\t\t<\/div>\n\t\t\t\t<\/div>\n\t\t\t\t\t<\/div>\n\t\t\t\t<\/div>\n\t\t<div class=\"elementor-element elementor-element-8021adf e-flex e-con-boxed e-con e-parent\" data-id=\"8021adf\" data-element_type=\"container\" data-e-type=\"container\">\n\t\t\t\t\t<div class=\"e-con-inner\">\n\t\t\t\t<div class=\"elementor-element elementor-element-dd2a4be elementor-widget-divider--view-line elementor-widget elementor-widget-divider\" data-id=\"dd2a4be\" data-element_type=\"widget\" data-e-type=\"widget\" data-widget_type=\"divider.default\">\n\t\t\t\t<div class=\"elementor-widget-container\">\n\t\t\t\t\t\t\t<div class=\"elementor-divider\">\n\t\t\t<span class=\"elementor-divider-separator\">\n\t\t\t\t\t\t<\/span>\n\t\t<\/div>\n\t\t\t\t\t\t<\/div>\n\t\t\t\t<\/div>\n\t\t\t\t\t<\/div>\n\t\t\t\t<\/div>\n\t\t<div class=\"elementor-element elementor-element-2bc2323 e-flex e-con-boxed e-con e-parent\" data-id=\"2bc2323\" data-element_type=\"container\" data-e-type=\"container\">\n\t\t\t\t\t<div class=\"e-con-inner\">\n\t\t<div class=\"elementor-element elementor-element-7e035e1 e-con-full e-flex e-con e-child\" data-id=\"7e035e1\" data-element_type=\"container\" data-e-type=\"container\">\n\t\t\t\t<div class=\"elementor-element elementor-element-67c8dd3 elementor-widget elementor-widget-heading\" data-id=\"67c8dd3\" data-element_type=\"widget\" data-e-type=\"widget\" data-widget_type=\"heading.default\">\n\t\t\t\t<div class=\"elementor-widget-container\">\n\t\t\t\t\t<h2 class=\"elementor-heading-title elementor-size-default\">F\u00f6retagsregistrering<\/h2>\t\t\t\t<\/div>\n\t\t\t\t<\/div>\n\t\t\t\t<div class=\"elementor-element elementor-element-806076b elementor-icon-list--layout-traditional elementor-list-item-link-full_width elementor-widget elementor-widget-icon-list\" data-id=\"806076b\" data-element_type=\"widget\" data-e-type=\"widget\" data-widget_type=\"icon-list.default\">\n\t\t\t\t<div class=\"elementor-widget-container\">\n\t\t\t\t\t\t\t<ul class=\"elementor-icon-list-items\">\n\t\t\t\t\t\t\t<li class=\"elementor-icon-list-item\">\n\t\t\t\t\t\t\t\t\t\t\t<span class=\"elementor-icon-list-icon\">\n\t\t\t\t\t\t\t<i aria-hidden=\"true\" class=\"fas fa-dot-circle\"><\/i>\t\t\t\t\t\t<\/span>\n\t\t\t\t\t\t\t\t\t\t<span class=\"elementor-icon-list-text\">F\u00f6retagsnamn: Palsj\u00f6<\/span>\n\t\t\t\t\t\t\t\t\t<\/li>\n\t\t\t\t\t\t\t\t<li class=\"elementor-icon-list-item\">\n\t\t\t\t\t\t\t\t\t\t\t<span class=\"elementor-icon-list-icon\">\n\t\t\t\t\t\t\t<i aria-hidden=\"true\" class=\"fas fa-dot-circle\"><\/i>\t\t\t\t\t\t<\/span>\n\t\t\t\t\t\t\t\t\t\t<span class=\"elementor-icon-list-text\">F\u00f6retagsregistreringsnummer: 19781117-2969<\/span>\n\t\t\t\t\t\t\t\t\t<\/li>\n\t\t\t\t\t\t\t\t<li class=\"elementor-icon-list-item\">\n\t\t\t\t\t\t\t\t\t\t\t<span class=\"elementor-icon-list-icon\">\n\t\t\t\t\t\t\t<i aria-hidden=\"true\" class=\"fas fa-dot-circle\"><\/i>\t\t\t\t\t\t<\/span>\n\t\t\t\t\t\t\t\t\t\t<span class=\"elementor-icon-list-text\">F\u00f6retags MOMS-nummer: SE781117296901<\/span>\n\t\t\t\t\t\t\t\t\t<\/li>\n\t\t\t\t\t\t\t\t<li class=\"elementor-icon-list-item\">\n\t\t\t\t\t\t\t\t\t\t\t<span class=\"elementor-icon-list-icon\">\n\t\t\t\t\t\t\t<i aria-hidden=\"true\" class=\"fas fa-dot-circle\"><\/i>\t\t\t\t\t\t<\/span>\n\t\t\t\t\t\t\t\t\t\t<span class=\"elementor-icon-list-text\">F\u00f6retag EORI-nummer: SE7811172969<\/span>\n\t\t\t\t\t\t\t\t\t<\/li>\n\t\t\t\t\t\t<\/ul>\n\t\t\t\t\t\t<\/div>\n\t\t\t\t<\/div>\n\t\t\t\t<\/div>\n\t\t<div class=\"elementor-element elementor-element-73a13a8 e-con-full e-flex e-con e-child\" data-id=\"73a13a8\" data-element_type=\"container\" data-e-type=\"container\">\n\t\t\t\t<div class=\"elementor-element elementor-element-92818ca elementor-widget elementor-widget-heading\" data-id=\"92818ca\" data-element_type=\"widget\" data-e-type=\"widget\" data-widget_type=\"heading.default\">\n\t\t\t\t<div class=\"elementor-widget-container\">\n\t\t\t\t\t<h2 class=\"elementor-heading-title elementor-size-default\">F\u00f6lj Oss P\u00e5 Sociala Medier<\/h2>\t\t\t\t<\/div>\n\t\t\t\t<\/div>\n\t\t\t\t<div class=\"elementor-element elementor-element-8ff5543 elementor-shape-circle elementor-grid-0 e-grid-align-center elementor-widget elementor-widget-social-icons\" data-id=\"8ff5543\" data-element_type=\"widget\" data-e-type=\"widget\" data-widget_type=\"social-icons.default\">\n\t\t\t\t<div class=\"elementor-widget-container\">\n\t\t\t\t\t\t\t<div class=\"elementor-social-icons-wrapper elementor-grid\" role=\"list\">\n\t\t\t\t\t\t\t<span class=\"elementor-grid-item\" role=\"listitem\">\n\t\t\t\t\t<a class=\"elementor-icon elementor-social-icon elementor-social-icon-instagram elementor-repeater-item-4b1bf37\" href=\"https:\/\/www.instagram.com\/nordicedc\/\" target=\"_blank\" rel=\"noopener\">\n\t\t\t\t\t\t<span class=\"elementor-screen-only\">Instagram<\/span>\n\t\t\t\t\t\t<i aria-hidden=\"true\" class=\"fab fa-instagram\"><\/i>\t\t\t\t\t<\/a>\n\t\t\t\t<\/span>\n\t\t\t\t\t\t\t<span class=\"elementor-grid-item\" role=\"listitem\">\n\t\t\t\t\t<a class=\"elementor-icon elementor-social-icon elementor-social-icon-facebook elementor-repeater-item-c023f80\" href=\"https:\/\/www.facebook.com\/nordicedc\/\" target=\"_blank\" rel=\"noopener\">\n\t\t\t\t\t\t<span class=\"elementor-screen-only\">Facebook<\/span>\n\t\t\t\t\t\t<i aria-hidden=\"true\" class=\"fab fa-facebook\"><\/i>\t\t\t\t\t<\/a>\n\t\t\t\t<\/span>\n\t\t\t\t\t\t\t<span class=\"elementor-grid-item\" role=\"listitem\">\n\t\t\t\t\t<a class=\"elementor-icon elementor-social-icon elementor-social-icon-youtube elementor-repeater-item-b1ce751\" href=\"https:\/\/www.youtube.com\/@nordicedc\" target=\"_blank\" rel=\"noopener\">\n\t\t\t\t\t\t<span class=\"elementor-screen-only\">Youtube<\/span>\n\t\t\t\t\t\t<i aria-hidden=\"true\" class=\"fab fa-youtube\"><\/i>\t\t\t\t\t<\/a>\n\t\t\t\t<\/span>\n\t\t\t\t\t\t\t<span class=\"elementor-grid-item\" role=\"listitem\">\n\t\t\t\t\t<a class=\"elementor-icon elementor-social-icon elementor-social-icon-pinterest elementor-repeater-item-7d30dc4\" href=\"https:\/\/www.pinterest.com\/nordic_edc\/\" target=\"_blank\" rel=\"noopener\">\n\t\t\t\t\t\t<span class=\"elementor-screen-only\">Pinterest<\/span>\n\t\t\t\t\t\t<i aria-hidden=\"true\" class=\"fab fa-pinterest\"><\/i>\t\t\t\t\t<\/a>\n\t\t\t\t<\/span>\n\t\t\t\t\t<\/div>\n\t\t\t\t\t\t<\/div>\n\t\t\t\t<\/div>\n\t\t\t\t<\/div>\n\t\t\t\t\t<\/div>\n\t\t\t\t<\/div>\n\t\t\t\t<\/div>\n\t\t","protected":false},"excerpt":{"rendered":"<p>M\u00f6t Hantverkaren Jag heter Mano och har en vacker fru samt tv\u00e5 underbara barn som jag \u00e4lskar mer \u00e4n n\u00e5got annat i denna v\u00e4rld. Jag \u00e4r djupt tacksam f\u00f6r min familj som har st\u00f6ttat mig s\u00e5 mycket i min passion f\u00f6r Palsj\u00f6. Jag har alltid varit nyfiken p\u00e5 att l\u00e4ra mig nya saker. S\u00e5 l\u00e4nge [&hellip;]<\/p>\n","protected":false},"author":1,"featured_media":0,"parent":0,"menu_order":0,"comment_status":"closed","ping_status":"closed","template":"template-fullwidth.php","meta":{"footnotes":""},"class_list":["post-1713","page","type-page","status-publish","hentry"],"_links":{"self":[{"href":"https:\/\/www.palsjo.com\/se\/wp-json\/wp\/v2\/pages\/1713","targetHints":{"allow":["GET"]}}],"collection":[{"href":"https:\/\/www.palsjo.com\/se\/wp-json\/wp\/v2\/pages"}],"about":[{"href":"https:\/\/www.palsjo.com\/se\/wp-json\/wp\/v2\/types\/page"}],"author":[{"embeddable":true,"href":"https:\/\/www.palsjo.com\/se\/wp-json\/wp\/v2\/users\/1"}],"replies":[{"embeddable":true,"href":"https:\/\/www.palsjo.com\/se\/wp-json\/wp\/v2\/comments?post=1713"}],"version-history":[{"count":2,"href":"https:\/\/www.palsjo.com\/se\/wp-json\/wp\/v2\/pages\/1713\/revisions"}],"predecessor-version":[{"id":9217,"href":"https:\/\/www.palsjo.com\/se\/wp-json\/wp\/v2\/pages\/1713\/revisions\/9217"}],"wp:attachment":[{"href":"https:\/\/www.palsjo.com\/se\/wp-json\/wp\/v2\/media?parent=1713"}],"curies":[{"name":"wp","href":"https:\/\/api.w.org\/{rel}","templated":true}]}}